{"id":754,"date":"2020-07-22T17:35:49","date_gmt":"2020-07-22T19:35:49","guid":{"rendered":"https:\/\/sites.usp.br\/projetocecilia\/?page_id=754"},"modified":"2025-02-28T16:46:57","modified_gmt":"2025-02-28T18:46:57","slug":"s2-02","status":"publish","type":"page","link":"https:\/\/sites.usp.br\/projetocecilia\/s2-02\/","title":{"rendered":"Forma\u00e7\u00e3o de Nuvens e Previs\u00e3o do Tempo"},"content":{"rendered":"","protected":true},"excerpt":{"rendered":"","protected":true},"author":21824,"featured_media":0,"parent":0,"menu_order":0,"comment_status":"closed","ping_status":"closed","template":"template-fullwidth-no-title.php","meta":{"footnotes":"","_links_to":"","_links_to_target":""},"class_list":["post-754","page","type-page","status-publish","post-password-required","hentry"],"_links":{"self":[{"href":"https:\/\/sites.usp.br\/projetocecilia\/wp-json\/wp\/v2\/pages\/754","targetHints":{"allow":["GET"]}}],"collection":[{"href":"https:\/\/sites.usp.br\/projetocecilia\/wp-json\/wp\/v2\/pages"}],"about":[{"href":"https:\/\/sites.usp.br\/projetocecilia\/wp-json\/wp\/v2\/types\/page"}],"author":[{"embeddable":true,"href":"https:\/\/sites.usp.br\/projetocecilia\/wp-json\/wp\/v2\/users\/21824"}],"replies":[{"embeddable":true,"href":"https:\/\/sites.usp.br\/projetocecilia\/wp-json\/wp\/v2\/comments?post=754"}],"version-history":[{"count":4,"href":"https:\/\/sites.usp.br\/projetocecilia\/wp-json\/wp\/v2\/pages\/754\/revisions"}],"predecessor-version":[{"id":1459,"href":"https:\/\/sites.usp.br\/projetocecilia\/wp-json\/wp\/v2\/pages\/754\/revisions\/1459"}],"wp:attachment":[{"href":"https:\/\/sites.usp.br\/projetocecilia\/wp-json\/wp\/v2\/media?parent=754"}],"curies":[{"name":"wp","href":"https:\/\/api.w.org\/{rel}","templated":true}]}}