{"id":756,"date":"2020-07-22T17:36:22","date_gmt":"2020-07-22T19:36:22","guid":{"rendered":"https:\/\/sites.usp.br\/projetocecilia\/?page_id=756"},"modified":"2025-04-16T12:47:12","modified_gmt":"2025-04-16T14:47:12","slug":"s2-03","status":"publish","type":"page","link":"https:\/\/sites.usp.br\/projetocecilia\/s2-03\/","title":{"rendered":"Espectroscopia e Grandes Telesc\u00f3pios"},"content":{"rendered":"<div id=\"pl-756\" class=\"panel-layout\">\n<div id=\"pg-756-0\" class=\"panel-grid panel-no-style\" data-style=\"{&quot;background_image_attachment&quot;:false,&quot;background_display&quot;:&quot;tile&quot;,&quot;cell_alignment&quot;:&quot;flex-start&quot;}\" data-ratio=\"1\" data-ratio-direction=\"right\">\n<div id=\"pgc-756-0-0\" class=\"panel-grid-cell panel-grid-cell-empty\" data-weight=\"0.08\"><\/div>\n<div id=\"pgc-756-0-1\" class=\"panel-grid-cell panel-grid-cell-mobile-last\" data-weight=\"0.84\">\n<div id=\"panel-756-0-1-0\" class=\"so-panel widget widget_sow-editor panel-first-child\" data-index=\"0\" data-style=\"{&quot;background_image_attachment&quot;:false,&quot;background_display&quot;:&quot;tile&quot;}\">\n<div class=\"so-widget-sow-editor so-widget-sow-editor-base\">\n<div class=\"siteorigin-widget-tinymce textwidget\"><img loading=\"lazy\" decoding=\"async\" class=\"wp-image-732 aligncenter\" src=\"https:\/\/sites.usp.br\/projetocecilia\/wp-content\/uploads\/sites\/721\/2020\/07\/linha-300x24.png\" alt=\"\" width=\"775\" height=\"62\" srcset=\"https:\/\/sites.usp.br\/projetocecilia\/wp-content\/uploads\/sites\/721\/2020\/07\/linha-300x24.png 300w, https:\/\/sites.usp.br\/projetocecilia\/wp-content\/uploads\/sites\/721\/2020\/07\/linha-1024x82.png 1024w, https:\/\/sites.usp.br\/projetocecilia\/wp-content\/uploads\/sites\/721\/2020\/07\/linha-768x61.png 768w, https:\/\/sites.usp.br\/projetocecilia\/wp-content\/uploads\/sites\/721\/2020\/07\/linha-400x32.png 400w, https:\/\/sites.usp.br\/projetocecilia\/wp-content\/uploads\/sites\/721\/2020\/07\/linha.png 1278w\" sizes=\"auto, (max-width: 775px) 100vw, 775px\" \/><\/div>\n<\/div>\n<\/div>\n<div id=\"panel-756-0-1-1\" class=\"so-panel widget widget_sow-editor\" data-index=\"1\" data-style=\"{&quot;background_image_attachment&quot;:false,&quot;background_display&quot;:&quot;tile&quot;}\">\n<div class=\"so-widget-sow-editor so-widget-sow-editor-base\">\n<div class=\"siteorigin-widget-tinymce textwidget\">\n<p style=\"font-family: Comfortaa, serif;\">Ol\u00e1, pessoal!<\/p>\n<p style=\"font-family: Comfortaa, serif;\">Um dos maiores desafios da Astronomia \u00e9 a dist\u00e2ncia entre n\u00f3s, os observadores, e os objetos de pesquisa (a Lua, o Sol e as outras estrelas, os cometas). Voc\u00ea j\u00e1 pensou como podemos saber o que tem dentro de uma estrela e avaliar a evolu\u00e7\u00e3o dela se n\u00e3o podemos traz\u00ea-la para um laborat\u00f3rio e dissec\u00e1-la, como os bi\u00f3logos fazem com os seres vivos?<\/p>\n<p style=\"font-family: Comfortaa, serif;\">Pois hoje \u00e9 dia de conhecer a <strong>espectroscopia<\/strong>, uma das ferramentas mais poderosas da Astronomia! Al\u00e9m disso, conheceremos mais sobre o que h\u00e1 de mais moderno em Instrumenta\u00e7\u00e3o Astron\u00f4mica!<\/p>\n<p style=\"font-family: Comfortaa, serif;\">E o melhor de tudo isso: <strong>voc\u00ea construir\u00e1 o seu pr\u00f3prio espectr\u00f3grafo para poder explorar todas as fontes de luz ao seu redor.<\/strong> Acredite! Vamos deixar seu dia repleto de arco-\u00edris!<\/p>\n<p style=\"font-family: Comfortaa, serif;\">Ap\u00f3s a descoberta da espectroscopia foi poss\u00edvel descobrir a composi\u00e7\u00e3o qu\u00edmica e as caracter\u00edsticas dos objetos celestes. Podemos inclusive saber sua temperatura e se ele est\u00e1 em movimento ou parado.<\/p>\n<p style=\"font-family: Comfortaa, serif;\">Siga o roteiro e assista esse v\u00eddeo curto para poder construir o seu instrumento! Anote tudo, fa\u00e7a uma decora\u00e7\u00e3o para dar seu toque especial e tire muitas fotos do seu trabalho incr\u00edvel para compartilhar no nosso Discord! Vamos adorar ver seu trabalho.<\/p>\n<p style=\"font-family: Comfortaa, serif; text-align: center;\"><span style=\"color: #6969ed;\"><strong><a style=\"color: #6969ed;\" href=\"https:\/\/sites.usp.br\/projetocecilia\/wp-content\/uploads\/sites\/721\/2020\/09\/Apostila_Espectroscopia-Cecilia.pdf\" target=\"_blank\" rel=\"noopener noreferrer\">Clique aqui para abrir o roteiro para a produ\u00e7\u00e3o do Espectr\u00f3grafo!<\/a><br \/>\n<\/strong><\/span><\/p>\n<p><iframe loading=\"lazy\" title=\"Instru\u00e7\u00f5es para a montagem do Espectr\u00f3grafo\" width=\"640\" height=\"360\" src=\"https:\/\/www.youtube.com\/embed\/-NfWwKv930U?feature=oembed\" frameborder=\"0\" allow=\"accelerometer; autoplay; clipboard-write; encrypted-media; gyroscope; picture-in-picture; web-share\" referrerpolicy=\"strict-origin-when-cross-origin\" allowfullscreen><\/iframe><\/p>\n<p style=\"font-family: Comfortaa, serif;\">E pronto! Chegou a hora de explorar todas as fontes de luz (menos o Sol e lasers, pois isso pode danificar a sua vis\u00e3o permanentemente) ao seu redor! Tente ver a diferen\u00e7a entre o que est\u00e1 observando. S\u00e3o espectros do cont\u00ednuo ou com linhas? Ser\u00e1 que d\u00e1 para tirar fotos desses espectros formados dentro da caixinha? Quais seriam os elementos qu\u00edmicos que representam essas linhas espectrais?<\/p>\n<p style=\"font-family: Comfortaa, serif;\">Agora que voc\u00ea j\u00e1 explorou um pouco da luz utilizando espectr\u00f3grafos, que tal aumentarmos o poder de amplia\u00e7\u00e3o da nossa vis\u00e3o? Apesar de extremamente potentes, nossos olhos n\u00e3o s\u00e3o muito bons em distinguir e identificar objetos muito pequenos ou muito longes, e para isso, utilizamos equipamentos para amplificar o nosso poder de captura de luz: os telesc\u00f3pios. Quanto maior este equipamento for, mais longe conseguimos enxergar, e agora, estamos entrando na era dos <strong>Grandes Telesc\u00f3pios<\/strong>. Vamos embarcar nessa viagem juntos?<\/p>\n<p style=\"font-family: Comfortaa, serif;\">Se o nosso instrumento caseiro feito com uma caixinha e um peda\u00e7o de CD j\u00e1 nos rendeu tanta coisa legal, imagine aplicar a mesma t\u00e9cnica em instrumentos \u00f3pticos muito mais poderosos!<\/p>\n<p style=\"font-family: Comfortaa, serif;\">E quem veio falar com voc\u00ea sobre isso, al\u00e9m de contar sua trajet\u00f3ria, foi a <strong>Prof\u00aa. Cl\u00e1udia Mendes de Oliveira<\/strong>, professora do Departamento de Astronomia do IAG-USP e l\u00edder do grupo de instrumenta\u00e7\u00e3o astron\u00f4mica da USP. Ela co-coordena um dos maiores projetos astron\u00f4micos do mundo!<\/p>\n<\/div>\n<p><iframe loading=\"lazy\" title=\"Astronomia nas pr\u00f3ximas d\u00e9cadas por Cl\u00e1udia Oliveira\" width=\"640\" height=\"360\" src=\"https:\/\/www.youtube.com\/embed\/ljNHbZ_WlOw?feature=oembed\" frameborder=\"0\" allow=\"accelerometer; autoplay; clipboard-write; encrypted-media; gyroscope; picture-in-picture; web-share\" referrerpolicy=\"strict-origin-when-cross-origin\" allowfullscreen><\/iframe><\/p>\n<div class=\"siteorigin-widget-tinymce textwidget\">\n<p style=\"font-family: Comfortaa, serif;\">Ficou curioso para saber mais sobre o <strong>Telesc\u00f3pio Gigante Magalh\u00e3es<\/strong>, ou nas siglas em ingl\u00eas, <strong>GMT<\/strong>? Pois ent\u00e3o, agora vamos saber mais sobre esse instrumento extremamente grande que est\u00e1 sendo constru\u00eddo para os cientistas do futuro, ou seja, para voc\u00ea tamb\u00e9m!<\/p>\n<p><iframe loading=\"lazy\" title=\"Conhe\u00e7a o Projeto GMT Brasil\" width=\"640\" height=\"360\" src=\"https:\/\/www.youtube.com\/embed\/l8Opckzn_aY?feature=oembed\" frameborder=\"0\" allow=\"accelerometer; autoplay; clipboard-write; encrypted-media; gyroscope; picture-in-picture; web-share\" referrerpolicy=\"strict-origin-when-cross-origin\" allowfullscreen><\/iframe><\/p>\n<p style=\"font-family: Comfortaa, serif;\">Talvez voc\u00ea deva estar se perguntando porque precisamos de telesc\u00f3pios t\u00e3o grandes. Essa hist\u00f3ria \u00e9 como ter uma bacia no quintal em dia de chuva: quanto maior a bacia, mais \u00e1gua conseguimos coletar. Dessa maneira, quanto maior o telesc\u00f3pio, mais luz conseguimos coletar, e assim podemos ver objetos mais distantes e menos brilhantes.<\/p>\n<p style=\"font-family: Comfortaa, serif;\">Al\u00e9m disso, como a luz demora um determinado tempo para chegar at\u00e9 n\u00f3s aqui na Terra, podemos dizer que, quando observamos um objeto bem distante, a luz que observamos saiu de seu lugar de origem h\u00e1 muito tempo. Ou seja, quanto mais distante, mais antigo \u00e9. Isso \u00e9 lindo n\u00e3o \u00e9? \u00c9 como se estiv\u00e9ssemos olhando para o passado. E, se queremos saber como o Universo se originou e evoluiu at\u00e9 o que conhecemos atualmente, precisamos voltar no tempo, observando objetos t\u00e3o long\u00ednquos que, por mais luminosos que sejam, para n\u00f3s ser\u00e3o vistos como muito fracos. E essa \u00e9 a fun\u00e7\u00e3o dos grandes telesc\u00f3pios.<\/p>\n<p style=\"font-family: Comfortaa, serif;\">Voc\u00ea j\u00e1 conhecia esses projetos? Ou melhor, sabia que o Brasil estava envolvido neles? E que diversos pesquisadores da USP utilizam esses instrumentos remotamente?<\/p>\n<p>Pois o <strong>Prof. Dr. Eduardo Cypriano<\/strong>, do Departamento de Astronomia do IAG-USP \u00e9 usu\u00e1rio de grandes telesc\u00f3pios para desenvolver sua pesquisa em uma das \u00e1reas mais intrigantes da Astronomia: a <strong>Cosmologia<\/strong>! \u00c9 o estudo do Universo, tanto de sua estrutura como de sua evolu\u00e7\u00e3o, passando inclusive por sua origem. Vamos ent\u00e3o ouvir o que o <strong>Prof. Eduardo<\/strong> tem a nos dizer?<\/p>\n<\/div>\n<\/div>\n<\/div>\n<\/div>\n<\/div>\n<\/div>\n<p><iframe loading=\"lazy\" title=\"Um conto sobre a Energia Escura por Eduardo Cypriano\" width=\"640\" height=\"360\" src=\"https:\/\/www.youtube.com\/embed\/pBRkwkHK_ps?feature=oembed\" frameborder=\"0\" allow=\"accelerometer; autoplay; clipboard-write; encrypted-media; gyroscope; picture-in-picture; web-share\" referrerpolicy=\"strict-origin-when-cross-origin\" allowfullscreen><\/iframe><\/p>\n<p style=\"font-family: Comfortaa, serif;\">Voc\u00ea j\u00e1 tinha ouvido falar da tal da energia escura? Intrigante, n\u00e3o \u00e9 mesmo? Parece que, quanto mais coisas s\u00e3o descobertas, mais questionamentos n\u00f3s temos. E \u00e9 justamente isso que move a Ci\u00eancia: a paix\u00e3o pela descoberta!<\/p>\n<p style=\"font-family: Comfortaa, serif;\">Abaixo, temos um livreto que resume muitos dos assuntos que j\u00e1 conversamos durante todos esses dias do Projeto Cec\u00edlia. Voc\u00ea consegue identificar todos esses temas? \u00c9 s\u00f3 clicar para come\u00e7ar a sua viagem.<\/p>\n<p><a href=\"https:\/\/www.livrosabertos.abcd.usp.br\/portaldelivrosUSP\/catalog\/view\/1210\/1105\/4180\"><img decoding=\"async\" src=\"https:\/\/www.livrosabertos.abcd.usp.br\/public\/presses\/1\/submission_1210_1537_coverImage_pt_BR_t.jpg\" \/><\/a><\/p>\n<p><span style=\"font-family: Comfortaa, serif;\">E assim encerramos nossa jornada Astron\u00f4mica! Mas calma que ainda tem mais!<br \/>\nAmanh\u00e3 voc\u00eas v\u00e3o conhecer outra \u00e1rea incr\u00edvel das Ci\u00eancias da Terra e do Universo &#8211; a Geoci\u00eancia!<\/span><\/p>\n<p>&nbsp;<\/p>\n<div id=\"pl-756\" class=\"panel-layout\">\n<div id=\"pg-756-0\" class=\"panel-grid panel-no-style\" data-style=\"{&quot;background_image_attachment&quot;:false,&quot;background_display&quot;:&quot;tile&quot;,&quot;cell_alignment&quot;:&quot;flex-start&quot;}\" data-ratio=\"1\" data-ratio-direction=\"right\">\n<div id=\"pgc-756-0-1\" class=\"panel-grid-cell panel-grid-cell-mobile-last\" data-weight=\"0.84\">\n<div id=\"panel-756-0-1-2\" class=\"so-panel widget widget_sow-editor panel-last-child\" data-index=\"2\" data-style=\"{&quot;background_image_attachment&quot;:false,&quot;background_display&quot;:&quot;tile&quot;}\">\n<div class=\"so-widget-sow-editor so-widget-sow-editor-base\">\n<div class=\"siteorigin-widget-tinymce textwidget\">\n<p><img loading=\"lazy\" decoding=\"async\" class=\"aligncenter wp-image-1266\" src=\"https:\/\/sites.usp.br\/projetocecilia\/wp-content\/uploads\/sites\/721\/2021\/07\/8-300x138.png\" alt=\"\" width=\"500\" height=\"230\" srcset=\"https:\/\/sites.usp.br\/projetocecilia\/wp-content\/uploads\/sites\/721\/2021\/07\/8-300x138.png 300w, https:\/\/sites.usp.br\/projetocecilia\/wp-content\/uploads\/sites\/721\/2021\/07\/8-768x353.png 768w, https:\/\/sites.usp.br\/projetocecilia\/wp-content\/uploads\/sites\/721\/2021\/07\/8-400x184.png 400w, https:\/\/sites.usp.br\/projetocecilia\/wp-content\/uploads\/sites\/721\/2021\/07\/8.png 1024w\" sizes=\"auto, (max-width: 500px) 100vw, 500px\" \/><\/p>\n<\/div>\n<\/div>\n<\/div>\n<\/div>\n<div id=\"pgc-756-0-2\" class=\"panel-grid-cell panel-grid-cell-empty\" data-weight=\"0.08\"><\/div>\n<\/div>\n<\/div>\n","protected":false},"excerpt":{"rendered":"<p>Ol\u00e1, pessoal! Um dos maiores desafios da Astronomia \u00e9 a dist\u00e2ncia entre n\u00f3s, os observadores, e os objetos de pesquisa (a Lua, o Sol e as outras estrelas, os cometas). Voc\u00ea j\u00e1 pensou como podemos saber o que tem dentro de uma estrela e avaliar a evolu\u00e7\u00e3o dela se n\u00e3o podemos traz\u00ea-la para um laborat\u00f3rio<a href=\"https:\/\/sites.usp.br\/projetocecilia\/s2-03\/\">[&#8230;]<\/a><\/p>\n","protected":false},"author":21824,"featured_media":0,"parent":0,"menu_order":0,"comment_status":"closed","ping_status":"closed","template":"template-fullwidth-no-title.php","meta":{"footnotes":"","_links_to":"","_links_to_target":""},"class_list":["post-756","page","type-page","status-publish","hentry"],"_links":{"self":[{"href":"https:\/\/sites.usp.br\/projetocecilia\/wp-json\/wp\/v2\/pages\/756","targetHints":{"allow":["GET"]}}],"collection":[{"href":"https:\/\/sites.usp.br\/projetocecilia\/wp-json\/wp\/v2\/pages"}],"about":[{"href":"https:\/\/sites.usp.br\/projetocecilia\/wp-json\/wp\/v2\/types\/page"}],"author":[{"embeddable":true,"href":"https:\/\/sites.usp.br\/projetocecilia\/wp-json\/wp\/v2\/users\/21824"}],"replies":[{"embeddable":true,"href":"https:\/\/sites.usp.br\/projetocecilia\/wp-json\/wp\/v2\/comments?post=756"}],"version-history":[{"count":3,"href":"https:\/\/sites.usp.br\/projetocecilia\/wp-json\/wp\/v2\/pages\/756\/revisions"}],"predecessor-version":[{"id":1492,"href":"https:\/\/sites.usp.br\/projetocecilia\/wp-json\/wp\/v2\/pages\/756\/revisions\/1492"}],"wp:attachment":[{"href":"https:\/\/sites.usp.br\/projetocecilia\/wp-json\/wp\/v2\/media?parent=756"}],"curies":[{"name":"wp","href":"https:\/\/api.w.org\/{rel}","templated":true}]}}