{"id":758,"date":"2020-07-22T17:36:51","date_gmt":"2020-07-22T19:36:51","guid":{"rendered":"https:\/\/sites.usp.br\/projetocecilia\/?page_id=758"},"modified":"2025-04-17T11:43:45","modified_gmt":"2025-04-17T13:43:45","slug":"s2-04","status":"publish","type":"page","link":"https:\/\/sites.usp.br\/projetocecilia\/s2-04\/","title":{"rendered":"Apresentando a Geoci\u00eancia"},"content":{"rendered":"<div id=\"pl-758\" class=\"panel-layout\">\n<div id=\"pg-758-0\" class=\"panel-grid panel-no-style\" data-style=\"{&quot;background_image_attachment&quot;:false,&quot;background_display&quot;:&quot;tile&quot;,&quot;cell_alignment&quot;:&quot;flex-start&quot;}\" data-ratio=\"1\" data-ratio-direction=\"right\">\n<div id=\"pgc-758-0-0\" class=\"panel-grid-cell panel-grid-cell-empty\" data-weight=\"0.08\"><\/div>\n<div id=\"pgc-758-0-1\" class=\"panel-grid-cell panel-grid-cell-mobile-last\" data-weight=\"0.84\">\n<div id=\"panel-758-0-1-0\" class=\"so-panel widget widget_sow-editor panel-first-child\" data-index=\"0\" data-style=\"{&quot;background_image_attachment&quot;:false,&quot;background_display&quot;:&quot;tile&quot;}\">\n<div class=\"so-widget-sow-editor so-widget-sow-editor-base\">\n<div class=\"siteorigin-widget-tinymce textwidget\">\n<p><img loading=\"lazy\" decoding=\"async\" class=\"aligncenter wp-image-1243 size-full\" src=\"https:\/\/sites.usp.br\/projetocecilia\/wp-content\/uploads\/sites\/721\/2021\/07\/Separador.png\" alt=\"\" width=\"560\" height=\"50\" srcset=\"https:\/\/sites.usp.br\/projetocecilia\/wp-content\/uploads\/sites\/721\/2021\/07\/Separador.png 560w, https:\/\/sites.usp.br\/projetocecilia\/wp-content\/uploads\/sites\/721\/2021\/07\/Separador-300x27.png 300w, https:\/\/sites.usp.br\/projetocecilia\/wp-content\/uploads\/sites\/721\/2021\/07\/Separador-400x36.png 400w\" sizes=\"auto, (max-width: 560px) 100vw, 560px\" \/><\/p>\n<\/div>\n<\/div>\n<\/div>\n<div id=\"panel-758-0-1-1\" class=\"so-panel widget widget_sow-editor\" data-index=\"1\" data-style=\"{&quot;background_image_attachment&quot;:false,&quot;background_display&quot;:&quot;tile&quot;}\">\n<div class=\"so-widget-sow-editor so-widget-sow-editor-base\">\n<div class=\"siteorigin-widget-tinymce textwidget\">\n<div id=\"pg-2635-1\" class=\"panel-grid panel-no-style\">\n<div id=\"pgc-2635-1-0\" class=\"panel-grid-cell\" data-weight=\"1\">\n<div id=\"panel-2635-1-0-1\" class=\"so-panel widget widget_sow-editor panel-last-child\" data-index=\"2\" data-style=\"{&quot;background_image_attachment&quot;:false,&quot;background_display&quot;:&quot;tile&quot;}\">\n<div class=\"so-widget-sow-editor so-widget-sow-editor-base\">\n<div class=\"siteorigin-widget-tinymce textwidget\">\n<p>Ol\u00e1, gente!<\/p>\n<p>Nesta aula de quinta falaremos sobre uma das \u00e1reas mais incr\u00edveis da Ci\u00eancia da Terra e do universo: a <strong>Geoci\u00eancia!<\/strong> Para isso vamos precisar dar um pulinho em um outro instituto da USP, que fica pertinho do IAG que voc\u00eas j\u00e1 conhecem. Vamos fazer essa visita?<\/p>\n<p>Pois bem&#8230; Sejam muito bem-vindos ao<span style=\"color: #ff5715;\"> <a style=\"color: #ff5715;\" href=\"https:\/\/igc.usp.br\/\" target=\"_blank\" rel=\"noopener\">Instituto de Geoci\u00eancias (IGc)<\/a> <\/span>da USP!<\/p>\n<p>O IGc realiza pesquisa cient\u00edfica relevante e de qualidade em praticamente todas as \u00e1reas fundamentais das Geoci\u00eancias, al\u00e9m de estudos voltados \u00e0 prospec\u00e7\u00e3o e lavra de bens minerais, hidrogeologia e aspectos geol\u00f3gicos do planejamento da ocupa\u00e7\u00e3o territorial e da prote\u00e7\u00e3o ao meio ambiente.Voc\u00ea vai conhecer, atrav\u00e9s da fala de professoras do IGc, toda a diversidade envolvida na \u00e1rea de Geoci\u00eancias! Mantenha os p\u00e9s firmes no nosso planeta e aproveite o caminho!<\/p>\n<div align=\"center\"><iframe loading=\"lazy\" src=\"https:\/\/www.youtube.com\/embed\/H0h6yuUxUkg\" width=\"560\" height=\"315\" frameborder=\"0\" allowfullscreen=\"allowfullscreen\" data-mce-fragment=\"1\"><\/iframe><\/div>\n<p>&nbsp;<\/p>\n<p>A cientista que abre o v\u00eddeo \u00e9 a <strong>Prof\u00aa. Dr\u00aa. Lucelene Martins<\/strong>, que nos explica quais s\u00e3o os objetos de estudo da Geoci\u00eancia e as motiva\u00e7\u00f5es que a levaram a escolher essa carreira. E n\u00e3o \u00e9 que tem tudo a ver com a Astronomia? E veja que incr\u00edvel! Dentre tantas perguntas interessantes sobre a Terra que podem ser respondidas, destacamos aqui algo que tem tudo a ver com a Astronomia. Os geocientistas estudam a fundo os meteoritos &#8211; que s\u00e3o rochas que vieram do espa\u00e7o e resistiram \u00e0 passagem pela atmosfera. Essas rochas carregam informa\u00e7\u00f5es sobre a hist\u00f3ria da forma\u00e7\u00e3o do nosso sistema planet\u00e1rio.<\/p>\n<\/div>\n<div class=\"siteorigin-widget-tinymce textwidget\">J\u00e1 a <strong>Prof\u00aa. Dr\u00aa. Adriana Alves<\/strong> \u00e9 a segunda a aparecer no v\u00eddeo. Ela mant\u00e9m seus pensamentos firmes no nosso planeta. Entre os vulc\u00f5es e extin\u00e7\u00f5es em massa, ela nos traz as motiva\u00e7\u00f5es que encontrou no caminho interessant\u00edssimo que a levou para as Geoci\u00eancias e como isso tudo se conecta com a vida. E olha que os meteoritos entram a\u00ed de novo!<\/div>\n<div><\/div>\n<p>&nbsp;<\/p>\n<div class=\"siteorigin-widget-tinymce textwidget\">A <strong>Prof\u00aa. Dr\u00aa. Christine Bourotte<\/strong> nos trouxe suas mem\u00f3rias de inf\u00e2ncia e como tudo come\u00e7ou em sua vida de cientista. Ela nos conta sua paix\u00e3o por areias e como elas s\u00e3o importantes para entender a hist\u00f3ria do nosso planeta. Aposto que voc\u00ea nem imaginava tudo o que uma simples areia poderia nos contar.<\/div>\n<div><\/div>\n<p>&nbsp;<\/p>\n<div class=\"siteorigin-widget-tinymce textwidget\">A <strong>Prof\u00aa. Dr\u00aa. Denise Bacci<\/strong> encerra o v\u00eddeo compartilhando com voc\u00eas as motiva\u00e7\u00f5es que a levaram a escolher a carreira de ge\u00f3loga. Colecionadora de minerais desde a inf\u00e2ncia, acabou se apaixonando pela Geologia Ambiental, uma \u00e1rea da ci\u00eancia extremamente importante para entender o impacto das a\u00e7\u00f5es humanas para o meio ambiente e como evitar a degrada\u00e7\u00e3o do nosso planeta e da nossa pr\u00f3pria esp\u00e9cie.<\/div>\n<div><\/div>\n<p>&nbsp;<\/p>\n<div class=\"siteorigin-widget-tinymce textwidget\">E \u00e9 com um lindo recado para voc\u00ea que essas quatro geocientistas iniciam a apresenta\u00e7\u00e3o dessa linda \u00e1rea das ci\u00eancias naturais. Al\u00e9m disso, a <strong>Prof Lucelene<\/strong> nos mostra tamb\u00e9m um pouco do Museu de Geoci\u00eancias que fica no IGc, onde podemos ver e aprender um pouco mais sobre a cole\u00e7\u00e3o de rochas, minerais, f\u00f3sseis e meteoritos que est\u00e3o dispon\u00edveis para voc\u00eas conhecerem pessoalmente caso um dia estejam pela Cidade Universit\u00e1ria em S\u00e3o Paulo.<\/div>\n<div><\/div>\n<p>&nbsp;<\/p>\n<div class=\"siteorigin-widget-tinymce textwidget\">\n<p><iframe loading=\"lazy\" title=\"Apresentando a Geoci\u00eacia - Lucelene Martins\" width=\"640\" height=\"360\" src=\"https:\/\/www.youtube.com\/embed\/dSgxl-mXgkg?feature=oembed\" frameborder=\"0\" allow=\"accelerometer; autoplay; clipboard-write; encrypted-media; gyroscope; picture-in-picture; web-share\" referrerpolicy=\"strict-origin-when-cross-origin\" allowfullscreen><\/iframe><\/p>\n<p>Voc\u00eas j\u00e1 tinham pensado nas Geoci\u00eancias dessa maneira mais ampla? Quem a\u00ed ficou com vontade de estudar no Instituto de Geoci\u00eancias?<\/p>\n<\/div>\n<\/div>\n<\/div>\n<\/div>\n<\/div>\n<p>Mas ainda temos muito o que fazer por aqui, n\u00e3o \u00e9 mesmo? Chegou o grande momento de voc\u00eas compartilharem toda essa experi\u00eancia com a turma da escola!<\/p>\n<p style=\"font-family: Comfortaa, serif;\">O que vamos fazer?<\/p>\n<p style=\"font-family: Comfortaa, serif;\"><strong>Uma exposi\u00e7\u00e3o incr\u00edvel para mostrar para a escola inteirinho sobre qu\u00e3o incr\u00edvel \u00e9 o universo e a nossa natureza!<\/strong><\/p>\n<p style=\"font-family: Comfortaa, serif;\">Seu professor dever\u00e1 ajud\u00e1-los a encontrar um bom local e hor\u00e1rio para que essa exposi\u00e7\u00e3o aconte\u00e7a, mas lembrem-se&#8230; os protagonistas dessa exposi\u00e7\u00e3o devem ser voc\u00eas. Pode ser no p\u00e1tio da escola e na hora do recreio, mas o importante \u00e9 que todo mundo possa aproveitar um pouquinho esses momentos incr\u00edveis que passamos juntos.<\/p>\n<p style=\"font-family: Comfortaa, serif;\">Voc\u00eas podem preparar cartazes com cartolinas, usar papel kraft, fazer uma m\u00fasica, uma poesia, um desenho bem bonito&#8230; podem contribuir com essa exposi\u00e7\u00e3o individualmente ou em grupo de forma colaborativa. A ideia \u00e9 que cada um de voc\u00eas possa apresentar para a escola os conte\u00fados que mais gostaram na nossa jornada da forma que acharem mais interessante. Vamos colocar a m\u00e3o na massa?<\/p>\n<p style=\"font-family: Comfortaa, serif;\">E n\u00e3o deixem de registrar esse momento com fotos e v\u00eddeos e claro!!! Nos mande l\u00e1 no Discord pois vamos AMAR ver como foi essa grande festa cient\u00edfica!<\/p>\n<p style=\"font-family: Comfortaa, serif;\">Portanto, comecem a refletir sobre os melhores assuntos dessas duas semanas e o que voc\u00eas mais gostaram de aprender. Vale qualquer forma de express\u00e3o!<\/p>\n<p style=\"font-family: Comfortaa, serif;\">\u00c9 isso! Nos vemos l\u00e1 no Discord!<\/p>\n<\/div>\n<\/div>\n<\/div>\n<div id=\"panel-758-0-1-2\" class=\"so-panel widget widget_sow-editor panel-last-child\" data-index=\"2\" data-style=\"{&quot;background_image_attachment&quot;:false,&quot;background_display&quot;:&quot;tile&quot;}\">\n<div class=\"so-widget-sow-editor so-widget-sow-editor-base\">\n<div class=\"siteorigin-widget-tinymce textwidget\">\n<p><img loading=\"lazy\" decoding=\"async\" class=\"aligncenter wp-image-1269\" src=\"https:\/\/sites.usp.br\/projetocecilia\/wp-content\/uploads\/sites\/721\/2021\/07\/9-300x138.png\" alt=\"\" width=\"500\" height=\"230\" srcset=\"https:\/\/sites.usp.br\/projetocecilia\/wp-content\/uploads\/sites\/721\/2021\/07\/9-300x138.png 300w, https:\/\/sites.usp.br\/projetocecilia\/wp-content\/uploads\/sites\/721\/2021\/07\/9-768x353.png 768w, https:\/\/sites.usp.br\/projetocecilia\/wp-content\/uploads\/sites\/721\/2021\/07\/9-400x184.png 400w, https:\/\/sites.usp.br\/projetocecilia\/wp-content\/uploads\/sites\/721\/2021\/07\/9.png 1024w\" sizes=\"auto, (max-width: 500px) 100vw, 500px\" \/><\/p>\n<\/div>\n<\/div>\n<\/div>\n<\/div>\n<div id=\"pgc-758-0-2\" class=\"panel-grid-cell panel-grid-cell-empty\" data-weight=\"0.08\"><\/div>\n<\/div>\n<\/div>\n","protected":false},"excerpt":{"rendered":"<p>Ol\u00e1, gente! Nesta aula de quinta falaremos sobre uma das \u00e1reas mais incr\u00edveis da Ci\u00eancia da Terra e do universo: a Geoci\u00eancia! Para isso vamos precisar dar um pulinho em um outro instituto da USP, que fica pertinho do IAG que voc\u00eas j\u00e1 conhecem. Vamos fazer essa visita? Pois bem&#8230; Sejam muito bem-vindos ao Instituto<a href=\"https:\/\/sites.usp.br\/projetocecilia\/s2-04\/\">[&#8230;]<\/a><\/p>\n","protected":false},"author":21824,"featured_media":0,"parent":0,"menu_order":0,"comment_status":"closed","ping_status":"closed","template":"template-fullwidth-no-title.php","meta":{"footnotes":"","_links_to":"","_links_to_target":""},"class_list":["post-758","page","type-page","status-publish","hentry"],"_links":{"self":[{"href":"https:\/\/sites.usp.br\/projetocecilia\/wp-json\/wp\/v2\/pages\/758","targetHints":{"allow":["GET"]}}],"collection":[{"href":"https:\/\/sites.usp.br\/projetocecilia\/wp-json\/wp\/v2\/pages"}],"about":[{"href":"https:\/\/sites.usp.br\/projetocecilia\/wp-json\/wp\/v2\/types\/page"}],"author":[{"embeddable":true,"href":"https:\/\/sites.usp.br\/projetocecilia\/wp-json\/wp\/v2\/users\/21824"}],"replies":[{"embeddable":true,"href":"https:\/\/sites.usp.br\/projetocecilia\/wp-json\/wp\/v2\/comments?post=758"}],"version-history":[{"count":4,"href":"https:\/\/sites.usp.br\/projetocecilia\/wp-json\/wp\/v2\/pages\/758\/revisions"}],"predecessor-version":[{"id":1505,"href":"https:\/\/sites.usp.br\/projetocecilia\/wp-json\/wp\/v2\/pages\/758\/revisions\/1505"}],"wp:attachment":[{"href":"https:\/\/sites.usp.br\/projetocecilia\/wp-json\/wp\/v2\/media?parent=758"}],"curies":[{"name":"wp","href":"https:\/\/api.w.org\/{rel}","templated":true}]}}