{"id":771,"date":"2020-07-22T17:39:48","date_gmt":"2020-07-22T19:39:48","guid":{"rendered":"https:\/\/sites.usp.br\/projetocecilia\/?page_id=771"},"modified":"2025-04-17T11:44:50","modified_gmt":"2025-04-17T13:44:50","slug":"s2-05","status":"publish","type":"page","link":"https:\/\/sites.usp.br\/projetocecilia\/s2-05\/","title":{"rendered":"Por que a Ci\u00eancia \u00e9 Importante?"},"content":{"rendered":"<div id=\"pl-771\" class=\"panel-layout\">\n<div id=\"pg-771-0\" class=\"panel-grid panel-no-style\" data-style=\"{&quot;background_image_attachment&quot;:false,&quot;background_display&quot;:&quot;tile&quot;,&quot;cell_alignment&quot;:&quot;flex-start&quot;}\" data-ratio=\"1\" data-ratio-direction=\"right\">\n<div id=\"pgc-771-0-0\" class=\"panel-grid-cell panel-grid-cell-empty\" data-weight=\"0.08\"><\/div>\n<div id=\"pgc-771-0-1\" class=\"panel-grid-cell panel-grid-cell-mobile-last\" data-weight=\"0.84\">\n<div id=\"panel-771-0-1-0\" class=\"so-panel widget widget_sow-editor panel-first-child\" data-index=\"0\" data-style=\"{&quot;background_image_attachment&quot;:false,&quot;background_display&quot;:&quot;tile&quot;}\">\n<div class=\"so-widget-sow-editor so-widget-sow-editor-base\">\n<div class=\"siteorigin-widget-tinymce textwidget\">\n<p><img loading=\"lazy\" decoding=\"async\" class=\"aligncenter wp-image-1243 size-full\" src=\"https:\/\/sites.usp.br\/projetocecilia\/wp-content\/uploads\/sites\/721\/2021\/07\/Separador.png\" alt=\"\" width=\"560\" height=\"50\" srcset=\"https:\/\/sites.usp.br\/projetocecilia\/wp-content\/uploads\/sites\/721\/2021\/07\/Separador.png 560w, https:\/\/sites.usp.br\/projetocecilia\/wp-content\/uploads\/sites\/721\/2021\/07\/Separador-300x27.png 300w, https:\/\/sites.usp.br\/projetocecilia\/wp-content\/uploads\/sites\/721\/2021\/07\/Separador-400x36.png 400w\" sizes=\"auto, (max-width: 560px) 100vw, 560px\" \/><\/p>\n<\/div>\n<\/div>\n<\/div>\n<div id=\"panel-771-0-1-1\" class=\"so-panel widget widget_sow-editor\" data-index=\"1\" data-style=\"{&quot;background_image_attachment&quot;:false,&quot;background_display&quot;:&quot;tile&quot;}\">\n<div class=\"so-widget-sow-editor so-widget-sow-editor-base\">\n<div class=\"siteorigin-widget-tinymce textwidget\">\n<p style=\"font-family: Comfortaa, serif;\">Oi pessoal!<\/p>\n<p style=\"font-family: Comfortaa, serif;\">Hoje nos encontramos para o \u00faltimo dia, e nele discutiremos como a ci\u00eancia \u00e9 produzida e a sua import\u00e2ncia. Diferente do que muitas pessoas acreditam, a ci\u00eancia n\u00e3o \u00e9 baseada em cren\u00e7as ou opini\u00f5es pessoais.<\/p>\n<p style=\"font-family: Comfortaa, serif;\">Para saber como \u00e9 a ci\u00eancia no s\u00e9culo XXI e como todas as descobertas j\u00e1 feitas podem estar relacionadas com a nossa qualidade de vida, sugerimos que assistam a aula a seguir, da <strong>Prof\u00aa. Dr\u00aa Cibelle Celestino<\/strong>, do Instituto de F\u00edsica IF-USP:<\/p>\n<p><iframe loading=\"lazy\" title=\"Porque a Ci\u00eancia \u00e9 Importante?\" width=\"640\" height=\"360\" src=\"https:\/\/www.youtube.com\/embed\/UEs3-zqHr3k?feature=oembed\" frameborder=\"0\" allow=\"accelerometer; autoplay; clipboard-write; encrypted-media; gyroscope; picture-in-picture; web-share\" referrerpolicy=\"strict-origin-when-cross-origin\" allowfullscreen><\/iframe><\/p>\n<p style=\"font-family: Comfortaa, serif;\">J\u00e1 pensaram que, sem a ci\u00eancia, n\u00e3o ter\u00edamos tratamento e cura para diversas doen\u00e7as, nem internet e muito menos energia el\u00e9trica em nossas casas?<\/p>\n<p>Que \u00e9 importante, acho que ningu\u00e9m tem d\u00favida&#8230; mas ser\u00e1 que podemos confiar na ci\u00eancia?<\/p>\n<p>O Prof. Dr. Iv\u00e3 Gurgel do Instituto de F\u00edsica da USP ir\u00e1 responder \u00e0 pergunta &#8220;Por que podemos confiar na Ci\u00eancia?&#8221;.<\/p>\n<p><iframe loading=\"lazy\" title=\"Por que podemos confiar na Ci\u00eancia?\" width=\"640\" height=\"360\" src=\"https:\/\/www.youtube.com\/embed\/-qhdZiAYSKo?feature=oembed\" frameborder=\"0\" allow=\"accelerometer; autoplay; clipboard-write; encrypted-media; gyroscope; picture-in-picture; web-share\" referrerpolicy=\"strict-origin-when-cross-origin\" allowfullscreen><\/iframe><\/p>\n<p style=\"font-family: Comfortaa, serif;\">Abaixo temos um fluxograma que traz algumas informa\u00e7\u00f5es contidas na aula sobre a evolu\u00e7\u00e3o do conhecimento cient\u00edfico, mostrando como ele afeta os dias atuais:<\/p>\n<\/div>\n<\/div>\n<\/div>\n<div id=\"panel-771-0-1-2\" class=\"so-panel widget widget_sow-editor\" data-index=\"2\" data-style=\"{&quot;background_image_attachment&quot;:false,&quot;background_display&quot;:&quot;tile&quot;}\" data-label=\"fluxograma\">\n<div class=\"so-widget-sow-editor so-widget-sow-editor-base\">\n<div class=\"siteorigin-widget-tinymce textwidget\">\n<p><img loading=\"lazy\" decoding=\"async\" class=\"aligncenter wp-image-797 size-large\" src=\"https:\/\/sites.usp.br\/projetocecilia\/wp-content\/uploads\/sites\/721\/2020\/08\/evolucao-da-ciencia-717x1024.png\" alt=\"\" width=\"640\" height=\"914\" srcset=\"https:\/\/sites.usp.br\/projetocecilia\/wp-content\/uploads\/sites\/721\/2020\/08\/evolucao-da-ciencia-717x1024.png 717w, https:\/\/sites.usp.br\/projetocecilia\/wp-content\/uploads\/sites\/721\/2020\/08\/evolucao-da-ciencia-210x300.png 210w, https:\/\/sites.usp.br\/projetocecilia\/wp-content\/uploads\/sites\/721\/2020\/08\/evolucao-da-ciencia-400x572.png 400w, https:\/\/sites.usp.br\/projetocecilia\/wp-content\/uploads\/sites\/721\/2020\/08\/evolucao-da-ciencia.png 732w\" sizes=\"auto, (max-width: 640px) 100vw, 640px\" \/><\/p>\n<\/div>\n<\/div>\n<\/div>\n<div id=\"panel-771-0-1-3\" class=\"so-panel widget widget_sow-editor\" data-index=\"3\" data-style=\"{&quot;background_image_attachment&quot;:false,&quot;background_display&quot;:&quot;tile&quot;}\">\n<div class=\"so-widget-sow-editor so-widget-sow-editor-base\">\n<div class=\"siteorigin-widget-tinymce textwidget\">\n<div class=\"siteorigin-widget-tinymce textwidget\">\n<p style=\"font-family: Comfortaa, serif;\">E hoje \u00e9 dia de encerramento por aqui! <strong>Compartilhem suas melhores impress\u00f5es sobre o Cec\u00edlia Em Casa l\u00e1 no Discord, estamos super ansiosos para ver o projeto pelos olhos de voc\u00eas<\/strong>!<\/p>\n<p style=\"font-family: Comfortaa, serif;\">E, n\u00e3o deixe de conversar com seu professor sobre o que aprendeu com o Cec\u00edlia. Caso voc\u00ea tenha feito as atividades fora da escola mostre para o professor as atividades que voc\u00ea desenvolveu ao longo dessas duas semanas. Afinal, j\u00e1 que voc\u00ea chegou ao final da sua jornada, nada mais justo do que ganhar o seu diploma de <strong>\u201c<\/strong><span style=\"color: #9b18d8;\">Cientista Aprendiz<\/span>\u201d emitido pela USP! E ser\u00e1 seu professor que solicitar\u00e1 para a USP o seu mais que merecido diploma. Meus parab\u00e9ns!<\/p>\n<\/div>\n<div class=\"siteorigin-widget-tinymce textwidget\">\n<p style=\"font-family: Comfortaa, serif;\">Gostamos muito de passar por essas duas semanas com voc\u00eas, e esperamos que tenham recebido a mensagem de que a ci\u00eancia \u00e9 para todos e ela est\u00e1 diretamente ligada com o nosso cotidiano. Como uma lembran\u00e7a do Cec\u00edlia,<span style=\"color: #6969ed;\"><a style=\"color: #6969ed;\" href=\"https:\/\/sites.usp.br\/projetocecilia\/wp-content\/uploads\/sites\/721\/2020\/10\/ApostilaFinal-Cecilia.pdf\" target=\"_blank\" rel=\"noopener noreferrer\"><strong> voc\u00eas podem baixar a apostila completa do projeto clicando aqui<\/strong><\/a><\/span>. Incentive as pessoas a sua volta a fazerem os experimentos, nunca \u00e9 cedo demais para ajudar a divulga\u00e7\u00e3o cient\u00edfica! E o melhor momento para come\u00e7ar ser\u00e1 a nossa super exposi\u00e7\u00e3o na escola! J\u00e1 est\u00e1 tudo combinado?<\/p>\n<p style=\"font-family: Comfortaa, serif;\">Nos vemos l\u00e1 no Discord e esperamos voc\u00eas na USP, assim que poss\u00edvel!<\/p>\n<\/div>\n<\/div>\n<\/div>\n<\/div>\n<div id=\"panel-771-0-1-4\" class=\"so-panel widget widget_sow-editor panel-last-child\" data-index=\"4\" data-style=\"{&quot;background_image_attachment&quot;:false,&quot;background_display&quot;:&quot;tile&quot;}\">\n<div class=\"so-widget-sow-editor so-widget-sow-editor-base\">\n<div class=\"siteorigin-widget-tinymce textwidget\">\n<p>&nbsp;<\/p>\n<p><img loading=\"lazy\" decoding=\"async\" class=\"aligncenter wp-image-1271\" src=\"https:\/\/sites.usp.br\/projetocecilia\/wp-content\/uploads\/sites\/721\/2021\/07\/10-300x138.png\" alt=\"\" width=\"500\" height=\"230\" srcset=\"https:\/\/sites.usp.br\/projetocecilia\/wp-content\/uploads\/sites\/721\/2021\/07\/10-300x138.png 300w, https:\/\/sites.usp.br\/projetocecilia\/wp-content\/uploads\/sites\/721\/2021\/07\/10-768x353.png 768w, https:\/\/sites.usp.br\/projetocecilia\/wp-content\/uploads\/sites\/721\/2021\/07\/10-400x184.png 400w, https:\/\/sites.usp.br\/projetocecilia\/wp-content\/uploads\/sites\/721\/2021\/07\/10.png 1024w\" sizes=\"auto, (max-width: 500px) 100vw, 500px\" \/><\/p>\n<\/div>\n<\/div>\n<\/div>\n<\/div>\n<div id=\"pgc-771-0-2\" class=\"panel-grid-cell panel-grid-cell-empty\" data-weight=\"0.08\"><\/div>\n<\/div>\n<\/div>\n","protected":false},"excerpt":{"rendered":"<p>Oi pessoal! Hoje nos encontramos para o \u00faltimo dia, e nele discutiremos como a ci\u00eancia \u00e9 produzida e a sua import\u00e2ncia. Diferente do que muitas pessoas acreditam, a ci\u00eancia n\u00e3o \u00e9 baseada em cren\u00e7as ou opini\u00f5es pessoais. Para saber como \u00e9 a ci\u00eancia no s\u00e9culo XXI e como todas as descobertas j\u00e1 feitas podem estar<a href=\"https:\/\/sites.usp.br\/projetocecilia\/s2-05\/\">[&#8230;]<\/a><\/p>\n","protected":false},"author":21824,"featured_media":0,"parent":0,"menu_order":0,"comment_status":"closed","ping_status":"closed","template":"template-fullwidth-no-title.php","meta":{"footnotes":"","_links_to":"","_links_to_target":""},"class_list":["post-771","page","type-page","status-publish","hentry"],"_links":{"self":[{"href":"https:\/\/sites.usp.br\/projetocecilia\/wp-json\/wp\/v2\/pages\/771","targetHints":{"allow":["GET"]}}],"collection":[{"href":"https:\/\/sites.usp.br\/projetocecilia\/wp-json\/wp\/v2\/pages"}],"about":[{"href":"https:\/\/sites.usp.br\/projetocecilia\/wp-json\/wp\/v2\/types\/page"}],"author":[{"embeddable":true,"href":"https:\/\/sites.usp.br\/projetocecilia\/wp-json\/wp\/v2\/users\/21824"}],"replies":[{"embeddable":true,"href":"https:\/\/sites.usp.br\/projetocecilia\/wp-json\/wp\/v2\/comments?post=771"}],"version-history":[{"count":4,"href":"https:\/\/sites.usp.br\/projetocecilia\/wp-json\/wp\/v2\/pages\/771\/revisions"}],"predecessor-version":[{"id":1507,"href":"https:\/\/sites.usp.br\/projetocecilia\/wp-json\/wp\/v2\/pages\/771\/revisions\/1507"}],"wp:attachment":[{"href":"https:\/\/sites.usp.br\/projetocecilia\/wp-json\/wp\/v2\/media?parent=771"}],"curies":[{"name":"wp","href":"https:\/\/api.w.org\/{rel}","templated":true}]}}