{"id":79,"date":"2014-02-24T16:51:20","date_gmt":"2014-02-24T18:51:20","guid":{"rendered":"http:\/\/sites.usp.br\/projetocecilia\/?page_id=79"},"modified":"2025-12-07T02:06:39","modified_gmt":"2025-12-07T04:06:39","slug":"pagina-inicial","status":"publish","type":"page","link":"https:\/\/sites.usp.br\/projetocecilia\/","title":{"rendered":"P\u00e1gina Inicial"},"content":{"rendered":"<div id=\"pl-79\"  class=\"panel-layout\" ><div id=\"pg-79-0\"  class=\"panel-grid panel-no-style\" ><div id=\"pgc-79-0-0\"  class=\"panel-grid-cell\" ><div id=\"panel-79-0-0-0\" class=\"so-panel widget widget_sow-slider panel-first-child panel-last-child\" data-index=\"0\" ><div\n\t\t\t\n\t\t\tclass=\"so-widget-sow-slider so-widget-sow-slider-default-6d39609536fd-79\"\n\t\t\t\n\t\t>\t\t\t\t<div class=\"sow-slider-base\" style=\"display: none\" tabindex=\"0\">\n\t\t\t\t\t<ul\n\t\t\t\t\tclass=\"sow-slider-images\"\n\t\t\t\t\tdata-settings=\"{&quot;pagination&quot;:true,&quot;speed&quot;:800,&quot;timeout&quot;:8000,&quot;paused&quot;:false,&quot;pause_on_hover&quot;:false,&quot;swipe&quot;:true,&quot;nav_always_show_desktop&quot;:&quot;&quot;,&quot;nav_always_show_mobile&quot;:&quot;&quot;,&quot;breakpoint&quot;:&quot;780px&quot;,&quot;unmute&quot;:false,&quot;anchor&quot;:null}\"\n\t\t\t\t\t\t\t\t\t\tdata-anchor-id=\"\"\n\t\t\t\t>\t\t<li class=\"sow-slider-image\" style=\"visibility: visible;;background-color: #ffffff\" >\n\t\t\t\t\t\t<img loading=\"lazy\" decoding=\"async\" width=\"1640\" height=\"680\" src=\"https:\/\/sites.usp.br\/projetocecilia\/wp-content\/uploads\/sites\/721\/2021\/07\/Banner.png\" class=\"sow-slider-background-image\" alt=\"\" style=\"\" srcset=\"https:\/\/sites.usp.br\/projetocecilia\/wp-content\/uploads\/sites\/721\/2021\/07\/Banner.png 1640w, https:\/\/sites.usp.br\/projetocecilia\/wp-content\/uploads\/sites\/721\/2021\/07\/Banner-300x124.png 300w, https:\/\/sites.usp.br\/projetocecilia\/wp-content\/uploads\/sites\/721\/2021\/07\/Banner-1024x425.png 1024w, https:\/\/sites.usp.br\/projetocecilia\/wp-content\/uploads\/sites\/721\/2021\/07\/Banner-768x318.png 768w, https:\/\/sites.usp.br\/projetocecilia\/wp-content\/uploads\/sites\/721\/2021\/07\/Banner-1536x637.png 1536w, https:\/\/sites.usp.br\/projetocecilia\/wp-content\/uploads\/sites\/721\/2021\/07\/Banner-400x166.png 400w\" sizes=\"auto, (max-width: 1640px) 100vw, 1640px\" \/>\t\t<\/li>\n\t\t<\/ul>\t\t\t\t<ol class=\"sow-slider-pagination\">\n\t\t\t\t\t\t\t\t\t\t\t<li><a href=\"#\" data-goto=\"0\" aria-label=\"Display slide 1\"><\/a><\/li>\n\t\t\t\t\t\t\t\t\t<\/ol>\n\n\t\t\t\t<div class=\"sow-slide-nav sow-slide-nav-next\">\n\t\t\t\t\t<a href=\"#\" data-goto=\"next\" aria-label=\"Next slide\" data-action=\"next\">\n\t\t\t\t\t\t<em class=\"sow-sld-icon-thin-right\"><\/em>\n\t\t\t\t\t<\/a>\n\t\t\t\t<\/div>\n\n\t\t\t\t<div class=\"sow-slide-nav sow-slide-nav-prev\">\n\t\t\t\t\t<a href=\"#\" data-goto=\"previous\" aria-label=\"Previous slide\" data-action=\"prev\">\n\t\t\t\t\t\t<em class=\"sow-sld-icon-thin-left\"><\/em>\n\t\t\t\t\t<\/a>\n\t\t\t\t<\/div>\n\t\t\t\t<\/div><\/div><\/div><\/div><\/div><div id=\"pg-79-1\"  class=\"panel-grid panel-has-style\" ><div class=\"panel-row-style panel-row-style-for-79-1\" ><div id=\"pgc-79-1-0\"  class=\"panel-grid-cell\" ><div id=\"panel-79-1-0-0\" class=\"so-panel widget widget_sow-image panel-first-child\" data-index=\"1\" ><div\n\t\t\t\n\t\t\tclass=\"so-widget-sow-image so-widget-sow-image-default-3a2476c0e107-79\"\n\t\t\t\n\t\t>\n<div class=\"sow-image-container\">\n\t\t\t<a href=\"https:\/\/www.iag.usp.br\/fiquememcasa\"\n\t\t\ttarget=\"_blank\" rel=\"noopener noreferrer\" \t\t>\n\t\t\t<img \n\tsrc=\"https:\/\/sites.usp.br\/projetocecilia\/wp-content\/uploads\/sites\/721\/2021\/07\/Projeto-Cecilia_Logotipo-300x300.png\" width=\"300\" height=\"300\" srcset=\"https:\/\/sites.usp.br\/projetocecilia\/wp-content\/uploads\/sites\/721\/2021\/07\/Projeto-Cecilia_Logotipo-300x300.png 300w, https:\/\/sites.usp.br\/projetocecilia\/wp-content\/uploads\/sites\/721\/2021\/07\/Projeto-Cecilia_Logotipo-1024x1024.png 1024w, https:\/\/sites.usp.br\/projetocecilia\/wp-content\/uploads\/sites\/721\/2021\/07\/Projeto-Cecilia_Logotipo-150x150.png 150w, https:\/\/sites.usp.br\/projetocecilia\/wp-content\/uploads\/sites\/721\/2021\/07\/Projeto-Cecilia_Logotipo-768x768.png 768w, https:\/\/sites.usp.br\/projetocecilia\/wp-content\/uploads\/sites\/721\/2021\/07\/Projeto-Cecilia_Logotipo-1536x1536.png 1536w, https:\/\/sites.usp.br\/projetocecilia\/wp-content\/uploads\/sites\/721\/2021\/07\/Projeto-Cecilia_Logotipo-250x250.png 250w, https:\/\/sites.usp.br\/projetocecilia\/wp-content\/uploads\/sites\/721\/2021\/07\/Projeto-Cecilia_Logotipo-174x174.png 174w, https:\/\/sites.usp.br\/projetocecilia\/wp-content\/uploads\/sites\/721\/2021\/07\/Projeto-Cecilia_Logotipo-45x45.png 45w, https:\/\/sites.usp.br\/projetocecilia\/wp-content\/uploads\/sites\/721\/2021\/07\/Projeto-Cecilia_Logotipo-200x200.png 200w, https:\/\/sites.usp.br\/projetocecilia\/wp-content\/uploads\/sites\/721\/2021\/07\/Projeto-Cecilia_Logotipo-400x400.png 400w, https:\/\/sites.usp.br\/projetocecilia\/wp-content\/uploads\/sites\/721\/2021\/07\/Projeto-Cecilia_Logotipo.png 1583w\" sizes=\"(max-width: 300px) 100vw, 300px\" title=\"Projeto Cec\u00edlia_Logotipo\" alt=\"\" \t\tclass=\"so-widget-image\"\/>\n\t\t\t<\/a><\/div>\n\n<\/div><\/div><div id=\"panel-79-1-0-1\" class=\"so-panel widget widget_sow-editor panel-last-child\" data-index=\"2\" ><div\n\t\t\t\n\t\t\tclass=\"so-widget-sow-editor so-widget-sow-editor-base\"\n\t\t\t\n\t\t>\n<div class=\"siteorigin-widget-tinymce textwidget\">\n\t<h4 style=\"font-family: Comfortaa, serif;\"><strong><span style=\"color: #e5b50b;\">Sobre o Projeto Cecilia<\/span><\/strong><\/h4>\n<p style=\"font-family: Comfortaa, serif; text-align: justify;\">O <span style=\"color: #6969ed;\"><a style=\"color: #6969ed;\" href=\"https:\/\/sites.usp.br\/projetocecilia\/sobre-o-cecilia\/\" target=\"_blank\" rel=\"noopener\">Projeto Cecilia<\/a> <\/span>\u00e9 um programa desenvolvido pelo Instituto de Astronomia, Geof\u00edsica e Ci\u00eancias Atmosf\u00e9ricas (IAG\/USP) que leva para escolas da rede p\u00fablica atividades de divulga\u00e7\u00e3o cient\u00edfica na \u00e1rea das ci\u00eancias da terra e do universo. Levamos conhecimentos como t\u00e9cnicas de observa\u00e7\u00e3o astron\u00f4micas e telesc\u00f3pios, atividades de reconhecimento de fen\u00f4menos meteorol\u00f3gicos e geof\u00edsicos e assim como uma discuss\u00e3o mais ampla sobre a evolu\u00e7\u00e3o da vida, do nosso planeta e do Universo.<\/p>\n<\/div>\n<\/div><\/div><\/div><div id=\"pgc-79-1-1\"  class=\"panel-grid-cell\" ><div id=\"panel-79-1-1-0\" class=\"so-panel widget widget_sow-slider panel-first-child\" data-index=\"3\" ><div class=\"panel-widget-style panel-widget-style-for-79-1-1-0\" ><div\n\t\t\t\n\t\t\tclass=\"so-widget-sow-slider so-widget-sow-slider-default-8b037e302331-79\"\n\t\t\t\n\t\t>\t\t\t\t<div class=\"sow-slider-base\" style=\"display: none\" tabindex=\"0\">\n\t\t\t\t\t<ul\n\t\t\t\t\tclass=\"sow-slider-images\"\n\t\t\t\t\tdata-settings=\"{&quot;pagination&quot;:true,&quot;speed&quot;:700,&quot;timeout&quot;:4500,&quot;paused&quot;:false,&quot;pause_on_hover&quot;:false,&quot;swipe&quot;:true,&quot;nav_always_show_desktop&quot;:&quot;&quot;,&quot;nav_always_show_mobile&quot;:&quot;&quot;,&quot;breakpoint&quot;:&quot;780px&quot;,&quot;unmute&quot;:false,&quot;anchor&quot;:null}\"\n\t\t\t\t\t\t\t\t\t\tdata-anchor-id=\"\"\n\t\t\t\t>\t\t<li class=\"sow-slider-image\" style=\"visibility: visible;\" >\n\t\t\t\t\t\t<div class=\"sow-slider-image-container\">\n\t\t\t\t<div class=\"sow-slider-image-wrapper\" style=\"max-width: 300px\">\n\t\t\t\t\t\t\t\t\t\t<div class=\"sow-slider-image-foreground-wrapper\">\n\t\t\t\t\t\t<img loading=\"lazy\" decoding=\"async\" width=\"300\" height=\"300\" src=\"https:\/\/sites.usp.br\/projetocecilia\/wp-content\/uploads\/sites\/721\/2020\/04\/Telesc\u00f3pio.png\" class=\"sow-slider-foreground-image\" alt=\"\" style=\"\" srcset=\"https:\/\/sites.usp.br\/projetocecilia\/wp-content\/uploads\/sites\/721\/2020\/04\/Telesc\u00f3pio.png 300w, https:\/\/sites.usp.br\/projetocecilia\/wp-content\/uploads\/sites\/721\/2020\/04\/Telesc\u00f3pio-150x150.png 150w, https:\/\/sites.usp.br\/projetocecilia\/wp-content\/uploads\/sites\/721\/2020\/04\/Telesc\u00f3pio-250x250.png 250w, https:\/\/sites.usp.br\/projetocecilia\/wp-content\/uploads\/sites\/721\/2020\/04\/Telesc\u00f3pio-174x174.png 174w, https:\/\/sites.usp.br\/projetocecilia\/wp-content\/uploads\/sites\/721\/2020\/04\/Telesc\u00f3pio-45x45.png 45w, https:\/\/sites.usp.br\/projetocecilia\/wp-content\/uploads\/sites\/721\/2020\/04\/Telesc\u00f3pio-200x200.png 200w\" sizes=\"auto, (max-width: 300px) 100vw, 300px\" \/>\t\t\t\t\t<\/div>\n\t\t\t\t\t\t\t\t\t<\/div>\n\t\t\t<\/div>\n\t\t\t\t\t<\/li>\n\t\t\t\t<li class=\"sow-slider-image\" style=\"visibility: hidden;\" >\n\t\t\t\t\t\t<div class=\"sow-slider-image-container\">\n\t\t\t\t<div class=\"sow-slider-image-wrapper\" style=\"max-width: 300px\">\n\t\t\t\t\t\t\t\t\t\t<div class=\"sow-slider-image-foreground-wrapper\">\n\t\t\t\t\t\t<img loading=\"lazy\" decoding=\"async\" width=\"300\" height=\"300\" src=\"https:\/\/sites.usp.br\/projetocecilia\/wp-content\/uploads\/sites\/721\/2020\/04\/Posters.png\" class=\"sow-slider-foreground-image\" alt=\"\" style=\"\" srcset=\"https:\/\/sites.usp.br\/projetocecilia\/wp-content\/uploads\/sites\/721\/2020\/04\/Posters.png 300w, https:\/\/sites.usp.br\/projetocecilia\/wp-content\/uploads\/sites\/721\/2020\/04\/Posters-150x150.png 150w, https:\/\/sites.usp.br\/projetocecilia\/wp-content\/uploads\/sites\/721\/2020\/04\/Posters-250x250.png 250w, https:\/\/sites.usp.br\/projetocecilia\/wp-content\/uploads\/sites\/721\/2020\/04\/Posters-174x174.png 174w, https:\/\/sites.usp.br\/projetocecilia\/wp-content\/uploads\/sites\/721\/2020\/04\/Posters-45x45.png 45w, https:\/\/sites.usp.br\/projetocecilia\/wp-content\/uploads\/sites\/721\/2020\/04\/Posters-200x200.png 200w\" sizes=\"auto, (max-width: 300px) 100vw, 300px\" \/>\t\t\t\t\t<\/div>\n\t\t\t\t\t\t\t\t\t<\/div>\n\t\t\t<\/div>\n\t\t\t\t\t<\/li>\n\t\t\t\t<li class=\"sow-slider-image\" style=\"visibility: hidden;\" >\n\t\t\t\t\t\t<div class=\"sow-slider-image-container\">\n\t\t\t\t<div class=\"sow-slider-image-wrapper\" style=\"max-width: 300px\">\n\t\t\t\t\t\t\t\t\t\t<div class=\"sow-slider-image-foreground-wrapper\">\n\t\t\t\t\t\t<img loading=\"lazy\" decoding=\"async\" width=\"300\" height=\"300\" src=\"https:\/\/sites.usp.br\/projetocecilia\/wp-content\/uploads\/sites\/721\/2020\/04\/Espectroscopia.png\" class=\"sow-slider-foreground-image\" alt=\"\" style=\"\" srcset=\"https:\/\/sites.usp.br\/projetocecilia\/wp-content\/uploads\/sites\/721\/2020\/04\/Espectroscopia.png 300w, https:\/\/sites.usp.br\/projetocecilia\/wp-content\/uploads\/sites\/721\/2020\/04\/Espectroscopia-150x150.png 150w, https:\/\/sites.usp.br\/projetocecilia\/wp-content\/uploads\/sites\/721\/2020\/04\/Espectroscopia-250x250.png 250w, https:\/\/sites.usp.br\/projetocecilia\/wp-content\/uploads\/sites\/721\/2020\/04\/Espectroscopia-174x174.png 174w, https:\/\/sites.usp.br\/projetocecilia\/wp-content\/uploads\/sites\/721\/2020\/04\/Espectroscopia-45x45.png 45w, https:\/\/sites.usp.br\/projetocecilia\/wp-content\/uploads\/sites\/721\/2020\/04\/Espectroscopia-200x200.png 200w\" sizes=\"auto, (max-width: 300px) 100vw, 300px\" \/>\t\t\t\t\t<\/div>\n\t\t\t\t\t\t\t\t\t<\/div>\n\t\t\t<\/div>\n\t\t\t\t\t<\/li>\n\t\t\t\t<li class=\"sow-slider-image\" style=\"visibility: hidden;\" >\n\t\t\t\t\t\t<div class=\"sow-slider-image-container\">\n\t\t\t\t<div class=\"sow-slider-image-wrapper\" style=\"max-width: 300px\">\n\t\t\t\t\t\t\t\t\t\t<div class=\"sow-slider-image-foreground-wrapper\">\n\t\t\t\t\t\t<img loading=\"lazy\" decoding=\"async\" width=\"300\" height=\"300\" src=\"https:\/\/sites.usp.br\/projetocecilia\/wp-content\/uploads\/sites\/721\/2020\/04\/Espectrografos.png\" class=\"sow-slider-foreground-image\" alt=\"\" style=\"\" srcset=\"https:\/\/sites.usp.br\/projetocecilia\/wp-content\/uploads\/sites\/721\/2020\/04\/Espectrografos.png 300w, https:\/\/sites.usp.br\/projetocecilia\/wp-content\/uploads\/sites\/721\/2020\/04\/Espectrografos-150x150.png 150w, https:\/\/sites.usp.br\/projetocecilia\/wp-content\/uploads\/sites\/721\/2020\/04\/Espectrografos-250x250.png 250w, https:\/\/sites.usp.br\/projetocecilia\/wp-content\/uploads\/sites\/721\/2020\/04\/Espectrografos-174x174.png 174w, https:\/\/sites.usp.br\/projetocecilia\/wp-content\/uploads\/sites\/721\/2020\/04\/Espectrografos-45x45.png 45w, https:\/\/sites.usp.br\/projetocecilia\/wp-content\/uploads\/sites\/721\/2020\/04\/Espectrografos-200x200.png 200w\" sizes=\"auto, (max-width: 300px) 100vw, 300px\" \/>\t\t\t\t\t<\/div>\n\t\t\t\t\t\t\t\t\t<\/div>\n\t\t\t<\/div>\n\t\t\t\t\t<\/li>\n\t\t\t\t<li class=\"sow-slider-image\" style=\"visibility: hidden;\" >\n\t\t\t\t\t\t<div class=\"sow-slider-image-container\">\n\t\t\t\t<div class=\"sow-slider-image-wrapper\" style=\"max-width: 300px\">\n\t\t\t\t\t\t\t\t\t\t<div class=\"sow-slider-image-foreground-wrapper\">\n\t\t\t\t\t\t<img loading=\"lazy\" decoding=\"async\" width=\"300\" height=\"300\" src=\"https:\/\/sites.usp.br\/projetocecilia\/wp-content\/uploads\/sites\/721\/2020\/04\/Painel.png\" class=\"sow-slider-foreground-image\" alt=\"\" style=\"\" srcset=\"https:\/\/sites.usp.br\/projetocecilia\/wp-content\/uploads\/sites\/721\/2020\/04\/Painel.png 300w, https:\/\/sites.usp.br\/projetocecilia\/wp-content\/uploads\/sites\/721\/2020\/04\/Painel-150x150.png 150w, https:\/\/sites.usp.br\/projetocecilia\/wp-content\/uploads\/sites\/721\/2020\/04\/Painel-250x250.png 250w, https:\/\/sites.usp.br\/projetocecilia\/wp-content\/uploads\/sites\/721\/2020\/04\/Painel-174x174.png 174w, https:\/\/sites.usp.br\/projetocecilia\/wp-content\/uploads\/sites\/721\/2020\/04\/Painel-45x45.png 45w, https:\/\/sites.usp.br\/projetocecilia\/wp-content\/uploads\/sites\/721\/2020\/04\/Painel-200x200.png 200w\" sizes=\"auto, (max-width: 300px) 100vw, 300px\" \/>\t\t\t\t\t<\/div>\n\t\t\t\t\t\t\t\t\t<\/div>\n\t\t\t<\/div>\n\t\t\t\t\t<\/li>\n\t\t\t\t<li class=\"sow-slider-image\" style=\"visibility: hidden;\" >\n\t\t\t\t\t\t<div class=\"sow-slider-image-container\">\n\t\t\t\t<div class=\"sow-slider-image-wrapper\" style=\"max-width: 300px\">\n\t\t\t\t\t\t\t\t\t\t<div class=\"sow-slider-image-foreground-wrapper\">\n\t\t\t\t\t\t<img loading=\"lazy\" decoding=\"async\" width=\"300\" height=\"300\" src=\"https:\/\/sites.usp.br\/projetocecilia\/wp-content\/uploads\/sites\/721\/2020\/04\/Roda-de-conversa.png\" class=\"sow-slider-foreground-image\" alt=\"\" style=\"\" srcset=\"https:\/\/sites.usp.br\/projetocecilia\/wp-content\/uploads\/sites\/721\/2020\/04\/Roda-de-conversa.png 300w, https:\/\/sites.usp.br\/projetocecilia\/wp-content\/uploads\/sites\/721\/2020\/04\/Roda-de-conversa-150x150.png 150w, https:\/\/sites.usp.br\/projetocecilia\/wp-content\/uploads\/sites\/721\/2020\/04\/Roda-de-conversa-250x250.png 250w, https:\/\/sites.usp.br\/projetocecilia\/wp-content\/uploads\/sites\/721\/2020\/04\/Roda-de-conversa-174x174.png 174w, https:\/\/sites.usp.br\/projetocecilia\/wp-content\/uploads\/sites\/721\/2020\/04\/Roda-de-conversa-45x45.png 45w, https:\/\/sites.usp.br\/projetocecilia\/wp-content\/uploads\/sites\/721\/2020\/04\/Roda-de-conversa-200x200.png 200w\" sizes=\"auto, (max-width: 300px) 100vw, 300px\" \/>\t\t\t\t\t<\/div>\n\t\t\t\t\t\t\t\t\t<\/div>\n\t\t\t<\/div>\n\t\t\t\t\t<\/li>\n\t\t\t\t<li class=\"sow-slider-image\" style=\"visibility: hidden;\" >\n\t\t\t\t\t\t<div class=\"sow-slider-image-container\">\n\t\t\t\t<div class=\"sow-slider-image-wrapper\" style=\"max-width: 300px\">\n\t\t\t\t\t\t\t\t\t\t<div class=\"sow-slider-image-foreground-wrapper\">\n\t\t\t\t\t\t<img loading=\"lazy\" decoding=\"async\" width=\"300\" height=\"300\" src=\"https:\/\/sites.usp.br\/projetocecilia\/wp-content\/uploads\/sites\/721\/2020\/04\/Equipe.png\" class=\"sow-slider-foreground-image\" alt=\"\" style=\"\" srcset=\"https:\/\/sites.usp.br\/projetocecilia\/wp-content\/uploads\/sites\/721\/2020\/04\/Equipe.png 300w, https:\/\/sites.usp.br\/projetocecilia\/wp-content\/uploads\/sites\/721\/2020\/04\/Equipe-150x150.png 150w, https:\/\/sites.usp.br\/projetocecilia\/wp-content\/uploads\/sites\/721\/2020\/04\/Equipe-250x250.png 250w, https:\/\/sites.usp.br\/projetocecilia\/wp-content\/uploads\/sites\/721\/2020\/04\/Equipe-174x174.png 174w, https:\/\/sites.usp.br\/projetocecilia\/wp-content\/uploads\/sites\/721\/2020\/04\/Equipe-45x45.png 45w, https:\/\/sites.usp.br\/projetocecilia\/wp-content\/uploads\/sites\/721\/2020\/04\/Equipe-200x200.png 200w\" sizes=\"auto, (max-width: 300px) 100vw, 300px\" \/>\t\t\t\t\t<\/div>\n\t\t\t\t\t\t\t\t\t<\/div>\n\t\t\t<\/div>\n\t\t\t\t\t<\/li>\n\t\t<\/ul>\t\t\t\t<ol class=\"sow-slider-pagination\">\n\t\t\t\t\t\t\t\t\t\t\t<li><a href=\"#\" data-goto=\"0\" aria-label=\"Display slide 1\"><\/a><\/li>\n\t\t\t\t\t\t\t\t\t\t\t<li><a href=\"#\" data-goto=\"1\" aria-label=\"Display slide 2\"><\/a><\/li>\n\t\t\t\t\t\t\t\t\t\t\t<li><a href=\"#\" data-goto=\"2\" aria-label=\"Display slide 3\"><\/a><\/li>\n\t\t\t\t\t\t\t\t\t\t\t<li><a href=\"#\" data-goto=\"3\" aria-label=\"Display slide 4\"><\/a><\/li>\n\t\t\t\t\t\t\t\t\t\t\t<li><a href=\"#\" data-goto=\"4\" aria-label=\"Display slide 5\"><\/a><\/li>\n\t\t\t\t\t\t\t\t\t\t\t<li><a href=\"#\" data-goto=\"5\" aria-label=\"Display slide 6\"><\/a><\/li>\n\t\t\t\t\t\t\t\t\t\t\t<li><a href=\"#\" data-goto=\"6\" aria-label=\"Display slide 7\"><\/a><\/li>\n\t\t\t\t\t\t\t\t\t<\/ol>\n\n\t\t\t\t<div class=\"sow-slide-nav sow-slide-nav-next\">\n\t\t\t\t\t<a href=\"#\" data-goto=\"next\" aria-label=\"Next slide\" data-action=\"next\">\n\t\t\t\t\t\t<em class=\"sow-sld-icon-thin-right\"><\/em>\n\t\t\t\t\t<\/a>\n\t\t\t\t<\/div>\n\n\t\t\t\t<div class=\"sow-slide-nav sow-slide-nav-prev\">\n\t\t\t\t\t<a href=\"#\" data-goto=\"previous\" aria-label=\"Previous slide\" data-action=\"prev\">\n\t\t\t\t\t\t<em class=\"sow-sld-icon-thin-left\"><\/em>\n\t\t\t\t\t<\/a>\n\t\t\t\t<\/div>\n\t\t\t\t<\/div><\/div><\/div><\/div><div id=\"panel-79-1-1-1\" class=\"so-panel widget widget_sow-editor panel-last-child\" data-index=\"4\" ><div\n\t\t\t\n\t\t\tclass=\"so-widget-sow-editor so-widget-sow-editor-base\"\n\t\t\t\n\t\t>\n<div class=\"siteorigin-widget-tinymce textwidget\">\n\t<h4 style=\"font-family: Comfortaa, serif;\"><strong><span style=\"color: #07e633;\">A\u00e7\u00f5es nas Escolas<\/span><\/strong><\/h4>\n<p style=\"font-family: Comfortaa, serif; text-align: justify;\">O Projeto Cecilia atende escolas da rede p\u00fablica de Ensino M\u00e9dio e Ensino Fundamental II, localizadas na cidade de S\u00e3o Paulo (at\u00e9 50km de dist\u00e2ncia do IAG-USP), interven\u00e7\u00e3o de 1 dia, contemplando todas as turmas do 9o. ano do EF at\u00e9 o 3o. do EM<\/p>\n<p style=\"font-family: Comfortaa, serif; text-align: justify;\">Nossas atividades atendem 10 escolas\u00a0por\u00a0semestre.<\/p>\n<\/div>\n<\/div><\/div><\/div><div id=\"pgc-79-1-2\"  class=\"panel-grid-cell\" ><div id=\"panel-79-1-2-0\" class=\"so-panel widget widget_sow-image panel-first-child\" data-index=\"5\" ><div\n\t\t\t\n\t\t\tclass=\"so-widget-sow-image so-widget-sow-image-default-3a2476c0e107-79\"\n\t\t\t\n\t\t>\n<div class=\"sow-image-container\">\n\t\t\t<a href=\"https:\/\/www.iag.usp.br\/fiquememcasa\"\n\t\t\ttarget=\"_blank\" rel=\"noopener noreferrer\" \t\t>\n\t\t\t<img \n\tsrc=\"https:\/\/sites.usp.br\/projetocecilia\/wp-content\/uploads\/sites\/721\/2020\/04\/IAG-na-sua-casa.png\" width=\"300\" height=\"300\" srcset=\"https:\/\/sites.usp.br\/projetocecilia\/wp-content\/uploads\/sites\/721\/2020\/04\/IAG-na-sua-casa.png 300w, https:\/\/sites.usp.br\/projetocecilia\/wp-content\/uploads\/sites\/721\/2020\/04\/IAG-na-sua-casa-150x150.png 150w, https:\/\/sites.usp.br\/projetocecilia\/wp-content\/uploads\/sites\/721\/2020\/04\/IAG-na-sua-casa-250x250.png 250w, https:\/\/sites.usp.br\/projetocecilia\/wp-content\/uploads\/sites\/721\/2020\/04\/IAG-na-sua-casa-174x174.png 174w, https:\/\/sites.usp.br\/projetocecilia\/wp-content\/uploads\/sites\/721\/2020\/04\/IAG-na-sua-casa-45x45.png 45w, https:\/\/sites.usp.br\/projetocecilia\/wp-content\/uploads\/sites\/721\/2020\/04\/IAG-na-sua-casa-200x200.png 200w\" sizes=\"(max-width: 300px) 100vw, 300px\" title=\"IAG na sua casa\" alt=\"\" \t\tclass=\"so-widget-image\"\/>\n\t\t\t<\/a><\/div>\n\n<\/div><\/div><div id=\"panel-79-1-2-1\" class=\"so-panel widget widget_sow-editor panel-last-child\" data-index=\"6\" ><div\n\t\t\t\n\t\t\tclass=\"so-widget-sow-editor so-widget-sow-editor-base\"\n\t\t\t\n\t\t>\n<div class=\"siteorigin-widget-tinymce textwidget\">\n\t<h4 style=\"font-family: Comfortaa, serif;\"><strong><span style=\"color: #ef3d0d;\">O Cecilia Online<\/span><\/strong><\/h4>\n<p style=\"font-family: Comfortaa, serif; text-align: justify;\">O Instituto de Astronomia, Geof\u00edsica e Ci\u00eancias Atmosf\u00e9ricas da Universidade de S\u00e3o Paulo, compreende a sua responsabilidade social de atender escolas que est\u00e3o localizadas em regi\u00f5es distantes dos grandes centros urbanos. Para isso oferece tamb\u00e9m uma vers\u00e3o online do Cec\u00edlia para ser aplicado em ambiente escolar. Essas atividades s\u00e3o mediadas pelos professores de todo o territ\u00f3rio nacional juntamente com a nossa equipe que utiliza uma plataforma online para estreitar as comunica\u00e7\u00f5es com os jovens\u00a0do\u00a0nosso\u00a0pa\u00eds.<\/p>\n<\/div>\n<\/div><\/div><\/div><\/div><\/div><div id=\"pg-79-2\"  class=\"panel-grid panel-no-style\" ><div id=\"pgc-79-2-0\"  class=\"panel-grid-cell panel-grid-cell-empty panel-grid-cell-mobile-last\" ><\/div><div id=\"pgc-79-2-1\"  class=\"panel-grid-cell panel-grid-cell-empty\" ><\/div><\/div><\/div>","protected":false},"excerpt":{"rendered":"<p>Sobre o Projeto CeciliaO Projeto Cecilia \u00e9 um programa desenvolvido pelo Instituto de Astronomia, Geof\u00edsica e Ci\u00eancias Atmosf\u00e9ricas (IAG\/USP) que leva para escolas da rede p\u00fablica atividades de divulga\u00e7\u00e3o cient\u00edfica na \u00e1rea das ci\u00eancias da terra e do universo. Levamos conhecimentos como t\u00e9cnicas de observa\u00e7\u00e3o astron\u00f4micas e telesc\u00f3pios, atividades de reconhecimento de fen\u00f4menos meteorol\u00f3gicos e<a href=\"https:\/\/sites.usp.br\/projetocecilia\/\">[&#8230;]<\/a><\/p>\n","protected":false},"author":1,"featured_media":0,"parent":0,"menu_order":0,"comment_status":"closed","ping_status":"closed","template":"template-fullwidth-no-title.php","meta":{"footnotes":"","_links_to":"","_links_to_target":""},"class_list":["post-79","page","type-page","status-publish","hentry"],"_links":{"self":[{"href":"https:\/\/sites.usp.br\/projetocecilia\/wp-json\/wp\/v2\/pages\/79","targetHints":{"allow":["GET"]}}],"collection":[{"href":"https:\/\/sites.usp.br\/projetocecilia\/wp-json\/wp\/v2\/pages"}],"about":[{"href":"https:\/\/sites.usp.br\/projetocecilia\/wp-json\/wp\/v2\/types\/page"}],"author":[{"embeddable":true,"href":"https:\/\/sites.usp.br\/projetocecilia\/wp-json\/wp\/v2\/users\/1"}],"replies":[{"embeddable":true,"href":"https:\/\/sites.usp.br\/projetocecilia\/wp-json\/wp\/v2\/comments?post=79"}],"version-history":[{"count":6,"href":"https:\/\/sites.usp.br\/projetocecilia\/wp-json\/wp\/v2\/pages\/79\/revisions"}],"predecessor-version":[{"id":1531,"href":"https:\/\/sites.usp.br\/projetocecilia\/wp-json\/wp\/v2\/pages\/79\/revisions\/1531"}],"wp:attachment":[{"href":"https:\/\/sites.usp.br\/projetocecilia\/wp-json\/wp\/v2\/media?parent=79"}],"curies":[{"name":"wp","href":"https:\/\/api.w.org\/{rel}","templated":true}]}}