{"id":507,"date":"2015-02-03T16:15:39","date_gmt":"2015-02-03T18:15:39","guid":{"rendered":"http:\/\/sites.usp.br\/projetomemoria\/?page_id=507"},"modified":"2015-02-03T16:15:39","modified_gmt":"2015-02-03T18:15:39","slug":"apresentacao","status":"publish","type":"page","link":"https:\/\/sites.usp.br\/projetomemoria\/","title":{"rendered":"Apresenta\u00e7\u00e3o"},"content":{"rendered":"<p style=\"text-align: center\"><strong>\u201cPor uma pol\u00edtica de preserva\u00e7\u00e3o da mem\u00f3ria<br \/>\nda doc\u00eancia e da pesquisa na USP\u201d<\/strong><\/p>\n<p style=\"text-align: right\">Ana Maria de Almeida Camargo<br \/>\nJohanna Wilhelmina Smit<\/p>\n<p style=\"text-align: justify\">A Universidade de S\u00e3o Paulo \u00e9 hoje, indiscutivelmente, um importante centro de refer\u00eancia de ensino e pesquisa, seja em \u00e2mbito nacional ou internacional. A documenta\u00e7\u00e3o de suas atividades final\u00edsticas, no entanto, tem sido relegada a segundo plano, ou seja, o dia-a-dia do ensino e da pesquisa \u2013 representado por cadernos de campo, anota\u00e7\u00f5es, projetos para solicita\u00e7\u00e3o de apoio a ag\u00eancias de fomento, roteiros de aula, recursos did\u00e1ticos etc. \u2013 n\u00e3o \u00e9 contemplado por nenhuma pol\u00edtica institucional de preserva\u00e7\u00e3o: \u00e9 considerado parte do \u201cpatrim\u00f4nio pessoal\u201d dos docentes e pesquisadores, e as unidades n\u00e3o sabem que destino dar a esse material por ocasi\u00e3o de sua aposentadoria ou falecimento. Parte significativa da mem\u00f3ria universit\u00e1ria fica, portanto, sujeita ao acaso, correndo s\u00e9rios riscos de elimina\u00e7\u00e3o em vista de nossa cr\u00f4nica falta de espa\u00e7o.<\/p>\n<p style=\"text-align: justify\">O Arquivo Geral da USP identificou, mediante levantamento preliminar e alimenta\u00e7\u00e3o de banco de dados especialmente criado para esse fim, uma s\u00e9rie de iniciativas de constitui\u00e7\u00e3o de \u201cmem\u00f3rias locais\u201d, marcadas pela descontinuidade e, n\u00e3o raras vezes, pela ado\u00e7\u00e3o de solu\u00e7\u00f5es improvisadas quanto \u00e0 organiza\u00e7\u00e3o de documentos. Apesar de louv\u00e1veis, tais iniciativas pouco contribuem para que se tenha uma vis\u00e3o de conjunto das pr\u00e1ticas cotidianas que, no cumprimento de sua miss\u00e3o, caracterizaram a trajet\u00f3ria da USP e, por extens\u00e3o, de parcela significativa da comunidade cient\u00edfica brasileira.<\/p>\n<p style=\"text-align: justify\">Diante desse diagn\u00f3stico, revelador de um cen\u00e1rio multifacetado e incompleto, o Arquivo Geral prop\u00f5e-se a elaborar uma pol\u00edtica de preserva\u00e7\u00e3o dos documentos gerados pelas rotinas de ensino e pesquisa da institui\u00e7\u00e3o, na certeza de que constituem elementos basilares para a compreens\u00e3o de nossa hist\u00f3ria institucional.<\/p>\n","protected":false},"excerpt":{"rendered":"<p>\u201cPor uma pol\u00edtica de preserva\u00e7\u00e3o da mem\u00f3ria da doc\u00eancia e da pesquisa na USP\u201d Ana [&hellip;]<\/p>\n","protected":false},"author":62,"featured_media":0,"parent":0,"menu_order":0,"comment_status":"closed","ping_status":"closed","template":"","meta":{"footnotes":"","_links_to":"","_links_to_target":""},"class_list":["post-507","page","type-page","status-publish","hentry"],"_links":{"self":[{"href":"https:\/\/sites.usp.br\/projetomemoria\/wp-json\/wp\/v2\/pages\/507","targetHints":{"allow":["GET"]}}],"collection":[{"href":"https:\/\/sites.usp.br\/projetomemoria\/wp-json\/wp\/v2\/pages"}],"about":[{"href":"https:\/\/sites.usp.br\/projetomemoria\/wp-json\/wp\/v2\/types\/page"}],"author":[{"embeddable":true,"href":"https:\/\/sites.usp.br\/projetomemoria\/wp-json\/wp\/v2\/users\/62"}],"replies":[{"embeddable":true,"href":"https:\/\/sites.usp.br\/projetomemoria\/wp-json\/wp\/v2\/comments?post=507"}],"version-history":[{"count":2,"href":"https:\/\/sites.usp.br\/projetomemoria\/wp-json\/wp\/v2\/pages\/507\/revisions"}],"predecessor-version":[{"id":509,"href":"https:\/\/sites.usp.br\/projetomemoria\/wp-json\/wp\/v2\/pages\/507\/revisions\/509"}],"wp:attachment":[{"href":"https:\/\/sites.usp.br\/projetomemoria\/wp-json\/wp\/v2\/media?parent=507"}],"curies":[{"name":"wp","href":"https:\/\/api.w.org\/{rel}","templated":true}]}}