{"id":534,"date":"2015-02-10T14:20:06","date_gmt":"2015-02-10T16:20:06","guid":{"rendered":"http:\/\/sites.usp.br\/projetomemoria\/?page_id=534"},"modified":"2015-02-10T14:20:06","modified_gmt":"2015-02-10T16:20:06","slug":"projeto","status":"publish","type":"page","link":"https:\/\/sites.usp.br\/projetomemoria\/projeto\/","title":{"rendered":"Projeto"},"content":{"rendered":"<p style=\"text-align: center\"><strong>\u201cPor uma pol\u00edtica de preserva\u00e7\u00e3o da mem\u00f3ria<br \/>\nda doc\u00eancia e da pesquisa na USP\u201d<\/strong><\/p>\n<p style=\"text-align: right\">Jos\u00e9 Francisco Guelfi Campos<br \/>\nL\u00edlian Miranda Bezerra<\/p>\n<p style=\"text-align: justify\">As celebra\u00e7\u00f5es costumam trazer \u00e0 tona o tema da mem\u00f3ria. Com a aproxima\u00e7\u00e3o do 80<sup>o<\/sup>anivers\u00e1rio da USP n\u00e3o foi diferente, tanto que sua Pr\u00f3-Reitoria de Cultura e Extens\u00e3o Universit\u00e1ria (PRCEU) vem lan\u00e7ando, desde 2012, editais voltados para o financiamento de iniciativas destinadas ao estudo e \u00e0 difus\u00e3o da mem\u00f3ria da institui\u00e7\u00e3o. Tendo em vista que a preserva\u00e7\u00e3o de arquivos pessoais de professores (os quais mais proximamente representam o cotidiano da doc\u00eancia e da pesquisa) configura um problema real e pouco explorado na universidade, o Arquivo Geral reuniu um grupo composto por docentes e funcion\u00e1rios de diferentes unidades e de um aluno de p\u00f3s-gradua\u00e7\u00e3o<sup>1<\/sup>\u00a0para elaborar o projeto do qual, por meio desse site, apresentamos os resultados.<\/p>\n<p style=\"text-align: justify\"><strong>Sobre o projeto: objetivos e justificativa<\/strong><\/p>\n<p style=\"text-align: justify\">Quando um professor se aposenta ou falece, para onde vai o material por ele acumulado em sua sala ou em seu laborat\u00f3rio? Para alguns a pergunta pode parecer ing\u00eanua ou at\u00e9 mesmo descabida. Mesmo sabendo que muitos docentes recolhem seus documentos quando deixam o quadro funcional da universidade, trabalh\u00e1vamos com a hip\u00f3tese de que parte desses arquivos permanecia na USP. O contato com funcion\u00e1rios e professores de diversas unidades deu lastro \u00e0 nossa suposi\u00e7\u00e3o e, assim, comprovamos sua pertin\u00eancia.<\/p>\n<p style=\"text-align: justify\">Cientes da zona de penumbra em que se encontram esses arquivos, propusemos \u00e0 PRCEU uma pesquisa de car\u00e1ter explorat\u00f3rio, com os seguintes objetivos:<\/p>\n<ul style=\"text-align: justify\">\n<li>detectar acervos de docentes\/pesquisadores aposentados e\/ou falecidos, preservados em espa\u00e7os da USP mas (ainda) n\u00e3o reconhecidos institucionalmente enquanto tra\u00e7os remanescentes da atividade docente;<\/li>\n<\/ul>\n<ul style=\"text-align: justify\">\n<li>identificar e diagnosticar, ainda que de forma gen\u00e9rica, os tipos documentais que, ao longo do tempo e sem orienta\u00e7\u00e3o institucional, foram sendo preservados pelos docentes\/pesquisadores;<\/li>\n<\/ul>\n<ul style=\"text-align: justify\">\n<li>divulgar a exist\u00eancia desses acervos em um guia virtual, acess\u00edvel \u00e0 comunidade uspiana e ao p\u00fablico em geral;<\/li>\n<\/ul>\n<ul style=\"text-align: justify\">\n<li>reunir elementos para a discuss\u00e3o sobre a necessidade de institucionaliza\u00e7\u00e3o de uma pol\u00edtica de mem\u00f3ria da atividade docente na USP.<\/li>\n<\/ul>\n<p style=\"text-align: justify\">Criada em 1934, a USP se consolidou no Brasil e no exterior como polo de excel\u00eancia em ensino e pesquisa, figurando entre as mais reconhecidas universidades do mundo, como demonstra sua avalia\u00e7\u00e3o em rankings internacionais. Desde seu ato fundacional, a Universidade de S\u00e3o Paulo se preocupa com a qualidade de seu corpo docente, pressupondo a cria\u00e7\u00e3o de regime de trabalho voltado \u00e0 dedica\u00e7\u00e3o integral \u00e0s atividades de doc\u00eancia e pesquisa. Contudo, o destaque conferido a tais atividades n\u00e3o encontra respaldo na atual pol\u00edtica de preserva\u00e7\u00e3o da mem\u00f3ria institucional, hoje mais representada por suas a\u00e7\u00f5es administrativas (atrav\u00e9s dos documentos delas decorrentes, gerenciados por sistemas eletr\u00f4nicos e preservados para a posteridade em cumprimento \u00e0s determina\u00e7\u00f5es legais) que por suas a\u00e7\u00f5es final\u00edsticas: ensino, pesquisa e extens\u00e3o.<\/p>\n<p style=\"text-align: justify\">O que est\u00e1 em jogo neste caso, e \u00e9 foco deste projeto, \u00e9 a preserva\u00e7\u00e3o de parte significativa da hist\u00f3ria e da mem\u00f3ria universit\u00e1rias. A inexist\u00eancia de pol\u00edtica espec\u00edfica voltada para os arquivos de professores, certamente, j\u00e1 ocasionou perdas irrepar\u00e1veis, redobrando a necessidade de salvaguardar o que est\u00e1 em vias de se perder e assinalar medidas visando a iniciativas em curto e m\u00e9dio prazo.<\/p>\n<p style=\"text-align: justify\"><strong>Notas:<\/strong><\/p>\n<p style=\"text-align: justify\">1 \u2013 A equipe respons\u00e1vel pela elabora\u00e7\u00e3o do projeto foi composta por: Ana Maria de Almeida Camargo (docente, FFLCH), Dina Elisabete Uliana (bibliotec\u00e1ria, FAU), Elisabete Marin Ribas (especialista em laborat\u00f3rio, IEB), Johanna Wilhelmina Smit (docente, ECA\/AG), Jos\u00e9 Francisco Guelfi Campos (mestrando, FFLCH), L\u00edlian Miranda Bezerra (especialista em laborat\u00f3rio, AG) e Silvana Karpinscki (especialista em pesquisa e apoio de museu, MAC).<\/p>\n","protected":false},"excerpt":{"rendered":"<p>\u201cPor uma pol\u00edtica de preserva\u00e7\u00e3o da mem\u00f3ria da doc\u00eancia e da pesquisa na USP\u201d Jos\u00e9 [&hellip;]<\/p>\n","protected":false},"author":62,"featured_media":0,"parent":0,"menu_order":0,"comment_status":"closed","ping_status":"closed","template":"","meta":{"footnotes":"","_links_to":"","_links_to_target":""},"class_list":["post-534","page","type-page","status-publish","hentry"],"_links":{"self":[{"href":"https:\/\/sites.usp.br\/projetomemoria\/wp-json\/wp\/v2\/pages\/534","targetHints":{"allow":["GET"]}}],"collection":[{"href":"https:\/\/sites.usp.br\/projetomemoria\/wp-json\/wp\/v2\/pages"}],"about":[{"href":"https:\/\/sites.usp.br\/projetomemoria\/wp-json\/wp\/v2\/types\/page"}],"author":[{"embeddable":true,"href":"https:\/\/sites.usp.br\/projetomemoria\/wp-json\/wp\/v2\/users\/62"}],"replies":[{"embeddable":true,"href":"https:\/\/sites.usp.br\/projetomemoria\/wp-json\/wp\/v2\/comments?post=534"}],"version-history":[{"count":2,"href":"https:\/\/sites.usp.br\/projetomemoria\/wp-json\/wp\/v2\/pages\/534\/revisions"}],"predecessor-version":[{"id":539,"href":"https:\/\/sites.usp.br\/projetomemoria\/wp-json\/wp\/v2\/pages\/534\/revisions\/539"}],"wp:attachment":[{"href":"https:\/\/sites.usp.br\/projetomemoria\/wp-json\/wp\/v2\/media?parent=534"}],"curies":[{"name":"wp","href":"https:\/\/api.w.org\/{rel}","templated":true}]}}