{"id":107,"date":"2014-05-29T11:05:32","date_gmt":"2014-05-29T13:05:32","guid":{"rendered":"http:\/\/sites.usp.br\/prolam\/?page_id=107"},"modified":"2016-01-16T20:59:16","modified_gmt":"2016-01-16T22:59:16","slug":"localize-se","status":"publish","type":"page","link":"https:\/\/sites.usp.br\/prolam\/en\/localize-se\/","title":{"rendered":"Localize-se"},"content":{"rendered":"<p style=\"text-align: justify\">As atividades do II Simp\u00f3sio Internacional Pensar e Repensar a Am\u00e9rica Latina ocorrer\u00e3o na <span style=\"color: #800000\"><strong><a style=\"color: #800000\" href=\"http:\/\/www3.eca.usp.br\/localizacao\">Escola de Comunica\u00e7\u00f5es e Artes, na Avenida Prof. L\u00facio Martins Rodrigues, 443<\/a>.<\/strong>.<\/span><\/p>\n<p style=\"text-align: justify\">Segue abaixo o mapa do Campus da Cidade Universit\u00e1ria, organizado pela Universidade de S\u00e3o Paulo:<\/p>\n<p style=\"text-align: center\"><a href=\"http:\/\/sites.usp.br\/prolam\/wp-content\/uploads\/sites\/35\/2014\/06\/dentro-da-usp.png\"><img loading=\"lazy\" decoding=\"async\" class=\"aligncenter  wp-image-555\" src=\"http:\/\/sites.usp.br\/prolam\/wp-content\/uploads\/sites\/35\/2014\/06\/dentro-da-usp.png\" alt=\"dentro-da-usp\" width=\"1771\" height=\"1201\" srcset=\"https:\/\/sites.usp.br\/prolam\/wp-content\/uploads\/sites\/35\/2014\/06\/dentro-da-usp.png 1771w, https:\/\/sites.usp.br\/prolam\/wp-content\/uploads\/sites\/35\/2014\/06\/dentro-da-usp-300x203.png 300w, https:\/\/sites.usp.br\/prolam\/wp-content\/uploads\/sites\/35\/2014\/06\/dentro-da-usp-1024x694.png 1024w, https:\/\/sites.usp.br\/prolam\/wp-content\/uploads\/sites\/35\/2014\/06\/dentro-da-usp-400x271.png 400w\" sizes=\"auto, (max-width: 1771px) 100vw, 1771px\" \/><\/a>Para ver em tamanho ampliado, clique na imagem.<\/p>\n<p style=\"text-align: justify\"><strong>Importante<\/strong>: Clique na imagem para visualizar em tamanho ampliado e com maior nitidez. A ECA \u00e9 o n\u00famero 14 do mapa.<\/p>\n<p style=\"text-align: justify\">Em caso de d\u00favidas sobre como chegar \u00e0 Universidade de S\u00e3o Paulo, clique na p\u00e1gina &#8220;Como Chegar&#8221;.<\/p>\n","protected":false},"excerpt":{"rendered":"<p>As atividades do II Simp\u00f3sio Internacional Pensar e Repensar a Am\u00e9rica Latina ocorrer\u00e3o na Escola de Comunica\u00e7\u00f5es e Artes, na Avenida Prof. L\u00facio Martins Rodrigues, 443.. Segue abaixo o mapa do Campus da Cidade Universit\u00e1ria, organizado pela Universidade de S\u00e3o &hellip; <a href=\"https:\/\/sites.usp.br\/prolam\/en\/localize-se\/\">Continue reading <span class=\"meta-nav\">&rarr;<\/span><\/a><\/p>\n","protected":false},"author":1,"featured_media":0,"parent":0,"menu_order":4,"comment_status":"closed","ping_status":"closed","template":"","meta":{"footnotes":"","_links_to":"","_links_to_target":""},"class_list":["post-107","page","type-page","status-publish","hentry"],"_links":{"self":[{"href":"https:\/\/sites.usp.br\/prolam\/en\/wp-json\/wp\/v2\/pages\/107","targetHints":{"allow":["GET"]}}],"collection":[{"href":"https:\/\/sites.usp.br\/prolam\/en\/wp-json\/wp\/v2\/pages"}],"about":[{"href":"https:\/\/sites.usp.br\/prolam\/en\/wp-json\/wp\/v2\/types\/page"}],"author":[{"embeddable":true,"href":"https:\/\/sites.usp.br\/prolam\/en\/wp-json\/wp\/v2\/users\/1"}],"replies":[{"embeddable":true,"href":"https:\/\/sites.usp.br\/prolam\/en\/wp-json\/wp\/v2\/comments?post=107"}],"version-history":[{"count":7,"href":"https:\/\/sites.usp.br\/prolam\/en\/wp-json\/wp\/v2\/pages\/107\/revisions"}],"predecessor-version":[{"id":1096,"href":"https:\/\/sites.usp.br\/prolam\/en\/wp-json\/wp\/v2\/pages\/107\/revisions\/1096"}],"wp:attachment":[{"href":"https:\/\/sites.usp.br\/prolam\/en\/wp-json\/wp\/v2\/media?parent=107"}],"curies":[{"name":"wp","href":"https:\/\/api.w.org\/{rel}","templated":true}]}}