{"id":2397,"date":"2018-09-10T18:24:55","date_gmt":"2018-09-10T21:24:55","guid":{"rendered":"http:\/\/sites.usp.br\/prolam\/?page_id=2397"},"modified":"2021-09-24T00:27:12","modified_gmt":"2021-09-24T03:27:12","slug":"simposio2016","status":"publish","type":"page","link":"https:\/\/sites.usp.br\/prolam\/en\/simposios-anteriores\/simposio2016\/","title":{"rendered":"II Simp\u00f3sio Internacional Pensar e Repensar a Am\u00e9rica Latina (2016)"},"content":{"rendered":"<p><\/p>\n<p style=\"text-align: justify;\">O Programa de P\u00f3s-Gradua\u00e7\u00e3o Interunidades em Integra\u00e7\u00e3o da Am\u00e9rica Latina da Universidade de S\u00e3o Paulo (PROLAM\/USP) teve o prazer de convidar todos os pesquisadores e interessados em Am\u00e9rica Latina e Caribe para a segunda edi\u00e7\u00e3o do Simp\u00f3sio Internacional &#8220;Pensar e Repensar a Am\u00e9rica Latina&#8221;, realizado na Escola de Comunica\u00e7\u00f5es e Artes da Universidade de S\u00e3o Paulo (ECA\/USP), entre os dias\u00a0<strong>17 e 21 de outubro de 2016<\/strong>.<br \/>\nO segundo Simp\u00f3sio Internacional \u201cPensar e Repensar a Am\u00e9rica Latina\u201d teve como objetivos: difundir conhecimento integrado sobre a regi\u00e3o latinoamericana sob as distintas perspectivas (pol\u00edtica, econ\u00f4mica, social, cultural e dos direitos); reunir estudantes e pesquisadores de excel\u00eancia acad\u00eamica, nacionais e internacionais, versando sobre temas da regi\u00e3o; fortalecer la\u00e7os acad\u00eamicos, pol\u00edticos, sociais e culturais entre a rede de pesquisadores latino-americanistas do Brasil e dos demais pesquisadores da regi\u00e3o latino-americana; e consolidar a presen\u00e7a institucional das Universidades brasileiras na regi\u00e3o.<br \/>\nA fim de lograrmos os objetivos, o evento contou com:<\/p>\n<ul>\n<li style=\"text-align: justify;\">Vinte e cinco Semin\u00e1rios de Pesquisa, coordenados por Professores especialistas nas tem\u00e1ticas,\u00a0onde foram apresentados trabalhos de pesquisadores e estudantes de Gradua\u00e7\u00e3o e P\u00f3s-Gradua\u00e7\u00e3o, que abordaram tem\u00e1ticas sobre a Am\u00e9rica Latina;<\/li>\n<li style=\"text-align: justify;\">Mini-cursos, ministrados por Pesquisadores Mestres e Doutores, com tem\u00e1ticas latino-americanas;<\/li>\n<li style=\"text-align: justify;\">Confer\u00eancias, com pesquisadores reconhecidos nacional e internacionalmente; e<\/li>\n<li style=\"text-align: justify;\">Mesas Redondas,\u00a0as quais reuniram grandes pesquisadores, especialistas nas tem\u00e1ticas propostas.<\/li>\n<\/ul>\n<p style=\"text-align: justify;\">Abaixo \u00e9 poss\u00edvel ter acesso ao acervo do evento:<\/p>\n<p style=\"text-align: justify;\"><a href=\"http:\/\/sites.usp.br\/prolam\/ii-simposio-internacional-pensar-e-repensar-america-latina_anais\/\">Anais<\/a><\/p>\n<p style=\"text-align: justify;\"><a href=\"http:\/\/sites.usp.br\/prolam\/wp-content\/uploads\/sites\/35\/2017\/01\/LIVRO_PENSAR-E-REPENSAR-A-AM%C3%89RICA-LATINA.pdf\"><strong>Livro I \u2013 Pensar e Repensar a Am\u00e9rica Latina (2015)<\/strong><\/a><br \/>\nOrganizadoras: Dilma de Melo Silva, Lisbeth Ruth Rebollo Gon\u00e7alves, Vivian Urquidi, Margarida Nepomuceno, Tha\u00eds de Oliveira e Mayra Coan Lago.<br \/>\nRealiza\u00e7\u00e3o: PROLAM\/USP.<br \/>\nISBN:\u00a09788539107254.<\/p>\n<p style=\"text-align: justify;\"><a href=\"http:\/\/sites.usp.br\/prolam\/simposios-anteriores\/simposio2016\/programacao\/\">Programa\u00e7\u00e3o e Cadernos de Resumo<\/a><\/p>\n<p style=\"text-align: justify;\"><a href=\"http:\/\/sites.usp.br\/prolam\/simposios-anteriores\/simposio2016\/palestras\/\">Confer\u00eancias 201<\/a>6<\/p>\n<p style=\"text-align: justify;\"><a href=\"http:\/\/sites.usp.br\/prolam\/simposios-anteriores\/simposio2016\/mesas-redondas\/\">Mesas Redondas 201<\/a>6<\/p>\n<p style=\"text-align: justify;\"><a href=\"http:\/\/sites.usp.br\/prolam\/simposios-anteriores\/simposio2016\/minicursos\/\">Minicursos 201<\/a>6<\/p>\n<p style=\"text-align: justify;\"><a href=\"http:\/\/sites.usp.br\/prolam\/simposios-anteriores\/simposio2016\/seminarios-de-pesquisa\/\">Semin\u00e1rios de Pesquisa 201<\/a>6<\/p>\n<p style=\"text-align: justify;\"><a href=\"http:\/\/sites.usp.br\/prolam\/simposios-anteriores\/simposio2016\/lancamento-de-livros\/\">Lan\u00e7amento de livros 2016<\/a><\/p>\n<p style=\"text-align: justify;\"><a href=\"http:\/\/sites.usp.br\/prolam\/simposios-anteriores\/simposio2016\/palestras-disponiveis-online\/\">Palestras dispon\u00edveis online<\/a><\/p>\n<p><a href=\"http:\/\/sites.usp.br\/prolam\/wp-content\/uploads\/sites\/35\/2016\/06\/Clipping-II-Simp%C3%B3sio-2016-2.pdf\">Clipping<\/a>\u00a02016<\/p>\n<p style=\"text-align: justify;\">\n<p><\/p>","protected":false},"excerpt":{"rendered":"<p>O Programa de P\u00f3s-Gradua\u00e7\u00e3o Interunidades em Integra\u00e7\u00e3o da Am\u00e9rica Latina da Universidade de S\u00e3o Paulo (PROLAM\/USP) teve o prazer de convidar todos os pesquisadores e interessados em Am\u00e9rica Latina e Caribe para a segunda edi\u00e7\u00e3o do Simp\u00f3sio Internacional &#8220;Pensar e &hellip; <a href=\"https:\/\/sites.usp.br\/prolam\/en\/simposios-anteriores\/simposio2016\/\">Continue reading <span class=\"meta-nav\">&rarr;<\/span><\/a><\/p>\n","protected":false},"author":318,"featured_media":0,"parent":2392,"menu_order":0,"comment_status":"closed","ping_status":"closed","template":"","meta":{"footnotes":"","_links_to":"","_links_to_target":""},"class_list":["post-2397","page","type-page","status-publish","hentry"],"_links":{"self":[{"href":"https:\/\/sites.usp.br\/prolam\/en\/wp-json\/wp\/v2\/pages\/2397","targetHints":{"allow":["GET"]}}],"collection":[{"href":"https:\/\/sites.usp.br\/prolam\/en\/wp-json\/wp\/v2\/pages"}],"about":[{"href":"https:\/\/sites.usp.br\/prolam\/en\/wp-json\/wp\/v2\/types\/page"}],"author":[{"embeddable":true,"href":"https:\/\/sites.usp.br\/prolam\/en\/wp-json\/wp\/v2\/users\/318"}],"replies":[{"embeddable":true,"href":"https:\/\/sites.usp.br\/prolam\/en\/wp-json\/wp\/v2\/comments?post=2397"}],"version-history":[{"count":5,"href":"https:\/\/sites.usp.br\/prolam\/en\/wp-json\/wp\/v2\/pages\/2397\/revisions"}],"predecessor-version":[{"id":5768,"href":"https:\/\/sites.usp.br\/prolam\/en\/wp-json\/wp\/v2\/pages\/2397\/revisions\/5768"}],"up":[{"embeddable":true,"href":"https:\/\/sites.usp.br\/prolam\/en\/wp-json\/wp\/v2\/pages\/2392"}],"wp:attachment":[{"href":"https:\/\/sites.usp.br\/prolam\/en\/wp-json\/wp\/v2\/media?parent=2397"}],"curies":[{"name":"wp","href":"https:\/\/api.w.org\/{rel}","templated":true}]}}