{"id":2556,"date":"2018-09-14T11:59:33","date_gmt":"2018-09-14T14:59:33","guid":{"rendered":"http:\/\/sites.usp.br\/prolam\/?page_id=2556"},"modified":"2019-04-27T18:36:46","modified_gmt":"2019-04-27T21:36:46","slug":"seminario-2-pensamento-politico-e-social-na-america-latina","status":"publish","type":"page","link":"https:\/\/sites.usp.br\/prolam\/en\/programacao\/seminarios-de-pesquisa\/seminario-2-pensamento-politico-e-social-na-america-latina\/","title":{"rendered":"SEMIN\u00c1RIO 2: Pensamento Pol\u00edtico e Social na Am\u00e9rica Latina"},"content":{"rendered":"<p>Coordenador 1:\u00a0 Prof. Dr. Wagner Tadeu Iglecias (EACH\/PROLAM-USP)<br \/>\nCoordenador 2: Me. Ricardo Neves Streich (Hist\u00f3ria Social-USP)<br \/>\nCoordenador 3: Prof. Me. Eliel Waldwogel Cardoso (Funda\u00e7\u00e3o Santo Andr\u00e9)<\/p>\n<p><strong>Resumo:<\/strong><\/p>\n<p style=\"text-align: justify;\">Octavio Paz dizia que \u201cA Am\u00e9rica \u00e9 menos uma tradi\u00e7\u00e3o a seguir que um futuro a realizar. Projeto e utopia s\u00e3o insepar\u00e1veis do pensamento hispano-americano desde o final do s\u00e9culo XVIII\u201d. Nesse sentido, diversos intelectuais, desde de as independ\u00eancias das ex-col\u00f4nias portuguesas e espanholas na Am\u00e9rica, t\u00eam se debru\u00e7ado sobre a quest\u00e3o: \u201cO que \u00e9 a Am\u00e9rica Latina?\u201d. Aos longos dos s\u00e9culos XIX, XX e XXI essa reflex\u00e3o perpassou correntes intelectuais das mais variadas posi\u00e7\u00f5es do espectro pol\u00edtico. Da indaga\u00e7\u00e3o inicial sobre a identidade latino-americano desdobraram-se diversos outros temas que se tornaram c\u00e9lebres nas reflex\u00f5es sobre a pol\u00edtica, a sociedade, a cultura e a economia no continente. Dentre esses, podemos destacar: as quest\u00f5es identit\u00e1rias (al\u00e9m de suas implica\u00e7\u00f5es sociais, pol\u00edticas, econ\u00f4micas e culturais); quest\u00e3o \u00e9tnico-racial: racismo, escravid\u00e3o e demais formas de trabalho for\u00e7ado; a quest\u00e3o da concentra\u00e7\u00e3o de riqueza e da terra: o problema do latif\u00fandio; o lugar da Am\u00e9rica Latina no mundo: a condi\u00e7\u00e3o colonial e suas heran\u00e7as; a quest\u00e3o do desenvolvimento: o papel da industrializa\u00e7\u00e3o; al\u00e9m do autoritarismo e das possibilidades democr\u00e1ticas na regi\u00e3o.<\/p>\n<p style=\"text-align: justify;\">Evidentemente, os debates sobre esses problemas est\u00e3o imersos na conjuntura pol\u00edtica. Nesse sentido, \u00e9 importante compreender tanto as respostas apresentadas aos dilemas quanto suas implica\u00e7\u00f5es pol\u00edtica. O presente semin\u00e1rio tem como proposta alavancar a discuss\u00e3o sobre as diversas tem\u00e1ticas que pontuaram a trajet\u00f3ria do pensamento pol\u00edtico e social do continente. Por isso, nosso objetivo \u00e9 analisar a diversidade de projetos intelectuais que permearam a hist\u00f3ria de nosso continente, em suas proposi\u00e7\u00f5es, limita\u00e7\u00f5es e tens\u00f5es (tanto com a tradi\u00e7\u00e3o europeia quanto com a pr\u00f3pria tradi\u00e7\u00e3o da Am\u00e9rica Latina). Por fim, al\u00e9m de reflex\u00f5es que versem diretamente sobre as j\u00e1 citadas quest\u00f5es cl\u00e1ssicas do pensamento pol\u00edtico e social latino-americano, tamb\u00e9m ser\u00e3o aceitos trabalhos que busquem problematizar a intelectualidade (de todos os pontos do espectro pol\u00edtico) e as linhas de pensamento pol\u00edtico-social que contribu\u00edram para o desenvolvimento de nossa hist\u00f3ria.<\/p>\n<p style=\"text-align: justify;\">Subtemas do Semin\u00e1rio de Pesquisa<\/p>\n<ul>\n<li style=\"text-align: justify;\">Identidades nacionais: conservadores, liberais e elementos populares no s\u00e9culo XIX<\/li>\n<li style=\"text-align: justify;\">Marxismo latino-americano e os projetos socialistas no s\u00e9culo XX<\/li>\n<li style=\"text-align: justify;\">Debates sobre a condi\u00e7\u00e3o perif\u00e9rica: CEPAL, Teoria da Depend\u00eancia e pensamento p\u00f3s-colonial<\/li>\n<li style=\"text-align: justify;\">Autoritarismo: entre regimes populistas e as ditaduras latino-americanas<\/li>\n<li style=\"text-align: justify;\">Ap\u00f3s a queda do muro: Redemocratiza\u00e7\u00e3o e neoliberalismo<\/li>\n<li style=\"text-align: justify;\">Ciclo de governos progressistas nos prim\u00f3rdios do s\u00e9culo XXI<\/li>\n<li style=\"text-align: justify;\">Quest\u00f5es contempor\u00e2neas: novos movimentos sociais de direita e a crise da esquerda no s\u00e9culo XXI<\/li>\n<\/ul>\n","protected":false},"excerpt":{"rendered":"<p>Coordenador 1:\u00a0 Prof. Dr. Wagner Tadeu Iglecias (EACH\/PROLAM-USP) Coordenador 2: Me. Ricardo Neves Streich (Hist\u00f3ria Social-USP) Coordenador 3: Prof. Me. Eliel Waldwogel Cardoso (Funda\u00e7\u00e3o Santo Andr\u00e9) Resumo: Octavio Paz dizia que \u201cA Am\u00e9rica \u00e9 menos uma tradi\u00e7\u00e3o a seguir que &hellip; <a href=\"https:\/\/sites.usp.br\/prolam\/en\/programacao\/seminarios-de-pesquisa\/seminario-2-pensamento-politico-e-social-na-america-latina\/\">Continue reading <span class=\"meta-nav\">&rarr;<\/span><\/a><\/p>\n","protected":false},"author":318,"featured_media":0,"parent":2428,"menu_order":0,"comment_status":"closed","ping_status":"closed","template":"","meta":{"footnotes":"","_links_to":"","_links_to_target":""},"class_list":["post-2556","page","type-page","status-publish","hentry"],"_links":{"self":[{"href":"https:\/\/sites.usp.br\/prolam\/en\/wp-json\/wp\/v2\/pages\/2556","targetHints":{"allow":["GET"]}}],"collection":[{"href":"https:\/\/sites.usp.br\/prolam\/en\/wp-json\/wp\/v2\/pages"}],"about":[{"href":"https:\/\/sites.usp.br\/prolam\/en\/wp-json\/wp\/v2\/types\/page"}],"author":[{"embeddable":true,"href":"https:\/\/sites.usp.br\/prolam\/en\/wp-json\/wp\/v2\/users\/318"}],"replies":[{"embeddable":true,"href":"https:\/\/sites.usp.br\/prolam\/en\/wp-json\/wp\/v2\/comments?post=2556"}],"version-history":[{"count":4,"href":"https:\/\/sites.usp.br\/prolam\/en\/wp-json\/wp\/v2\/pages\/2556\/revisions"}],"predecessor-version":[{"id":4401,"href":"https:\/\/sites.usp.br\/prolam\/en\/wp-json\/wp\/v2\/pages\/2556\/revisions\/4401"}],"up":[{"embeddable":true,"href":"https:\/\/sites.usp.br\/prolam\/en\/wp-json\/wp\/v2\/pages\/2428"}],"wp:attachment":[{"href":"https:\/\/sites.usp.br\/prolam\/en\/wp-json\/wp\/v2\/media?parent=2556"}],"curies":[{"name":"wp","href":"https:\/\/api.w.org\/{rel}","templated":true}]}}