{"id":2558,"date":"2018-09-14T12:00:23","date_gmt":"2018-09-14T15:00:23","guid":{"rendered":"http:\/\/sites.usp.br\/prolam\/?page_id=2558"},"modified":"2019-04-27T18:37:16","modified_gmt":"2019-04-27T21:37:16","slug":"seminario-3-afrolatinoamerica-e-caribe-racializacao-insurgencias-politicas-e-epistemicas","status":"publish","type":"page","link":"https:\/\/sites.usp.br\/prolam\/en\/programacao\/seminarios-de-pesquisa\/seminario-3-afrolatinoamerica-e-caribe-racializacao-insurgencias-politicas-e-epistemicas\/","title":{"rendered":"SEMIN\u00c1RIO 3: Afrolatinoamerica e Caribe: racializa\u00e7\u00e3o, insurg\u00eancias pol\u00edticas e epist\u00eamicas"},"content":{"rendered":"<p style=\"text-align: justify;\">Coordenador 1:\u00a0 Prof. Dr. Deivison Nkosi Mendes Faustino (Universidade Federal de S\u00e3o Paulo, UNIFESP)<br \/>\nCoordenadora 2: Profa. Dra. Fl\u00e1via Rios (Universidade Federal Fluminense)<\/p>\n<p style=\"text-align: justify;\"><strong>Resumo:<\/strong><\/p>\n<p style=\"text-align: justify;\">Este semin\u00e1rio pretende reunir trabalhos que\u00a0 discutam processos de racializa\u00e7\u00e3o, resist\u00eancias e insurg\u00eancias \u00e0 colonialidade na Am\u00e9rica Latina e no Caribe, especialmente aquelas pesquisas que sistematizem as insurg\u00eancias intelectuais Anti, P\u00f3s, ou De-coloniais, promovidas por pensadores e pensadoras afrodescendentes. Regi\u00e3o, nomeada por L\u00e9lia Gonzalez como Am\u00e9frica Ladina ou Afrolatinoamerica, dada a marcante presen\u00e7a de diversas matrizes culturais africanas e pela presen\u00e7a amer\u00edndia, essa regi\u00e3o continental \u00e9 marcada tanto pela racializa\u00e7\u00e3o como pela resist\u00eancia coletiva ao racismo. Dessas resist\u00eancias emergem as insurg\u00eancias intelectuais Anti, P\u00f3s, ou De-coloniais, entendidas aqui como as produ\u00e7\u00f5es\u00a0 \u00e9ticas, pol\u00edticas e art\u00edsticas das popula\u00e7\u00f5es afrodescendentes em seu trajeto hist\u00f3rico existencial de preserva\u00e7\u00e3o e ressignifica\u00e7\u00f5es de mem\u00f3rias e, sobretudo, de contraposi\u00e7\u00e3o \u00e0 reifica\u00e7\u00e3o colonial e neo-colonial. Este Semin\u00e1rio busca pensar o local e o global das produ\u00e7\u00f5es intelectuais ladino-amefricanas identificando, por um lado, os aspectos comuns \u00e0 produ\u00e7\u00e3o que v\u00e3o de Antenor Firmin, Aime Cesaire e Fanon \u00e0 Beatriz do Nascimento, L\u00e9lia Gonzalez e Cl\u00f3vis Moura; de Sylvia Wynter e Carlos Moore a Victoria Santa Cruz,\u00a0 Walter\u00a0 Rodney, Tereza Santos\u00a0 e Epsy Campbell, e por outro lado, as particularidades te\u00f3ricas, pol\u00edticas e epist\u00eamicas que os atravessam, de forma que se possa visualizar a diversidade impl\u00edcita ao campo intelectual.<\/p>\n<p style=\"text-align: justify;\"><strong>Subtemas do Semin\u00e1rio de Pesquisa<\/strong><\/p>\n<ul>\n<li style=\"text-align: justify;\">Processos de transi\u00e7\u00e3o da escravid\u00e3o \u00e0 liberdade: Cidadania negra ontem e hoje<\/li>\n<li style=\"text-align: justify;\">Pensadores e pensadoras afrodescendentes<\/li>\n<li style=\"text-align: justify;\">Teorias antirracistas, pensamentos insurgentes e resist\u00eancias culturais e pol\u00edticas<\/li>\n<li style=\"text-align: justify;\">Conex\u00f5es do Atl\u00e2ntico Afrolatinoamericano e caribenho: o local e global das culturas negras<\/li>\n<li style=\"text-align: justify;\">Movimentos sociais e feminismos negros<\/li>\n<li style=\"text-align: justify;\">Di\u00e1sporas e perspectivas comparadas na Afrolatinoamerica;<\/li>\n<li style=\"text-align: justify;\">Discrimina\u00e7\u00e3o racial e desigualdades<\/li>\n<\/ul>\n","protected":false},"excerpt":{"rendered":"<p>Coordenador 1:\u00a0 Prof. Dr. Deivison Nkosi Mendes Faustino (Universidade Federal de S\u00e3o Paulo, UNIFESP) Coordenadora 2: Profa. Dra. Fl\u00e1via Rios (Universidade Federal Fluminense) Resumo: Este semin\u00e1rio pretende reunir trabalhos que\u00a0 discutam processos de racializa\u00e7\u00e3o, resist\u00eancias e insurg\u00eancias \u00e0 colonialidade na &hellip; <a href=\"https:\/\/sites.usp.br\/prolam\/en\/programacao\/seminarios-de-pesquisa\/seminario-3-afrolatinoamerica-e-caribe-racializacao-insurgencias-politicas-e-epistemicas\/\">Continue reading <span class=\"meta-nav\">&rarr;<\/span><\/a><\/p>\n","protected":false},"author":318,"featured_media":0,"parent":2428,"menu_order":0,"comment_status":"closed","ping_status":"closed","template":"","meta":{"footnotes":"","_links_to":"","_links_to_target":""},"class_list":["post-2558","page","type-page","status-publish","hentry"],"_links":{"self":[{"href":"https:\/\/sites.usp.br\/prolam\/en\/wp-json\/wp\/v2\/pages\/2558","targetHints":{"allow":["GET"]}}],"collection":[{"href":"https:\/\/sites.usp.br\/prolam\/en\/wp-json\/wp\/v2\/pages"}],"about":[{"href":"https:\/\/sites.usp.br\/prolam\/en\/wp-json\/wp\/v2\/types\/page"}],"author":[{"embeddable":true,"href":"https:\/\/sites.usp.br\/prolam\/en\/wp-json\/wp\/v2\/users\/318"}],"replies":[{"embeddable":true,"href":"https:\/\/sites.usp.br\/prolam\/en\/wp-json\/wp\/v2\/comments?post=2558"}],"version-history":[{"count":4,"href":"https:\/\/sites.usp.br\/prolam\/en\/wp-json\/wp\/v2\/pages\/2558\/revisions"}],"predecessor-version":[{"id":4402,"href":"https:\/\/sites.usp.br\/prolam\/en\/wp-json\/wp\/v2\/pages\/2558\/revisions\/4402"}],"up":[{"embeddable":true,"href":"https:\/\/sites.usp.br\/prolam\/en\/wp-json\/wp\/v2\/pages\/2428"}],"wp:attachment":[{"href":"https:\/\/sites.usp.br\/prolam\/en\/wp-json\/wp\/v2\/media?parent=2558"}],"curies":[{"name":"wp","href":"https:\/\/api.w.org\/{rel}","templated":true}]}}