{"id":2560,"date":"2018-09-14T12:01:01","date_gmt":"2018-09-14T15:01:01","guid":{"rendered":"http:\/\/sites.usp.br\/prolam\/?page_id=2560"},"modified":"2019-04-27T18:37:50","modified_gmt":"2019-04-27T21:37:50","slug":"seminario-4-marxismo-em-movimento-interpretacoes-e-experiencias-de-resistencia-na-atual-conjuntura-latino-americana","status":"publish","type":"page","link":"https:\/\/sites.usp.br\/prolam\/en\/simposios-anteriores\/simposio2016\/seminarios-de-pesquisa\/seminario-4-marxismo-em-movimento-interpretacoes-e-experiencias-de-resistencia-na-atual-conjuntura-latino-americana\/","title":{"rendered":"SEMIN\u00c1RIO 4: Marxismo em movimento: interpreta\u00e7\u00f5es e experi\u00eancias de resist\u00eancia na atual conjuntura latino-americana"},"content":{"rendered":"<p>Coordenadora 1:\u00a0 Prof\u00aa Ms. Karina Fernandes (Prolam-USP \/ UNIVESP).<br \/>\nCoordenadora 2: Profa. Dr\u00aa. Isadora de Andrade Guerreiro (FAU \/ USP).<br \/>\nCoordenadora 3: Profa. Dra. Carolina de Roig Catini (FE \/ UNICAMP).<\/p>\n<p><strong>Resumo: <\/strong><\/p>\n<p>A conhecida crise da economia mundial de 2007 continua a impactar a conjuntura latino-americana nos dias atuais e deu margem a variadas interpreta\u00e7\u00f5es sobre suas causas e consequ\u00eancias. Tal conjuntura, politicamente, traz desafios para a classe trabalhadora na medida em que enfrenta o avan\u00e7o conservador nas formas ultraliberais ou nos diversos fascismos. Na perspectiva da teoria cr\u00edtica marxista, compreender a conjuntura pol\u00edtico-econ\u00f4mica atual possibilita desvendar as fra\u00e7\u00f5es da classe dominante envolvidas na determinada crise, bem como as possibilidades dessa burguesia reestruturar sua acumula\u00e7\u00e3o de capital. No que concerne \u00e0 luta prolet\u00e1ria e popular, esta an\u00e1lise concreta \u00e9 determinante para as decis\u00f5es t\u00e1ticas e estrat\u00e9gicas das organiza\u00e7\u00f5es revolucion\u00e1rias.<\/p>\n<p>Neste sentido, este Semin\u00e1rio se prop\u00f5e, a partir da\u00a0 teoria marxista, levantar elementos essenciais dos fen\u00f4menos concretos da conjuntura atual latino-americana,\u00a0 buscando tecer reflex\u00f5es (de diversas \u00e1reas) que colaborem para a especificidade da luta de classes que enfrentamos. Al\u00e9m disso, a segunda proposta deste semin\u00e1rio ser\u00e1 revelar experi\u00eancias de resist\u00eancia que busquem realizar o enfrentamento necess\u00e1rio \u00e0 nova reestrutura\u00e7\u00e3o da economia mundial.<\/p>\n<p>Subtemas:<\/p>\n<p>&#8211; Poss\u00edveis rela\u00e7\u00f5es da acumula\u00e7\u00e3o de capital da d\u00e9cada de 70 e a crise de 2007;<br \/>\n&#8211; Ascens\u00e3o conservadora mundial e sua rela\u00e7\u00e3o para a realidade latino-americana;<br \/>\n&#8211; Compreens\u00f5es marxistas sobre a crise pol\u00edtica-econ\u00f4mica atual;<br \/>\n&#8211; A Teoria da Depend\u00eancia como ferramenta de compreens\u00e3o da inser\u00e7\u00e3o latino-americana na divis\u00e3o internacional do trabalho;<br \/>\n&#8211; Experi\u00eancias de resist\u00eancia do sul global;<br \/>\n&#8211; Transfer\u00eancia de valor entre pa\u00edses centrais e perif\u00e9ricos;<br \/>\n&#8211; A financeiriza\u00e7\u00e3o da economia e suas consequ\u00eancias na Am\u00e9rica Latina;<br \/>\n&#8211; Movimentos Sociais e a nova ordem pol\u00edtica latino-americana;<br \/>\n&#8211; Reforma do Estado e luta por direitos.<\/p>\n","protected":false},"excerpt":{"rendered":"<p>Coordenadora 1:\u00a0 Prof\u00aa Ms. Karina Fernandes (Prolam-USP \/ UNIVESP). Coordenadora 2: Profa. Dr\u00aa. Isadora de Andrade Guerreiro (FAU \/ USP). Coordenadora 3: Profa. Dra. Carolina de Roig Catini (FE \/ UNICAMP). Resumo: A conhecida crise da economia mundial de 2007 &hellip; <a href=\"https:\/\/sites.usp.br\/prolam\/en\/simposios-anteriores\/simposio2016\/seminarios-de-pesquisa\/seminario-4-marxismo-em-movimento-interpretacoes-e-experiencias-de-resistencia-na-atual-conjuntura-latino-americana\/\">Continue reading <span class=\"meta-nav\">&rarr;<\/span><\/a><\/p>\n","protected":false},"author":318,"featured_media":0,"parent":257,"menu_order":0,"comment_status":"closed","ping_status":"closed","template":"","meta":{"footnotes":"","_links_to":"","_links_to_target":""},"class_list":["post-2560","page","type-page","status-publish","hentry"],"_links":{"self":[{"href":"https:\/\/sites.usp.br\/prolam\/en\/wp-json\/wp\/v2\/pages\/2560","targetHints":{"allow":["GET"]}}],"collection":[{"href":"https:\/\/sites.usp.br\/prolam\/en\/wp-json\/wp\/v2\/pages"}],"about":[{"href":"https:\/\/sites.usp.br\/prolam\/en\/wp-json\/wp\/v2\/types\/page"}],"author":[{"embeddable":true,"href":"https:\/\/sites.usp.br\/prolam\/en\/wp-json\/wp\/v2\/users\/318"}],"replies":[{"embeddable":true,"href":"https:\/\/sites.usp.br\/prolam\/en\/wp-json\/wp\/v2\/comments?post=2560"}],"version-history":[{"count":4,"href":"https:\/\/sites.usp.br\/prolam\/en\/wp-json\/wp\/v2\/pages\/2560\/revisions"}],"predecessor-version":[{"id":4403,"href":"https:\/\/sites.usp.br\/prolam\/en\/wp-json\/wp\/v2\/pages\/2560\/revisions\/4403"}],"up":[{"embeddable":true,"href":"https:\/\/sites.usp.br\/prolam\/en\/wp-json\/wp\/v2\/pages\/257"}],"wp:attachment":[{"href":"https:\/\/sites.usp.br\/prolam\/en\/wp-json\/wp\/v2\/media?parent=2560"}],"curies":[{"name":"wp","href":"https:\/\/api.w.org\/{rel}","templated":true}]}}