{"id":2566,"date":"2018-09-14T12:02:33","date_gmt":"2018-09-14T15:02:33","guid":{"rendered":"http:\/\/sites.usp.br\/prolam\/?page_id=2566"},"modified":"2019-04-27T18:40:46","modified_gmt":"2019-04-27T21:40:46","slug":"seminario-7-historia-das-relacoes-internacionais-na-america-latina","status":"publish","type":"page","link":"https:\/\/sites.usp.br\/prolam\/en\/programacao\/seminarios-de-pesquisa\/seminario-7-historia-das-relacoes-internacionais-na-america-latina\/","title":{"rendered":"SEMIN\u00c1RIO 7: Hist\u00f3ria das Rela\u00e7\u00f5es Internacionais na Am\u00e9rica Latina"},"content":{"rendered":"<p>Coordenador 1:\u00a0 Prof. Dr. Rodrigo Medina Zagni (UNIFESP)<br \/>\nCoordenador 2: Prof. Dr. Igor Fuser \u00a0(CECS\/UFABC)<\/p>\n<p><strong>Resumo:<\/strong><\/p>\n<p style=\"text-align: justify;\">O desenvolvimento hist\u00f3rico latino-americano envolve, dentre v\u00e1rios elementos, a partilha de destinos entre muitas de suas sociedades: o colonialismo europeu (na forma da domina\u00e7\u00e3o ib\u00e9rica, desdobrando-se os modelos lus\u00f3fono e espanhol); os processos emancipacionistas (as lutas independentistas no caso das rep\u00fablicas hispano-americanas e das reformas institucionais acordadas no caso primordialmente brasileiro); o caudilhismo e o coronelismo; a penetra\u00e7\u00e3o do capital estrangeiro e o ass\u00e9dio primeiro europeu, depois norte-americano; os deslocamentos populacionais e o denso fluxo migrat\u00f3rio europeu que aportou em v\u00e1rias de suas sociedades; os golpes e os regimes militares; a luta armada na resist\u00eancia contra as ditaduras de seguran\u00e7a nacional; o subdesenvolvimento e a depend\u00eancia; a redemocratiza\u00e7\u00e3o e a abertura pol\u00edtica; os experimentos neoliberais acordados no Consenso de Washington e o desmonte do Estado de bem-estar social no subcontinente. O desenvolvimento das rela\u00e7\u00f5es internacionais na Am\u00e9rica Latina, desde uma perspectiva pol\u00edtico-econ\u00f4mica, envolve o deslocamento estrutural de um paradigma desenvolvimentista para um campo de prof\u00edcua montagem de experimentos neoliberais, desde meados dos anos 1980, consolidando-se nos anos 1990 como corpo doutrin\u00e1rio pol\u00edtico e econ\u00f4mico, estendendo-se j\u00e1 sobre praticamente todo o subcontinente. A import\u00e2ncia crescente que vem tendo a regi\u00e3o entre acad\u00eamicos, pol\u00edticos e tomadores de decis\u00e3o, se deve ao peso que tem a Am\u00e9rica Latina nas pol\u00edticas de poder elaboradas no ambiente nuclear do sistema-mundial e nos termos da corrida concorrencial capitalista, ainda que protagonizada em parte por atores n\u00e3o-estatais, como empresas transnacionais, envolve em primazia a articula\u00e7\u00e3o complexa de pot\u00eancias como Estados Unidos, Uni\u00e3o Europeia e China, diretamente interessados na regi\u00e3o. A inser\u00e7\u00e3o latino-americana nas rela\u00e7\u00f5es internacionais contempor\u00e2neas envolve n\u00edveis distintos de intera\u00e7\u00e3o, desde as zonas de contato da diplomacia; dos interesses econ\u00f4micos, das economias nacionais \u00e0s megacorpora\u00e7\u00f5es; das trocas culturais; do interc\u00e2mbio acad\u00eamico; da coopera\u00e7\u00e3o t\u00e9cnico-cient\u00edfica; das pol\u00edticas de seguran\u00e7a regional e dos interesses que se movem a partir da sua consecu\u00e7\u00e3o no combate ao narcotr\u00e1fico, por exemplo. Seus vetores s\u00e3o elementos constitutivos de sua realidade, desde sua condi\u00e7\u00e3o geopol\u00edtica aos recursos humanos e materiais que concentra, dentre os quais recursos energ\u00e9ticos e h\u00eddricos, cidades densamente povoadas e complexamente urbanizadas, al\u00e9m de robustos mercados consumidores. Com este escopo, propomos o estudo da evolu\u00e7\u00e3o das rela\u00e7\u00f5es internacionais na regi\u00e3o desde a conclus\u00e3o de seu ciclo de independ\u00eancias, no s\u00e9c. XIX, at\u00e9 o tempo presente, quando se assiste a uma nova mudan\u00e7a no p\u00eandulo pol\u00edtico, apontando para o recrudescimento do autoritarismo pol\u00edtico e a ascens\u00e3o de for\u00e7as pol\u00edticas ultraconservadoras, identificadas declaradamente com a agenda neoliberal. Nossa busca \u00e9 por identificar as origens e a evolu\u00e7\u00e3o das tend\u00eancias hist\u00f3ricas que marcam o desenvolvimento das rela\u00e7\u00f5es internacionais latino-americanas, reunindo pesquisadores provenientes de distintas \u00e1reas do saber, como: Hist\u00f3ria, Geografia, Sociologia, Antropologia, Ci\u00eancia Pol\u00edtica, Economia, Direito, Rela\u00e7\u00f5es Internacionais etc., cuja produ\u00e7\u00e3o trate de temas relacionados \u00e0s Rela\u00e7\u00f5es Internacionais na Am\u00e9rica Latina.<\/p>\n<p style=\"text-align: justify;\"><strong>Subtemas do Semin\u00e1rio de Pesquisa\u00a0 <\/strong><\/p>\n<ul>\n<li style=\"text-align: justify;\">Ciclo de independ\u00eancias;<\/li>\n<li style=\"text-align: justify;\">A inser\u00e7\u00e3o da Am\u00e9rica Latina no sistema mundial;<\/li>\n<li style=\"text-align: justify;\">Deslocamentos populacionais, fluxos migrat\u00f3rios e di\u00e1spora;<\/li>\n<li style=\"text-align: justify;\">Ditaduras militares e resist\u00eancia;<\/li>\n<li style=\"text-align: justify;\">Subdesenvolvimento e depend\u00eancia;<\/li>\n<li style=\"text-align: justify;\">O Estado nacional-desenvolvimentista;<\/li>\n<li style=\"text-align: justify;\">Neoliberalismo e desmonte do Estado de bem-estar social;<\/li>\n<li style=\"text-align: justify;\">Seguran\u00e7a regional;<\/li>\n<li style=\"text-align: justify;\">Inser\u00e7\u00e3o geopol\u00edtica;<\/li>\n<li style=\"text-align: justify;\">Recursos energ\u00e9ticos e h\u00eddricos;<\/li>\n<li style=\"text-align: justify;\">Movimentos sociais;<\/li>\n<li style=\"text-align: justify;\">A disputa pela hegemonia regional;<\/li>\n<li style=\"text-align: justify;\">A Am\u00e9rica Latina dentre as for\u00e7as que concorrem pela hegemonia mundial.<\/li>\n<\/ul>\n<p><\/p>","protected":false},"excerpt":{"rendered":"<p>Coordenador 1:\u00a0 Prof. Dr. Rodrigo Medina Zagni (UNIFESP) Coordenador 2: Prof. Dr. Igor Fuser \u00a0(CECS\/UFABC) Resumo: O desenvolvimento hist\u00f3rico latino-americano envolve, dentre v\u00e1rios elementos, a partilha de destinos entre muitas de suas sociedades: o colonialismo europeu (na forma da domina\u00e7\u00e3o &hellip; <a href=\"https:\/\/sites.usp.br\/prolam\/en\/programacao\/seminarios-de-pesquisa\/seminario-7-historia-das-relacoes-internacionais-na-america-latina\/\">Continue reading <span class=\"meta-nav\">&rarr;<\/span><\/a><\/p>\n","protected":false},"author":318,"featured_media":0,"parent":2428,"menu_order":0,"comment_status":"closed","ping_status":"closed","template":"","meta":{"footnotes":"","_links_to":"","_links_to_target":""},"class_list":["post-2566","page","type-page","status-publish","hentry"],"_links":{"self":[{"href":"https:\/\/sites.usp.br\/prolam\/en\/wp-json\/wp\/v2\/pages\/2566","targetHints":{"allow":["GET"]}}],"collection":[{"href":"https:\/\/sites.usp.br\/prolam\/en\/wp-json\/wp\/v2\/pages"}],"about":[{"href":"https:\/\/sites.usp.br\/prolam\/en\/wp-json\/wp\/v2\/types\/page"}],"author":[{"embeddable":true,"href":"https:\/\/sites.usp.br\/prolam\/en\/wp-json\/wp\/v2\/users\/318"}],"replies":[{"embeddable":true,"href":"https:\/\/sites.usp.br\/prolam\/en\/wp-json\/wp\/v2\/comments?post=2566"}],"version-history":[{"count":4,"href":"https:\/\/sites.usp.br\/prolam\/en\/wp-json\/wp\/v2\/pages\/2566\/revisions"}],"predecessor-version":[{"id":4406,"href":"https:\/\/sites.usp.br\/prolam\/en\/wp-json\/wp\/v2\/pages\/2566\/revisions\/4406"}],"up":[{"embeddable":true,"href":"https:\/\/sites.usp.br\/prolam\/en\/wp-json\/wp\/v2\/pages\/2428"}],"wp:attachment":[{"href":"https:\/\/sites.usp.br\/prolam\/en\/wp-json\/wp\/v2\/media?parent=2566"}],"curies":[{"name":"wp","href":"https:\/\/api.w.org\/{rel}","templated":true}]}}