{"id":2568,"date":"2018-09-14T12:02:58","date_gmt":"2018-09-14T15:02:58","guid":{"rendered":"http:\/\/sites.usp.br\/prolam\/?page_id=2568"},"modified":"2019-04-27T18:42:36","modified_gmt":"2019-04-27T21:42:36","slug":"seminario-9-psicologia-sociedade-e-educacao-na-america-latina","status":"publish","type":"page","link":"https:\/\/sites.usp.br\/prolam\/en\/programacao\/seminarios-de-pesquisa\/seminario-9-psicologia-sociedade-e-educacao-na-america-latina\/","title":{"rendered":"SEMIN\u00c1RIO 9: Psicologia, Sociedade e Educa\u00e7\u00e3o na Am\u00e9rica Latina"},"content":{"rendered":"<p><\/p>\n<p style=\"text-align: justify;\">Coordenadora 1:\u00a0 Profa Dra. Marilene Proen\u00e7a Rebello de Sousa (IP\/PROLAM-USP)<br \/>\nCoordenador 2: Prof. Dr. Guillermo Arias Beat\u00f3n (Presidente da C\u00e1tedra L.S. Vygotski da Faculdade de Psicolog\u00eda da Universidade de Havana)<br \/>\nCoordenadora 3: Profa. Dra. Mitsuko Antunes (Departamento de Fundamentos da Educa\u00e7\u00e3o \/ PUC-SP)<\/p>\n<p style=\"text-align: justify;\"><strong>Resumo:<\/strong><\/p>\n<p style=\"text-align: justify;\">Este Semin\u00e1rio de Pesquisa \u201cPsicologia, Sociedade e Educa\u00e7\u00e3o na Am\u00e9rica Latina\u201d tem por objetivo constituir um espa\u00e7o acad\u00eamico de apresenta\u00e7\u00e3o e de debate de projetos de investiga\u00e7\u00e3o em n\u00edveis de Mestrado, Doutorado e P\u00f3s-Doutorado bem como de pesquisadores que estudem temas ligados \u00e0s pol\u00edticas p\u00fablicas educacionais na e para Am\u00e9rica Latina e que articulem aspectos presentes nos campos da Psicologia, da Sociologia, da Economia e da Educa\u00e7\u00e3o, de maneira interdisciplinar.<\/p>\n<p><strong>Subtemas do Semin\u00e1rio de Pesquisa:<\/strong><\/p>\n<ul>\n<li style=\"text-align: justify;\">Conjuntura econ\u00f4mica na Am\u00e9rica Latina para a Educa\u00e7\u00e3o B\u00e1sica;<\/li>\n<li style=\"text-align: justify;\">Marcos regulat\u00f3rios educacionais que regem\u00a0 pol\u00edticas educacionais da Educa\u00e7\u00e3o B\u00e1sica, principalmente nas s\u00e9ries iniciais e na pr\u00e1tica docente nos pa\u00edses latino-americanos;<\/li>\n<li style=\"text-align: justify;\">Concep\u00e7\u00f5es de aprendizagem e de desenvolvimento humano presentes em documentos para Educa\u00e7\u00e3o B\u00e1sica na Am\u00e9rica Latina;<\/li>\n<li style=\"text-align: justify;\">Implica\u00e7\u00f5es de movimentos sociais e de governos populares nas pol\u00edticas educacionais latino-americanas;<\/li>\n<li style=\"text-align: justify;\">Pol\u00edticas de melhoria das condi\u00e7\u00f5es de renda e suas implica\u00e7\u00f5es para a escolariza\u00e7\u00e3o;<\/li>\n<li style=\"text-align: justify;\">Movimentos de cr\u00edtica aos modelos neoliberais no \u00e2mbito das pol\u00edticas educacionais latino-americanas, dentre outros.<\/li>\n<\/ul>\n<p><\/p>","protected":false},"excerpt":{"rendered":"<p>Coordenadora 1:\u00a0 Profa Dra. Marilene Proen\u00e7a Rebello de Sousa (IP\/PROLAM-USP) Coordenador 2: Prof. Dr. Guillermo Arias Beat\u00f3n (Presidente da C\u00e1tedra L.S. Vygotski da Faculdade de Psicolog\u00eda da Universidade de Havana) Coordenadora 3: Profa. Dra. Mitsuko Antunes (Departamento de Fundamentos da &hellip; <a href=\"https:\/\/sites.usp.br\/prolam\/en\/programacao\/seminarios-de-pesquisa\/seminario-9-psicologia-sociedade-e-educacao-na-america-latina\/\">Continue reading <span class=\"meta-nav\">&rarr;<\/span><\/a><\/p>\n","protected":false},"author":318,"featured_media":0,"parent":2428,"menu_order":0,"comment_status":"closed","ping_status":"closed","template":"","meta":{"footnotes":"","_links_to":"","_links_to_target":""},"class_list":["post-2568","page","type-page","status-publish","hentry"],"_links":{"self":[{"href":"https:\/\/sites.usp.br\/prolam\/en\/wp-json\/wp\/v2\/pages\/2568","targetHints":{"allow":["GET"]}}],"collection":[{"href":"https:\/\/sites.usp.br\/prolam\/en\/wp-json\/wp\/v2\/pages"}],"about":[{"href":"https:\/\/sites.usp.br\/prolam\/en\/wp-json\/wp\/v2\/types\/page"}],"author":[{"embeddable":true,"href":"https:\/\/sites.usp.br\/prolam\/en\/wp-json\/wp\/v2\/users\/318"}],"replies":[{"embeddable":true,"href":"https:\/\/sites.usp.br\/prolam\/en\/wp-json\/wp\/v2\/comments?post=2568"}],"version-history":[{"count":4,"href":"https:\/\/sites.usp.br\/prolam\/en\/wp-json\/wp\/v2\/pages\/2568\/revisions"}],"predecessor-version":[{"id":4408,"href":"https:\/\/sites.usp.br\/prolam\/en\/wp-json\/wp\/v2\/pages\/2568\/revisions\/4408"}],"up":[{"embeddable":true,"href":"https:\/\/sites.usp.br\/prolam\/en\/wp-json\/wp\/v2\/pages\/2428"}],"wp:attachment":[{"href":"https:\/\/sites.usp.br\/prolam\/en\/wp-json\/wp\/v2\/media?parent=2568"}],"curies":[{"name":"wp","href":"https:\/\/api.w.org\/{rel}","templated":true}]}}