{"id":2570,"date":"2018-09-14T12:03:28","date_gmt":"2018-09-14T15:03:28","guid":{"rendered":"http:\/\/sites.usp.br\/prolam\/?page_id=2570"},"modified":"2019-04-27T18:43:03","modified_gmt":"2019-04-27T21:43:03","slug":"seminario-10-repensando-america-latina-atraves-da-otica-dos-deslocamentos-despossessao-e-violencias","status":"publish","type":"page","link":"https:\/\/sites.usp.br\/prolam\/en\/programacao\/seminarios-de-pesquisa\/seminario-10-repensando-america-latina-atraves-da-otica-dos-deslocamentos-despossessao-e-violencias\/","title":{"rendered":"SEMIN\u00c1RIO 10: Repensando a Am\u00e9rica Latina atrav\u00e9s da \u00f3tica dos deslocamentos, despossess\u00e3o e viol\u00eancias"},"content":{"rendered":"<p>Coordenadorxs:<br \/>\nProfa. Dra.\u00a0 Bela Feldman-Bianco (IFCH-UNICAMP)<br \/>\nProfa\u00a0 Dra. Lucilene Cury (PROLAM\/ECA-USP)<br \/>\nProf. Dr. Paulo Daniel Elias Farah (FFLCH\/USP)<\/p>\n<p><strong>Resumo:<\/strong><\/p>\n<p style=\"text-align: justify;\">Vivemos em um mundo globalizado caracterizado por intensos deslocamentos sociais, expuls\u00f5es, brutalidade e precariza\u00e7\u00e3o da vida humana. Diante desse cen\u00e1rio marcado por um capitalismo corporativo destrutivo, tais deslocamentos refletem o surgimento de uma nova l\u00f3gica produtora de desigualdades e contingentes despossu\u00eddos. Simultaneamente \u00e0 difus\u00e3o de ideologias e ret\u00f3ricas multiculturalistas ancoradas em \u201cdireitos humanos\u201d e no multiculturalismo, predominam categorias sociais e pol\u00edticas de governan\u00e7a tecnocrata de securitiza\u00e7\u00e3o, militariza\u00e7\u00e3o, criminaliza\u00e7\u00e3o e desumaniza\u00e7\u00e3o da pobreza. Assim, migrantes transnacionais, refugiados e requerentes de ref\u00fagio passaram a ocupar um lugar de destaque nas agendas dos governos nacionais e das ag\u00eancias multilaterais. Ao mesmo tempo, os deslocamentos internos s\u00e3o resultado da elimina\u00e7\u00e3o de territ\u00f3rios ou de pessoas consideradas \u00e0 margem do Estado. Diante dessa perspectiva, visamos repensar a Am\u00e9rica Latina atrav\u00e9s da \u00f3tica dos deslocamentos, quer seja considerando as migra\u00e7\u00f5es transnacionais, migra\u00e7\u00f5es internas, ref\u00fagio pol\u00edtico ou ambiental, tr\u00e1fico de seres humanos, remo\u00e7\u00e3o ou elimina\u00e7\u00e3o de popula\u00e7\u00f5es e territ\u00f3rios devido a interesses imobili\u00e1rios e grandes projetos de desenvolvimento, ou ainda, assassinatos, pris\u00f5es e militariza\u00e7\u00e3o nas periferias. A ideia \u00e9 entender como, atrav\u00e9s de diferentes espacialidades, temporalidades e interseccionalidades de ra\u00e7a, g\u00eanero, classe e gera\u00e7\u00f5es, essas mobilidades e imobilidades est\u00e3o relacionadas com a produ\u00e7\u00e3o de domina\u00e7\u00e3o, despossess\u00e3o e viol\u00eancia na vida cotidiana, no presente ou no passado, como parte dos mesmos processos sociais. Com esse prop\u00f3sito, procuramos reunir apresenta\u00e7\u00f5es que examinem tanto as estruturas de domina\u00e7\u00e3o, quanto os processos de subjetiva\u00e7\u00e3o, as resist\u00eancias cotidianas e os movimentos sociais de diferentes protagonistas contra essas v\u00e1rias formas de viol\u00eancia e domina\u00e7\u00e3o, sejam contra ind\u00edgenas, afrodescendentes, imigrantes, refugiados, moradores de rua e das periferias ou ainda, contra outras pessoas deslocadas. Destacam-se no tempo presente, os movimentos migrat\u00f3rios na Am\u00e9rica Latina, especialmente os dos haitianos, venezuelanos, nicaraguenses, bem como os demais deslocamentos generalizados da Am\u00e9rica Central, atrav\u00e9s do territ\u00f3rio mexicano para os Estados Unidos da Am\u00e9rica, tamb\u00e9m conhecido como o \u201csonho americano\u201d. Grupos de \u00e1rabes, palestinos e de europeus em geral, fazem parte dos trabalhos a serem apresentados nesta Mesa.<\/p>\n<p style=\"text-align: justify;\"><strong>Subtemas do Semin\u00e1rio de Pesquisa<\/strong><\/p>\n<ul>\n<li style=\"text-align: justify;\">Migra\u00e7\u00f5es e Deslocamentos<\/li>\n<li style=\"text-align: justify;\">Despossess\u00e3o e Viol\u00eancias<\/li>\n<li style=\"text-align: justify;\">Movimentos sociais<\/li>\n<\/ul>\n","protected":false},"excerpt":{"rendered":"<p>Coordenadorxs: Profa. Dra.\u00a0 Bela Feldman-Bianco (IFCH-UNICAMP) Profa\u00a0 Dra. Lucilene Cury (PROLAM\/ECA-USP) Prof. Dr. Paulo Daniel Elias Farah (FFLCH\/USP) Resumo: Vivemos em um mundo globalizado caracterizado por intensos deslocamentos sociais, expuls\u00f5es, brutalidade e precariza\u00e7\u00e3o da vida humana. Diante desse cen\u00e1rio marcado &hellip; <a href=\"https:\/\/sites.usp.br\/prolam\/en\/programacao\/seminarios-de-pesquisa\/seminario-10-repensando-america-latina-atraves-da-otica-dos-deslocamentos-despossessao-e-violencias\/\">Continue reading <span class=\"meta-nav\">&rarr;<\/span><\/a><\/p>\n","protected":false},"author":318,"featured_media":0,"parent":2428,"menu_order":0,"comment_status":"closed","ping_status":"closed","template":"","meta":{"footnotes":"","_links_to":"","_links_to_target":""},"class_list":["post-2570","page","type-page","status-publish","hentry"],"_links":{"self":[{"href":"https:\/\/sites.usp.br\/prolam\/en\/wp-json\/wp\/v2\/pages\/2570","targetHints":{"allow":["GET"]}}],"collection":[{"href":"https:\/\/sites.usp.br\/prolam\/en\/wp-json\/wp\/v2\/pages"}],"about":[{"href":"https:\/\/sites.usp.br\/prolam\/en\/wp-json\/wp\/v2\/types\/page"}],"author":[{"embeddable":true,"href":"https:\/\/sites.usp.br\/prolam\/en\/wp-json\/wp\/v2\/users\/318"}],"replies":[{"embeddable":true,"href":"https:\/\/sites.usp.br\/prolam\/en\/wp-json\/wp\/v2\/comments?post=2570"}],"version-history":[{"count":4,"href":"https:\/\/sites.usp.br\/prolam\/en\/wp-json\/wp\/v2\/pages\/2570\/revisions"}],"predecessor-version":[{"id":4409,"href":"https:\/\/sites.usp.br\/prolam\/en\/wp-json\/wp\/v2\/pages\/2570\/revisions\/4409"}],"up":[{"embeddable":true,"href":"https:\/\/sites.usp.br\/prolam\/en\/wp-json\/wp\/v2\/pages\/2428"}],"wp:attachment":[{"href":"https:\/\/sites.usp.br\/prolam\/en\/wp-json\/wp\/v2\/media?parent=2570"}],"curies":[{"name":"wp","href":"https:\/\/api.w.org\/{rel}","templated":true}]}}