{"id":2572,"date":"2018-09-14T12:03:59","date_gmt":"2018-09-14T15:03:59","guid":{"rendered":"http:\/\/sites.usp.br\/prolam\/?page_id=2572"},"modified":"2019-04-27T18:43:48","modified_gmt":"2019-04-27T21:43:48","slug":"seminario-11-avancos-e-retrocessos-na-america-latina-democracias-ditaduras-e-direitos-humanos","status":"publish","type":"page","link":"https:\/\/sites.usp.br\/prolam\/en\/programacao\/seminarios-de-pesquisa\/seminario-11-avancos-e-retrocessos-na-america-latina-democracias-ditaduras-e-direitos-humanos\/","title":{"rendered":"SEMIN\u00c1RIO 11: Avan\u00e7os e retrocessos na Am\u00e9rica Latina: Democracias, Ditaduras e Direitos Humanos\u00a0"},"content":{"rendered":"<p>Coordenador 1:\u00a0 Prof. Dr. Luiz Antonio Dias (PUCSP \/ UNISA)<br \/>\nCoordenador 2: Prof. Dr. Rafael Lopes de Sousa (UNISA)<br \/>\nCoordenador 3 (debatedor): Prof. Dr. Claudinei\u00a0 C\u00e1ssio de Rezende (PUCSP)<\/p>\n<p><strong>Resumo:<\/strong><\/p>\n<p style=\"text-align: justify;\">A abertura de arquivos secretos \u2013 no Brasil e demais pa\u00edses latino-americanos, bem como dos arquivos do Departamento de Estado norte-americano e da CIA (que explicitou opera\u00e7\u00f5es conjuntas como, por exemplo, a Opera\u00e7\u00e3o Condor) \u2013 possibilitou a revis\u00e3o de an\u00e1lises de estudos consagrados nos diversos segmentos das ci\u00eancias humanas no Brasil e em outros pa\u00edses da Am\u00e9rica Latina. Da\u00ed resultou uma integra\u00e7\u00e3o entre as pesquisas relacionadas aos Golpes, \u00e0s Ditaduras, aos Modelos de Redemocratiza\u00e7\u00e3o e aos Direitos Humanos. O semin\u00e1rio em tela\u00a0 tem, pois, o objetivo de promover o debate e a an\u00e1lise cr\u00edtica sobre os Golpes Civis-militares que dominaram a paisagem de muitos pa\u00edses da Am\u00e9rica Latina na segunda metade do s\u00e9culo XX. Busca tamb\u00e9m refletir sobre as novas modalidades de interven\u00e7\u00e3o na estrutura pol\u00edtica da Am\u00e9rica Latina principalmente nos pa\u00edses de Honduras (2009), Paraguai (2012) e Brasil (2016). Prop\u00f5e finalmente um di\u00e1logo com as v\u00e1rias perspectivas historiogr\u00e1ficas acerca dos golpes do s\u00e9culo XX e o \u201cneogolpismo\u201d do s\u00e9culo XXI\u00a0 promovendo, assim, uma problematiza\u00e7\u00e3o dos caminhos das ditaduras na Am\u00e9rica Latina no que que tange as\u00a0 suas causas e consequ\u00eancias<\/p>\n<p style=\"text-align: justify;\"><strong>Subtemas do Semin\u00e1rio de Pesquisa<\/strong><\/p>\n<ul>\n<li style=\"list-style-type: none;\">\n<ul>\n<li style=\"text-align: justify;\">Golpe<\/li>\n<\/ul>\n<\/li>\n<\/ul>\n<ul>\n<li style=\"list-style-type: none;\">\n<ul>\n<li style=\"text-align: justify;\">Ditaduras<\/li>\n<\/ul>\n<\/li>\n<\/ul>\n<ul>\n<li style=\"list-style-type: none;\">\n<ul>\n<li style=\"text-align: justify;\">Redemocratiza\u00e7\u00f5es<\/li>\n<\/ul>\n<\/li>\n<\/ul>\n<ul>\n<li style=\"list-style-type: none;\">\n<ul>\n<li style=\"text-align: justify;\">Meios de Comunica\u00e7\u00e3o<\/li>\n<\/ul>\n<\/li>\n<\/ul>\n<ul>\n<li style=\"list-style-type: none;\">\n<ul>\n<li style=\"text-align: justify;\">Direitos Humanos nas Democracias<\/li>\n<\/ul>\n<\/li>\n<\/ul>\n<ul>\n<li style=\"list-style-type: none;\">\n<ul>\n<li style=\"text-align: justify;\">\u201cNeogolpismo\u201d<\/li>\n<\/ul>\n<\/li>\n<\/ul>\n<ul>\n<li style=\"text-align: justify;\">Intoler\u00e2ncias na Contemporaneidade<\/li>\n<\/ul>\n<p><\/p>","protected":false},"excerpt":{"rendered":"<p>Coordenador 1:\u00a0 Prof. Dr. Luiz Antonio Dias (PUCSP \/ UNISA) Coordenador 2: Prof. Dr. Rafael Lopes de Sousa (UNISA) Coordenador 3 (debatedor): Prof. Dr. Claudinei\u00a0 C\u00e1ssio de Rezende (PUCSP) Resumo: A abertura de arquivos secretos \u2013 no Brasil e demais &hellip; <a href=\"https:\/\/sites.usp.br\/prolam\/en\/programacao\/seminarios-de-pesquisa\/seminario-11-avancos-e-retrocessos-na-america-latina-democracias-ditaduras-e-direitos-humanos\/\">Continue reading <span class=\"meta-nav\">&rarr;<\/span><\/a><\/p>\n","protected":false},"author":318,"featured_media":0,"parent":2428,"menu_order":0,"comment_status":"closed","ping_status":"closed","template":"","meta":{"footnotes":"","_links_to":"","_links_to_target":""},"class_list":["post-2572","page","type-page","status-publish","hentry"],"_links":{"self":[{"href":"https:\/\/sites.usp.br\/prolam\/en\/wp-json\/wp\/v2\/pages\/2572","targetHints":{"allow":["GET"]}}],"collection":[{"href":"https:\/\/sites.usp.br\/prolam\/en\/wp-json\/wp\/v2\/pages"}],"about":[{"href":"https:\/\/sites.usp.br\/prolam\/en\/wp-json\/wp\/v2\/types\/page"}],"author":[{"embeddable":true,"href":"https:\/\/sites.usp.br\/prolam\/en\/wp-json\/wp\/v2\/users\/318"}],"replies":[{"embeddable":true,"href":"https:\/\/sites.usp.br\/prolam\/en\/wp-json\/wp\/v2\/comments?post=2572"}],"version-history":[{"count":4,"href":"https:\/\/sites.usp.br\/prolam\/en\/wp-json\/wp\/v2\/pages\/2572\/revisions"}],"predecessor-version":[{"id":4410,"href":"https:\/\/sites.usp.br\/prolam\/en\/wp-json\/wp\/v2\/pages\/2572\/revisions\/4410"}],"up":[{"embeddable":true,"href":"https:\/\/sites.usp.br\/prolam\/en\/wp-json\/wp\/v2\/pages\/2428"}],"wp:attachment":[{"href":"https:\/\/sites.usp.br\/prolam\/en\/wp-json\/wp\/v2\/media?parent=2572"}],"curies":[{"name":"wp","href":"https:\/\/api.w.org\/{rel}","templated":true}]}}