{"id":2581,"date":"2018-09-14T12:06:51","date_gmt":"2018-09-14T15:06:51","guid":{"rendered":"http:\/\/sites.usp.br\/prolam\/?page_id=2581"},"modified":"2019-04-27T18:45:44","modified_gmt":"2019-04-27T21:45:44","slug":"seminario-15-habitat-cidadania-e-participacao-em-america-latina","status":"publish","type":"page","link":"https:\/\/sites.usp.br\/prolam\/en\/programacao\/seminarios-de-pesquisa\/seminario-15-habitat-cidadania-e-participacao-em-america-latina\/","title":{"rendered":"SEMIN\u00c1RIO 15: Habitat, cidadania e participa\u00e7\u00e3o em Am\u00e9rica Latina"},"content":{"rendered":"<p><\/p>\n<p style=\"text-align: justify;\">Coordenador@s:<br \/>\nProfa. Dra. Sylvia Adriana Dobry (Labparq\/FAU &#8211; USP)<br \/>\nProfa. Dra. Mar\u00eda de Lourdes Garc\u00eda V\u00e1zquez (Laboratorio H\u00e1bitat Social: participaci\u00f3n y g\u00e9nero &#8211; LAHAS; Facultad de Arquitectura &#8211; UNAM)<br \/>\nProf. Dr. Caio Boucinhas ( FAU-Anhanguera)<br \/>\nProfa. Dra. Maria Am\u00e9lia d. F. D\u2019Azevedo Leite. (FIAM-FAAM Centro Universit\u00e1rio)<\/p>\n<p>Debatedor@s:<br \/>\nProf. Dr. <b>Marcos Virg\u00edlio da Silva &#8211; Mestrado Profissional em Arquitetura, Urbanismo e<br \/>\nDesign do Centro Universit\u00e1rio Belas Artes de S\u00e3o Paulo.<br \/>\n<\/b>Profa. Dra. Ana Claudia Castilho Barone &#8211; FAU\/USP.<br \/>\nProfa. Dra. Andreia Moassab (Curso de Arquitetura e Urbanismo e\u00a0 Programa de p\u00f3s-gradua\u00e7\u00e3o em Pol\u00edticas P\u00fablicas e Desenvolvimento da Universidade Federal da Integra\u00e7\u00e3o Latino-Americana (UNILA\/Brasil).<\/p>\n<p style=\"text-align: justify;\"><strong>Resumo\u00a0:<\/strong><\/p>\n<p style=\"text-align: justify;\">Neste Semin\u00e1rio de Pesquisa, contido no \u201cIII Simp\u00f3sio Internacional Pensar e Repensar a Am\u00e9rica Latina\u201d e \u201cI Congresso Internacional Pensamento e Pesquisa sobre a Am\u00e9rica Latina\u201d, pretende-se aportar novos conte\u00fados \u00e0 an\u00e1lise dos m\u00faltiplos problemas que se apresentam em rela\u00e7\u00e3o ao habitat humano no contexto latino americano, entendido em um sentido amplo, incorporando o acesso \u00e0 moradia e \u00e0 cidade, a articula\u00e7\u00e3o dos espa\u00e7os p\u00fablicos, semi &#8211; p\u00fablicos e privados, e, estabelecendo-se uma rela\u00e7\u00e3o cognitiva com os lugares de vida que estruturam o sentido de pertencimento e identifica\u00e7\u00e3o, possibilitando sua apreens\u00e3o. Esta ideia de h\u00e1bitat ampliado se configura como um processo que contribui para a exist\u00eancia de uma vida coletiva e possibilita a constru\u00e7\u00e3o de uma identidade comunit\u00e1ria e cidad\u00e3, objetivando incentivar experi\u00eancias e pr\u00e1ticas para a constru\u00e7\u00e3o \u00a0de uma cidade mais justa e humana. S\u00e3o incentivados enfoques te\u00f3ricos e relatos de experi\u00eancias, bem como prospec\u00e7\u00f5es, que explorem as interfaces sociais, econ\u00f4micas, ambientais, tecnol\u00f3gicas e culturais da constru\u00e7\u00e3o contempor\u00e2nea das cidades latinoamericanas, com o prop\u00f3sito de se identificarem tend\u00eancias que permitam di\u00e1logos construtivos.<\/p>\n<p style=\"text-align: justify;\">Particular interesse \u00e9 dado \u00e0 verifica\u00e7\u00e3o de procedimentos de gest\u00e3o urbana voltados \u00e0 consolida\u00e7\u00e3o da participa\u00e7\u00e3o popular como item indissoci\u00e1vel na pr\u00e1tica do planejamento urbano-paisagistico e territorial, e os decorrentes formatos legais adotados para consolida\u00e7\u00e3o social dos mesmos.<\/p>\n<p style=\"text-align: justify;\">Como um desafio intr\u00ednseco, abre-se espa\u00e7o para a discuss\u00e3o da arte urbana em suas diversas formas de express\u00e3o como um mecanismo prov\u00e1vel de constru\u00e7\u00e3o de uma pr\u00e1xis coletiva de participa\u00e7\u00e3o popular no planejamento das cidades.<\/p>\n<p style=\"text-align: justify;\">Nesta problem\u00e1tica, destaca-se a import\u00e2ncia da Arquitetura e do Urbanismo em suas m\u00faltiplas sub\u00e1reas de conhecimento, e das rela\u00e7\u00f5es entre os diferentes campos disciplinares, multidisciplinares, interdisciplinares e\/ou transdisciplinares, buscando a supera\u00e7\u00e3o de desenvolvimentos te\u00f3ricos estanques. O Semin\u00e1rio de Pesquisa \u201cHabitat, cidadania e participa\u00e7\u00e3o na Am\u00e9rica Latina\u201d almeja contribuir, assim, com a produ\u00e7\u00e3o de conhecimentos relevantes para atender os problemas afetos a esta tem\u00e1tica e ao estabelecimento de uma rela\u00e7\u00e3o dial\u00f3gica entre as diversas regi\u00f5es.<\/p>\n<p style=\"text-align: justify;\"><strong>Subtemas do Semin\u00e1rio de Pesquisa<\/strong><\/p>\n<ul>\n<li style=\"text-align: justify;\">Habitat, cidadania e participa\u00e7\u00e3o na constru\u00e7\u00e3o da paisagem urbana e dos espa\u00e7os p\u00fablicos de conviv\u00eancia e da vida coletiva.<\/li>\n<li style=\"text-align: justify;\">Reflex\u00e3o e exemplos de constru\u00e7\u00e3o de metodologias e pr\u00e1ticas de elabora\u00e7\u00e3o de projetos de interven\u00e7\u00e3o nos espa\u00e7os da comunidade, nas suas mais variadas dimens\u00f5es.<\/li>\n<li style=\"text-align: justify;\">Pol\u00edticas P\u00fablicas em \u00e1reas urbanas de Prote\u00e7\u00e3o Ambiental.<\/li>\n<li style=\"text-align: justify;\">Habitat: inter-rela\u00e7\u00f5es entre as realidades urbana e rural.<\/li>\n<li style=\"text-align: justify;\">Cidade e Habitat: as experi\u00eancias e pr\u00e1ticas para a constru\u00e7\u00e3o de uma cidade mais justa e humana.<\/li>\n<li style=\"text-align: justify;\">Quest\u00f5es relativas ao habitat e \u00e0s rela\u00e7\u00f5es inter- \u00e9tnicas e de g\u00eanero.<\/li>\n<li style=\"text-align: justify;\">Patrim\u00f4nio Cultural e Habitat: pr\u00e1ticas de recupera\u00e7\u00e3o social e cidad\u00e3 dos espa\u00e7os da mem\u00f3ria;<\/li>\n<li>Gest\u00e3o Publica e Desenvolvimento urbano territorial.<\/li>\n<\/ul>\n<p><\/p>","protected":false},"excerpt":{"rendered":"<p>Coordenador@s: Profa. Dra. Sylvia Adriana Dobry (Labparq\/FAU &#8211; USP) Profa. Dra. Mar\u00eda de Lourdes Garc\u00eda V\u00e1zquez (Laboratorio H\u00e1bitat Social: participaci\u00f3n y g\u00e9nero &#8211; LAHAS; Facultad de Arquitectura &#8211; UNAM) Prof. Dr. Caio Boucinhas ( FAU-Anhanguera) Profa. Dra. Maria Am\u00e9lia d. &hellip; <a href=\"https:\/\/sites.usp.br\/prolam\/en\/programacao\/seminarios-de-pesquisa\/seminario-15-habitat-cidadania-e-participacao-em-america-latina\/\">Continue reading <span class=\"meta-nav\">&rarr;<\/span><\/a><\/p>\n","protected":false},"author":318,"featured_media":0,"parent":2428,"menu_order":0,"comment_status":"closed","ping_status":"closed","template":"","meta":{"footnotes":"","_links_to":"","_links_to_target":""},"class_list":["post-2581","page","type-page","status-publish","hentry"],"_links":{"self":[{"href":"https:\/\/sites.usp.br\/prolam\/en\/wp-json\/wp\/v2\/pages\/2581","targetHints":{"allow":["GET"]}}],"collection":[{"href":"https:\/\/sites.usp.br\/prolam\/en\/wp-json\/wp\/v2\/pages"}],"about":[{"href":"https:\/\/sites.usp.br\/prolam\/en\/wp-json\/wp\/v2\/types\/page"}],"author":[{"embeddable":true,"href":"https:\/\/sites.usp.br\/prolam\/en\/wp-json\/wp\/v2\/users\/318"}],"replies":[{"embeddable":true,"href":"https:\/\/sites.usp.br\/prolam\/en\/wp-json\/wp\/v2\/comments?post=2581"}],"version-history":[{"count":4,"href":"https:\/\/sites.usp.br\/prolam\/en\/wp-json\/wp\/v2\/pages\/2581\/revisions"}],"predecessor-version":[{"id":4414,"href":"https:\/\/sites.usp.br\/prolam\/en\/wp-json\/wp\/v2\/pages\/2581\/revisions\/4414"}],"up":[{"embeddable":true,"href":"https:\/\/sites.usp.br\/prolam\/en\/wp-json\/wp\/v2\/pages\/2428"}],"wp:attachment":[{"href":"https:\/\/sites.usp.br\/prolam\/en\/wp-json\/wp\/v2\/media?parent=2581"}],"curies":[{"name":"wp","href":"https:\/\/api.w.org\/{rel}","templated":true}]}}