{"id":2585,"date":"2018-09-14T12:07:37","date_gmt":"2018-09-14T15:07:37","guid":{"rendered":"http:\/\/sites.usp.br\/prolam\/?page_id=2585"},"modified":"2019-04-27T18:46:38","modified_gmt":"2019-04-27T21:46:38","slug":"seminario-17-historia-literatura-e-sociedade-na-america-latina","status":"publish","type":"page","link":"https:\/\/sites.usp.br\/prolam\/en\/programacao\/seminarios-de-pesquisa\/seminario-17-historia-literatura-e-sociedade-na-america-latina\/","title":{"rendered":"SEMIN\u00c1RIO 17: Hist\u00f3ria, literatura e sociedade na Am\u00e9rica Latina"},"content":{"rendered":"<p>Coordenador 1:\u00a0 Prof. Dr. Horacio Guti\u00e9rrez (Hist\u00f3ria-USP)<br \/>\nCoordenadora 2: Profa. Dra. Laura Janina Hosiasson (Letras Modernas-USP)<br \/>\nCoordenadora 3: Profa. Dra. Joana de F\u00e1tima Rodrigues (Unifesp)<\/p>\n<p><strong>Resumo:<\/strong><\/p>\n<p style=\"text-align: justify;\">O Simp\u00f3sio pretende discutir e problematizar a rela\u00e7\u00e3o entre hist\u00f3ria, literatura e sociedade, em v\u00e1rias poss\u00edveis dimens\u00f5es. Por um lado, a dimens\u00e3o est\u00e9tica, pol\u00edtica e social das obras liter\u00e1rias e seus autores, sua influ\u00eancia nos processos sociais, bem como seu uso como documento para a pesquisa hist\u00f3rica. Por outro, as repercuss\u00f5es dos processos sociais e de sua pesquisa hist\u00f3rica na cria\u00e7\u00e3o liter\u00e1ria. Interessa em particular a discuss\u00e3o de obras liter\u00e1rias \u2013 romances hist\u00f3ricos, poem\u00e1rios e demais g\u00eaneros \u2013 que recriam literariamente um evento ou personagem da hist\u00f3ria, bem como obras hist\u00f3ricas que empregam obras liter\u00e1rias como fonte prim\u00e1ria central. Como o trabalho liter\u00e1rio \u2013 e hist\u00f3rico \u2013 \u00e9 produzido, apropriado, lido e consumido? Em que condi\u00e7\u00f5es sociais e pol\u00edticas? Que impacto alcan\u00e7am, entre especialistas e na sociedade? Os trabalhos poder\u00e3o versar sobre Am\u00e9rica colonial e contempor\u00e2nea, e referir-se a Hispano-am\u00e9rica, o Caribe ou o Brasil.<\/p>\n<p style=\"text-align: justify;\"><strong>Subtemas do Semin\u00e1rio de Pesquisa\u00a0<\/strong><\/p>\n<ul>\n<li style=\"text-align: justify;\">Est\u00e9tica e pol\u00edtica na literatura latino-americana.<\/li>\n<li style=\"text-align: justify;\">Literatura como documento hist\u00f3rico.<\/li>\n<li style=\"text-align: justify;\">Aproveitamento liter\u00e1rio de processos hist\u00f3ricos.<\/li>\n<li style=\"text-align: justify;\">Leituras e releituras da hist\u00f3ria na literatura.<\/li>\n<li style=\"text-align: justify;\">Autobiografias, di\u00e1rios, testemunhos, cr\u00f4nicas, cartas e outros g\u00eaneros referenciais na literatura e na pesquisa hist\u00f3rica.<\/li>\n<\/ul>\n<p><\/p>","protected":false},"excerpt":{"rendered":"<p>Coordenador 1:\u00a0 Prof. Dr. Horacio Guti\u00e9rrez (Hist\u00f3ria-USP) Coordenadora 2: Profa. Dra. Laura Janina Hosiasson (Letras Modernas-USP) Coordenadora 3: Profa. Dra. Joana de F\u00e1tima Rodrigues (Unifesp) Resumo: O Simp\u00f3sio pretende discutir e problematizar a rela\u00e7\u00e3o entre hist\u00f3ria, literatura e sociedade, em &hellip; <a href=\"https:\/\/sites.usp.br\/prolam\/en\/programacao\/seminarios-de-pesquisa\/seminario-17-historia-literatura-e-sociedade-na-america-latina\/\">Continue reading <span class=\"meta-nav\">&rarr;<\/span><\/a><\/p>\n","protected":false},"author":318,"featured_media":0,"parent":2428,"menu_order":0,"comment_status":"closed","ping_status":"closed","template":"","meta":{"footnotes":"","_links_to":"","_links_to_target":""},"class_list":["post-2585","page","type-page","status-publish","hentry"],"_links":{"self":[{"href":"https:\/\/sites.usp.br\/prolam\/en\/wp-json\/wp\/v2\/pages\/2585","targetHints":{"allow":["GET"]}}],"collection":[{"href":"https:\/\/sites.usp.br\/prolam\/en\/wp-json\/wp\/v2\/pages"}],"about":[{"href":"https:\/\/sites.usp.br\/prolam\/en\/wp-json\/wp\/v2\/types\/page"}],"author":[{"embeddable":true,"href":"https:\/\/sites.usp.br\/prolam\/en\/wp-json\/wp\/v2\/users\/318"}],"replies":[{"embeddable":true,"href":"https:\/\/sites.usp.br\/prolam\/en\/wp-json\/wp\/v2\/comments?post=2585"}],"version-history":[{"count":4,"href":"https:\/\/sites.usp.br\/prolam\/en\/wp-json\/wp\/v2\/pages\/2585\/revisions"}],"predecessor-version":[{"id":4416,"href":"https:\/\/sites.usp.br\/prolam\/en\/wp-json\/wp\/v2\/pages\/2585\/revisions\/4416"}],"up":[{"embeddable":true,"href":"https:\/\/sites.usp.br\/prolam\/en\/wp-json\/wp\/v2\/pages\/2428"}],"wp:attachment":[{"href":"https:\/\/sites.usp.br\/prolam\/en\/wp-json\/wp\/v2\/media?parent=2585"}],"curies":[{"name":"wp","href":"https:\/\/api.w.org\/{rel}","templated":true}]}}