{"id":2589,"date":"2018-09-14T12:08:26","date_gmt":"2018-09-14T15:08:26","guid":{"rendered":"http:\/\/sites.usp.br\/prolam\/?page_id=2589"},"modified":"2019-04-27T18:47:48","modified_gmt":"2019-04-27T21:47:48","slug":"seminario-19-estetica-filosofia-cinema-na-america-latina","status":"publish","type":"page","link":"https:\/\/sites.usp.br\/prolam\/en\/programacao\/seminarios-de-pesquisa\/seminario-19-estetica-filosofia-cinema-na-america-latina\/","title":{"rendered":"SEMIN\u00c1RIO 19: Est\u00e9tica, Filosofia, Cinema na Am\u00e9rica Latina"},"content":{"rendered":"<p>Coordenadoras:<\/p>\n<p>Profa. Dra. Yanet Aguilera Viru\u00e9z Franklin de Matos (UNIFESP)<br \/>\nProfa. Dra. Manoela Rufinoni (UNIFESP)<br \/>\nProfa. Me. Marie Goulart (USP)<\/p>\n<p>&nbsp;<\/p>\n<p><strong>Resumo:<\/strong><\/p>\n<p style=\"text-align: justify;\">Pensando nas grandes di\u00e1sporas de habitantes das Am\u00e9ricas dentro do pr\u00f3prio continente \u2013 por exemplo, peruanos, paraguaios, bolivianos que migraram para o Brasil e Argentina ou de nordestino dentro do pr\u00f3prio Brasil, entre outros \u2013, \u00e9 muito pertinente se perguntar como as artes e o cinema representaram\u00a0 estas novas cidades que se constitu\u00eda a partir destes novos habitantes. Manifesta\u00e7\u00f5es art\u00edsticas, das mais diversas \u2013 performers, artes pl\u00e1sticas, poesia, romance etc. \u2013\u00a0 que pensam a cidade s\u00e3o uma constante. A rela\u00e7\u00e3o entre cinema e cidade, na Am\u00e9rica Latina \u00e9 praticamente uma simbiose. Este semin\u00e1rio se prop\u00f5e pensar, sobre as formas de percep\u00e7\u00e3o e representa\u00e7\u00e3o de nossas cidades na produ\u00e7\u00e3o art\u00edstica e cinematogr\u00e1fica. Buscamos entender as intera\u00e7\u00f5es entre arquitetura, mem\u00f3ria, espa\u00e7o urbano e sociabilidade, materialidade e imaterialidade nas imagens e narrativas art\u00edsticas que tomaram as cidades latino-americanas como cen\u00e1rios ou personagens. Pensamos, contudo, que a cidade representada n\u00e3o \u00e9 um discurso ou imagem pronta, mas um elo entre imagem e narrativa que se completa na experi\u00eancia do interlocutor, na ativa\u00e7\u00e3o da mem\u00f3ria e nas viv\u00eancias urbanas mobilizadas de diferentes modos em cada tempo e lugar. Ao encenar as cidades latino-americanas, as artes e o cinema nos instigam a refletir sobre as especificidade de nossas realidades urbanas \u2013 num sentido l\u00fadico e est\u00e9tico, por certo, mas ao mesmo tempo cr\u00edtico \u2013 ativando a mem\u00f3ria e a experi\u00eancia para perscrutar aquilo que temos em comum, como moradores e inventores de cidades da Am\u00e9rica Latina, mas tamb\u00e9m aquilo que nos \u00e9 particular tanto na materialidade constru\u00edda, como nas imaterialidades associadas \u00e0 experi\u00eancia cotidiana, mnem\u00f4nica e est\u00e9tica, junto ao ambiente urbano. Enfim, propomos uma reflex\u00e3o, num enfoque interdisciplinar,\u00a0 sobre quais as imagens e simbologias que o campo art\u00edstico, incluindo nele o cinema, construiu das cidades da Am\u00e9rica Latina na perspectiva das in\u00fameras e constante di\u00e1sporas dos dentro do pr\u00f3prio continente. Convidamos a todos aqueles que gostariam compartilhar conosco estas inquieta\u00e7\u00f5es.<\/p>\n<p><strong>Subtemas do Semin\u00e1rio de Pesquisa\u00a0<\/strong><\/p>\n<ul>\n<li>Cidade \u2013 mem\u00f3ria<\/li>\n<li>Cidade \u2013 cinema<\/li>\n<li>Cidade \u2013 artes pl\u00e1stica<\/li>\n<li>Cidade \u2013 performances<\/li>\n<li>Cidade \u2013 Literatura<\/li>\n<li>Cidade \u2013 M\u00fasica<\/li>\n<\/ul>\n<p><\/p>","protected":false},"excerpt":{"rendered":"<p>Coordenadoras: Profa. Dra. Yanet Aguilera Viru\u00e9z Franklin de Matos (UNIFESP) Profa. Dra. Manoela Rufinoni (UNIFESP) Profa. Me. Marie Goulart (USP) &nbsp; Resumo: Pensando nas grandes di\u00e1sporas de habitantes das Am\u00e9ricas dentro do pr\u00f3prio continente \u2013 por exemplo, peruanos, paraguaios, bolivianos &hellip; <a href=\"https:\/\/sites.usp.br\/prolam\/en\/programacao\/seminarios-de-pesquisa\/seminario-19-estetica-filosofia-cinema-na-america-latina\/\">Continue reading <span class=\"meta-nav\">&rarr;<\/span><\/a><\/p>\n","protected":false},"author":318,"featured_media":0,"parent":2428,"menu_order":0,"comment_status":"closed","ping_status":"closed","template":"","meta":{"footnotes":"","_links_to":"","_links_to_target":""},"class_list":["post-2589","page","type-page","status-publish","hentry"],"_links":{"self":[{"href":"https:\/\/sites.usp.br\/prolam\/en\/wp-json\/wp\/v2\/pages\/2589","targetHints":{"allow":["GET"]}}],"collection":[{"href":"https:\/\/sites.usp.br\/prolam\/en\/wp-json\/wp\/v2\/pages"}],"about":[{"href":"https:\/\/sites.usp.br\/prolam\/en\/wp-json\/wp\/v2\/types\/page"}],"author":[{"embeddable":true,"href":"https:\/\/sites.usp.br\/prolam\/en\/wp-json\/wp\/v2\/users\/318"}],"replies":[{"embeddable":true,"href":"https:\/\/sites.usp.br\/prolam\/en\/wp-json\/wp\/v2\/comments?post=2589"}],"version-history":[{"count":4,"href":"https:\/\/sites.usp.br\/prolam\/en\/wp-json\/wp\/v2\/pages\/2589\/revisions"}],"predecessor-version":[{"id":4418,"href":"https:\/\/sites.usp.br\/prolam\/en\/wp-json\/wp\/v2\/pages\/2589\/revisions\/4418"}],"up":[{"embeddable":true,"href":"https:\/\/sites.usp.br\/prolam\/en\/wp-json\/wp\/v2\/pages\/2428"}],"wp:attachment":[{"href":"https:\/\/sites.usp.br\/prolam\/en\/wp-json\/wp\/v2\/media?parent=2589"}],"curies":[{"name":"wp","href":"https:\/\/api.w.org\/{rel}","templated":true}]}}