{"id":2591,"date":"2018-09-14T12:08:52","date_gmt":"2018-09-14T15:08:52","guid":{"rendered":"http:\/\/sites.usp.br\/prolam\/?page_id=2591"},"modified":"2019-04-27T18:48:45","modified_gmt":"2019-04-27T21:48:45","slug":"seminario-20-novas-relacoes-de-trabalho-e-direitos-sociais","status":"publish","type":"page","link":"https:\/\/sites.usp.br\/prolam\/en\/programacao\/seminarios-de-pesquisa\/seminario-20-novas-relacoes-de-trabalho-e-direitos-sociais\/","title":{"rendered":"SEMIN\u00c1RIO 20: Novas Rela\u00e7\u00f5es de Trabalho e Direitos Sociais"},"content":{"rendered":"<p>Coordenadora 1: Profa. Dra. Carla Regina Mota Alonso Di\u00e9guez (FESP-SP)<br \/>\nCoordenador 2: Prof. Dr. Iram J\u00e1come Rodrigues (FEA\/USP)<br \/>\nCoordenadora 3: Me. Let\u00edcia Mourad (PROLAM\/USP)<\/p>\n<p><strong>Resumo:<\/strong><\/p>\n<p style=\"text-align: justify;\">As mudan\u00e7as nas rela\u00e7\u00f5es no trabalho devido \u00e0 introdu\u00e7\u00e3o de novas tecnologias produtivas e organizacionais, o elevado desemprego, a crise de representatividade dos sindicatos que est\u00e1 acentuando-se devido a m\u00faltiplas causas, entre outras, baixa mobiliza\u00e7\u00e3o, queda do financiamento, redu\u00e7\u00e3o da taxa de sindicaliza\u00e7\u00e3o e enfraquecimento das negocia\u00e7\u00f5es coletivas, as mudan\u00e7as na legisla\u00e7\u00e3o trabalhistas, entre outros, criaram interesses sociais para al\u00e9m do trabalho que est\u00e3o sendo congregadas em outras inst\u00e2ncias como ONGs e outras associa\u00e7\u00f5es. Parcelas mais vulner\u00e1veis da popula\u00e7\u00e3o, como\u00a0 jovens, idosos e pessoas de baixa renda com pouco acesso \u00e0 educa\u00e7\u00e3o, ter\u00e3o dificuldades de acompanhar as mudan\u00e7as sociais e re\u00fanem-se em grupos espec\u00edficos para a defesa de seus interesses.<\/p>\n<p style=\"text-align: justify;\">S\u00e3o v\u00e1rios os desafios relacionados ao trabalho e n\u00e3o \u00e9 poss\u00edvel buscar super\u00e1-los individualmente, qualquer a\u00e7\u00e3o profunda e de longo prazo que vise instituir pol\u00edticas e estrat\u00e9gias afirmativas deve ser constru\u00edda e executada coletivamente, de prefer\u00eancia, por meio do di\u00e1logo que inclua os principais atores envolvidos.<\/p>\n<p style=\"text-align: justify;\">Este semin\u00e1rio de pesquisa possui como objetivo desenvolver estudos relacionados as mudan\u00e7as nas rela\u00e7\u00f5es de trabalho, voltados aos desafios da gera\u00e7\u00e3o de emprego com igualdade de oportunidades, da inser\u00e7\u00e3o destas novas tecnologias no campo do trabalho, das mudan\u00e7as na legisla\u00e7\u00e3o trabalhista de muitos pa\u00edses da Am\u00e9rica Latina, do aumento do desemprego e da desigualdade, da crise de representatividade e organiza\u00e7\u00e3o dos trabalhadores, al\u00e9m disso, busca descrever e analisar boas pr\u00e1ticas de pol\u00edticas p\u00fablicas implantadas em pa\u00edses da Am\u00e9rica Latina que visem a garantia dos direitos sociais e dos direitos fundamentais no trabalho.<\/p>\n<p style=\"text-align: justify;\">Salienta-se a necessidade de estudos atuais sobre os desafios do futuro do trabalho, assim como, da necessidade do desenvolvimento e do aperfei\u00e7oamento de pol\u00edticas p\u00fablicas voltadas a garantia dos direitos sociais.<\/p>\n<p style=\"text-align: justify;\"><strong>Subtemas do Semin\u00e1rio de Pesquisa\u00a0<\/strong><\/p>\n<ul>\n<li style=\"text-align: justify;\">O Futuro do trabalho na Am\u00e9rica Latina \u2013 diagn\u00f3stico das mudan\u00e7as nas rela\u00e7\u00f5es de trabalho, voltados aos desafios da gera\u00e7\u00e3o de emprego com igualdade de oportunidades, da inser\u00e7\u00e3o destas novas tecnologias no campo do trabalho, das mudan\u00e7as na legisla\u00e7\u00e3o trabalhista de pa\u00edses da Am\u00e9rica Latina.<\/li>\n<li style=\"text-align: justify;\">Crise de representatividade e organiza\u00e7\u00e3o dos trabalhadores \u2013 estudos sobre a crise de representatividade que est\u00e1\u00a0 acentuando-se devido a m\u00faltiplas causas, entre outras, baixa mobiliza\u00e7\u00e3o, queda do financiamento, redu\u00e7\u00e3o da taxa de sindicaliza\u00e7\u00e3o e enfraquecimento das negocia\u00e7\u00f5es coletivas, as mudan\u00e7as na legisla\u00e7\u00e3o trabalhistas, entre outros, que criaram interesses sociais para al\u00e9m do trabalho que est\u00e3o sendo congregadas em outras inst\u00e2ncias como ONGs e\u00a0 associa\u00e7\u00f5es.<\/li>\n<li style=\"text-align: justify;\">Pol\u00edticas p\u00fablicas voltadas a garantia dos direitos sociais nas rela\u00e7\u00f5es de trabalho &#8211; descri\u00e7\u00e3o e an\u00e1lise de boas pr\u00e1ticas de pol\u00edticas p\u00fablicas estabelecidas em pa\u00edses da Am\u00e9rica Latina que visem a garantia dos direitos sociais e dos direitos fundamentais no trabalho. Estudos que realizem diagn\u00f3sticos sobre a necessidade do desenvolvimento e do aperfei\u00e7oamento de pol\u00edticas p\u00fablicas voltadas a garantia dos direitos sociais.<\/li>\n<\/ul>\n<p><\/p>","protected":false},"excerpt":{"rendered":"<p>Coordenadora 1: Profa. Dra. Carla Regina Mota Alonso Di\u00e9guez (FESP-SP) Coordenador 2: Prof. Dr. Iram J\u00e1come Rodrigues (FEA\/USP) Coordenadora 3: Me. Let\u00edcia Mourad (PROLAM\/USP) Resumo: As mudan\u00e7as nas rela\u00e7\u00f5es no trabalho devido \u00e0 introdu\u00e7\u00e3o de novas tecnologias produtivas e organizacionais, &hellip; <a href=\"https:\/\/sites.usp.br\/prolam\/en\/programacao\/seminarios-de-pesquisa\/seminario-20-novas-relacoes-de-trabalho-e-direitos-sociais\/\">Continue reading <span class=\"meta-nav\">&rarr;<\/span><\/a><\/p>\n","protected":false},"author":318,"featured_media":0,"parent":2428,"menu_order":0,"comment_status":"closed","ping_status":"closed","template":"","meta":{"footnotes":"","_links_to":"","_links_to_target":""},"class_list":["post-2591","page","type-page","status-publish","hentry"],"_links":{"self":[{"href":"https:\/\/sites.usp.br\/prolam\/en\/wp-json\/wp\/v2\/pages\/2591","targetHints":{"allow":["GET"]}}],"collection":[{"href":"https:\/\/sites.usp.br\/prolam\/en\/wp-json\/wp\/v2\/pages"}],"about":[{"href":"https:\/\/sites.usp.br\/prolam\/en\/wp-json\/wp\/v2\/types\/page"}],"author":[{"embeddable":true,"href":"https:\/\/sites.usp.br\/prolam\/en\/wp-json\/wp\/v2\/users\/318"}],"replies":[{"embeddable":true,"href":"https:\/\/sites.usp.br\/prolam\/en\/wp-json\/wp\/v2\/comments?post=2591"}],"version-history":[{"count":4,"href":"https:\/\/sites.usp.br\/prolam\/en\/wp-json\/wp\/v2\/pages\/2591\/revisions"}],"predecessor-version":[{"id":4419,"href":"https:\/\/sites.usp.br\/prolam\/en\/wp-json\/wp\/v2\/pages\/2591\/revisions\/4419"}],"up":[{"embeddable":true,"href":"https:\/\/sites.usp.br\/prolam\/en\/wp-json\/wp\/v2\/pages\/2428"}],"wp:attachment":[{"href":"https:\/\/sites.usp.br\/prolam\/en\/wp-json\/wp\/v2\/media?parent=2591"}],"curies":[{"name":"wp","href":"https:\/\/api.w.org\/{rel}","templated":true}]}}