{"id":2593,"date":"2018-09-14T12:09:14","date_gmt":"2018-09-14T15:09:14","guid":{"rendered":"http:\/\/sites.usp.br\/prolam\/?page_id=2593"},"modified":"2019-04-27T18:49:48","modified_gmt":"2019-04-27T21:49:48","slug":"seminario-21-neopopulismo-populismo-e-trabalhismo-na-america-latina-permanencias-e-rupturas","status":"publish","type":"page","link":"https:\/\/sites.usp.br\/prolam\/en\/programacao\/seminarios-de-pesquisa\/seminario-21-neopopulismo-populismo-e-trabalhismo-na-america-latina-permanencias-e-rupturas\/","title":{"rendered":"SEMIN\u00c1RIO 21: Neopopulismo, Populismo e trabalhismo na Am\u00e9rica Latina: perman\u00eancias e rupturas."},"content":{"rendered":"<p><\/p>\n<p style=\"text-align: justify;\">Coordenador 1:\u00a0 Prof. Dr. Thiago Mourelle (UFF\/Arquivo Nacional)<br \/>\nCoordenador 2: Prof. Dr. Orlando de Barros (UERJ)<br \/>\nCoordenadora 3: Profa. Me. Mayra Coan Lago (Hist\u00f3ria Social-USP\/ Centro Universit\u00e1rio Funda\u00e7\u00e3o Santo Andr\u00e9)<\/p>\n<p style=\"text-align: justify;\"><strong>Resumo:<\/strong><\/p>\n<p style=\"text-align: justify;\">Objetivamos promover um debate sobre os conceitos de neopopulismo, populismo e trabalhismo, a utiliza\u00e7\u00e3o destes pela historiografia latino-americana na an\u00e1lise de processos hist\u00f3ricos, a revis\u00e3o historiogr\u00e1fica sobre o tema, sobretudo a partir dos anos 1980, os estudos de caso espec\u00edficos, tal como os poss\u00edveis desdobramentos dos mesmos. Deste modo pretendemos reunir trabalhos que t\u00eam contribu\u00eddo para a produ\u00e7\u00e3o de novos olhares e estudos sobre os diversos regimes considerados \u201cneopopulistas\u201d, \u201cpopulistas\u201d, \u201cde massas\u201d, \u201cnacional-populares\u201d &#8211; entre outros termos- atrav\u00e9s do uso de novas fontes documentais e referenciais te\u00f3rico-metodol\u00f3gicos.<\/p>\n<p style=\"text-align: justify;\">Consideraremos trabalhos que apresentem as especificidades dos governos que por muito tempo foram reduzidos ao r\u00f3tulo de \u201cpopulistas\u201d, como o de Get\u00falio Vargas no Brasil, o de L\u00e1zaro C\u00e1rdenas no M\u00e9xico e o de Juan Domingo Per\u00f3n na Argentina. Tamb\u00e9m consideraremos trabalhos que versem sobre governos e lideran\u00e7as mais recentes, que emergiram na cena pol\u00edtica a partir dos anos 1999\/2000, considerados \u201cneopopulistas\u201d, como Luiz In\u00e1cio Lula da Silva no Brasil, N\u00e9stor e Cristina Fern\u00e1ndez de Kirchner na Argentina, Evo Morales na Bol\u00edvia, Rafael Correa no Equador, Hugo Ch\u00e1vez na Venezuela, entre outros, a partir de distintos aspectos, como os culturais, os pol\u00edticos, os sociais, os art\u00edsticos, os econ\u00f4micos, os militares e os de pol\u00edtica externa e rela\u00e7\u00f5es internacionais, analisados de forma individual ou comparativa.<\/p>\n<p style=\"text-align: justify;\">Almejamos tamb\u00e9m refletir sobre as continuidades e rupturas dos governos em rela\u00e7\u00e3o aos per\u00edodos hist\u00f3ricos que os antecederam, tal como sua influ\u00eancia em momentos pol\u00edticos posteriores, com destaque para o desenvolvimento das pol\u00edticas trabalhistas nos distintos pa\u00edses.<\/p>\n<p style=\"text-align: justify;\">Nos estudos a respeito dessas figuras pol\u00edticas t\u00e3o controversas, embora haja muita diverg\u00eancia, existe um ponto em comum: a percep\u00e7\u00e3o de sua enorme import\u00e2ncia na Hist\u00f3ria de seus pa\u00edses, a necessidade de se compreender sua atua\u00e7\u00e3o nos governos e o qu\u00e3o marcante \u00e9 a influ\u00eancia destes regimes nas culturas pol\u00edticas nacionais.<\/p>\n<p style=\"text-align: justify;\"><strong>Subtemas do Semin\u00e1rio de Pesquisa<\/strong><\/p>\n<ul>\n<li style=\"text-align: justify;\">\u00a0\u201cNeopopulismo\u201d, \u201cPopulismos\u201d e \u201cTrabalhismos\u201d na Am\u00e9rica Latina (revis\u00e3o historiogr\u00e1fica cr\u00edtica; casos de estudos hist\u00f3ricos e contempor\u00e2neos, tal como seus desdobramentos).<\/li>\n<li style=\"text-align: justify;\">Varguismo: Rupturas e continuidades de Vargas em rela\u00e7\u00e3o \u00e0 Primeira Rep\u00fablica; Aspectos da \u201cEra Vargas\u201d e do Segundo Governo Vargas; Trabalhismo; Anti-varguismo; Heran\u00e7as do Per\u00edodo Vargas na Ditadura Civil-Militar e na Nova Rep\u00fablica (1964-2016).<\/li>\n<li style=\"text-align: justify;\">Peronismo: Aspectos dos dois governos de Juan Domingo Per\u00f3n; Justicialismo; Anti-peronismo; Influ\u00eancia de Per\u00f3n e peronistas no per\u00edodo da \u201cRevolu\u00e7\u00e3o Libertadora\u201d (1955-1958), dos governos de Frondizi e Illia (1958-1966) e da \u201cRevolu\u00e7\u00e3o Argentina\u201d (1966-1973); Heran\u00e7as dos peronismos na Hist\u00f3ria Pol\u00edtica argentina contempor\u00e2nea.<\/li>\n<\/ul>\n<p><\/p>","protected":false},"excerpt":{"rendered":"<p>Coordenador 1:\u00a0 Prof. Dr. Thiago Mourelle (UFF\/Arquivo Nacional) Coordenador 2: Prof. Dr. Orlando de Barros (UERJ) Coordenadora 3: Profa. Me. Mayra Coan Lago (Hist\u00f3ria Social-USP\/ Centro Universit\u00e1rio Funda\u00e7\u00e3o Santo Andr\u00e9) Resumo: Objetivamos promover um debate sobre os conceitos de neopopulismo, &hellip; <a href=\"https:\/\/sites.usp.br\/prolam\/en\/programacao\/seminarios-de-pesquisa\/seminario-21-neopopulismo-populismo-e-trabalhismo-na-america-latina-permanencias-e-rupturas\/\">Continue reading <span class=\"meta-nav\">&rarr;<\/span><\/a><\/p>\n","protected":false},"author":318,"featured_media":0,"parent":2428,"menu_order":0,"comment_status":"closed","ping_status":"closed","template":"","meta":{"footnotes":"","_links_to":"","_links_to_target":""},"class_list":["post-2593","page","type-page","status-publish","hentry"],"_links":{"self":[{"href":"https:\/\/sites.usp.br\/prolam\/en\/wp-json\/wp\/v2\/pages\/2593","targetHints":{"allow":["GET"]}}],"collection":[{"href":"https:\/\/sites.usp.br\/prolam\/en\/wp-json\/wp\/v2\/pages"}],"about":[{"href":"https:\/\/sites.usp.br\/prolam\/en\/wp-json\/wp\/v2\/types\/page"}],"author":[{"embeddable":true,"href":"https:\/\/sites.usp.br\/prolam\/en\/wp-json\/wp\/v2\/users\/318"}],"replies":[{"embeddable":true,"href":"https:\/\/sites.usp.br\/prolam\/en\/wp-json\/wp\/v2\/comments?post=2593"}],"version-history":[{"count":4,"href":"https:\/\/sites.usp.br\/prolam\/en\/wp-json\/wp\/v2\/pages\/2593\/revisions"}],"predecessor-version":[{"id":4421,"href":"https:\/\/sites.usp.br\/prolam\/en\/wp-json\/wp\/v2\/pages\/2593\/revisions\/4421"}],"up":[{"embeddable":true,"href":"https:\/\/sites.usp.br\/prolam\/en\/wp-json\/wp\/v2\/pages\/2428"}],"wp:attachment":[{"href":"https:\/\/sites.usp.br\/prolam\/en\/wp-json\/wp\/v2\/media?parent=2593"}],"curies":[{"name":"wp","href":"https:\/\/api.w.org\/{rel}","templated":true}]}}