{"id":2597,"date":"2018-09-14T12:10:04","date_gmt":"2018-09-14T15:10:04","guid":{"rendered":"http:\/\/sites.usp.br\/prolam\/?page_id=2597"},"modified":"2019-04-27T18:51:13","modified_gmt":"2019-04-27T21:51:13","slug":"seminario-23-politicas-publicas-e-neoliberalismo-na-america-latina-novas-dinamicas-seculo-xxi","status":"publish","type":"page","link":"https:\/\/sites.usp.br\/prolam\/en\/programacao\/seminarios-de-pesquisa\/seminario-23-politicas-publicas-e-neoliberalismo-na-america-latina-novas-dinamicas-seculo-xxi\/","title":{"rendered":"SEMIN\u00c1RIO 23: Pol\u00edticas P\u00fablicas e Neoliberalismo na Am\u00e9rica Latina: novas din\u00e2micas no s\u00e9culo XXI"},"content":{"rendered":"<p>Coordenadora 1:\u00a0 Profa. Dra. Cristiane Kerches da Silva Leite (EACH\/PROLAM-USP)<br \/>\nCoordenadora 2: Profa. Dra. \u00darsula Dias Peres (EACH\/PROLAM-USP)<br \/>\nCoordenador 3: Prof. Dr. Daniel Pereira Andrade (EAESP\/FGV)<\/p>\n<p><strong>Resumo<\/strong>:<\/p>\n<p style=\"text-align: justify;\">O tema do neoliberalismo e seus impactos nas pol\u00edticas p\u00fablicas nos pa\u00edses da Am\u00e9rica Latina volta ao centro do debate no final da segunda d\u00e9cada dos anos 2000. A for\u00e7a desorganizadora das coaliz\u00f5es privatistas vinculadas ao capital especulativo internacional atingiu v\u00e1rios pa\u00edses de forma vigorosa, com din\u00e2micas diferentes e com processos politicamente mais complexos. Em alguns casos, como o brasileiro, o desmonte das estruturas institucionalizadas de pol\u00edticas sociais ocorre sem legitima\u00e7\u00e3o democr\u00e1tica pela iniciativa de uma coaliz\u00e3o midi\u00e1tica-jur\u00eddica-parlamentar que tomou o poder forjando legalidade e distorcendo os pilares centrais do direito constitucional. Se os m\u00e9todos mudaram, o conte\u00fado e a proposi\u00e7\u00e3o de instrumentos se repetem. Chile, anos 1970: golpe militar contra o governo Allende. Em dois anos, um edif\u00edcio de pol\u00edticas sociais socializantes constru\u00eddas durante d\u00e9cadas foi desmontado por meio de mecanismos de constitucionaliza\u00e7\u00e3o das pol\u00edticas neoliberais do governo Pinochet. Brasil, 2018: dois anos do golpe parlamentar sofrido pela presidenta Dilma Rousseff. J\u00e1 \u00e9 poss\u00edvel verificar, por meio de indicadores, os impactos sociais perversos de instrumentos de austeridade econ\u00f4mica draconianos implementados no &#8220;governo Temer&#8221;, como a EC 95\/2016, que estabelece um teto para os gastos sociais para os pr\u00f3ximos 20 anos, e a Reforma Trabalhista, que sobrep\u00f5e o acordo sobre a lei e fragiliza, por meio de uma s\u00e9rie de medidas, a condi\u00e7\u00e3o coletiva da classe trabalhadora frente ao patronato. Como entender o atual momento de confronto entre din\u00e2micas democr\u00e1ticas e o neoliberalismo nos diferentes pa\u00edses da regi\u00e3o? Se o neoliberalismo enquanto gram\u00e1tica desmobilizadora e violenta n\u00e3o \u00e9 novidade na regi\u00e3o, quais s\u00e3o suas novas roupagens e significados? Pode-se falar, nos termos de Dardot e Laval, de sociedades tomadas por uma racionalidade neoliberal, para al\u00e9m das pol\u00edticas econ\u00f4micas ortodoxas? Como a subjetividade neoliberal se capilarizou e se manifesta nos pa\u00edses, corroendo premissas de solidariedade e forjando a centralidade da individua\u00e7\u00e3o nos processos sociais? Um olhar multidisciplinar deve dar pistas desse processo, que n\u00e3o passa somente por din\u00e2micas econ\u00f4micas, mas tamb\u00e9m pol\u00edticas e sociais envolvendo, por exemplo, a articula\u00e7\u00e3o entre religi\u00f5es baseadas na teologia da prosperidade e os processos de desregulamenta\u00e7\u00e3o de mercados e estruturas de prote\u00e7\u00e3o social.<\/p>\n<p style=\"text-align: justify;\"><strong>Subtemas do Semin\u00e1rio de Pesquisa <\/strong><\/p>\n<ul>\n<li style=\"list-style-type: none;\">\n<ul>\n<li style=\"text-align: justify;\">A hegemonia das corpora\u00e7\u00f5es midi\u00e1ticas nos processos de controle das narrativas neoliberais;<\/li>\n<\/ul>\n<\/li>\n<\/ul>\n<ul>\n<li style=\"list-style-type: none;\">\n<ul>\n<li style=\"text-align: justify;\">Din\u00e2micas geopol\u00edticas internacionais e as reformas neoliberais nos pa\u00edses;<\/li>\n<\/ul>\n<\/li>\n<\/ul>\n<ul>\n<li style=\"list-style-type: none;\">\n<ul>\n<li style=\"text-align: justify;\">Din\u00e2micas sociais e culturais e o enfraquecimento de atores coletivos e solidariedades sociais coletivas.<\/li>\n<\/ul>\n<\/li>\n<\/ul>\n<ul>\n<li style=\"text-align: justify;\">Resist\u00eancias pol\u00edticas e sociais ao processo de constru\u00e7\u00e3o da hegemonia neoliberal.<\/li>\n<\/ul>\n<p><\/p>","protected":false},"excerpt":{"rendered":"<p>Coordenadora 1:\u00a0 Profa. Dra. Cristiane Kerches da Silva Leite (EACH\/PROLAM-USP) Coordenadora 2: Profa. Dra. \u00darsula Dias Peres (EACH\/PROLAM-USP) Coordenador 3: Prof. Dr. Daniel Pereira Andrade (EAESP\/FGV) Resumo: O tema do neoliberalismo e seus impactos nas pol\u00edticas p\u00fablicas nos pa\u00edses da &hellip; <a href=\"https:\/\/sites.usp.br\/prolam\/en\/programacao\/seminarios-de-pesquisa\/seminario-23-politicas-publicas-e-neoliberalismo-na-america-latina-novas-dinamicas-seculo-xxi\/\">Continue reading <span class=\"meta-nav\">&rarr;<\/span><\/a><\/p>\n","protected":false},"author":318,"featured_media":0,"parent":2428,"menu_order":0,"comment_status":"closed","ping_status":"closed","template":"","meta":{"footnotes":"","_links_to":"","_links_to_target":""},"class_list":["post-2597","page","type-page","status-publish","hentry"],"_links":{"self":[{"href":"https:\/\/sites.usp.br\/prolam\/en\/wp-json\/wp\/v2\/pages\/2597","targetHints":{"allow":["GET"]}}],"collection":[{"href":"https:\/\/sites.usp.br\/prolam\/en\/wp-json\/wp\/v2\/pages"}],"about":[{"href":"https:\/\/sites.usp.br\/prolam\/en\/wp-json\/wp\/v2\/types\/page"}],"author":[{"embeddable":true,"href":"https:\/\/sites.usp.br\/prolam\/en\/wp-json\/wp\/v2\/users\/318"}],"replies":[{"embeddable":true,"href":"https:\/\/sites.usp.br\/prolam\/en\/wp-json\/wp\/v2\/comments?post=2597"}],"version-history":[{"count":4,"href":"https:\/\/sites.usp.br\/prolam\/en\/wp-json\/wp\/v2\/pages\/2597\/revisions"}],"predecessor-version":[{"id":4423,"href":"https:\/\/sites.usp.br\/prolam\/en\/wp-json\/wp\/v2\/pages\/2597\/revisions\/4423"}],"up":[{"embeddable":true,"href":"https:\/\/sites.usp.br\/prolam\/en\/wp-json\/wp\/v2\/pages\/2428"}],"wp:attachment":[{"href":"https:\/\/sites.usp.br\/prolam\/en\/wp-json\/wp\/v2\/media?parent=2597"}],"curies":[{"name":"wp","href":"https:\/\/api.w.org\/{rel}","templated":true}]}}