{"id":284,"date":"2014-06-14T20:01:48","date_gmt":"2014-06-14T22:01:48","guid":{"rendered":"http:\/\/sites.usp.br\/prolam\/?page_id=284"},"modified":"2019-05-02T07:33:36","modified_gmt":"2019-05-02T10:33:36","slug":"como-chegar","status":"publish","type":"page","link":"https:\/\/sites.usp.br\/prolam\/en\/como-chegar\/","title":{"rendered":"How to get to FFLCH\/USP"},"content":{"rendered":"<p><strong>Acesso a Universidade de S\u00e3o Paulo, Cidade Universit\u00e1ria<\/strong>, <strong>Campus Butant\u00e3<\/strong><\/p>\n<p><strong>Transportes P\u00fablico:<br \/>\n<\/strong>Somente os \u00f4nibus urbanos chegam \u00e0 USP, mas \u00e9 poss\u00edvel tomar o Metr\u00f4 ou o Trem e continuar numa linha de \u00f4nibus ou caminhando (30 a 40 minutos) da esta\u00e7\u00e3o at\u00e9 a FFLCH.<\/p>\n<p><strong>Tarifa de \u00d4nibus, Metr\u00f4 e Trem: R$ 4,30<\/strong><\/p>\n<p><strong>\u00d4NIBUS URBANO<br \/>\n<\/strong><\/p>\n<ul>\n<li><strong> 177H-10: Metr\u00f4 Santana \u2013 Butant\u00e3 USP<br \/>\n(Parada: Ponto na frente da biblioteca Jos\u00e9 Mindlin)<\/strong><\/li>\n<li><strong> 701U-10: Metr\u00f4 Santana \u2013 , Butant\u00e3 USP<br \/>\n(Parada: Ponto na frente do pr\u00e9dio da Hist\u00f3ria e Geografia)<\/strong><\/li>\n<li><strong> 702U-10: Term. Pq. D. Pedro II \u2013 Butant\u00e3 USP<br \/>\n(Parada: Ponto na frente do pr\u00e9dio da Hist\u00f3ria e Geografia)<\/strong><\/li>\n<li><strong> 7181-10: Term. Princ. Isabel \u2013 Cidade Universit\u00e1ria<br \/>\n(Parada: Ponto na frente do pr\u00e9dio da Letras)<\/strong><\/li>\n<li><strong> 7411-10: P\u00e7a. da S\u00e9 \u2013 Cidade Universit\u00e1ria<br \/>\n(Parada: Ponto na frente do pr\u00e9dio da Letras -sentido S\u00e9- Ponto na frente da biblioteca Jos\u00e9 Mindlin -sentido terminal USP-)<\/strong><\/li>\n<li><strong> 7725-10: Term. Lapa \u2013 Rio Pequeno<br \/>\n(Parada: Ponto na frente do pr\u00e9dio da Hist\u00f3ria e Geografia)<\/strong><\/li>\n<li><strong> 809U-10: Metr\u00f4 Barra Funda \u2013 Cidade Universit\u00e1ria<br \/>\n(Parada: Ponto na frente do pr\u00e9dio da Letras)<\/strong><\/li>\n<\/ul>\n<p><strong>\u00a0<\/strong><strong>METR\u00d4<\/strong><\/p>\n<p><strong>Linha 4 (Amarela), descer em <\/strong><strong>Esta\u00e7\u00e3o Butant\u00e3 <\/strong><\/p>\n<ul>\n<li>Para ir do Metro at\u00e9 a FFLCH\/USP dever\u00e1 (1) tomar um \u00f4nibus ou (2) acessar pela portaria de pedestres (30 a 40 minutos).<\/li>\n<\/ul>\n<p>Metro + \u00d4nibus Circular (sa\u00edda da Esta\u00e7\u00e3o Butant\u00e3)<\/p>\n<ul>\n<li><strong> 8022-10: Metr\u00f4 Butant\u00e3 \u2013 Cidade Universit\u00e1ria<br \/>\n(Parada: Ponto na frente do pr\u00e9dio da Letras)<\/strong><\/li>\n<li><strong> 8012-10: Metr\u00f4 Butant\u00e3 \u2013 Cidade Universit\u00e1ria<br \/>\n(Parada: Ponto na frente do pr\u00e9dio da Letras)<\/strong><\/li>\n<\/ul>\n<p>Metro + \u00d4nibus urbano (tomar \u00f4nibus na Av. Vital Brasil)<\/p>\n<ul>\n<li><strong> 177H-10: Metr\u00f4 Santana \u2013 Butant\u00e3 USP<br \/>\n(Parada: Ponto na frente da biblioteca Jos\u00e9 Mindlin)<\/strong><\/li>\n<li><strong> 701U-10: Metr\u00f4 Santana \u2013 , Butant\u00e3 USP<br \/>\n(Parada: Ponto na frente do pr\u00e9dio da Hist\u00f3ria e Geografia)<\/strong><\/li>\n<li><strong> 702U-10: Term. Pq. D. Pedro II \u2013 Butant\u00e3 USP<br \/>\n(Parada: Ponto na frente do pr\u00e9dio da Hist\u00f3ria e Geografia)<\/strong><\/li>\n<li><strong> 7181-10: Term. Princ. Isabel \u2013 Cidade Universit\u00e1ria<br \/>\n(Parada: Ponto na frente do pr\u00e9dio da Letras)<\/strong><\/li>\n<li><strong> 7411-10: P\u00e7a. da S\u00e9 \u2013 Cidade Universit\u00e1ria<br \/>\n(Parada: Ponto na frente do pr\u00e9dio da Letras -sentido S\u00e9- Ponto na frente da biblioteca Jos\u00e9 Mindlin -sentido terminal USP-)<\/strong><\/li>\n<\/ul>\n<p>Acesso para Pedestre<\/p>\n<ul>\n<li>Acesso para pedestres pelo Instituto Butant\u00e3 (Vital Brasil, 1500) (30 a 40 minutos at\u00e9 a FFLCH)<\/li>\n<\/ul>\n<p><strong>TREM<\/strong><\/p>\n<p><strong>Linha 9 (Esmeralda), descer em Esta\u00e7\u00e3o Cidade Universit\u00e1ria:<\/strong><\/p>\n<p>&nbsp;<\/p>\n<p>Para ir do Trem at\u00e9 a FFLCH\/USP dever\u00e1 (1) tomar um \u00f4nibus ou (2) acessar pela portaria de pedestres (30 a 40 minutos).<\/p>\n<p>Trem + \u00d4nibus (tomar na Ponte Cidade Universit\u00e1ria)<\/p>\n<ul>\n<li><strong> 7725-10: Term. Lapa \u2013 Rio Pequeno<br \/>\n(Parada: Ponto na frente do pr\u00e9dio da Hist\u00f3ria e Geografia)<\/strong><\/li>\n<li><strong> 809U-10: Metr\u00f4 Barra Funda \u2013 Cidade Universit\u00e1ria<br \/>\n(Parada: Ponto na frente do pr\u00e9dio da Letras)<\/strong><\/li>\n<\/ul>\n<p>Acesso para Pedestre<\/p>\n<ul>\n<li>Acesso para pedestres pela Portaria da Ponte da Cidade Universit\u00e1ria (35 a 45 minutos at\u00e9 a FFLCH)<\/li>\n<\/ul>\n<p><strong>\u00a0<\/strong><strong>&#8211; PONTOS DE T\u00c1XI NA UNIVERSIDADE<\/strong><\/p>\n<p>A Cidade Universit\u00e1ria conta com tr\u00eas pontos de t\u00e1xi:<\/p>\n<ul>\n<li>Pra\u00e7a da Reitoria \u2013 (11) 3091-3556;<\/li>\n<li>Pra\u00e7a das Ag\u00eancias Banc\u00e1rias \u2013 (11) 3091-4488;<\/li>\n<li>Hospital Universit\u00e1rio \u2013 (11) 3091-3536.<\/li>\n<\/ul>\n<p>As frotas operam de segunda a sexta-feira, das 7h \u00e0s 23h, e aos s\u00e1bados, das 7 \u00e0s 17h.<\/p>\n<p>Para mais informa\u00e7\u00f5es, acesse:<\/p>\n<p><strong>Trem: <a href=\"https:\/\/www.cptm.sp.gov.br\/sua-viagem\/Pages\/Pra-onde-vai.aspx\">https:\/\/www.cptm.sp.gov.br\/sua-viagem\/Pages\/Pra-onde-vai.aspx<\/a><\/strong><br \/>\n<strong>Metr\u00f4: <a href=\"http:\/\/www.metro.sp.gov.br\/\">http:\/\/www.metro.sp.gov.br\/<\/a><\/strong><br \/>\n<strong>\u00d4nibus: http:\/\/www.sptrans.com.br\/busca-de-itinerarios\/<\/strong><\/p>\n<p><a href=\"https:\/\/sites.usp.br\/prolam\/wp-content\/uploads\/sites\/35\/2019\/04\/Acesso-\u00e0-USP.jpg\"><img loading=\"lazy\" decoding=\"async\" class=\"alignnone wp-image-4577 size-large\" src=\"https:\/\/sites.usp.br\/prolam\/wp-content\/uploads\/sites\/35\/2019\/04\/Acesso-\u00e0-USP-1024x576.jpg\" alt=\"\" width=\"584\" height=\"329\" srcset=\"https:\/\/sites.usp.br\/prolam\/wp-content\/uploads\/sites\/35\/2019\/04\/Acesso-\u00e0-USP-1024x576.jpg 1024w, https:\/\/sites.usp.br\/prolam\/wp-content\/uploads\/sites\/35\/2019\/04\/Acesso-\u00e0-USP-300x169.jpg 300w, https:\/\/sites.usp.br\/prolam\/wp-content\/uploads\/sites\/35\/2019\/04\/Acesso-\u00e0-USP-768x432.jpg 768w, https:\/\/sites.usp.br\/prolam\/wp-content\/uploads\/sites\/35\/2019\/04\/Acesso-\u00e0-USP-500x281.jpg 500w, https:\/\/sites.usp.br\/prolam\/wp-content\/uploads\/sites\/35\/2019\/04\/Acesso-\u00e0-USP-310x174.jpg 310w, https:\/\/sites.usp.br\/prolam\/wp-content\/uploads\/sites\/35\/2019\/04\/Acesso-\u00e0-USP-400x225.jpg 400w, https:\/\/sites.usp.br\/prolam\/wp-content\/uploads\/sites\/35\/2019\/04\/Acesso-\u00e0-USP.jpg 1280w\" sizes=\"auto, (max-width: 584px) 100vw, 584px\" \/><\/a><\/p>\n<p><a href=\"https:\/\/sites.usp.br\/prolam\/wp-content\/uploads\/sites\/35\/2019\/04\/Acesso-de-\u00f4nibus.jpg\"><img loading=\"lazy\" decoding=\"async\" class=\"alignnone wp-image-4583 size-large\" src=\"https:\/\/sites.usp.br\/prolam\/wp-content\/uploads\/sites\/35\/2019\/04\/Acesso-de-\u00f4nibus-1024x576.jpg\" alt=\"\" width=\"584\" height=\"329\" srcset=\"https:\/\/sites.usp.br\/prolam\/wp-content\/uploads\/sites\/35\/2019\/04\/Acesso-de-\u00f4nibus-1024x576.jpg 1024w, https:\/\/sites.usp.br\/prolam\/wp-content\/uploads\/sites\/35\/2019\/04\/Acesso-de-\u00f4nibus-300x169.jpg 300w, https:\/\/sites.usp.br\/prolam\/wp-content\/uploads\/sites\/35\/2019\/04\/Acesso-de-\u00f4nibus-768x432.jpg 768w, https:\/\/sites.usp.br\/prolam\/wp-content\/uploads\/sites\/35\/2019\/04\/Acesso-de-\u00f4nibus-500x281.jpg 500w, https:\/\/sites.usp.br\/prolam\/wp-content\/uploads\/sites\/35\/2019\/04\/Acesso-de-\u00f4nibus-310x174.jpg 310w, https:\/\/sites.usp.br\/prolam\/wp-content\/uploads\/sites\/35\/2019\/04\/Acesso-de-\u00f4nibus-400x225.jpg 400w, https:\/\/sites.usp.br\/prolam\/wp-content\/uploads\/sites\/35\/2019\/04\/Acesso-de-\u00f4nibus.jpg 1280w\" sizes=\"auto, (max-width: 584px) 100vw, 584px\" \/><\/a><\/p>","protected":false},"excerpt":{"rendered":"<p>Acesso a Universidade de S\u00e3o Paulo, Cidade Universit\u00e1ria, Campus Butant\u00e3 Transportes P\u00fablico: Somente os \u00f4nibus urbanos chegam \u00e0 USP, mas \u00e9 poss\u00edvel tomar o Metr\u00f4 ou o Trem e continuar numa linha de \u00f4nibus ou caminhando (30 a 40 minutos) &hellip; <a href=\"https:\/\/sites.usp.br\/prolam\/en\/como-chegar\/\">Continue reading <span class=\"meta-nav\">&rarr;<\/span><\/a><\/p>\n","protected":false},"author":45,"featured_media":0,"parent":0,"menu_order":4,"comment_status":"closed","ping_status":"closed","template":"","meta":{"footnotes":"","_links_to":"","_links_to_target":""},"class_list":["post-284","page","type-page","status-publish","hentry"],"_links":{"self":[{"href":"https:\/\/sites.usp.br\/prolam\/en\/wp-json\/wp\/v2\/pages\/284","targetHints":{"allow":["GET"]}}],"collection":[{"href":"https:\/\/sites.usp.br\/prolam\/en\/wp-json\/wp\/v2\/pages"}],"about":[{"href":"https:\/\/sites.usp.br\/prolam\/en\/wp-json\/wp\/v2\/types\/page"}],"author":[{"embeddable":true,"href":"https:\/\/sites.usp.br\/prolam\/en\/wp-json\/wp\/v2\/users\/45"}],"replies":[{"embeddable":true,"href":"https:\/\/sites.usp.br\/prolam\/en\/wp-json\/wp\/v2\/comments?post=284"}],"version-history":[{"count":4,"href":"https:\/\/sites.usp.br\/prolam\/en\/wp-json\/wp\/v2\/pages\/284\/revisions"}],"predecessor-version":[{"id":4643,"href":"https:\/\/sites.usp.br\/prolam\/en\/wp-json\/wp\/v2\/pages\/284\/revisions\/4643"}],"wp:attachment":[{"href":"https:\/\/sites.usp.br\/prolam\/en\/wp-json\/wp\/v2\/media?parent=284"}],"curies":[{"name":"wp","href":"https:\/\/api.w.org\/{rel}","templated":true}]}}