{"id":2942,"date":"2018-09-28T20:08:00","date_gmt":"2018-09-28T23:08:00","guid":{"rendered":"http:\/\/sites.usp.br\/prolam\/?page_id=2942"},"modified":"2019-04-27T18:52:03","modified_gmt":"2019-04-27T21:52:03","slug":"seminario-24-democracia-e-direitos-na-america-latina-crises-consolidacao-e-luta-por-direitos","status":"publish","type":"page","link":"https:\/\/sites.usp.br\/prolam\/en\/seminario-24-democracia-e-direitos-na-america-latina-crises-consolidacao-e-luta-por-direitos\/","title":{"rendered":"SEMIN\u00c1RIO 24: Democracia e Direitos na Am\u00e9rica Latina: crises, consolida\u00e7\u00e3o e luta por direitos"},"content":{"rendered":"<p><\/p>\n<p style=\"text-align: justify;\">Coordenadora 1: Profa. Dra. Vanessa C. G. Teixeira (Faculdade de Direito da UNESP\/Franca)<br \/>\nCoordenador 2: Prof. Dr. Murilo Gaspardo (Faculdade de Direito da UNESP\/Franca)<br \/>\nCoordenadora 3: Profa. Dra.\u00a0Ana Paula Joaquim (Universidade Estadual de Roraima &#8211; UERR)<\/p>\n<p>Resumo:<\/p>\n<p style=\"text-align: justify;\">Este semin\u00e1rio de pesquisa tem como objetivo discutir os atuais processos e eventos que v\u00eam balan\u00e7ando a democracia na regi\u00e3o nas \u00faltimas duas d\u00e9cadas, ap\u00f3s a redemocratiza\u00e7\u00e3o nos anos oitenta e noventa, a partir da rela\u00e7\u00e3o necess\u00e1ria entre a cultura e experi\u00eancia jur\u00eddicas latino-americanas e sua contraposi\u00e7\u00e3o com a luta por direitos, vindas dos movimentos sociais, organizados ou espont\u00e2neos. Trata-se de fomentar o debate a respeito das sa\u00eddas democr\u00e1ticas propostas institucionalmente pelos diversos pa\u00edses e seus bons e maus resultados tendo em vista como, na realidade, as normas, institui\u00e7\u00f5es e pessoas d\u00e3o forma \u00e0 democracia a partir de sua dimens\u00e3o jur\u00eddico-pol\u00edtica. Ser\u00e3o consideradas para aceite as pesquisas que enderecem assuntos relacionados aos \u00faltimos processos eleitorais, \u00e0 teoria democr\u00e1tica, aos casos que discutam retra\u00e7\u00e3o de direitos, movimentos de lutas por direitos e sua repress\u00e3o pelo aparato estatal, entre outros temas que possam contribuir aos temas fundamentais da rela\u00e7\u00e3o entre democracia e direitos na Regi\u00e3o. Ser\u00e3o consideradas priorit\u00e1rias as pesquisas que tratem das rela\u00e7\u00f5es entre direitos e democracia na regi\u00e3o, nos \u00faltimos 30 anos. Ser\u00e3o consideradas priorit\u00e1rias, ainda, as propostas que indiquem ou debatam bibliografia recente produzida na regi\u00e3o e as que contenham considera\u00e7\u00f5es de g\u00eanero, \u00e9tnico-raciais, ou tratem de movimentos relacionados \u00e0 juventude e educa\u00e7\u00e3o.<\/p>\n<p>Subtemas:<\/p>\n<p style=\"text-align: justify;\">&#8211; Processos eleitorais e perturba\u00e7\u00f5es democr\u00e1ticas<br \/>\n&#8211; movimentos por direitos e recrudescimento da sua repress\u00e3o por governos democraticamente eleitos<br \/>\n&#8211; teoria democr\u00e1tica, novo constitucionalismo e direitos<br \/>\n&#8211; Juventude, g\u00eanero e minorias e democracia e direitos<br \/>\n&#8211; Democracia e direitos na Am\u00e9rica Latina<\/p>\n<p><\/p>","protected":false},"excerpt":{"rendered":"<p>Coordenadora 1: Profa. Dra. Vanessa C. G. Teixeira (Faculdade de Direito da UNESP\/Franca) Coordenador 2: Prof. Dr. Murilo Gaspardo (Faculdade de Direito da UNESP\/Franca) Coordenadora 3: Profa. Dra.\u00a0Ana Paula Joaquim (Universidade Estadual de Roraima &#8211; UERR) Resumo: Este semin\u00e1rio de &hellip; <a href=\"https:\/\/sites.usp.br\/prolam\/en\/seminario-24-democracia-e-direitos-na-america-latina-crises-consolidacao-e-luta-por-direitos\/\">Continue reading <span class=\"meta-nav\">&rarr;<\/span><\/a><\/p>\n","protected":false},"author":754,"featured_media":0,"parent":0,"menu_order":4,"comment_status":"closed","ping_status":"closed","template":"","meta":{"footnotes":"","_links_to":"","_links_to_target":""},"class_list":["post-2942","page","type-page","status-publish","hentry"],"_links":{"self":[{"href":"https:\/\/sites.usp.br\/prolam\/en\/wp-json\/wp\/v2\/pages\/2942","targetHints":{"allow":["GET"]}}],"collection":[{"href":"https:\/\/sites.usp.br\/prolam\/en\/wp-json\/wp\/v2\/pages"}],"about":[{"href":"https:\/\/sites.usp.br\/prolam\/en\/wp-json\/wp\/v2\/types\/page"}],"author":[{"embeddable":true,"href":"https:\/\/sites.usp.br\/prolam\/en\/wp-json\/wp\/v2\/users\/754"}],"replies":[{"embeddable":true,"href":"https:\/\/sites.usp.br\/prolam\/en\/wp-json\/wp\/v2\/comments?post=2942"}],"version-history":[{"count":5,"href":"https:\/\/sites.usp.br\/prolam\/en\/wp-json\/wp\/v2\/pages\/2942\/revisions"}],"predecessor-version":[{"id":4425,"href":"https:\/\/sites.usp.br\/prolam\/en\/wp-json\/wp\/v2\/pages\/2942\/revisions\/4425"}],"wp:attachment":[{"href":"https:\/\/sites.usp.br\/prolam\/en\/wp-json\/wp\/v2\/media?parent=2942"}],"curies":[{"name":"wp","href":"https:\/\/api.w.org\/{rel}","templated":true}]}}