{"id":3440,"date":"2019-01-24T11:19:00","date_gmt":"2019-01-24T14:19:00","guid":{"rendered":"http:\/\/sites.usp.br\/prolam\/?page_id=3440"},"modified":"2021-09-27T10:54:12","modified_gmt":"2021-09-27T13:54:12","slug":"pensaralc","status":"publish","type":"page","link":"https:\/\/sites.usp.br\/prolam\/en\/pensaralc\/","title":{"rendered":"Annals of 1st International Congress on Thought and Research on Latin America"},"content":{"rendered":"<p><strong><span style=\"color: #ff0000;\">ATEN\u00c7\u00c3O: Os textos completos est\u00e3o sendo editados para a publica\u00e7\u00e3o dos Anais. Esta etapa ser\u00e1 finalizada at\u00e9 30 de agosto. <\/span><\/strong><\/p>\n<p>Para publicar seu trabalho completo nos anais, siga as instru\u00e7\u00f5es abaixo:<\/p>\n<p>1) Os trabalhos devem ser colocados na Plataforma de Conferencias at\u00e9 a data limite para publica\u00e7\u00e3o que \u00e9 o dia\u00a0<span style=\"color: #ff0000;\"><strong>15 de junho de 2019<\/strong>.<\/span><br \/>\n2) Somente ser\u00e3o publicados nos ANAIS (com ISBN novo) os trabalhos que foram apresentados durante as atividades do Congresso nos Semin\u00e1rios de Pesquisa<br \/>\n3) Os textos devem estar redigidos dentro das <a href=\"https:\/\/sites.usp.br\/prolam\/?page_id=87\"><strong><span style=\"text-decoration: underline;\"><span style=\"color: #0000ff; text-decoration: underline;\">Normas para publica\u00e7\u00e3o nos Anais do Congresso.<\/span><\/span><\/strong><\/a><br \/>\n<span style=\"color: #ff0000;\"><strong>4) Os trabalhos completos devem ser depositados em formato word (.doc), para permitir a formata\u00e7\u00e3o no e-book dos Anais.<\/strong><\/span><\/p>\n<p>Para introduzir seu trabalho completo, siga os passos abaixo e veja o tutorial:<\/p>\n<ol>\n<li>Ingresse na <strong><span style=\"color: #0000ff;\"><a style=\"color: #0000ff;\" href=\"http:\/\/conferencias.fflch.usp.br\/cippal\/Inscricoes\/login\">plataforma da Confer\u00eancia<\/a> <\/span><\/strong>com seu Login e Senha;<\/li>\n<li>Entre em &#8220;AUTOR&#8221;;<\/li>\n<li>Entre em &#8220;ARQUIVADO&#8221; e no t\u00edtulo da apresenta\u00e7\u00e3o;<\/li>\n<li>Entre em &#8220;INCLUIR DOCUMENTO SUPLEMENTAR&#8221; em formato word (.doc)<\/li>\n<\/ol>\n<p>Passo 1:<\/p>\n<p><a href=\"https:\/\/sites.usp.br\/prolam\/wp-content\/uploads\/sites\/35\/2019\/05\/Autor-passo-02.png\"><img loading=\"lazy\" decoding=\"async\" class=\"alignnone wp-image-4769 size-full\" src=\"https:\/\/sites.usp.br\/prolam\/wp-content\/uploads\/sites\/35\/2019\/05\/Autor-passo-02.png\" alt=\"\" width=\"877\" height=\"290\" srcset=\"https:\/\/sites.usp.br\/prolam\/wp-content\/uploads\/sites\/35\/2019\/05\/Autor-passo-02.png 877w, https:\/\/sites.usp.br\/prolam\/wp-content\/uploads\/sites\/35\/2019\/05\/Autor-passo-02-300x99.png 300w, https:\/\/sites.usp.br\/prolam\/wp-content\/uploads\/sites\/35\/2019\/05\/Autor-passo-02-768x254.png 768w, https:\/\/sites.usp.br\/prolam\/wp-content\/uploads\/sites\/35\/2019\/05\/Autor-passo-02-500x165.png 500w, https:\/\/sites.usp.br\/prolam\/wp-content\/uploads\/sites\/35\/2019\/05\/Autor-passo-02-400x132.png 400w\" sizes=\"auto, (max-width: 877px) 100vw, 877px\" \/><\/a><\/p>\n<p>Passo 2:<\/p>\n<p><a href=\"https:\/\/sites.usp.br\/prolam\/wp-content\/uploads\/sites\/35\/2019\/05\/Autor-passo-01.png\"><img loading=\"lazy\" decoding=\"async\" class=\"alignnone wp-image-4768 size-full\" src=\"https:\/\/sites.usp.br\/prolam\/wp-content\/uploads\/sites\/35\/2019\/05\/Autor-passo-01.png\" alt=\"\" width=\"895\" height=\"287\" srcset=\"https:\/\/sites.usp.br\/prolam\/wp-content\/uploads\/sites\/35\/2019\/05\/Autor-passo-01.png 895w, https:\/\/sites.usp.br\/prolam\/wp-content\/uploads\/sites\/35\/2019\/05\/Autor-passo-01-300x96.png 300w, https:\/\/sites.usp.br\/prolam\/wp-content\/uploads\/sites\/35\/2019\/05\/Autor-passo-01-768x246.png 768w, https:\/\/sites.usp.br\/prolam\/wp-content\/uploads\/sites\/35\/2019\/05\/Autor-passo-01-500x160.png 500w, https:\/\/sites.usp.br\/prolam\/wp-content\/uploads\/sites\/35\/2019\/05\/Autor-passo-01-400x128.png 400w\" sizes=\"auto, (max-width: 895px) 100vw, 895px\" \/><\/a><\/p>\n<p>Passo 3:<\/p>\n<p><a href=\"https:\/\/sites.usp.br\/prolam\/wp-content\/uploads\/sites\/35\/2019\/05\/Autor-passo-03.png\"><img loading=\"lazy\" decoding=\"async\" class=\"alignnone wp-image-4766 size-full\" src=\"https:\/\/sites.usp.br\/prolam\/wp-content\/uploads\/sites\/35\/2019\/05\/Autor-passo-03.png\" alt=\"\" width=\"873\" height=\"420\" srcset=\"https:\/\/sites.usp.br\/prolam\/wp-content\/uploads\/sites\/35\/2019\/05\/Autor-passo-03.png 873w, https:\/\/sites.usp.br\/prolam\/wp-content\/uploads\/sites\/35\/2019\/05\/Autor-passo-03-300x144.png 300w, https:\/\/sites.usp.br\/prolam\/wp-content\/uploads\/sites\/35\/2019\/05\/Autor-passo-03-768x369.png 768w, https:\/\/sites.usp.br\/prolam\/wp-content\/uploads\/sites\/35\/2019\/05\/Autor-passo-03-500x241.png 500w, https:\/\/sites.usp.br\/prolam\/wp-content\/uploads\/sites\/35\/2019\/05\/Autor-passo-03-400x192.png 400w\" sizes=\"auto, (max-width: 873px) 100vw, 873px\" \/><\/a><\/p>\n<p>Passo 4:<br \/>\nObs: Alguns espa\u00e7os devem ficar em branco<\/p>\n<p><a href=\"https:\/\/sites.usp.br\/prolam\/wp-content\/uploads\/sites\/35\/2019\/05\/Autor-passo-04b.png\"><img loading=\"lazy\" decoding=\"async\" class=\"alignnone wp-image-4770 size-full\" src=\"https:\/\/sites.usp.br\/prolam\/wp-content\/uploads\/sites\/35\/2019\/05\/Autor-passo-04b.png\" alt=\"\" width=\"1307\" height=\"1069\" srcset=\"https:\/\/sites.usp.br\/prolam\/wp-content\/uploads\/sites\/35\/2019\/05\/Autor-passo-04b.png 1307w, https:\/\/sites.usp.br\/prolam\/wp-content\/uploads\/sites\/35\/2019\/05\/Autor-passo-04b-300x245.png 300w, https:\/\/sites.usp.br\/prolam\/wp-content\/uploads\/sites\/35\/2019\/05\/Autor-passo-04b-768x628.png 768w, https:\/\/sites.usp.br\/prolam\/wp-content\/uploads\/sites\/35\/2019\/05\/Autor-passo-04b-1024x838.png 1024w, https:\/\/sites.usp.br\/prolam\/wp-content\/uploads\/sites\/35\/2019\/05\/Autor-passo-04b-367x300.png 367w, https:\/\/sites.usp.br\/prolam\/wp-content\/uploads\/sites\/35\/2019\/05\/Autor-passo-04b-400x327.png 400w\" sizes=\"auto, (max-width: 1307px) 100vw, 1307px\" \/><\/a><\/p>\n<p>&nbsp;<\/p>\n<p>Veja os Anais dos Semin\u00e1rios de Pesquisa ocorridos nos anteriores eventos:<\/p>\n<p><strong><a href=\"http:\/\/sites.usp.br\/prolam\/wp-content\/uploads\/sites\/35\/2015\/06\/Simp%C3%B3sio-Internacional-Pensar-e-Repensar-a-Am%C3%A9rica-Latina_ANAIS_revisado1.pdf\"><span style=\"color: #0000ff;\">Anais 2014<\/span><\/a><\/strong><\/p>\n<p><span style=\"color: #0000ff;\"><strong><a style=\"color: #0000ff;\" href=\"http:\/\/sites.usp.br\/prolam\/ii-simposio-internacional-pensar-e-repensar-america-latina_anais\/\">Anais 2016<\/a><\/strong><\/span><\/p>","protected":false},"excerpt":{"rendered":"<p>ATEN\u00c7\u00c3O: Os textos completos est\u00e3o sendo editados para a publica\u00e7\u00e3o dos Anais. Esta etapa ser\u00e1 finalizada at\u00e9 30 de agosto. Para publicar seu trabalho completo nos anais, siga as instru\u00e7\u00f5es abaixo: 1) Os trabalhos devem ser colocados na Plataforma de &hellip; <a href=\"https:\/\/sites.usp.br\/prolam\/en\/pensaralc\/\">Continue reading <span class=\"meta-nav\">&rarr;<\/span><\/a><\/p>\n","protected":false},"author":318,"featured_media":0,"parent":0,"menu_order":4,"comment_status":"closed","ping_status":"closed","template":"","meta":{"footnotes":"","_links_to":"","_links_to_target":""},"class_list":["post-3440","page","type-page","status-publish","hentry"],"_links":{"self":[{"href":"https:\/\/sites.usp.br\/prolam\/en\/wp-json\/wp\/v2\/pages\/3440","targetHints":{"allow":["GET"]}}],"collection":[{"href":"https:\/\/sites.usp.br\/prolam\/en\/wp-json\/wp\/v2\/pages"}],"about":[{"href":"https:\/\/sites.usp.br\/prolam\/en\/wp-json\/wp\/v2\/types\/page"}],"author":[{"embeddable":true,"href":"https:\/\/sites.usp.br\/prolam\/en\/wp-json\/wp\/v2\/users\/318"}],"replies":[{"embeddable":true,"href":"https:\/\/sites.usp.br\/prolam\/en\/wp-json\/wp\/v2\/comments?post=3440"}],"version-history":[{"count":4,"href":"https:\/\/sites.usp.br\/prolam\/en\/wp-json\/wp\/v2\/pages\/3440\/revisions"}],"predecessor-version":[{"id":5786,"href":"https:\/\/sites.usp.br\/prolam\/en\/wp-json\/wp\/v2\/pages\/3440\/revisions\/5786"}],"wp:attachment":[{"href":"https:\/\/sites.usp.br\/prolam\/en\/wp-json\/wp\/v2\/media?parent=3440"}],"curies":[{"name":"wp","href":"https:\/\/api.w.org\/{rel}","templated":true}]}}