{"id":398,"date":"2014-06-16T20:49:39","date_gmt":"2014-06-16T22:49:39","guid":{"rendered":"http:\/\/sites.usp.br\/prolam\/?page_id=398"},"modified":"2019-04-27T15:21:40","modified_gmt":"2019-04-27T18:21:40","slug":"comissao-organizadora","status":"publish","type":"page","link":"https:\/\/sites.usp.br\/prolam\/en\/comissao-organizadora\/","title":{"rendered":"Organizing &#038; Scientific Committee"},"content":{"rendered":"<p><\/p>\n<h2 style=\"text-align: center;\"><a href=\"https:\/\/sites.usp.br\/prolam\/wp-content\/uploads\/sites\/35\/2019\/04\/00_PROLAM_USP.jpg\">Programa de P\u00f3s-Gradua\u00e7\u00e3o Integra\u00e7\u00e3o da Am\u00e9rica Latina (PROLAM\/USP)<img loading=\"lazy\" decoding=\"async\" class=\"alignnone size-medium wp-image-4341\" src=\"https:\/\/sites.usp.br\/prolam\/wp-content\/uploads\/sites\/35\/2019\/04\/00_PROLAM_USP-230x300.jpg\" alt=\"\" width=\"230\" height=\"300\" srcset=\"https:\/\/sites.usp.br\/prolam\/wp-content\/uploads\/sites\/35\/2019\/04\/00_PROLAM_USP-230x300.jpg 230w, https:\/\/sites.usp.br\/prolam\/wp-content\/uploads\/sites\/35\/2019\/04\/00_PROLAM_USP-768x1000.jpg 768w, https:\/\/sites.usp.br\/prolam\/wp-content\/uploads\/sites\/35\/2019\/04\/00_PROLAM_USP-786x1024.jpg 786w, https:\/\/sites.usp.br\/prolam\/wp-content\/uploads\/sites\/35\/2019\/04\/00_PROLAM_USP-400x521.jpg 400w, https:\/\/sites.usp.br\/prolam\/wp-content\/uploads\/sites\/35\/2019\/04\/00_PROLAM_USP.jpg 983w\" sizes=\"auto, (max-width: 230px) 100vw, 230px\" \/><\/a><\/h2>\n<h2 style=\"text-align: center;\"><a href=\"https:\/\/sites.usp.br\/prolam\/wp-content\/uploads\/sites\/35\/2019\/04\/01_Coordenacao-geral-e-Tecnico-cient\u00edfica.jpg\">Coordena\u00e7\u00e3o Geral \/ Comiss\u00e3o T\u00e9cnico Cient\u00edfica<br \/>\nI Congresso Internacional Pensamento e<br \/>\nPesquisa sobre a Am\u00e9rica Latina\u00a0(I CIPPAL)<br \/>\nIII Simp\u00f3sio Internacional Pensar e Repensar a Am\u00e9rica Latina (III SIPPAL)<img loading=\"lazy\" decoding=\"async\" class=\"alignnone size-medium wp-image-4335\" src=\"https:\/\/sites.usp.br\/prolam\/wp-content\/uploads\/sites\/35\/2019\/04\/01_Coordenacao-geral-e-Tecnico-cient\u00edfica-230x300.jpg\" alt=\"\" width=\"230\" height=\"300\" srcset=\"https:\/\/sites.usp.br\/prolam\/wp-content\/uploads\/sites\/35\/2019\/04\/01_Coordenacao-geral-e-Tecnico-cient\u00edfica-230x300.jpg 230w, https:\/\/sites.usp.br\/prolam\/wp-content\/uploads\/sites\/35\/2019\/04\/01_Coordenacao-geral-e-Tecnico-cient\u00edfica-768x1000.jpg 768w, https:\/\/sites.usp.br\/prolam\/wp-content\/uploads\/sites\/35\/2019\/04\/01_Coordenacao-geral-e-Tecnico-cient\u00edfica-786x1024.jpg 786w, https:\/\/sites.usp.br\/prolam\/wp-content\/uploads\/sites\/35\/2019\/04\/01_Coordenacao-geral-e-Tecnico-cient\u00edfica-400x521.jpg 400w, https:\/\/sites.usp.br\/prolam\/wp-content\/uploads\/sites\/35\/2019\/04\/01_Coordenacao-geral-e-Tecnico-cient\u00edfica.jpg 983w\" sizes=\"auto, (max-width: 230px) 100vw, 230px\" \/><\/a><\/h2>\n<h2 style=\"text-align: center;\"><a href=\"https:\/\/sites.usp.br\/prolam\/wp-content\/uploads\/sites\/35\/2019\/04\/02_Comissao-Cient\u00edfica-SIPPAL.jpg\">Comiss\u00e3o Cient\u00edfica<br \/>\nIII Simp\u00f3sio Internacional Pensar e Repensar Am\u00e9rica Latina (III SIPPAL)<img loading=\"lazy\" decoding=\"async\" class=\"alignnone size-medium wp-image-4336\" src=\"https:\/\/sites.usp.br\/prolam\/wp-content\/uploads\/sites\/35\/2019\/04\/02_Comissao-Cient\u00edfica-SIPPAL-230x300.jpg\" alt=\"\" width=\"230\" height=\"300\" srcset=\"https:\/\/sites.usp.br\/prolam\/wp-content\/uploads\/sites\/35\/2019\/04\/02_Comissao-Cient\u00edfica-SIPPAL-230x300.jpg 230w, https:\/\/sites.usp.br\/prolam\/wp-content\/uploads\/sites\/35\/2019\/04\/02_Comissao-Cient\u00edfica-SIPPAL-768x1000.jpg 768w, https:\/\/sites.usp.br\/prolam\/wp-content\/uploads\/sites\/35\/2019\/04\/02_Comissao-Cient\u00edfica-SIPPAL-786x1024.jpg 786w, https:\/\/sites.usp.br\/prolam\/wp-content\/uploads\/sites\/35\/2019\/04\/02_Comissao-Cient\u00edfica-SIPPAL-400x521.jpg 400w, https:\/\/sites.usp.br\/prolam\/wp-content\/uploads\/sites\/35\/2019\/04\/02_Comissao-Cient\u00edfica-SIPPAL.jpg 983w\" sizes=\"auto, (max-width: 230px) 100vw, 230px\" \/><\/a><\/h2>\n<h2 style=\"text-align: center;\"><\/h2>\n<h2 style=\"text-align: center;\"><a href=\"https:\/\/sites.usp.br\/prolam\/wp-content\/uploads\/sites\/35\/2019\/04\/Comissao-Org_01.jpg\">Comiss\u00e3o Cient\u00edfica<br \/>\nI Congresso Internacional Pensamento e Pesquisa sobre a Am\u00e9rica Latina<br \/>\n(I CIPPAL)<br \/>\n<img loading=\"lazy\" decoding=\"async\" class=\"alignnone size-medium wp-image-4343\" src=\"https:\/\/sites.usp.br\/prolam\/wp-content\/uploads\/sites\/35\/2019\/04\/Comissao-Org_01-230x300.jpg\" alt=\"\" width=\"230\" height=\"300\" srcset=\"https:\/\/sites.usp.br\/prolam\/wp-content\/uploads\/sites\/35\/2019\/04\/Comissao-Org_01-230x300.jpg 230w, https:\/\/sites.usp.br\/prolam\/wp-content\/uploads\/sites\/35\/2019\/04\/Comissao-Org_01-768x1000.jpg 768w, https:\/\/sites.usp.br\/prolam\/wp-content\/uploads\/sites\/35\/2019\/04\/Comissao-Org_01-786x1024.jpg 786w, https:\/\/sites.usp.br\/prolam\/wp-content\/uploads\/sites\/35\/2019\/04\/Comissao-Org_01-400x521.jpg 400w, https:\/\/sites.usp.br\/prolam\/wp-content\/uploads\/sites\/35\/2019\/04\/Comissao-Org_01.jpg 983w\" sizes=\"auto, (max-width: 230px) 100vw, 230px\" \/><\/a><a href=\"https:\/\/sites.usp.br\/prolam\/wp-content\/uploads\/sites\/35\/2019\/04\/Comissao-Org_02.jpg\"><img loading=\"lazy\" decoding=\"async\" class=\"alignnone size-medium wp-image-4344\" src=\"https:\/\/sites.usp.br\/prolam\/wp-content\/uploads\/sites\/35\/2019\/04\/Comissao-Org_02-230x300.jpg\" alt=\"\" width=\"230\" height=\"300\" srcset=\"https:\/\/sites.usp.br\/prolam\/wp-content\/uploads\/sites\/35\/2019\/04\/Comissao-Org_02-230x300.jpg 230w, https:\/\/sites.usp.br\/prolam\/wp-content\/uploads\/sites\/35\/2019\/04\/Comissao-Org_02-768x1000.jpg 768w, https:\/\/sites.usp.br\/prolam\/wp-content\/uploads\/sites\/35\/2019\/04\/Comissao-Org_02-786x1024.jpg 786w, https:\/\/sites.usp.br\/prolam\/wp-content\/uploads\/sites\/35\/2019\/04\/Comissao-Org_02-400x521.jpg 400w, https:\/\/sites.usp.br\/prolam\/wp-content\/uploads\/sites\/35\/2019\/04\/Comissao-Org_02.jpg 983w\" sizes=\"auto, (max-width: 230px) 100vw, 230px\" \/><\/a><a href=\"https:\/\/sites.usp.br\/prolam\/wp-content\/uploads\/sites\/35\/2019\/04\/Comissao-Org_03.jpg\"><img loading=\"lazy\" decoding=\"async\" class=\"alignnone size-medium wp-image-4342\" src=\"https:\/\/sites.usp.br\/prolam\/wp-content\/uploads\/sites\/35\/2019\/04\/Comissao-Org_03-230x300.jpg\" alt=\"\" width=\"230\" height=\"300\" srcset=\"https:\/\/sites.usp.br\/prolam\/wp-content\/uploads\/sites\/35\/2019\/04\/Comissao-Org_03-230x300.jpg 230w, https:\/\/sites.usp.br\/prolam\/wp-content\/uploads\/sites\/35\/2019\/04\/Comissao-Org_03-768x1000.jpg 768w, https:\/\/sites.usp.br\/prolam\/wp-content\/uploads\/sites\/35\/2019\/04\/Comissao-Org_03-786x1024.jpg 786w, https:\/\/sites.usp.br\/prolam\/wp-content\/uploads\/sites\/35\/2019\/04\/Comissao-Org_03-400x521.jpg 400w, https:\/\/sites.usp.br\/prolam\/wp-content\/uploads\/sites\/35\/2019\/04\/Comissao-Org_03.jpg 983w\" sizes=\"auto, (max-width: 230px) 100vw, 230px\" \/><\/a><\/h2>\n<p style=\"text-align: center;\"><a href=\"https:\/\/sites.usp.br\/prolam\/wp-content\/uploads\/sites\/35\/2019\/04\/04_Comissao-organizadora.jpg\"><strong>Comiss\u00e3o Organizadora do I CIPPAL e III SIPPAL<\/strong><img loading=\"lazy\" decoding=\"async\" class=\"size-medium wp-image-4337 aligncenter\" src=\"https:\/\/sites.usp.br\/prolam\/wp-content\/uploads\/sites\/35\/2019\/04\/04_Comissao-organizadora-230x300.jpg\" alt=\"\" width=\"230\" height=\"300\" srcset=\"https:\/\/sites.usp.br\/prolam\/wp-content\/uploads\/sites\/35\/2019\/04\/04_Comissao-organizadora-230x300.jpg 230w, https:\/\/sites.usp.br\/prolam\/wp-content\/uploads\/sites\/35\/2019\/04\/04_Comissao-organizadora-768x1000.jpg 768w, https:\/\/sites.usp.br\/prolam\/wp-content\/uploads\/sites\/35\/2019\/04\/04_Comissao-organizadora-786x1024.jpg 786w, https:\/\/sites.usp.br\/prolam\/wp-content\/uploads\/sites\/35\/2019\/04\/04_Comissao-organizadora-400x521.jpg 400w, https:\/\/sites.usp.br\/prolam\/wp-content\/uploads\/sites\/35\/2019\/04\/04_Comissao-organizadora.jpg 983w\" sizes=\"auto, (max-width: 230px) 100vw, 230px\" \/><\/a><a href=\"https:\/\/sites.usp.br\/prolam\/wp-content\/uploads\/sites\/35\/2019\/04\/06_Comunica\u00e7\u00e3o.jpg\"><strong>Comiss\u00f5es de Comunica\u00e7\u00e3o Social, Cultura e Extens\u00e3o e Dire\u00e7\u00e3o Editorial<\/strong><br \/>\n<img loading=\"lazy\" decoding=\"async\" class=\"alignnone size-medium wp-image-4339\" src=\"https:\/\/sites.usp.br\/prolam\/wp-content\/uploads\/sites\/35\/2019\/04\/06_Comunica\u00e7\u00e3o-230x300.jpg\" alt=\"\" width=\"230\" height=\"300\" srcset=\"https:\/\/sites.usp.br\/prolam\/wp-content\/uploads\/sites\/35\/2019\/04\/06_Comunica\u00e7\u00e3o-230x300.jpg 230w, https:\/\/sites.usp.br\/prolam\/wp-content\/uploads\/sites\/35\/2019\/04\/06_Comunica\u00e7\u00e3o-768x1000.jpg 768w, https:\/\/sites.usp.br\/prolam\/wp-content\/uploads\/sites\/35\/2019\/04\/06_Comunica\u00e7\u00e3o-786x1024.jpg 786w, https:\/\/sites.usp.br\/prolam\/wp-content\/uploads\/sites\/35\/2019\/04\/06_Comunica\u00e7\u00e3o-400x521.jpg 400w, https:\/\/sites.usp.br\/prolam\/wp-content\/uploads\/sites\/35\/2019\/04\/06_Comunica\u00e7\u00e3o.jpg 983w\" sizes=\"auto, (max-width: 230px) 100vw, 230px\" \/><\/a><a href=\"https:\/\/sites.usp.br\/prolam\/wp-content\/uploads\/sites\/35\/2019\/04\/05_Design.jpg\"><img loading=\"lazy\" decoding=\"async\" class=\"alignnone size-medium wp-image-4338\" src=\"https:\/\/sites.usp.br\/prolam\/wp-content\/uploads\/sites\/35\/2019\/04\/05_Design-230x300.jpg\" alt=\"\" width=\"230\" height=\"300\" srcset=\"https:\/\/sites.usp.br\/prolam\/wp-content\/uploads\/sites\/35\/2019\/04\/05_Design-230x300.jpg 230w, https:\/\/sites.usp.br\/prolam\/wp-content\/uploads\/sites\/35\/2019\/04\/05_Design-768x1000.jpg 768w, https:\/\/sites.usp.br\/prolam\/wp-content\/uploads\/sites\/35\/2019\/04\/05_Design-786x1024.jpg 786w, https:\/\/sites.usp.br\/prolam\/wp-content\/uploads\/sites\/35\/2019\/04\/05_Design-400x521.jpg 400w, https:\/\/sites.usp.br\/prolam\/wp-content\/uploads\/sites\/35\/2019\/04\/05_Design.jpg 983w\" sizes=\"auto, (max-width: 230px) 100vw, 230px\" \/><\/a><\/p>\n<p>&nbsp;<\/p>\n<h2 style=\"text-align: center;\"><\/h2>\n<h2 style=\"text-align: center;\"><\/h2>\n<h2 style=\"text-align: center;\"><\/h2>\n<p>&nbsp;<\/p>\n<p>&nbsp;<\/p>","protected":false},"excerpt":{"rendered":"<p>Programa de P\u00f3s-Gradua\u00e7\u00e3o Integra\u00e7\u00e3o da Am\u00e9rica Latina (PROLAM\/USP) Coordena\u00e7\u00e3o Geral \/ Comiss\u00e3o T\u00e9cnico Cient\u00edfica I Congresso Internacional Pensamento e Pesquisa sobre a Am\u00e9rica Latina\u00a0(I CIPPAL) III Simp\u00f3sio Internacional Pensar e Repensar a Am\u00e9rica Latina (III SIPPAL) Comiss\u00e3o Cient\u00edfica III Simp\u00f3sio &hellip; <a href=\"https:\/\/sites.usp.br\/prolam\/en\/comissao-organizadora\/\">Continue reading <span class=\"meta-nav\">&rarr;<\/span><\/a><\/p>\n","protected":false},"author":45,"featured_media":0,"parent":0,"menu_order":5,"comment_status":"closed","ping_status":"closed","template":"","meta":{"footnotes":"","_links_to":"","_links_to_target":""},"class_list":["post-398","page","type-page","status-publish","hentry"],"_links":{"self":[{"href":"https:\/\/sites.usp.br\/prolam\/en\/wp-json\/wp\/v2\/pages\/398","targetHints":{"allow":["GET"]}}],"collection":[{"href":"https:\/\/sites.usp.br\/prolam\/en\/wp-json\/wp\/v2\/pages"}],"about":[{"href":"https:\/\/sites.usp.br\/prolam\/en\/wp-json\/wp\/v2\/types\/page"}],"author":[{"embeddable":true,"href":"https:\/\/sites.usp.br\/prolam\/en\/wp-json\/wp\/v2\/users\/45"}],"replies":[{"embeddable":true,"href":"https:\/\/sites.usp.br\/prolam\/en\/wp-json\/wp\/v2\/comments?post=398"}],"version-history":[{"count":7,"href":"https:\/\/sites.usp.br\/prolam\/en\/wp-json\/wp\/v2\/pages\/398\/revisions"}],"predecessor-version":[{"id":4356,"href":"https:\/\/sites.usp.br\/prolam\/en\/wp-json\/wp\/v2\/pages\/398\/revisions\/4356"}],"wp:attachment":[{"href":"https:\/\/sites.usp.br\/prolam\/en\/wp-json\/wp\/v2\/media?parent=398"}],"curies":[{"name":"wp","href":"https:\/\/api.w.org\/{rel}","templated":true}]}}