{"id":431,"date":"2014-06-16T22:38:31","date_gmt":"2014-06-17T00:38:31","guid":{"rendered":"http:\/\/sites.usp.br\/prolam\/?page_id=431"},"modified":"2019-05-06T10:27:45","modified_gmt":"2019-05-06T13:27:45","slug":"onde-comer","status":"publish","type":"page","link":"https:\/\/sites.usp.br\/prolam\/en\/onde-comer\/","title":{"rendered":"Onde comer"},"content":{"rendered":"<p><strong>Alimenta\u00e7\u00e3o dentro da\u00a0 FFLCH<\/strong><\/p>\n<ul>\n<li><strong><span style=\"color: #339966;\">Restaurante da Hist\u00f3ria e Geografia<\/span><br \/>\n<\/strong>Localizada ao lado do Anfiteatro Nicolau Scevcenko.<br \/>\nAlmo\u00e7o executivo por R$ 13,00. Oferece op\u00e7\u00e3o vegetariana<\/li>\n<li><span style=\"color: #339966;\"><strong>Lanchonete da Letras<\/strong><\/span><br \/>\nNo t\u00e9rreo da Letras<\/li>\n<li><strong><span style=\"color: #339966;\">Tenda da Elenita<\/span><br \/>\n<\/strong>No espa\u00e7o \u201cAqu\u00e1rio\u201d do pr\u00e9dio da Hist\u00f3ria e Geografia<br \/>\nOp\u00e7\u00f5es veganas de lanches por R$ 6,00<\/li>\n<li><span style=\"color: #339966;\"><strong>Food truck<br \/>\n<\/strong><\/span>Localiza-se no estacionamento entre os pr\u00e9dios da Hist\u00f3ria e Ci\u00eancias Sociais<\/li>\n<\/ul>\n<p><strong>Alimenta\u00e7\u00e3o perto da FFLCH<\/strong><\/p>\n<p>Restaurantes<\/p>\n<ul>\n<li><span style=\"color: #339966;\"><b>Restaurante da Biblioteca Brasiliana<br \/>\n<\/b><\/span>Mezanino da Livraria da EDUSP. Op\u00e7\u00f5es de pratos diversos: salada, carnes\/frangos\/peixes e outros. Cafeteria at\u00e9 18h.<\/li>\n<li><span style=\"color: #008000;\"><b>Restaurante da Dona Leoa (Gr\u00eamio da<\/b> <b>ECA)<br \/>\n<\/b><\/span>Pre\u00e7o Popular por quilo e prato feito. Op\u00e7\u00f5es vegetarianas.<\/li>\n<li><span style=\"color: #339966;\"><b>Restaurante da FEA &#8211; <\/b><b>Sweden<br \/>\n<\/b><\/span>Duas possibilidades, por kilo e buffet. O buffet custa: R$ 62,00 por pessoa. Durante todo o dia: sanduiches, salgados, bolos, sorvetes, sucos, caf\u00e9s, etc<\/li>\n<li><span style=\"color: #339966;\"><b>Restaurante da FAU\u2013 Cooperativa Monte <\/b><b>Sinai<br \/>\n<\/b><\/span>Restaurante barato por quilo.<\/li>\n<li><span style=\"color: #339966;\">Restaurante CEPAM\/ETEC,<\/span> em frente ao Instituto de Qu\u00edmica (IQ)<\/li>\n<li><span style=\"color: #339966;\">Restaurante CEPEUSP, <span style=\"color: #000000;\">dentro do Centro de Pr\u00e1ticas Esportivas da USP<\/span><\/span><\/li>\n<\/ul>\n<p><b>Bandej\u00f5es<\/b><\/p>\n<ul>\n<li><span style=\"color: #339966;\">Restaurante Central Universit\u00e1rio,<\/span> ao lado do Conjunto Residencial da USP<\/li>\n<li><span style=\"color: #339966;\">Restaurante da Qu\u00edmica (IQ) e da Farm\u00e1cia (FCF)<\/span>, na parte detr\u00e1s da FFLCH<br \/>\nO pre\u00e7o do Bandej\u00e3o \u00e9 R$ 13,00. Tem op\u00e7\u00e3o vegetariana, mas a compra do ticket\/almo\u00e7o deve ser realizada na SAS &#8211; Superintend\u00eancia de Assist\u00eancia Social, localizada no corredor do Restaurante Central.<\/li>\n<\/ul>\n<p>Lanchonetes<\/p>\n<ul>\n<li><span style=\"color: #339966;\"><b>USP\u00e3o<\/b>.<\/span> Padaria e lanchonete no Bloco F do CRUSP. Fica <b>a<\/b>o lado do Bandej\u00e3o Central e tem lanches de R$ 6,00<\/li>\n<\/ul>\n<p><span style=\"color: #000000;\"><b>Outros Food <\/b><b>truck<\/b><\/span><\/p>\n<ul>\n<li>V\u00e1rias alternativas: no estacionamento da Qu\u00edmica (IQ) e no estacionamento da Biblioteca Brasiliana<\/li>\n<\/ul>\n<p><a href=\"https:\/\/sites.usp.br\/prolam\/wp-content\/uploads\/sites\/35\/2019\/04\/Alimenta\u00e7ao.jpg\"><img loading=\"lazy\" decoding=\"async\" class=\"alignnone wp-image-4587 size-large\" src=\"https:\/\/sites.usp.br\/prolam\/wp-content\/uploads\/sites\/35\/2019\/04\/Alimenta\u00e7ao-1024x576.jpg\" alt=\"\" width=\"584\" height=\"329\" srcset=\"https:\/\/sites.usp.br\/prolam\/wp-content\/uploads\/sites\/35\/2019\/04\/Alimenta\u00e7ao-1024x576.jpg 1024w, https:\/\/sites.usp.br\/prolam\/wp-content\/uploads\/sites\/35\/2019\/04\/Alimenta\u00e7ao-300x169.jpg 300w, https:\/\/sites.usp.br\/prolam\/wp-content\/uploads\/sites\/35\/2019\/04\/Alimenta\u00e7ao-768x432.jpg 768w, https:\/\/sites.usp.br\/prolam\/wp-content\/uploads\/sites\/35\/2019\/04\/Alimenta\u00e7ao-500x281.jpg 500w, https:\/\/sites.usp.br\/prolam\/wp-content\/uploads\/sites\/35\/2019\/04\/Alimenta\u00e7ao-310x174.jpg 310w, https:\/\/sites.usp.br\/prolam\/wp-content\/uploads\/sites\/35\/2019\/04\/Alimenta\u00e7ao-400x225.jpg 400w, https:\/\/sites.usp.br\/prolam\/wp-content\/uploads\/sites\/35\/2019\/04\/Alimenta\u00e7ao.jpg 1280w\" sizes=\"auto, (max-width: 584px) 100vw, 584px\" \/><\/a><\/p>\n<p>&nbsp;<\/p>\n<p>&nbsp;<\/p>","protected":false},"excerpt":{"rendered":"<p>Alimenta\u00e7\u00e3o dentro da\u00a0 FFLCH Restaurante da Hist\u00f3ria e Geografia Localizada ao lado do Anfiteatro Nicolau Scevcenko. Almo\u00e7o executivo por R$ 13,00. Oferece op\u00e7\u00e3o vegetariana Lanchonete da Letras No t\u00e9rreo da Letras Tenda da Elenita No espa\u00e7o \u201cAqu\u00e1rio\u201d do pr\u00e9dio da &hellip; <a href=\"https:\/\/sites.usp.br\/prolam\/en\/onde-comer\/\">Continue reading <span class=\"meta-nav\">&rarr;<\/span><\/a><\/p>\n","protected":false},"author":45,"featured_media":0,"parent":0,"menu_order":5,"comment_status":"closed","ping_status":"closed","template":"","meta":{"footnotes":"","_links_to":"","_links_to_target":""},"class_list":["post-431","page","type-page","status-publish","hentry"],"_links":{"self":[{"href":"https:\/\/sites.usp.br\/prolam\/en\/wp-json\/wp\/v2\/pages\/431","targetHints":{"allow":["GET"]}}],"collection":[{"href":"https:\/\/sites.usp.br\/prolam\/en\/wp-json\/wp\/v2\/pages"}],"about":[{"href":"https:\/\/sites.usp.br\/prolam\/en\/wp-json\/wp\/v2\/types\/page"}],"author":[{"embeddable":true,"href":"https:\/\/sites.usp.br\/prolam\/en\/wp-json\/wp\/v2\/users\/45"}],"replies":[{"embeddable":true,"href":"https:\/\/sites.usp.br\/prolam\/en\/wp-json\/wp\/v2\/comments?post=431"}],"version-history":[{"count":5,"href":"https:\/\/sites.usp.br\/prolam\/en\/wp-json\/wp\/v2\/pages\/431\/revisions"}],"predecessor-version":[{"id":4729,"href":"https:\/\/sites.usp.br\/prolam\/en\/wp-json\/wp\/v2\/pages\/431\/revisions\/4729"}],"wp:attachment":[{"href":"https:\/\/sites.usp.br\/prolam\/en\/wp-json\/wp\/v2\/media?parent=431"}],"curies":[{"name":"wp","href":"https:\/\/api.w.org\/{rel}","templated":true}]}}