{"id":4819,"date":"2019-10-01T22:59:01","date_gmt":"2019-10-02T01:59:01","guid":{"rendered":"http:\/\/sites.usp.br\/prolam\/?page_id=4819"},"modified":"2021-09-27T10:52:40","modified_gmt":"2021-09-27T13:52:40","slug":"estado_lutas_sociais","status":"publish","type":"page","link":"https:\/\/sites.usp.br\/prolam\/en\/estado_lutas_sociais\/","title":{"rendered":"(Portugu\u00eas) Estado e lutas sociais na Am\u00e9rica Latina: sociedade, economia e pol\u00edtica"},"content":{"rendered":"<p class=\"qtranxs-available-languages-message qtranxs-available-languages-message-en\">Sorry, this entry is only available in <a href=\"https:\/\/sites.usp.br\/prolam\/pt\/wp-json\/wp\/v2\/pages\/4819\" class=\"qtranxs-available-language-link qtranxs-available-language-link-pt\" title=\"Portugu\u00eas\">Portugu\u00eas<\/a> and <a href=\"https:\/\/sites.usp.br\/prolam\/es\/wp-json\/wp\/v2\/pages\/4819\" class=\"qtranxs-available-language-link qtranxs-available-language-link-es\" title=\"Castellano\">Castellano<\/a>.<\/p>","protected":false},"excerpt":{"rendered":"<p>Sorry, this entry is only available in Portugu\u00eas and Castellano.<\/p>\n","protected":false},"author":754,"featured_media":0,"parent":0,"menu_order":5,"comment_status":"closed","ping_status":"closed","template":"","meta":{"footnotes":"","_links_to":"","_links_to_target":""},"class_list":["post-4819","page","type-page","status-publish","hentry"],"_links":{"self":[{"href":"https:\/\/sites.usp.br\/prolam\/en\/wp-json\/wp\/v2\/pages\/4819","targetHints":{"allow":["GET"]}}],"collection":[{"href":"https:\/\/sites.usp.br\/prolam\/en\/wp-json\/wp\/v2\/pages"}],"about":[{"href":"https:\/\/sites.usp.br\/prolam\/en\/wp-json\/wp\/v2\/types\/page"}],"author":[{"embeddable":true,"href":"https:\/\/sites.usp.br\/prolam\/en\/wp-json\/wp\/v2\/users\/754"}],"replies":[{"embeddable":true,"href":"https:\/\/sites.usp.br\/prolam\/en\/wp-json\/wp\/v2\/comments?post=4819"}],"version-history":[{"count":4,"href":"https:\/\/sites.usp.br\/prolam\/en\/wp-json\/wp\/v2\/pages\/4819\/revisions"}],"predecessor-version":[{"id":5784,"href":"https:\/\/sites.usp.br\/prolam\/en\/wp-json\/wp\/v2\/pages\/4819\/revisions\/5784"}],"wp:attachment":[{"href":"https:\/\/sites.usp.br\/prolam\/en\/wp-json\/wp\/v2\/media?parent=4819"}],"curies":[{"name":"wp","href":"https:\/\/api.w.org\/{rel}","templated":true}]}}