{"id":4943,"date":"2021-01-03T13:51:23","date_gmt":"2021-01-03T16:51:23","guid":{"rendered":"http:\/\/sites.usp.br\/prolam\/?page_id=4943"},"modified":"2021-11-19T21:45:13","modified_gmt":"2021-11-20T00:45:13","slug":"publicoes-em-parceria","status":"publish","type":"page","link":"https:\/\/sites.usp.br\/prolam\/en\/publicoes-em-parceria\/","title":{"rendered":"(Portugu\u00eas) Publica\u00e7\u00f5es em parceria"},"content":{"rendered":"<p class=\"qtranxs-available-languages-message qtranxs-available-languages-message-en\">Sorry, this entry is only available in <a href=\"https:\/\/sites.usp.br\/prolam\/pt\/wp-json\/wp\/v2\/pages\/4943\" class=\"qtranxs-available-language-link qtranxs-available-language-link-pt\" title=\"Portugu\u00eas\">Portugu\u00eas<\/a> and <a href=\"https:\/\/sites.usp.br\/prolam\/es\/wp-json\/wp\/v2\/pages\/4943\" class=\"qtranxs-available-language-link qtranxs-available-language-link-es\" title=\"Castellano\">Castellano<\/a>.<\/p>","protected":false},"excerpt":{"rendered":"<p>Sorry, this entry is only available in Portugu\u00eas and Castellano.<\/p>\n","protected":false},"author":754,"featured_media":0,"parent":0,"menu_order":2,"comment_status":"closed","ping_status":"closed","template":"","meta":{"footnotes":"","_links_to":"","_links_to_target":""},"class_list":["post-4943","page","type-page","status-publish","hentry"],"_links":{"self":[{"href":"https:\/\/sites.usp.br\/prolam\/en\/wp-json\/wp\/v2\/pages\/4943","targetHints":{"allow":["GET"]}}],"collection":[{"href":"https:\/\/sites.usp.br\/prolam\/en\/wp-json\/wp\/v2\/pages"}],"about":[{"href":"https:\/\/sites.usp.br\/prolam\/en\/wp-json\/wp\/v2\/types\/page"}],"author":[{"embeddable":true,"href":"https:\/\/sites.usp.br\/prolam\/en\/wp-json\/wp\/v2\/users\/754"}],"replies":[{"embeddable":true,"href":"https:\/\/sites.usp.br\/prolam\/en\/wp-json\/wp\/v2\/comments?post=4943"}],"version-history":[{"count":4,"href":"https:\/\/sites.usp.br\/prolam\/en\/wp-json\/wp\/v2\/pages\/4943\/revisions"}],"predecessor-version":[{"id":5837,"href":"https:\/\/sites.usp.br\/prolam\/en\/wp-json\/wp\/v2\/pages\/4943\/revisions\/5837"}],"wp:attachment":[{"href":"https:\/\/sites.usp.br\/prolam\/en\/wp-json\/wp\/v2\/media?parent=4943"}],"curies":[{"name":"wp","href":"https:\/\/api.w.org\/{rel}","templated":true}]}}