{"id":673,"date":"2014-07-21T19:50:37","date_gmt":"2014-07-21T21:50:37","guid":{"rendered":"http:\/\/sites.usp.br\/prolam\/?page_id=673"},"modified":"2019-05-04T16:25:47","modified_gmt":"2019-05-04T19:25:47","slug":"duvidas-frequentes","status":"publish","type":"page","link":"https:\/\/sites.usp.br\/prolam\/en\/duvidas-frequentes\/","title":{"rendered":"Frequently Asked Questions (FAQ)"},"content":{"rendered":"<p><\/p>\n<p style=\"text-align: justify;\"><span style=\"color: #0000ff;\"><a style=\"color: #0000ff;\" href=\"http:\/\/sites.usp.br\/prolam\/como-chegar\/\">How can I reach the event?<br \/>\n<\/a><a style=\"color: #0000ff;\" href=\"http:\/\/sites.usp.br\/prolam\/onde-ficar\/\">Where to stay?<\/a><\/span><br \/>\n<span style=\"color: #0000ff;\"><a style=\"color: #0000ff;\" href=\"http:\/\/sites.usp.br\/prolam\/onde-comer\/\">Where to eat?<\/a><\/span><\/p>\n<p>Alguns aplicativos que v\u00e3o ajud\u00e1-lo a se localizar na USP<\/p>\n<ul>\n<li><strong>Guia USP (Aplicativo que ajuda a se localizar no Campus)<\/strong>: <a href=\"https:\/\/play.google.com\/store\/apps\/details?id=br.usp.guiausp\" target=\"_blank\" rel=\"noopener\" data-saferedirecturl=\"https:\/\/www.google.com\/url?q=https:\/\/play.google.com\/store\/apps\/details?id%3Dbr.usp.guiausp&amp;source=gmail&amp;ust=1556878105625000&amp;usg=AFQjCNGFMT0i3F6Qt9h-Wdcu7T2vYG0P7g\"><span style=\"color: #0000ff;\">https:\/\/play.google.com\/store\/<wbr \/>apps\/details?id=br.usp.guiausp<\/span><\/a><\/li>\n<li dir=\"ltr\"><strong>Circular usp (Aplicativo com as informa\u00e7\u00f5es do Circular da USP): <\/strong><span style=\"color: #0000ff;\"><a style=\"color: #0000ff;\" href=\"https:\/\/play.google.com\/store\/apps\/details?id=br.usp.circular.onibus&amp;hl=pt_BR\" target=\"_blank\" rel=\"noopener\" data-saferedirecturl=\"https:\/\/www.google.com\/url?q=https:\/\/play.google.com\/store\/apps\/details?id%3Dbr.usp.circular.onibus%26hl%3Dpt_BR&amp;source=gmail&amp;ust=1556878105625000&amp;usg=AFQjCNHtUwwuKTI5wMt7l_4pm914gB1vbw\">https:\/\/play.google.com\/store\/<wbr \/>apps\/details?id=br.usp.<wbr \/>circular.onibus&amp;hl=pt_BR<\/a><\/span><\/li>\n<li dir=\"ltr\"><strong>Moovit<\/strong> (<strong>aplicativo do transporte em S\u00e3o Paulo)<\/strong>: <a href=\"https:\/\/play.google.com\/store\/apps\/details?id=com.tranzmate\" target=\"_blank\" rel=\"noopener\" data-saferedirecturl=\"https:\/\/www.google.com\/url?q=https:\/\/play.google.com\/store\/apps\/details?id%3Dcom.tranzmate&amp;source=gmail&amp;ust=1556878105625000&amp;usg=AFQjCNGiwMjxpVzBOl9Kf1vZkUw-ae7r8Q\"><span style=\"color: #0000ff;\">https:\/\/play.google.com\/store\/<wbr \/>apps\/details?id=com.tranzmate<\/span><\/a><\/li>\n<li dir=\"ltr\"><strong>Entreartes (Aplicativo para conhecer e participar das diversas atividades culturais que acontecem na USP):<\/strong> <a href=\"https:\/\/play.google.com\/store\/apps\/details?id=br.usp.entreartes\" target=\"_blank\" rel=\"noopener\" data-saferedirecturl=\"https:\/\/www.google.com\/url?q=https:\/\/play.google.com\/store\/apps\/details?id%3Dbr.usp.entreartes&amp;source=gmail&amp;ust=1556878105625000&amp;usg=AFQjCNFk1baUyOOvqmm-sduTkrRPrI0uQQ\"><span style=\"color: #0000ff;\">https:\/\/play.google.com\/store\/<wbr \/>apps\/details?id=br.usp.<wbr \/>entreartes<\/span><\/a><\/li>\n<li dir=\"ltr\"><strong>Bibliotecas USP(Aplicativo para conhecer e pesquisar nas bibliotecas da USP)<\/strong>: <a href=\"https:\/\/play.google.com\/store\/apps\/details?id=br.usp.bibliotecas_usp\" target=\"_blank\" rel=\"noopener\" data-saferedirecturl=\"https:\/\/www.google.com\/url?q=https:\/\/play.google.com\/store\/apps\/details?id%3Dbr.usp.bibliotecas_usp&amp;source=gmail&amp;ust=1556878105626000&amp;usg=AFQjCNHFo5oLr6zRVEN-XUTCHktBFwz_Qg\"><span style=\"color: #0000ff;\">https:\/\/play.google.com\/store\/<wbr \/>apps\/details?id=br.usp.<wbr \/>bibliotecas_usp<\/span><\/a><\/li>\n<li dir=\"ltr\"><strong>Jornal da USP (Jornal semanal oficial da USP):<\/strong> <a href=\"https:\/\/play.google.com\/store\/apps\/details?id=br.usp.jornal_da_usp\" target=\"_blank\" rel=\"noopener\" data-saferedirecturl=\"https:\/\/www.google.com\/url?q=https:\/\/play.google.com\/store\/apps\/details?id%3Dbr.usp.jornal_da_usp&amp;source=gmail&amp;ust=1556878105626000&amp;usg=AFQjCNHTCBNmp6cwldoVHETqQFjDpUzO_Q\"><span style=\"color: #0000ff;\">https:\/\/play.google.com\/store\/<wbr \/>apps\/details?id=br.usp.jornal_<wbr \/>da_usp<\/span><\/a><\/li>\n<li dir=\"ltr\"><strong>Card\u00e1pio USP (card\u00e1pio do Bandej\u00e3o): <\/strong><span style=\"color: #0000ff;\"><a style=\"color: #0000ff;\" href=\"https:\/\/play.google.com\/store\/apps\/details?id=br.usp.cardapio_usp\" target=\"_blank\" rel=\"noopener\" data-saferedirecturl=\"https:\/\/www.google.com\/url?q=https:\/\/play.google.com\/store\/apps\/details?id%3Dbr.usp.cardapio_usp&amp;source=gmail&amp;ust=1556878105625000&amp;usg=AFQjCNE4Wa-rSvgqUC-T9K6lWvfkTt75Dg\">https:\/\/play.google.com\/store\/<wbr \/>apps\/details?id=br.usp.<wbr \/>cardapio_usp<\/a><\/span><\/li>\n<li dir=\"ltr\"><strong>Campus usp (outros aplicativos da USP)<\/strong>:<span style=\"color: #0000ff;\"> <a style=\"color: #0000ff;\" href=\"https:\/\/play.google.com\/store\/apps\/details?id=br.usp.campus_usp\" target=\"_blank\" rel=\"noopener\" data-saferedirecturl=\"https:\/\/www.google.com\/url?q=https:\/\/play.google.com\/store\/apps\/details?id%3Dbr.usp.campus_usp&amp;source=gmail&amp;ust=1556878105626000&amp;usg=AFQjCNFvYvRFtm1f4rifrBp39URY_GJ5sg\">https:\/\/play.google.com\/store\/<wbr \/>apps\/details?id=br.usp.campus_<wbr \/>usp<\/a><\/span><\/li>\n<\/ul>\n<p style=\"text-align: justify;\">We highlight some doubts sent to the Organizing Committee. See if your questions are listed below. If you have any questions that are not here, please write to us: <span style=\"text-decoration: underline;\"><strong>prolam_usp@usp.br<\/strong><\/span><\/p>\n<p><strong>1) Who can I apply as a paper presenter?<\/strong><\/p>\n<p>Graduates, graduate students, researchers and teachers. Undergraduate students may also apply for co-authoring with Professor, Graduate and \/or Researcher.<\/p>\n<p><strong>2-) I am graduating but I would like to present a work. Can I?<\/strong><\/p>\n<p>Graduates may submit work as long as it is co-authoring with a teacher, post-graduate or researcher or if the tutor is aware of their work.<\/p>\n<p><strong>3-) To whom should I send the text\/ inscription to present a paper?<\/strong><\/p>\n<p>The texts to be published in the ANNALS of the Congress should be deposited in a specific Platform created for the event and that will be published at the relevant time.<\/p>\n<p><strong>4-) Is it possible to register by email?<\/strong><\/p>\n<p>No.<\/p>\n<p><strong>5-) How many works can I send?<\/strong><\/p>\n<p>Each proposer may submit up to three papers, one as the lead author and two as a co-author.<\/p>\n<p><strong>6-) What is the deadline for payment?<\/strong><\/p>\n<p>Payment must be made immediately after Submission of the Abstracts and at the time of Registration. The maximum date for the Submission of Summaries and Payments December\u00a010th , 2018. Students who wish to take a Short Term Course must pay until March, 20th 2019.<\/p>\n<p><strong>7-) Is it possible to obtain free registration for paper presenter?<\/strong><\/p>\n<p>Yes. Requests must be made directly to the Organizing Committee in the electronic mail of the event (prolam_usp@usp.br) until 30th October, 2018. See the conditions for exemption in item 3, subsection (b) of the Submissions.<\/p>\n<p><strong>8-) When will the results of the approved abstracts be released?<\/strong><\/p>\n<p>As of February 10th, 2019, the results will be available on our website and the enrollees will receive an email with the result.<\/p>\n<p><strong>9-) If you have my abstract approved and would like to publish my complete work in the proceedings of the Symposium, what is the deadline to send it?<\/strong><\/p>\n<p>From May 10th to May 30th, 2019 a specific section will be available in the Platform for Entries for the Complete Works.<\/p>\n<p><strong>10-) Can I change the date of my presentation?<\/strong><\/p>\n<p>No, the timing of oral communications can not be changed (mainly by day).<\/p>\n<p><strong>11-) Is it possible to present at distance (by skype and etc)?<\/strong><\/p>\n<p>Unfortunately not because we do not have the necessary structure.<\/p>\n<p><strong>12-) Will a projector and computer be available?<\/strong><\/p>\n<p>Yes, all Research Seminars will have a projector and a computer, if the author wishes to take a presentation. We only ask you to take the presentation ready and use the event computer, so there are no delays in the presentations.<\/p>\n<p><strong>13-) Will the &#8220;International Symposium Thinking and Rethinking Latin America&#8221; \u200b\u200bgrant a certificate of participation hours for listeners?<\/strong><\/p>\n<p>We will grant 30-hour attendance certificates for listeners who are enrolled and who have a minimum of 75% attendance and also for job presenters.<\/p>\n<p><strong>14-) I would like to release my book. How should I proceed?<\/strong><\/p>\n<p><strong>Those who have books published between 2017, 2018 and 2019 and dealing with Latin American themes should send an email expressing the interest to prolam_usp@usp.br<\/strong><\/p>","protected":false},"excerpt":{"rendered":"<p>How can I reach the event? Where to stay? Where to eat? Alguns aplicativos que v\u00e3o ajud\u00e1-lo a se localizar na USP Guia USP (Aplicativo que ajuda a se localizar no Campus): https:\/\/play.google.com\/store\/apps\/details?id=br.usp.guiausp Circular usp (Aplicativo com as informa\u00e7\u00f5es do &hellip; <a href=\"https:\/\/sites.usp.br\/prolam\/en\/duvidas-frequentes\/\">Continue reading <span class=\"meta-nav\">&rarr;<\/span><\/a><\/p>\n","protected":false},"author":45,"featured_media":0,"parent":0,"menu_order":5,"comment_status":"closed","ping_status":"closed","template":"","meta":{"footnotes":"","_links_to":"","_links_to_target":""},"class_list":["post-673","page","type-page","status-publish","hentry"],"_links":{"self":[{"href":"https:\/\/sites.usp.br\/prolam\/en\/wp-json\/wp\/v2\/pages\/673","targetHints":{"allow":["GET"]}}],"collection":[{"href":"https:\/\/sites.usp.br\/prolam\/en\/wp-json\/wp\/v2\/pages"}],"about":[{"href":"https:\/\/sites.usp.br\/prolam\/en\/wp-json\/wp\/v2\/types\/page"}],"author":[{"embeddable":true,"href":"https:\/\/sites.usp.br\/prolam\/en\/wp-json\/wp\/v2\/users\/45"}],"replies":[{"embeddable":true,"href":"https:\/\/sites.usp.br\/prolam\/en\/wp-json\/wp\/v2\/comments?post=673"}],"version-history":[{"count":6,"href":"https:\/\/sites.usp.br\/prolam\/en\/wp-json\/wp\/v2\/pages\/673\/revisions"}],"predecessor-version":[{"id":4692,"href":"https:\/\/sites.usp.br\/prolam\/en\/wp-json\/wp\/v2\/pages\/673\/revisions\/4692"}],"wp:attachment":[{"href":"https:\/\/sites.usp.br\/prolam\/en\/wp-json\/wp\/v2\/media?parent=673"}],"curies":[{"name":"wp","href":"https:\/\/api.w.org\/{rel}","templated":true}]}}