{"id":130,"date":"2014-05-29T15:19:07","date_gmt":"2014-05-29T17:19:07","guid":{"rendered":"http:\/\/sites.usp.br\/prolam\/?page_id=130"},"modified":"2018-12-01T10:05:32","modified_gmt":"2018-12-01T13:05:32","slug":"inscricoes-e-prazos","status":"publish","type":"page","link":"https:\/\/sites.usp.br\/prolam\/es\/inscricoes-e-prazos\/","title":{"rendered":"Sumisiones"},"content":{"rendered":"<p><strong>I CONGRESO INTERNACIONAL PENSAMiENTO E INVESTIGACI\u00d3N SOBRE AM\u00c9RICA LATINA<br \/>\n<\/strong><\/p>\n<p>Participe en el <strong>I Congreso<\/strong>\u00a0presentando su investigaci\u00f3n, en un Curso de Corta Duraci\u00f3n o asistiendo a las diversas actividades programadas:<\/p>\n<p>1. Presente su trabajo en los <span style=\"color: #000000;\"><a href=\"http:\/\/sites.usp.br\/prolam\/es\/programacao\/seminarios-de-pesquisa\/\"><strong><span style=\"text-decoration: underline;\"> Seminarios de Investigaci\u00f3n <\/span><\/strong><\/a><br \/>\n2. Sea profesor de um <a href=\"http:\/\/sites.usp.br\/prolam\/es\/ministrante-de-cursos-de-curta-duracao\/\"><strong><span style=\"text-decoration: underline;\">Curso de Corta Duraci\u00f3n<\/span><\/strong><\/a><\/span><br \/>\n3. Sea un estudiante en un <a href=\"http:\/\/sites.usp.br\/prolam\/es\/aluno-de-curso-de-curta-duracao\/\"><strong><span style=\"text-decoration: underline;\">Curso de Corta Duraci\u00f3n<\/span><\/strong><\/a><br \/>\n<span style=\"color: #000000;\">4. Sea oyente<br \/>\n<\/span><\/p>\n<h4><strong>Para participar, acompa\u00f1e las <span style=\"text-decoration: underline;\"><a href=\"http:\/\/sites.usp.br\/prolam\/es\/cronograma\/\">fechas importantes!<\/a><\/span><\/strong><\/h4>\n<p><strong><span style=\"color: #ff0000;\">Tasas de Participaci\u00f3n para extranjeros<\/span><br \/>\n<\/strong><\/p>\n<p>1.\u00a0<span style=\"color: #000000;\">Presentador de Trabajo en los Seminarios de Investigaci\u00f3n (extranjeros<\/span>): <span style=\"color: #ff0000;\"><strong>$US 80,00<\/strong><\/span><span style=\"color: #000000;\"> (inscripciones y pago hasta el dia <strong>10 de diciembre\u00a0de 2018<\/strong>)<\/span><\/p>\n<p><span style=\"color: #000000;\">2.\u00a0<\/span>Participante como alumno en los Cursos de Corta Duraci\u00f3n: <span style=\"color: #ff0000;\"><strong>R$ 30,00<\/strong><\/span><span style=\"color: #000000;\"> (inscripciones a partir del <strong>16 de marzo de 2019<\/strong>)<\/span><br \/>\n<span style=\"color: #000000;\">Obs: Los presentadores de trabajos en los <strong>Seminarios de Investigaci\u00f3n<\/strong> tendr\u00e1n <\/span><span style=\"color: #ff0000;\"><strong>descuento del 30%<\/strong><\/span><span style=\"color: #000000;\"> en la tasa de inscripci\u00f3n en los Cursos<br \/>\n<\/span><\/p>\n<h4><span style=\"color: #000000;\">3. <\/span>Oyentes con certificado (Simposio y Congreso): <span style=\"color: #ff0000;\"><strong>$us 10,00 <\/strong><\/span><span style=\"color: #000000;\">o <\/span><span style=\"color: #ff0000;\"><strong>R$ 30,00<\/strong> <\/span><span style=\"color: #000000;\">(en el Brasil) . Inscri\u00e7\u00f5es a partir de<strong> 25 de novembro de 2018.<\/strong><br \/>\n4. Estar\u00e1n exentos <\/span><span style=\"color: #000000;\">de pago de las tasas: (a) Profesores de Curso de Corta Duraci\u00f3n, (b) Coordenadores de Seminarios de Investigaci\u00f3n,\u00a0<\/span>(c) otros casos de exenci\u00f3n analizados por la Comisi\u00f3n de Organizaci\u00f3n (ver item 4, inciso a de la <span style=\"text-decoration: underline;\"><a href=\"http:\/\/sites.usp.br\/prolam\/es\/normas-para-apresentadores-de-trabalho\/\">Submisi\u00f3n de trabajos<\/a><\/span>)<\/h4>\n<h5 style=\"text-align: justify;\"><\/h5>\n<h4><span style=\"color: #ff0000;\"><strong>Observaciones importantes:<br \/>\n<\/strong><\/span><\/h4>\n<p>1) <strong>Autores y Coautores<\/strong> deben pagar la tasa de inscripci\u00f3n.<br \/>\n2) Las tasas de inscripci\u00f3n son por <strong>cada propuesta<\/strong> enviada<br \/>\n3) Antes de inscribirse, tenga a mano <strong>la copia digitalizada del resumen<\/strong>. Las inscripciones incompletas no podr\u00e1n ser confirmadas.<br \/>\n4) <strong>No habr\u00e1 devoluci\u00f3n de las tasas de inscripci\u00f3n<\/strong> en ning\u00fan caso. Los autores que no tuvieron sus propuestas aceptadas podr\u00e1n asistir al Congreso como Oyentes con Certificado y participar en un <strong>Curso de Corta Duraci\u00f3n.<\/strong><\/p>","protected":false},"excerpt":{"rendered":"<p>I CONGRESO INTERNACIONAL PENSAMiENTO E INVESTIGACI\u00d3N SOBRE AM\u00c9RICA LATINA Participe en el I Congreso\u00a0presentando su investigaci\u00f3n, en un Curso de Corta Duraci\u00f3n o asistiendo a las diversas actividades programadas: 1. Presente su trabajo en los Seminarios de Investigaci\u00f3n 2. Sea &hellip; <a href=\"https:\/\/sites.usp.br\/prolam\/es\/inscricoes-e-prazos\/\">Continue reading <span class=\"meta-nav\">&rarr;<\/span><\/a><\/p>\n","protected":false},"author":13,"featured_media":0,"parent":0,"menu_order":5,"comment_status":"closed","ping_status":"closed","template":"","meta":{"footnotes":"","_links_to":"","_links_to_target":""},"class_list":["post-130","page","type-page","status-publish","hentry"],"_links":{"self":[{"href":"https:\/\/sites.usp.br\/prolam\/es\/wp-json\/wp\/v2\/pages\/130","targetHints":{"allow":["GET"]}}],"collection":[{"href":"https:\/\/sites.usp.br\/prolam\/es\/wp-json\/wp\/v2\/pages"}],"about":[{"href":"https:\/\/sites.usp.br\/prolam\/es\/wp-json\/wp\/v2\/types\/page"}],"author":[{"embeddable":true,"href":"https:\/\/sites.usp.br\/prolam\/es\/wp-json\/wp\/v2\/users\/13"}],"replies":[{"embeddable":true,"href":"https:\/\/sites.usp.br\/prolam\/es\/wp-json\/wp\/v2\/comments?post=130"}],"version-history":[{"count":7,"href":"https:\/\/sites.usp.br\/prolam\/es\/wp-json\/wp\/v2\/pages\/130\/revisions"}],"predecessor-version":[{"id":3408,"href":"https:\/\/sites.usp.br\/prolam\/es\/wp-json\/wp\/v2\/pages\/130\/revisions\/3408"}],"wp:attachment":[{"href":"https:\/\/sites.usp.br\/prolam\/es\/wp-json\/wp\/v2\/media?parent=130"}],"curies":[{"name":"wp","href":"https:\/\/api.w.org\/{rel}","templated":true}]}}