{"id":2397,"date":"2018-09-10T18:24:55","date_gmt":"2018-09-10T21:24:55","guid":{"rendered":"http:\/\/sites.usp.br\/prolam\/?page_id=2397"},"modified":"2021-09-24T00:27:12","modified_gmt":"2021-09-24T03:27:12","slug":"simposio2016","status":"publish","type":"page","link":"https:\/\/sites.usp.br\/prolam\/es\/simposios-anteriores\/simposio2016\/","title":{"rendered":"II Simposio Internacional Pensar y Repensar Am\u00e9rica Latina (2016)"},"content":{"rendered":"<p><\/p>\n<div class=\"search-main-wrap search-long\">\n<div class=\"translation-wrap clearfix\">\n<div class=\"right-side-wrap\">\n<div id=\"trtext\">El Programa de Posgrado Interunidades en Integraci\u00f3n de Am\u00e9rica Latina de la Universidad de S\u00e3o Paulo (PROLAM\/USP) tuvo el placer de invitar a todos los investigadores e interesados en Am\u00e9rica Latina y el Caribe a la segunda edici\u00f3n del Simposio Internacional \u00abPensar y Repensar Am\u00e9rica Latina\u00bb, realizado en la Escuela de Comunicaciones y Artes de la Universidad de S\u00e3o Paulo (ECA\/USP), entre los d\u00edas <strong>17 y 21 de octubre de 2016.<\/strong><\/div>\n<\/div>\n<\/div>\n<\/div>\n<div class=\"newsearch vertical dnone\">\n<div><\/div>\n<div class=\"leftpart\"><span id=\"s2_1\">El segundo Simposio Internacional \u00abPensar y Repensar Am\u00e9rica Latina\u00bb tuvo como objetivos: difundir conocimiento integrado sobre la regi\u00f3n Latinoamericana bajo las distintas perspectivas (pol\u00edtica, econ\u00f3mica, social, cultural y de los derechos);<\/span>\u00a0<span id=\"s2_2\">reunir a estudiantes e investigadores de excelencia acad\u00e9mica, nacionales e internacionales, versando sobre temas de la regi\u00f3n;<\/span>\u00a0<span id=\"s2_3\">fortalecer lazos acad\u00e9micos, pol\u00edticos, sociales y culturales entre la red de investigadores latino-americanistas de Brasil y de los dem\u00e1s investigadores de la regi\u00f3n latinoamericana;<\/span>\u00a0<span id=\"s2_4\">y consolidar la presencia institucional de las Universidades brasile\u00f1as en la regi\u00f3n.<\/span><\/div>\n<\/div>\n<p style=\"text-align: justify;\">Para lograr los objetivos, el evento cont\u00f3 con:<\/p>\n<ul>\n<li style=\"text-align: justify;\">Veinticinco Seminarios de Investigaci\u00f3n, coordinados por Profesores especialistas en las tem\u00e1ticas, donde fueron presentados trabajos de investigadores y estudiantes de Graduaci\u00f3n y Posgrado, que abordaron tem\u00e1ticas sobre Am\u00e9rica Latina;<\/li>\n<li style=\"text-align: justify;\">Mini-cursos, impartidos por Investigadores Maestros y Doctores, con tem\u00e1ticas latinoamericanas;<\/li>\n<li style=\"text-align: justify;\"><span id=\"s2_1\">conferencias, con investigadores reconocidos a nivel nacional e internacional;<\/span> <span id=\"s2_2\">y<\/span><br \/>\n<span id=\"s2_3\">Mesas Redondas, las cuales reunieron a grandes investigadores, especialistas en las tem\u00e1ticas propuestas.<\/span><\/li>\n<\/ul>\n<p style=\"text-align: justify;\">A continuaci\u00f3n se puede acceder a la colecci\u00f3n del evento:<\/p>\n<p style=\"text-align: justify;\"><a href=\"http:\/\/sites.usp.br\/prolam\/ii-simposio-internacional-pensar-e-repensar-america-latina_anais\/\"><span style=\"color: #00ccff;\">Ponencias<\/span><\/a><\/p>\n<p style=\"text-align: justify;\"><a href=\"http:\/\/sites.usp.br\/prolam\/wp-content\/uploads\/sites\/35\/2017\/01\/LIVRO_PENSAR-E-REPENSAR-A-AM%C3%89RICA-LATINA.pdf\"><strong>Libro I &#8211; Pensar y Repensar Am\u00e9rica Latina (2015)<\/strong><\/a><br \/>\n<span id=\"s2_1\">Organizadoras: Dilma de Melo Silva, Lisbeth Ruth Rebollo Gon\u00e7alves, Vivian Urquidi, Margarida Nepomuceno, Thais de Oliveira y Mayra Coan Lago.<\/span><br \/>\n<span id=\"s2_2\">Realizaci\u00f3n: PROLAM\/USP.<\/span><br \/>\n<span id=\"s2_3\">ISBN: 9788539107254.<\/span><\/p>\n<p style=\"text-align: justify;\"><span style=\"color: #00ccff;\"><a style=\"color: #00ccff;\" href=\"http:\/\/sites.usp.br\/prolam\/simposios-anteriores\/simposio2016\/programacao\/\">Programaci\u00f3n y Cuadernos de Resumen<\/a><\/span><\/p>\n<p style=\"text-align: justify;\"><span style=\"color: #00ccff;\"><a style=\"color: #00ccff;\" href=\"http:\/\/sites.usp.br\/prolam\/simposios-anteriores\/simposio2016\/palestras\/\">Conferencias 201<\/a>6<\/span><\/p>\n<p style=\"text-align: justify;\"><span style=\"color: #00ccff;\"><a style=\"color: #00ccff;\" href=\"http:\/\/sites.usp.br\/prolam\/simposios-anteriores\/simposio2016\/mesas-redondas\/\">Mesas Redondas 201<\/a>6<\/span><\/p>\n<p style=\"text-align: justify;\"><span style=\"color: #00ccff;\"><a style=\"color: #00ccff;\" href=\"http:\/\/sites.usp.br\/prolam\/simposios-anteriores\/simposio2016\/minicursos\/\">Mini-cursos 201<\/a>6<\/span><\/p>\n<p style=\"text-align: justify;\"><span style=\"color: #00ccff;\"><a style=\"color: #00ccff;\" href=\"http:\/\/sites.usp.br\/prolam\/simposios-anteriores\/simposio2016\/seminarios-de-pesquisa\/\">Seminarios de Investigaci\u00f3n 201<\/a>6<\/span><\/p>\n<p style=\"text-align: justify;\"><span style=\"color: #00ccff;\"><a style=\"color: #00ccff;\" href=\"http:\/\/sites.usp.br\/prolam\/simposios-anteriores\/simposio2016\/lancamento-de-livros\/\">Lanzamiento de libros 2016<\/a><\/span><\/p>\n<p style=\"text-align: justify;\"><span style=\"color: #00ccff;\"><a style=\"color: #00ccff;\" href=\"http:\/\/sites.usp.br\/prolam\/simposios-anteriores\/simposio2016\/palestras-disponiveis-online\/\">Conferencias disponibles en l\u00ednea<\/a><\/span><\/p>\n<p><span style=\"color: #00ccff;\"><a style=\"color: #00ccff;\" href=\"http:\/\/sites.usp.br\/prolam\/wp-content\/uploads\/sites\/35\/2016\/06\/Clipping-II-Simp%C3%B3sio-2016-2.pdf\">Clipping<\/a>\u00a02016<\/span><\/p>\n<p style=\"text-align: justify;\">\n<p><\/p>","protected":false},"excerpt":{"rendered":"<p>El Programa de Posgrado Interunidades en Integraci\u00f3n de Am\u00e9rica Latina de la Universidad de S\u00e3o Paulo (PROLAM\/USP) tuvo el placer de invitar a todos los investigadores e interesados en Am\u00e9rica Latina y el Caribe a la segunda edici\u00f3n del Simposio &hellip; <a href=\"https:\/\/sites.usp.br\/prolam\/es\/simposios-anteriores\/simposio2016\/\">Continue reading <span class=\"meta-nav\">&rarr;<\/span><\/a><\/p>\n","protected":false},"author":318,"featured_media":0,"parent":2392,"menu_order":0,"comment_status":"closed","ping_status":"closed","template":"","meta":{"footnotes":"","_links_to":"","_links_to_target":""},"class_list":["post-2397","page","type-page","status-publish","hentry"],"_links":{"self":[{"href":"https:\/\/sites.usp.br\/prolam\/es\/wp-json\/wp\/v2\/pages\/2397","targetHints":{"allow":["GET"]}}],"collection":[{"href":"https:\/\/sites.usp.br\/prolam\/es\/wp-json\/wp\/v2\/pages"}],"about":[{"href":"https:\/\/sites.usp.br\/prolam\/es\/wp-json\/wp\/v2\/types\/page"}],"author":[{"embeddable":true,"href":"https:\/\/sites.usp.br\/prolam\/es\/wp-json\/wp\/v2\/users\/318"}],"replies":[{"embeddable":true,"href":"https:\/\/sites.usp.br\/prolam\/es\/wp-json\/wp\/v2\/comments?post=2397"}],"version-history":[{"count":5,"href":"https:\/\/sites.usp.br\/prolam\/es\/wp-json\/wp\/v2\/pages\/2397\/revisions"}],"predecessor-version":[{"id":5768,"href":"https:\/\/sites.usp.br\/prolam\/es\/wp-json\/wp\/v2\/pages\/2397\/revisions\/5768"}],"up":[{"embeddable":true,"href":"https:\/\/sites.usp.br\/prolam\/es\/wp-json\/wp\/v2\/pages\/2392"}],"wp:attachment":[{"href":"https:\/\/sites.usp.br\/prolam\/es\/wp-json\/wp\/v2\/media?parent=2397"}],"curies":[{"name":"wp","href":"https:\/\/api.w.org\/{rel}","templated":true}]}}