{"id":2420,"date":"2018-09-10T18:59:28","date_gmt":"2018-09-10T21:59:28","guid":{"rendered":"http:\/\/sites.usp.br\/prolam\/?page_id=2420"},"modified":"2021-07-03T12:06:19","modified_gmt":"2021-07-03T15:06:19","slug":"conferencias","status":"publish","type":"page","link":"https:\/\/sites.usp.br\/prolam\/es\/programacao\/conferencias\/","title":{"rendered":"Conferencias"},"content":{"rendered":"<p><strong><span style=\"color: #ff0000;\">ABERTURA:<\/span><br \/>\nIMPERIALISMO Y DEPENDENCIA ANTE LOS CAMBIOS DEL CAPITALISTAMO ACTUAL<br \/>\n<\/strong><\/p>\n<p><strong><span style=\"color: #000080;\"><a style=\"color: #000080;\" href=\"https:\/\/sites.usp.br\/prolam\/atilio-boron-teoria-marxista-da-dependencia\/\"><span style=\"color: #003366;\"><span style=\"color: #333399;\">At\u00edlio Bor\u00f3n<\/span><\/span><\/a><\/span> (<i>Fac. <\/i><i>Ciencias<\/i> <i>Sociales<\/i> <i>Universidad<\/i><i> de Buenos Aires<\/i>)<\/strong><\/p>\n<ul>\n<li><span style=\"color: #008000;\">Dia 6 de maio \u00e0s 17h<br \/>\n<\/span><span style=\"color: #008000;\"><b>Audit\u00f3rio da Geografia \u2013\u00a0<\/b><b>Milton Santos<br \/>\n<\/b><\/span><span style=\"color: #008000;\">Faculdade de Filosofia, Letras e Ci\u00eancias Humanas (FFLCH)<br \/>\n<\/span><span style=\"color: #008000;\">Universidade de S\u00e3o Paulo (USP)<\/span><\/li>\n<\/ul>\n<p><strong><span style=\"color: #ff0000;\">ENCERRAMENTO:<\/span><br \/>\nRELIGI\u00c3O, MOVIMENTOS SOCIAIS E POL\u00cdTICA NA AM\u00c9RICA LATINA<\/strong><\/p>\n<p><strong><span style=\"color: #333399;\"><a style=\"color: #333399;\" href=\"https:\/\/sites.usp.br\/prolam\/giovanni-semeraro-religiao-movimentos-sociais-e-politica-na-america-latina\/\">Giovanni Semeraro<\/a><\/span><\/strong><b><span style=\"color: #333399;\"><a style=\"color: #333399;\" href=\"https:\/\/sites.usp.br\/prolam\/giovanni-semeraro-religiao-movimentos-sociais-e-politica-na-america-latina\/\">\u00a0<\/a><\/span>(<em>P<\/em><\/b><b><i>rograma de P\u00f3s-Gradua\u00e7\u00e3o em Educa\u00e7\u00e3o &#8211; Universidade Federal Fluminense)<\/i><\/b><\/p>\n<ul>\n<li><span style=\"color: #008000;\">Dia 9 de maio\u00a0 de 2019 <\/span><span style=\"color: #008000;\">\u00e0s 19h<br \/>\n<\/span><span style=\"color: #008000;\"><b>Audit\u00f3rio da Geografia &#8211; <\/b><b>Milton Santos<br \/>\n<\/b><\/span><span style=\"color: #008000;\">Faculdade de Filosofia, Letras e Ci\u00eancias Humanas (FFLCH)<br \/>\n<\/span><span style=\"color: #008000;\">Universidade de S\u00e3o Paulo (USP)<\/span><\/li>\n<\/ul>\n<p><\/p>","protected":false},"excerpt":{"rendered":"<p>ABERTURA: IMPERIALISMO Y DEPENDENCIA ANTE LOS CAMBIOS DEL CAPITALISTAMO ACTUAL At\u00edlio Bor\u00f3n (Fac. Ciencias Sociales Universidad de Buenos Aires) Dia 6 de maio \u00e0s 17h Audit\u00f3rio da Geografia \u2013\u00a0Milton Santos Faculdade de Filosofia, Letras e Ci\u00eancias Humanas (FFLCH) Universidade de &hellip; <a href=\"https:\/\/sites.usp.br\/prolam\/es\/programacao\/conferencias\/\">Continue reading <span class=\"meta-nav\">&rarr;<\/span><\/a><\/p>\n","protected":false},"author":318,"featured_media":0,"parent":2418,"menu_order":0,"comment_status":"closed","ping_status":"closed","template":"","meta":{"footnotes":"","_links_to":"","_links_to_target":""},"class_list":["post-2420","page","type-page","status-publish","hentry"],"_links":{"self":[{"href":"https:\/\/sites.usp.br\/prolam\/es\/wp-json\/wp\/v2\/pages\/2420","targetHints":{"allow":["GET"]}}],"collection":[{"href":"https:\/\/sites.usp.br\/prolam\/es\/wp-json\/wp\/v2\/pages"}],"about":[{"href":"https:\/\/sites.usp.br\/prolam\/es\/wp-json\/wp\/v2\/types\/page"}],"author":[{"embeddable":true,"href":"https:\/\/sites.usp.br\/prolam\/es\/wp-json\/wp\/v2\/users\/318"}],"replies":[{"embeddable":true,"href":"https:\/\/sites.usp.br\/prolam\/es\/wp-json\/wp\/v2\/comments?post=2420"}],"version-history":[{"count":4,"href":"https:\/\/sites.usp.br\/prolam\/es\/wp-json\/wp\/v2\/pages\/2420\/revisions"}],"predecessor-version":[{"id":5314,"href":"https:\/\/sites.usp.br\/prolam\/es\/wp-json\/wp\/v2\/pages\/2420\/revisions\/5314"}],"up":[{"embeddable":true,"href":"https:\/\/sites.usp.br\/prolam\/es\/wp-json\/wp\/v2\/pages\/2418"}],"wp:attachment":[{"href":"https:\/\/sites.usp.br\/prolam\/es\/wp-json\/wp\/v2\/media?parent=2420"}],"curies":[{"name":"wp","href":"https:\/\/api.w.org\/{rel}","templated":true}]}}