{"id":2424,"date":"2018-09-10T19:01:33","date_gmt":"2018-09-10T22:01:33","guid":{"rendered":"http:\/\/sites.usp.br\/prolam\/?page_id=2424"},"modified":"2019-03-07T12:13:26","modified_gmt":"2019-03-07T15:13:26","slug":"cursos-de-curta-duracao","status":"publish","type":"page","link":"https:\/\/sites.usp.br\/prolam\/es\/programacao\/cursos-de-curta-duracao\/","title":{"rendered":"CURSO DE CORTA DURACI\u00d3N"},"content":{"rendered":"<p>Para participar en los <strong>CURSOS DE CORTA DURACI\u00d3N<\/strong> hay dos alternativas:<\/p>\n<ol>\n<li><strong>a) Sea profesor(a) de un Curso de Corta Duraci\u00f3n:<\/strong><br \/>\nLos Cursos\u00a0ocurrir\u00e1n los d\u00edas <strong><span style=\"color: #ff0000;\">7, 8 e 9 de mayo de 2019<\/span><\/strong>, y cada d\u00eda de aula tendr\u00e1 la duraci\u00f3n de <strong><span style=\"color: #ff0000;\">90 minutos<\/span><\/strong>. Las propuestas para CURSO DE CORTA DURACI\u00d3N ser\u00e1n recibidas a partir de<strong> <span style=\"color: #ff0000;\">10 de <\/span><span style=\"color: #ff0000;\">febrero de 2019 hasta 10 de marzo de 2019<\/span> <\/strong><span style=\"text-decoration: underline;\"><a href=\"http:\/\/sites.usp.br\/prolam\/es\/ministrante-de-cursos-de-curta-duracao\/\"><strong>AQUI<\/strong><\/a><\/span><\/li>\n<li><strong>b) Participe como alumna (o) del CURSO:<\/strong><br \/>\nLa lista de CURSOS aprobada o)s ser\u00e1 publicada <a href=\"http:\/\/sites.usp.br\/prolam\/es\/aluno-de-curso-de-curta-duracao\/\"><strong><span style=\"text-decoration: underline;\">AQUI<\/span><\/strong><\/a> a partir de <strong><span style=\"color: #ff0000;\">20 de marzo de 2019.<\/span><\/strong><strong><br \/>\n<\/strong>La tasa del Curso de Corta duraci\u00f3n es <strong><span style=\"color: #ff0000;\">SU$ 10,00<\/span><\/strong>, pero si ya est\u00e1 inscrito en el Congreso como presentador(a) de <a href=\"http:\/\/sites.usp.br\/prolam\/es\/programacao\/seminarios-de-pesquisa\/\"><strong>Seminarios de Investigaci\u00f3n<\/strong><\/a>, tendr\u00e1 un descuento de 30% en la tasa de inscripci\u00f3n.<\/li>\n<\/ol>\n<p><\/p>","protected":false},"excerpt":{"rendered":"<p>Para participar en los CURSOS DE CORTA DURACI\u00d3N hay dos alternativas: a) Sea profesor(a) de un Curso de Corta Duraci\u00f3n: Los Cursos\u00a0ocurrir\u00e1n los d\u00edas 7, 8 e 9 de mayo de 2019, y cada d\u00eda de aula tendr\u00e1 la duraci\u00f3n &hellip; <a href=\"https:\/\/sites.usp.br\/prolam\/es\/programacao\/cursos-de-curta-duracao\/\">Continue reading <span class=\"meta-nav\">&rarr;<\/span><\/a><\/p>\n","protected":false},"author":318,"featured_media":0,"parent":2418,"menu_order":0,"comment_status":"closed","ping_status":"closed","template":"","meta":{"footnotes":"","_links_to":"","_links_to_target":""},"class_list":["post-2424","page","type-page","status-publish","hentry"],"_links":{"self":[{"href":"https:\/\/sites.usp.br\/prolam\/es\/wp-json\/wp\/v2\/pages\/2424","targetHints":{"allow":["GET"]}}],"collection":[{"href":"https:\/\/sites.usp.br\/prolam\/es\/wp-json\/wp\/v2\/pages"}],"about":[{"href":"https:\/\/sites.usp.br\/prolam\/es\/wp-json\/wp\/v2\/types\/page"}],"author":[{"embeddable":true,"href":"https:\/\/sites.usp.br\/prolam\/es\/wp-json\/wp\/v2\/users\/318"}],"replies":[{"embeddable":true,"href":"https:\/\/sites.usp.br\/prolam\/es\/wp-json\/wp\/v2\/comments?post=2424"}],"version-history":[{"count":6,"href":"https:\/\/sites.usp.br\/prolam\/es\/wp-json\/wp\/v2\/pages\/2424\/revisions"}],"predecessor-version":[{"id":3581,"href":"https:\/\/sites.usp.br\/prolam\/es\/wp-json\/wp\/v2\/pages\/2424\/revisions\/3581"}],"up":[{"embeddable":true,"href":"https:\/\/sites.usp.br\/prolam\/es\/wp-json\/wp\/v2\/pages\/2418"}],"wp:attachment":[{"href":"https:\/\/sites.usp.br\/prolam\/es\/wp-json\/wp\/v2\/media?parent=2424"}],"curies":[{"name":"wp","href":"https:\/\/api.w.org\/{rel}","templated":true}]}}