{"id":270,"date":"2014-06-14T19:29:06","date_gmt":"2014-06-14T21:29:06","guid":{"rendered":"http:\/\/sites.usp.br\/prolam\/?page_id=270"},"modified":"2021-07-03T12:07:28","modified_gmt":"2021-07-03T15:07:28","slug":"apresentacao-3","status":"publish","type":"page","link":"https:\/\/sites.usp.br\/prolam\/es\/apresentacao-3\/","title":{"rendered":"I  Congreso  Internacional  Pensamiento  e  Investigaci\u00f3n  sobre  Am\u00e9rica  Latina   &#8211; III Simposio Internacional Pensar y Repensar Am\u00e9rica Latina"},"content":{"rendered":"<p><strong>I Congreso Internacional Pensamiento e Investigaci\u00f3n sobre Am\u00e9rica Latina<br \/>\nIII Simposio Internacional Pensar y Repensar Am\u00e9rica Latina.<\/strong><\/p>\n<p style=\"text-align: center;\"><strong><span style=\"color: #ff0000;\">ATENCI\u00d3N: LAS INSCRIPCIONES PARA LA PRESENTACI\u00d3N DE TRABAJO FUERON PRORROGADAS PARA EL D\u00cdA <em>10 DE DICIEMBRE<\/em>.<\/span><\/strong><\/p>\n<p>En 2014, el <strong><em>Programa de Postgrado en Integraci\u00f3n de Am\u00e9rica Latina<\/em><\/strong><em> de la <strong>Universidade de S\u00e3o Paulo (PROLAM\/USP)<\/strong> <\/em>cre\u00f3 el <strong><em>I Simposio Internacional Pensar y Repensar Am\u00e9rica Latina<\/em> <\/strong>con el objetivo de difundir la producci\u00f3n de conocimiento sobre la regi\u00f3n en \u00e1reas relacionadas a la pol\u00edtica, econom\u00eda, sociolog\u00eda, comunicaci\u00f3n, cultura, educaci\u00f3n, derechos y relaciones internacionales. La propuesta, desde el origen, ha sido reunir estudiantes de postgrado e investigadores de Brasil y de otros pa\u00edses, para discutir problem\u00e1ticas de la regi\u00f3n a partir perspectivas te\u00f3ricas sensibles a la especificidad regional. Con ello, venimos buscando articular lazos acad\u00e9micos entre redes de investigadores latino-americanistas del Brasil con colegas provenientes de instituciones de otros pa\u00edses americanos o del mundo. Despu\u00e9s del \u00e9xito de esta primera experiencia, en 2016 se realiz\u00f3 el II Simposio.<\/p>\n<p><strong>Sobre\u00a0el Evento:\u00a0<\/strong>La experiencia de los dos Simposios anteriores nos permiti\u00f3 verificar que actualmente en el Brasil hay una demanda creciente de investigadores y estudiosos sobre Am\u00e9rica Latina que desean presentar sus trabajos de investigaci\u00f3n y que no encuentran espacios o interlocutores dentro del pa\u00eds para debatir sus preocupaciones intelectuales.<\/p>\n<p>Mientras en el escenario internacional hay varios eventos sobre Am\u00e9rica Latina, con perspectivas interdisciplinares e importante presencia de los investigadores de diversos pa\u00edses, en Brasil los eventos sobre la regi\u00f3n son relativamente pocos -cuando los comparamos con el potencial de producci\u00f3n- y ni siempre atraviesan las diversas \u00e1reas de conocimiento de las ciencias sociales, de las humanidades y de las artes en un \u00fanico evento.<\/p>\n<p>Tal carencia de espacios espec\u00edficos para pensar Am\u00e9rica Latina a partir de Brasil est\u00e1 en desarmon\u00eda con la tradici\u00f3n de intelectuales que, desde mediados del siglo pasado y principalmente en las d\u00e9cadas de 1960 y 1970, contribuyeron de modo enriquecedor con los proyectos intelectuales sobre Am\u00e9rica Latina. De esta simiente brot\u00f3, por ejemplo, una rica tradici\u00f3n de pensadores sobre la dependencia econ\u00f3mica y pol\u00edtica regional en cuyo n\u00facleo estaban intelectuales como Florestan Fernandes, Fernando Henrique Cardoso, Oct\u00e1vio Ianni, Francisco Weffort, Theot\u00f3nio dos Santos, V\u00e2nia Bambirra, Rui Mauro Marine, y muchos otros autores de renombre internacional.<\/p>\n<p>El evento del <a href=\"http:\/\/www.prolam.usp.br\/es\/\"><strong>PROLAM \/USP <\/strong><\/a>contribuye para suprimir, inicialmente, la carencia de espacios interdisciplinares de encuentros y debates de los proyectos intelectuales sobre Am\u00e9rica Latina producidos en Brasil. En segundo lugar, busca articular a los pensadores brasile\u00f1os con aquellos intelectuales provenientes de otros pa\u00edses de la regi\u00f3n y del mundo que desean establecer di\u00e1logos interdisciplinares y cient\u00edficos con los investigadores brasile\u00f1os.<\/p>\n<p>El <a href=\"http:\/\/www.prolam.usp.br\/es\/\"><strong>PROLAM\/USP <\/strong><\/a>en 2018 cumple 30 a\u00f1os de existencia, por tal motivo, este evento es una grande oportunidad de conmemorar con nuestros colegas latinoamericanistas de todo el mundo.<\/p>\n<p>La recepci\u00f3n y aprobaci\u00f3n de los participantes del I y II Simposio tuvo como consecuencias el desdoblamiento del evento en dos actividades cient\u00edficas articuladas, la primera \u2013 el III Simposio \u2013 con foco en la producci\u00f3n del pensamiento\u00a0 sobre los principales desaf\u00edos para interpretar Am\u00e9rica Latina; el segundo \u2013 I Congreso &#8211; sobre diversos temas, disciplinas y problem\u00e1ticas a ser estudiadas sobre Am\u00e9rica Latina.<\/p>\n<p>El <strong><em>III Simposio Internacional Pensar y Repensar Am\u00e9rica Latina <\/em><\/strong>trae <strong><a href=\"https:\/\/sites.usp.br\/prolam\/es\/programacao\/conferencias\/\">Conferencistas<\/a> <\/strong>y Ponentes en <strong><a href=\"https:\/\/sites.usp.br\/prolam\/es\/programacao\/mesas-redondas\/\">Mesas Redondas<\/a><\/strong> de renombre internacional por sus investigaciones y producci\u00f3n de conocimiento sobre Am\u00e9rica Latina. El foco de esta parte del evento es conocer y debatir el pensamiento social y en humanidades producido sobre Am\u00e9rica Latina.<\/p>\n<p>El <strong><em>I Congreso<\/em><\/strong> <strong><em>Internacional Pensamiento e Investigaci\u00f3n sobre Am\u00e9rica Latina<\/em><\/strong> crear\u00e1 pues el escenario para la presentaci\u00f3n de investigaciones de participantes latinoamericanistas brasile\u00f1os y extranjeros que nos brindar\u00e1n con sus trabajos y reflexiones en tem\u00e1ticas heterog\u00e9neas sobre la regi\u00f3n.<\/p>\n<p>Tambi\u00e9n recibir\u00e1 al <a href=\"https:\/\/sites.usp.br\/prolam\/es\/forum-permanente\/\"><strong><em>Foro Permanente de Programas de Postgrado en Am\u00e9rica Latina<\/em><\/strong><\/a>, actividad itinerante incentivada por el equipo del PROLAM\/USP y que reunir\u00e1 regularmente a los investigadores de los Programas de Postgrado en estudios sobre Am\u00e9rica Latina del Brasil.<\/p>\n<p>Realizamos, a\u00fan en el espacio del Congreso, actividades de formaci\u00f3n en los <strong><a href=\"https:\/\/sites.usp.br\/prolam\/es\/programacao\/cursos-de-curta-duracao\/\">CURSOS DE CORTA DURACI\u00d3N<\/a><\/strong>, un <strong><a href=\"https:\/\/sites.usp.br\/prolam\/es\/programacao\/lancamento-de-livros\/\">LANZAMIENTO LIBROS<\/a><\/strong> de t\u00edtulos nuevos de autores sobre Am\u00e9rica Latina y <strong><a href=\"https:\/\/sites.usp.br\/prolam\/es\/programacao\/apresentacao-cultural\/\">PRESENTACIONES CULTURALES<\/a><\/strong>. Finalmente, la <strong><a href=\"https:\/\/sites.usp.br\/prolam\/es\/programacao\/feira-de-livro\/\">FERIA DE LIBROS<\/a><\/strong> tendr\u00e1 editoriales brasile\u00f1as y de otros pa\u00edses con t\u00edtulos de obras cl\u00e1sicas y contempor\u00e1neas sobre la regi\u00f3n.<\/p>\n<p>\u00a1Compruebe nuestra PROGRAMACI\u00d3N y venga a participar (inscripciones <a href=\"https:\/\/sites.usp.br\/prolam\/es\/normas-para-apresentadores-de-trabalho\/\"><strong>AQU\u00cd<\/strong><\/a>) del evento y de nuestra conmemoraci\u00f3n!<\/p>\n<p><strong>COMISI\u00d3N DE ORGANIZACI\u00d3N<\/strong><br \/>\n<strong>I CONGRESO INTERNACIONAL PENSAMIENTO E INVESTI\u00d3N SOBRE AM\u00c9RICA LATINA<\/strong><br \/>\n<strong>III SIMPOSIO INTERNACIONAL PENSAR Y REPENSAR AM\u00c9RICA LATINA<\/strong><\/p>","protected":false},"excerpt":{"rendered":"<p>I Congreso Internacional Pensamiento e Investigaci\u00f3n sobre Am\u00e9rica Latina III Simposio Internacional Pensar y Repensar Am\u00e9rica Latina. ATENCI\u00d3N: LAS INSCRIPCIONES PARA LA PRESENTACI\u00d3N DE TRABAJO FUERON PRORROGADAS PARA EL D\u00cdA 10 DE DICIEMBRE. En 2014, el Programa de Postgrado en &hellip; <a href=\"https:\/\/sites.usp.br\/prolam\/es\/apresentacao-3\/\">Continue reading <span class=\"meta-nav\">&rarr;<\/span><\/a><\/p>\n","protected":false},"author":45,"featured_media":0,"parent":0,"menu_order":4,"comment_status":"closed","ping_status":"closed","template":"","meta":{"footnotes":"","_links_to":"","_links_to_target":""},"class_list":["post-270","page","type-page","status-publish","hentry"],"_links":{"self":[{"href":"https:\/\/sites.usp.br\/prolam\/es\/wp-json\/wp\/v2\/pages\/270","targetHints":{"allow":["GET"]}}],"collection":[{"href":"https:\/\/sites.usp.br\/prolam\/es\/wp-json\/wp\/v2\/pages"}],"about":[{"href":"https:\/\/sites.usp.br\/prolam\/es\/wp-json\/wp\/v2\/types\/page"}],"author":[{"embeddable":true,"href":"https:\/\/sites.usp.br\/prolam\/es\/wp-json\/wp\/v2\/users\/45"}],"replies":[{"embeddable":true,"href":"https:\/\/sites.usp.br\/prolam\/es\/wp-json\/wp\/v2\/comments?post=270"}],"version-history":[{"count":6,"href":"https:\/\/sites.usp.br\/prolam\/es\/wp-json\/wp\/v2\/pages\/270\/revisions"}],"predecessor-version":[{"id":5315,"href":"https:\/\/sites.usp.br\/prolam\/es\/wp-json\/wp\/v2\/pages\/270\/revisions\/5315"}],"wp:attachment":[{"href":"https:\/\/sites.usp.br\/prolam\/es\/wp-json\/wp\/v2\/media?parent=270"}],"curies":[{"name":"wp","href":"https:\/\/api.w.org\/{rel}","templated":true}]}}