{"id":3440,"date":"2019-01-24T11:19:00","date_gmt":"2019-01-24T14:19:00","guid":{"rendered":"http:\/\/sites.usp.br\/prolam\/?page_id=3440"},"modified":"2021-09-27T10:54:12","modified_gmt":"2021-09-27T13:54:12","slug":"pensaralc","status":"publish","type":"page","link":"https:\/\/sites.usp.br\/prolam\/es\/pensaralc\/","title":{"rendered":"Colecci\u00f3n Pensar Am\u00e9rica Latina y el Caribe"},"content":{"rendered":"<p><\/p>\n<h5 style=\"text-align: left;\"><\/h5>\n<h5><\/h5>\n<ul>\n<li>\n<h3>[PENSAMiento]<a href=\"https:\/\/sites.usp.br\/prolam\/wp-content\/uploads\/sites\/35\/2021\/01\/Slide2.jpg\"><img loading=\"lazy\" decoding=\"async\" class=\"size-medium wp-image-4913 alignright\" src=\"https:\/\/sites.usp.br\/prolam\/wp-content\/uploads\/sites\/35\/2021\/01\/Slide2-300x79.jpg\" alt=\"\" width=\"300\" height=\"79\" srcset=\"https:\/\/sites.usp.br\/prolam\/wp-content\/uploads\/sites\/35\/2021\/01\/Slide2-300x79.jpg 300w, https:\/\/sites.usp.br\/prolam\/wp-content\/uploads\/sites\/35\/2021\/01\/Slide2-768x201.jpg 768w, https:\/\/sites.usp.br\/prolam\/wp-content\/uploads\/sites\/35\/2021\/01\/Slide2-500x131.jpg 500w, https:\/\/sites.usp.br\/prolam\/wp-content\/uploads\/sites\/35\/2021\/01\/Slide2-400x105.jpg 400w, https:\/\/sites.usp.br\/prolam\/wp-content\/uploads\/sites\/35\/2021\/01\/Slide2.jpg 866w\" sizes=\"auto, (max-width: 300px) 100vw, 300px\" \/><\/a><\/h3>\n<p><a href=\"https:\/\/sites.usp.br\/prolam\/es\/pensamento-2\/\"><span style=\"color: #0000ff;\">Perspectivas cr\u00edticas de Am\u00e9rica Latina: pensamiento social, pol\u00edtico y econ\u00f3mico<\/span><\/a><\/li>\n<\/ul>\n<h3 style=\"text-align: right;\">N\u00daMERO ISBN: 978-85-88376-02-1<\/h3>\n<ul>\n<li>\n<h3>[ESTADO E SOCIEDAD]<a href=\"https:\/\/sites.usp.br\/prolam\/wp-content\/uploads\/sites\/35\/2021\/01\/Slide3.jpg\"><img loading=\"lazy\" decoding=\"async\" class=\"size-medium wp-image-4914 alignright\" src=\"https:\/\/sites.usp.br\/prolam\/wp-content\/uploads\/sites\/35\/2021\/01\/Slide3-300x79.jpg\" alt=\"\" width=\"300\" height=\"79\" srcset=\"https:\/\/sites.usp.br\/prolam\/wp-content\/uploads\/sites\/35\/2021\/01\/Slide3-300x79.jpg 300w, https:\/\/sites.usp.br\/prolam\/wp-content\/uploads\/sites\/35\/2021\/01\/Slide3-768x201.jpg 768w, https:\/\/sites.usp.br\/prolam\/wp-content\/uploads\/sites\/35\/2021\/01\/Slide3-500x131.jpg 500w, https:\/\/sites.usp.br\/prolam\/wp-content\/uploads\/sites\/35\/2021\/01\/Slide3-400x105.jpg 400w, https:\/\/sites.usp.br\/prolam\/wp-content\/uploads\/sites\/35\/2021\/01\/Slide3.jpg 866w\" sizes=\"auto, (max-width: 300px) 100vw, 300px\" \/><\/a><\/h3>\n<p><a href=\"https:\/\/sites.usp.br\/prolam\/es\/estado_lutas_sociais\/\"><span style=\"color: #0000ff;\">Estado y luchas sociales en Am\u00e9rica Latina: sociedad, econom\u00eda y pol\u00edtica<\/span><\/a><\/li>\n<\/ul>\n<h3 style=\"text-align: right;\">N\u00daMERO ISBN: 978-85-88376-04-5<\/h3>\n<ul>\n<li>\n<h3>[RELAciones INTERNACIONAles]<a href=\"https:\/\/sites.usp.br\/prolam\/wp-content\/uploads\/sites\/35\/2021\/01\/Slide4.jpg\"><img loading=\"lazy\" decoding=\"async\" class=\"size-medium wp-image-4915 alignright\" src=\"https:\/\/sites.usp.br\/prolam\/wp-content\/uploads\/sites\/35\/2021\/01\/Slide4-300x79.jpg\" alt=\"\" width=\"300\" height=\"79\" srcset=\"https:\/\/sites.usp.br\/prolam\/wp-content\/uploads\/sites\/35\/2021\/01\/Slide4-300x79.jpg 300w, https:\/\/sites.usp.br\/prolam\/wp-content\/uploads\/sites\/35\/2021\/01\/Slide4-768x201.jpg 768w, https:\/\/sites.usp.br\/prolam\/wp-content\/uploads\/sites\/35\/2021\/01\/Slide4-500x131.jpg 500w, https:\/\/sites.usp.br\/prolam\/wp-content\/uploads\/sites\/35\/2021\/01\/Slide4-400x105.jpg 400w, https:\/\/sites.usp.br\/prolam\/wp-content\/uploads\/sites\/35\/2021\/01\/Slide4.jpg 866w\" sizes=\"auto, (max-width: 300px) 100vw, 300px\" \/><\/a><\/h3>\n<p><span style=\"color: #0000ff;\">Temas contempor\u00e1neos de las relaciones internacionales en Am\u00e9rica Latina<\/span><\/li>\n<\/ul>\n<h3 style=\"text-align: right;\">N\u00daMERO ISBN: 978-85-88376-06-9<\/h3>\n<ul>\n<li>\n<h3>[CULTURA y ARTES]<a href=\"https:\/\/sites.usp.br\/prolam\/wp-content\/uploads\/sites\/35\/2021\/01\/Slide5.jpg\"><img loading=\"lazy\" decoding=\"async\" class=\"size-medium wp-image-4916 alignright\" src=\"https:\/\/sites.usp.br\/prolam\/wp-content\/uploads\/sites\/35\/2021\/01\/Slide5-300x79.jpg\" alt=\"\" width=\"300\" height=\"79\" srcset=\"https:\/\/sites.usp.br\/prolam\/wp-content\/uploads\/sites\/35\/2021\/01\/Slide5-300x79.jpg 300w, https:\/\/sites.usp.br\/prolam\/wp-content\/uploads\/sites\/35\/2021\/01\/Slide5-768x201.jpg 768w, https:\/\/sites.usp.br\/prolam\/wp-content\/uploads\/sites\/35\/2021\/01\/Slide5-500x131.jpg 500w, https:\/\/sites.usp.br\/prolam\/wp-content\/uploads\/sites\/35\/2021\/01\/Slide5-400x105.jpg 400w, https:\/\/sites.usp.br\/prolam\/wp-content\/uploads\/sites\/35\/2021\/01\/Slide5.jpg 866w\" sizes=\"auto, (max-width: 300px) 100vw, 300px\" \/><\/a><\/h3>\n<p><span style=\"color: #0000ff;\">Actores, actividades y pol\u00edticas culturales en Am\u00e9rica Latina: comunicacion y cultura<\/span><\/li>\n<\/ul>\n<h3 style=\"text-align: right;\">N\u00daMERO ISBN: 978-85-88376-03-8<\/h3>\n<ul>\n<li>\n<h3>[INTEGRaci\u00f3n]<a href=\"https:\/\/sites.usp.br\/prolam\/wp-content\/uploads\/sites\/35\/2021\/01\/Slide6.jpg\"><img loading=\"lazy\" decoding=\"async\" class=\"size-medium wp-image-4917 alignright\" src=\"https:\/\/sites.usp.br\/prolam\/wp-content\/uploads\/sites\/35\/2021\/01\/Slide6-300x79.jpg\" alt=\"\" width=\"300\" height=\"79\" srcset=\"https:\/\/sites.usp.br\/prolam\/wp-content\/uploads\/sites\/35\/2021\/01\/Slide6-300x79.jpg 300w, https:\/\/sites.usp.br\/prolam\/wp-content\/uploads\/sites\/35\/2021\/01\/Slide6-768x201.jpg 768w, https:\/\/sites.usp.br\/prolam\/wp-content\/uploads\/sites\/35\/2021\/01\/Slide6-500x131.jpg 500w, https:\/\/sites.usp.br\/prolam\/wp-content\/uploads\/sites\/35\/2021\/01\/Slide6-400x105.jpg 400w, https:\/\/sites.usp.br\/prolam\/wp-content\/uploads\/sites\/35\/2021\/01\/Slide6.jpg 866w\" sizes=\"auto, (max-width: 300px) 100vw, 300px\" \/><\/a><\/h3>\n<p><span style=\"color: #0000ff;\">Nuevos e viejos sentidos de la integracion de Am\u00e9rica Latina: pr\u00e1cticas y desaf\u00edos<\/span><\/li>\n<\/ul>\n<h3 style=\"text-align: right;\">N\u00daMERO ISBN: 978-85-88376-05-2<\/h3>\n<p>&nbsp;<\/p>\n<p>&nbsp;<\/p>\n<p>&nbsp;<\/p>\n<p>obs: colocando links para espanhol ainda<\/p>\n<p><strong>Anales del I Congreso Pensamiento y Pesquisa sobre la Am\u00e9rica Latina (en elaboraci\u00f3n)<\/strong><\/p>\n<p><strong><span style=\"color: #ff0000;\">ATENCI\u00d3N: Los textos completos est\u00e1n siendo editados para la publicaci\u00f3n de los Anales. Esta etapa ser\u00e1 finalizada hasta el 30 de agosto. <\/span><\/strong><\/p>\n<p>Para publicar su trabajo completo en los anales, siga las siguientes instrucciones:<\/p>\n<p>1) Los trabajos deben ser colocados en la <strong><span style=\"text-decoration: underline;\"><span style=\"color: #0000ff; text-decoration: underline;\"><a style=\"color: #0000ff; text-decoration: underline;\" href=\"http:\/\/conferencias.fflch.usp.br\/cippal\/Inscricoes\/login\">Plataforma de Conferencias<\/a> <\/span><\/span><\/strong>hasta la fecha l\u00edmite para publicaci\u00f3n que es el d\u00eda <strong><span style=\"color: #ff0000;\">15 de junio de 2019.<\/span><\/strong><br \/>\n2) S\u00f3lo ser\u00e1n publicados en los ANALES (con ISBN espec\u00edfico) los trabajos que fueron presentados durante las actividades del <strong>I CIPPAL<\/strong> en los <strong>Seminarios de Investigaci\u00f3n<\/strong><br \/>\n3) Los textos deben estar redactados dentro de las <span style=\"text-decoration: underline;\"><strong><span style=\"color: #0000ff; text-decoration: underline;\"><a style=\"color: #0000ff; text-decoration: underline;\" href=\"https:\/\/sites.usp.br\/prolam\/?page_id=87&amp;lang=es\">Normas para publicaci\u00f3n en los Anales del Congreso<\/a><\/span><\/strong><\/span>.<br \/>\n<strong><span style=\"color: #ff0000;\">4) Los trabajos completos deben ser depositados en formato word (.doc), para permitir la edici\u00f3n en el e-book de los Anales.<\/span><\/strong><\/p>\n<p>Para introducir su trabajo completo, siga los pasos abajo y vea el tutorial:<\/p>\n<p>Ingrese a la plataforma de la Conferencia con su Login y Contrase\u00f1a;<br \/>\nEntre en \u00abAUTOR\u00bb;<br \/>\nEntre en \u00abARQUIVADO\u00bb y en el t\u00edtulo de la presentaci\u00f3n;<br \/>\nEntre en \u00abINCLUIR DOCUMENTO SUPLEMENTARIO\u00bb en formato word (.doc)<\/p>\n<p>Paso 1:<\/p>\n<p><a href=\"https:\/\/sites.usp.br\/prolam\/wp-content\/uploads\/sites\/35\/2019\/05\/Autor-passo-02.png\"><img loading=\"lazy\" decoding=\"async\" class=\"alignnone wp-image-4769 size-full\" src=\"https:\/\/sites.usp.br\/prolam\/wp-content\/uploads\/sites\/35\/2019\/05\/Autor-passo-02.png\" alt=\"\" width=\"877\" height=\"290\" srcset=\"https:\/\/sites.usp.br\/prolam\/wp-content\/uploads\/sites\/35\/2019\/05\/Autor-passo-02.png 877w, https:\/\/sites.usp.br\/prolam\/wp-content\/uploads\/sites\/35\/2019\/05\/Autor-passo-02-300x99.png 300w, https:\/\/sites.usp.br\/prolam\/wp-content\/uploads\/sites\/35\/2019\/05\/Autor-passo-02-768x254.png 768w, https:\/\/sites.usp.br\/prolam\/wp-content\/uploads\/sites\/35\/2019\/05\/Autor-passo-02-500x165.png 500w, https:\/\/sites.usp.br\/prolam\/wp-content\/uploads\/sites\/35\/2019\/05\/Autor-passo-02-400x132.png 400w\" sizes=\"auto, (max-width: 877px) 100vw, 877px\" \/><\/a><\/p>\n<p>Paso 2:<\/p>\n<p><a href=\"https:\/\/sites.usp.br\/prolam\/wp-content\/uploads\/sites\/35\/2019\/05\/Autor-passo-01.png\"><img loading=\"lazy\" decoding=\"async\" class=\"alignnone wp-image-4768 size-full\" src=\"https:\/\/sites.usp.br\/prolam\/wp-content\/uploads\/sites\/35\/2019\/05\/Autor-passo-01.png\" alt=\"\" width=\"895\" height=\"287\" srcset=\"https:\/\/sites.usp.br\/prolam\/wp-content\/uploads\/sites\/35\/2019\/05\/Autor-passo-01.png 895w, https:\/\/sites.usp.br\/prolam\/wp-content\/uploads\/sites\/35\/2019\/05\/Autor-passo-01-300x96.png 300w, https:\/\/sites.usp.br\/prolam\/wp-content\/uploads\/sites\/35\/2019\/05\/Autor-passo-01-768x246.png 768w, https:\/\/sites.usp.br\/prolam\/wp-content\/uploads\/sites\/35\/2019\/05\/Autor-passo-01-500x160.png 500w, https:\/\/sites.usp.br\/prolam\/wp-content\/uploads\/sites\/35\/2019\/05\/Autor-passo-01-400x128.png 400w\" sizes=\"auto, (max-width: 895px) 100vw, 895px\" \/><\/a><\/p>\n<p>Paso 3:<\/p>\n<p><a href=\"https:\/\/sites.usp.br\/prolam\/wp-content\/uploads\/sites\/35\/2019\/05\/Autor-passo-03.png\"><img loading=\"lazy\" decoding=\"async\" class=\"alignnone wp-image-4766 size-full\" src=\"https:\/\/sites.usp.br\/prolam\/wp-content\/uploads\/sites\/35\/2019\/05\/Autor-passo-03.png\" alt=\"\" width=\"873\" height=\"420\" srcset=\"https:\/\/sites.usp.br\/prolam\/wp-content\/uploads\/sites\/35\/2019\/05\/Autor-passo-03.png 873w, https:\/\/sites.usp.br\/prolam\/wp-content\/uploads\/sites\/35\/2019\/05\/Autor-passo-03-300x144.png 300w, https:\/\/sites.usp.br\/prolam\/wp-content\/uploads\/sites\/35\/2019\/05\/Autor-passo-03-768x369.png 768w, https:\/\/sites.usp.br\/prolam\/wp-content\/uploads\/sites\/35\/2019\/05\/Autor-passo-03-500x241.png 500w, https:\/\/sites.usp.br\/prolam\/wp-content\/uploads\/sites\/35\/2019\/05\/Autor-passo-03-400x192.png 400w\" sizes=\"auto, (max-width: 873px) 100vw, 873px\" \/><\/a><\/p>\n<p>Paso 4:<br \/>\n<span style=\"color: #ff0000;\">Obs: Algunos espacios quedar\u00e1n en blanco<\/span><\/p>\n<p><a href=\"https:\/\/sites.usp.br\/prolam\/wp-content\/uploads\/sites\/35\/2019\/05\/Autor-passo-04b.png\"><img loading=\"lazy\" decoding=\"async\" class=\"alignnone wp-image-4770 size-full\" src=\"https:\/\/sites.usp.br\/prolam\/wp-content\/uploads\/sites\/35\/2019\/05\/Autor-passo-04b.png\" alt=\"\" width=\"1307\" height=\"1069\" srcset=\"https:\/\/sites.usp.br\/prolam\/wp-content\/uploads\/sites\/35\/2019\/05\/Autor-passo-04b.png 1307w, https:\/\/sites.usp.br\/prolam\/wp-content\/uploads\/sites\/35\/2019\/05\/Autor-passo-04b-300x245.png 300w, https:\/\/sites.usp.br\/prolam\/wp-content\/uploads\/sites\/35\/2019\/05\/Autor-passo-04b-768x628.png 768w, https:\/\/sites.usp.br\/prolam\/wp-content\/uploads\/sites\/35\/2019\/05\/Autor-passo-04b-1024x838.png 1024w, https:\/\/sites.usp.br\/prolam\/wp-content\/uploads\/sites\/35\/2019\/05\/Autor-passo-04b-367x300.png 367w, https:\/\/sites.usp.br\/prolam\/wp-content\/uploads\/sites\/35\/2019\/05\/Autor-passo-04b-400x327.png 400w\" sizes=\"auto, (max-width: 1307px) 100vw, 1307px\" \/><\/a><\/p>\n<p>Vea los Anales de los Seminarios de Investigaci\u00f3n ocurridos en los anteriores eventos:<\/p>\n<p><span style=\"color: #0000ff;\"><strong><a style=\"color: #0000ff;\" href=\"http:\/\/sites.usp.br\/prolam\/wp-content\/uploads\/sites\/35\/2015\/06\/Simp%C3%B3sio-Internacional-Pensar-e-Repensar-a-Am%C3%A9rica-Latina_ANAIS_revisado1.pdf\">Anais 2014<\/a><\/strong><\/span><\/p>\n<p><span style=\"color: #0000ff;\"><strong><a style=\"color: #0000ff;\" href=\"http:\/\/sites.usp.br\/prolam\/ii-simposio-internacional-pensar-e-repensar-america-latina_anais\/\">Anais 2016<\/a><\/strong><\/span><\/p>","protected":false},"excerpt":{"rendered":"<p>[PENSAMiento] Perspectivas cr\u00edticas de Am\u00e9rica Latina: pensamiento social, pol\u00edtico y econ\u00f3mico N\u00daMERO ISBN: 978-85-88376-02-1 [ESTADO E SOCIEDAD] Estado y luchas sociales en Am\u00e9rica Latina: sociedad, econom\u00eda y pol\u00edtica N\u00daMERO ISBN: 978-85-88376-04-5 [RELAciones INTERNACIONAles] Temas contempor\u00e1neos de las relaciones internacionales en &hellip; <a href=\"https:\/\/sites.usp.br\/prolam\/es\/pensaralc\/\">Continue reading <span class=\"meta-nav\">&rarr;<\/span><\/a><\/p>\n","protected":false},"author":318,"featured_media":0,"parent":0,"menu_order":4,"comment_status":"closed","ping_status":"closed","template":"","meta":{"footnotes":"","_links_to":"","_links_to_target":""},"class_list":["post-3440","page","type-page","status-publish","hentry"],"_links":{"self":[{"href":"https:\/\/sites.usp.br\/prolam\/es\/wp-json\/wp\/v2\/pages\/3440","targetHints":{"allow":["GET"]}}],"collection":[{"href":"https:\/\/sites.usp.br\/prolam\/es\/wp-json\/wp\/v2\/pages"}],"about":[{"href":"https:\/\/sites.usp.br\/prolam\/es\/wp-json\/wp\/v2\/types\/page"}],"author":[{"embeddable":true,"href":"https:\/\/sites.usp.br\/prolam\/es\/wp-json\/wp\/v2\/users\/318"}],"replies":[{"embeddable":true,"href":"https:\/\/sites.usp.br\/prolam\/es\/wp-json\/wp\/v2\/comments?post=3440"}],"version-history":[{"count":4,"href":"https:\/\/sites.usp.br\/prolam\/es\/wp-json\/wp\/v2\/pages\/3440\/revisions"}],"predecessor-version":[{"id":5786,"href":"https:\/\/sites.usp.br\/prolam\/es\/wp-json\/wp\/v2\/pages\/3440\/revisions\/5786"}],"wp:attachment":[{"href":"https:\/\/sites.usp.br\/prolam\/es\/wp-json\/wp\/v2\/media?parent=3440"}],"curies":[{"name":"wp","href":"https:\/\/api.w.org\/{rel}","templated":true}]}}