{"id":3513,"date":"2019-02-10T13:19:45","date_gmt":"2019-02-10T16:19:45","guid":{"rendered":"http:\/\/sites.usp.br\/prolam\/?page_id=3513"},"modified":"2019-04-16T11:23:34","modified_gmt":"2019-04-16T14:23:34","slug":"pintores-homenageados","status":"publish","type":"page","link":"https:\/\/sites.usp.br\/prolam\/es\/pintores-homenageados\/","title":{"rendered":"Pintores homenajeados"},"content":{"rendered":"<p><a href=\"http:\/\/sites.usp.br\/prolam\/wp-content\/uploads\/sites\/35\/2019\/02\/Arte-Constructivo-Joaqu\u00edn-Torres-Garc\u00eda-Uruguai-1943.jpg\"><img loading=\"lazy\" decoding=\"async\" class=\"size-medium wp-image-3514 alignleft\" src=\"http:\/\/sites.usp.br\/prolam\/wp-content\/uploads\/sites\/35\/2019\/02\/Arte-Constructivo-Joaqu\u00edn-Torres-Garc\u00eda-Uruguai-1943-300x138.jpg\" alt=\"\" width=\"300\" height=\"138\" srcset=\"https:\/\/sites.usp.br\/prolam\/wp-content\/uploads\/sites\/35\/2019\/02\/Arte-Constructivo-Joaqu\u00edn-Torres-Garc\u00eda-Uruguai-1943-300x138.jpg 300w, https:\/\/sites.usp.br\/prolam\/wp-content\/uploads\/sites\/35\/2019\/02\/Arte-Constructivo-Joaqu\u00edn-Torres-Garc\u00eda-Uruguai-1943-768x354.jpg 768w, https:\/\/sites.usp.br\/prolam\/wp-content\/uploads\/sites\/35\/2019\/02\/Arte-Constructivo-Joaqu\u00edn-Torres-Garc\u00eda-Uruguai-1943-1024x472.jpg 1024w, https:\/\/sites.usp.br\/prolam\/wp-content\/uploads\/sites\/35\/2019\/02\/Arte-Constructivo-Joaqu\u00edn-Torres-Garc\u00eda-Uruguai-1943-500x230.jpg 500w, https:\/\/sites.usp.br\/prolam\/wp-content\/uploads\/sites\/35\/2019\/02\/Arte-Constructivo-Joaqu\u00edn-Torres-Garc\u00eda-Uruguai-1943-400x184.jpg 400w, https:\/\/sites.usp.br\/prolam\/wp-content\/uploads\/sites\/35\/2019\/02\/Arte-Constructivo-Joaqu\u00edn-Torres-Garc\u00eda-Uruguai-1943.jpg 1083w\" sizes=\"auto, (max-width: 300px) 100vw, 300px\" \/><\/a><\/p>\n<p>&nbsp;<\/p>\n<p>&nbsp;<\/p>\n<p>&nbsp;<\/p>\n<p><em>Arte Constructivo<\/em> &#8211; Joaqu\u00edn Torres-Garc\u00eda (Uruguai, 1943)<\/p>\n<p><a href=\"http:\/\/sites.usp.br\/prolam\/wp-content\/uploads\/sites\/35\/2019\/02\/Artesania-peruana-t\u00e9cnica-mate-burilado.jpg\"><img loading=\"lazy\" decoding=\"async\" class=\"size-medium wp-image-3515 alignleft\" src=\"http:\/\/sites.usp.br\/prolam\/wp-content\/uploads\/sites\/35\/2019\/02\/Artesania-peruana-t\u00e9cnica-mate-burilado-300x138.jpg\" alt=\"\" width=\"300\" height=\"138\" srcset=\"https:\/\/sites.usp.br\/prolam\/wp-content\/uploads\/sites\/35\/2019\/02\/Artesania-peruana-t\u00e9cnica-mate-burilado-300x138.jpg 300w, https:\/\/sites.usp.br\/prolam\/wp-content\/uploads\/sites\/35\/2019\/02\/Artesania-peruana-t\u00e9cnica-mate-burilado-768x354.jpg 768w, https:\/\/sites.usp.br\/prolam\/wp-content\/uploads\/sites\/35\/2019\/02\/Artesania-peruana-t\u00e9cnica-mate-burilado-1024x472.jpg 1024w, https:\/\/sites.usp.br\/prolam\/wp-content\/uploads\/sites\/35\/2019\/02\/Artesania-peruana-t\u00e9cnica-mate-burilado-500x231.jpg 500w, https:\/\/sites.usp.br\/prolam\/wp-content\/uploads\/sites\/35\/2019\/02\/Artesania-peruana-t\u00e9cnica-mate-burilado-400x184.jpg 400w, https:\/\/sites.usp.br\/prolam\/wp-content\/uploads\/sites\/35\/2019\/02\/Artesania-peruana-t\u00e9cnica-mate-burilado.jpg 1065w\" sizes=\"auto, (max-width: 300px) 100vw, 300px\" \/><\/a><\/p>\n<p>&nbsp;<\/p>\n<p>&nbsp;<\/p>\n<p>&nbsp;<\/p>\n<p>Artesania peruana, t\u00e9cnica mate burilado<\/p>\n<p><a href=\"http:\/\/sites.usp.br\/prolam\/wp-content\/uploads\/sites\/35\/2019\/02\/Candomble-Pedro-Figar-Uruguai-1932.jpg\"><img loading=\"lazy\" decoding=\"async\" class=\"alignnone size-medium wp-image-3518\" src=\"http:\/\/sites.usp.br\/prolam\/wp-content\/uploads\/sites\/35\/2019\/02\/Candomble-Pedro-Figar-Uruguai-1932-300x111.jpg\" alt=\"\" width=\"300\" height=\"111\" srcset=\"https:\/\/sites.usp.br\/prolam\/wp-content\/uploads\/sites\/35\/2019\/02\/Candomble-Pedro-Figar-Uruguai-1932-300x111.jpg 300w, https:\/\/sites.usp.br\/prolam\/wp-content\/uploads\/sites\/35\/2019\/02\/Candomble-Pedro-Figar-Uruguai-1932-768x283.jpg 768w, https:\/\/sites.usp.br\/prolam\/wp-content\/uploads\/sites\/35\/2019\/02\/Candomble-Pedro-Figar-Uruguai-1932-1024x378.jpg 1024w, https:\/\/sites.usp.br\/prolam\/wp-content\/uploads\/sites\/35\/2019\/02\/Candomble-Pedro-Figar-Uruguai-1932-500x184.jpg 500w, https:\/\/sites.usp.br\/prolam\/wp-content\/uploads\/sites\/35\/2019\/02\/Candomble-Pedro-Figar-Uruguai-1932-400x147.jpg 400w, https:\/\/sites.usp.br\/prolam\/wp-content\/uploads\/sites\/35\/2019\/02\/Candomble-Pedro-Figar-Uruguai-1932.jpg 1150w\" sizes=\"auto, (max-width: 300px) 100vw, 300px\" \/><\/a><\/p>\n<p><em>Candomble<\/em>\u00a0&#8211; Pedro Figar (Uruguai, 1932)<\/p>\n<p><a href=\"http:\/\/sites.usp.br\/prolam\/wp-content\/uploads\/sites\/35\/2019\/02\/Carnaval-Rosista-Pedro-Figari-Uruguai-1920.jpg\"><img loading=\"lazy\" decoding=\"async\" class=\"alignnone size-medium wp-image-3519\" src=\"http:\/\/sites.usp.br\/prolam\/wp-content\/uploads\/sites\/35\/2019\/02\/Carnaval-Rosista-Pedro-Figari-Uruguai-1920-300x125.jpg\" alt=\"\" width=\"300\" height=\"125\" srcset=\"https:\/\/sites.usp.br\/prolam\/wp-content\/uploads\/sites\/35\/2019\/02\/Carnaval-Rosista-Pedro-Figari-Uruguai-1920-300x125.jpg 300w, https:\/\/sites.usp.br\/prolam\/wp-content\/uploads\/sites\/35\/2019\/02\/Carnaval-Rosista-Pedro-Figari-Uruguai-1920-768x320.jpg 768w, https:\/\/sites.usp.br\/prolam\/wp-content\/uploads\/sites\/35\/2019\/02\/Carnaval-Rosista-Pedro-Figari-Uruguai-1920-1024x427.jpg 1024w, https:\/\/sites.usp.br\/prolam\/wp-content\/uploads\/sites\/35\/2019\/02\/Carnaval-Rosista-Pedro-Figari-Uruguai-1920-500x208.jpg 500w, https:\/\/sites.usp.br\/prolam\/wp-content\/uploads\/sites\/35\/2019\/02\/Carnaval-Rosista-Pedro-Figari-Uruguai-1920-400x167.jpg 400w, https:\/\/sites.usp.br\/prolam\/wp-content\/uploads\/sites\/35\/2019\/02\/Carnaval-Rosista-Pedro-Figari-Uruguai-1920.jpg 1229w\" sizes=\"auto, (max-width: 300px) 100vw, 300px\" \/><\/a><\/p>\n<p><em>Carnaval Rosista<\/em>\u00a0&#8211; Pedro Figari (Uruguai, 1920)<\/p>\n<p><a href=\"http:\/\/sites.usp.br\/prolam\/wp-content\/uploads\/sites\/35\/2019\/02\/Dualidad-Rufino-Tamayo-M\u00e9xico-1964.jpg\"><img loading=\"lazy\" decoding=\"async\" class=\"alignnone size-medium wp-image-3520\" src=\"http:\/\/sites.usp.br\/prolam\/wp-content\/uploads\/sites\/35\/2019\/02\/Dualidad-Rufino-Tamayo-M\u00e9xico-1964-300x168.jpg\" alt=\"\" width=\"300\" height=\"168\" srcset=\"https:\/\/sites.usp.br\/prolam\/wp-content\/uploads\/sites\/35\/2019\/02\/Dualidad-Rufino-Tamayo-M\u00e9xico-1964-300x168.jpg 300w, https:\/\/sites.usp.br\/prolam\/wp-content\/uploads\/sites\/35\/2019\/02\/Dualidad-Rufino-Tamayo-M\u00e9xico-1964-768x431.jpg 768w, https:\/\/sites.usp.br\/prolam\/wp-content\/uploads\/sites\/35\/2019\/02\/Dualidad-Rufino-Tamayo-M\u00e9xico-1964-1024x575.jpg 1024w, https:\/\/sites.usp.br\/prolam\/wp-content\/uploads\/sites\/35\/2019\/02\/Dualidad-Rufino-Tamayo-M\u00e9xico-1964-500x281.jpg 500w, https:\/\/sites.usp.br\/prolam\/wp-content\/uploads\/sites\/35\/2019\/02\/Dualidad-Rufino-Tamayo-M\u00e9xico-1964-310x174.jpg 310w, https:\/\/sites.usp.br\/prolam\/wp-content\/uploads\/sites\/35\/2019\/02\/Dualidad-Rufino-Tamayo-M\u00e9xico-1964-400x225.jpg 400w, https:\/\/sites.usp.br\/prolam\/wp-content\/uploads\/sites\/35\/2019\/02\/Dualidad-Rufino-Tamayo-M\u00e9xico-1964.jpg 1092w\" sizes=\"auto, (max-width: 300px) 100vw, 300px\" \/><\/a><\/p>\n<p><em>Dualidad<\/em> &#8211; Rufino Tamayo (M\u00e9xico, 1964)<\/p>\n<p><a href=\"http:\/\/sites.usp.br\/prolam\/wp-content\/uploads\/sites\/35\/2019\/02\/El-Grito-I-II-III-Oswaldo-Guayasamin-Equador-1983.jpg\"><img loading=\"lazy\" decoding=\"async\" class=\"alignnone size-medium wp-image-3516\" src=\"http:\/\/sites.usp.br\/prolam\/wp-content\/uploads\/sites\/35\/2019\/02\/El-Grito-I-II-III-Oswaldo-Guayasamin-Equador-1983-300x135.jpg\" alt=\"\" width=\"300\" height=\"135\" srcset=\"https:\/\/sites.usp.br\/prolam\/wp-content\/uploads\/sites\/35\/2019\/02\/El-Grito-I-II-III-Oswaldo-Guayasamin-Equador-1983-300x135.jpg 300w, https:\/\/sites.usp.br\/prolam\/wp-content\/uploads\/sites\/35\/2019\/02\/El-Grito-I-II-III-Oswaldo-Guayasamin-Equador-1983-768x345.jpg 768w, https:\/\/sites.usp.br\/prolam\/wp-content\/uploads\/sites\/35\/2019\/02\/El-Grito-I-II-III-Oswaldo-Guayasamin-Equador-1983-500x224.jpg 500w, https:\/\/sites.usp.br\/prolam\/wp-content\/uploads\/sites\/35\/2019\/02\/El-Grito-I-II-III-Oswaldo-Guayasamin-Equador-1983-400x180.jpg 400w, https:\/\/sites.usp.br\/prolam\/wp-content\/uploads\/sites\/35\/2019\/02\/El-Grito-I-II-III-Oswaldo-Guayasamin-Equador-1983.jpg 773w\" sizes=\"auto, (max-width: 300px) 100vw, 300px\" \/><\/a><\/p>\n<p><em>El Grito I II III<\/em> &#8211; Oswaldo Guayasamin (Equador, 1983)<\/p>\n<p><a href=\"http:\/\/sites.usp.br\/prolam\/wp-content\/uploads\/sites\/35\/2019\/02\/Emigrantes-III-Lasar-Segall-Brasil-1936.jpg\"><img loading=\"lazy\" decoding=\"async\" class=\"alignnone size-medium wp-image-3517\" src=\"http:\/\/sites.usp.br\/prolam\/wp-content\/uploads\/sites\/35\/2019\/02\/Emigrantes-III-Lasar-Segall-Brasil-1936-300x131.jpg\" alt=\"\" width=\"300\" height=\"131\" srcset=\"https:\/\/sites.usp.br\/prolam\/wp-content\/uploads\/sites\/35\/2019\/02\/Emigrantes-III-Lasar-Segall-Brasil-1936-300x131.jpg 300w, https:\/\/sites.usp.br\/prolam\/wp-content\/uploads\/sites\/35\/2019\/02\/Emigrantes-III-Lasar-Segall-Brasil-1936-768x336.jpg 768w, https:\/\/sites.usp.br\/prolam\/wp-content\/uploads\/sites\/35\/2019\/02\/Emigrantes-III-Lasar-Segall-Brasil-1936-1024x448.jpg 1024w, https:\/\/sites.usp.br\/prolam\/wp-content\/uploads\/sites\/35\/2019\/02\/Emigrantes-III-Lasar-Segall-Brasil-1936-500x219.jpg 500w, https:\/\/sites.usp.br\/prolam\/wp-content\/uploads\/sites\/35\/2019\/02\/Emigrantes-III-Lasar-Segall-Brasil-1936-400x175.jpg 400w, https:\/\/sites.usp.br\/prolam\/wp-content\/uploads\/sites\/35\/2019\/02\/Emigrantes-III-Lasar-Segall-Brasil-1936.jpg 1110w\" sizes=\"auto, (max-width: 300px) 100vw, 300px\" \/><\/a><\/p>\n<p><em>Emigrantes III<\/em> &#8211; Lasar Segall (Brasil, 1936)<\/p>\n<p><a href=\"http:\/\/sites.usp.br\/prolam\/wp-content\/uploads\/sites\/35\/2019\/02\/Candomble-Pedro-Figar-Uruguai-1932.jpg\"><img loading=\"lazy\" decoding=\"async\" class=\"alignnone size-medium wp-image-3518\" src=\"http:\/\/sites.usp.br\/prolam\/wp-content\/uploads\/sites\/35\/2019\/02\/Candomble-Pedro-Figar-Uruguai-1932-300x111.jpg\" alt=\"\" width=\"300\" height=\"111\" srcset=\"https:\/\/sites.usp.br\/prolam\/wp-content\/uploads\/sites\/35\/2019\/02\/Candomble-Pedro-Figar-Uruguai-1932-300x111.jpg 300w, https:\/\/sites.usp.br\/prolam\/wp-content\/uploads\/sites\/35\/2019\/02\/Candomble-Pedro-Figar-Uruguai-1932-768x283.jpg 768w, https:\/\/sites.usp.br\/prolam\/wp-content\/uploads\/sites\/35\/2019\/02\/Candomble-Pedro-Figar-Uruguai-1932-1024x378.jpg 1024w, https:\/\/sites.usp.br\/prolam\/wp-content\/uploads\/sites\/35\/2019\/02\/Candomble-Pedro-Figar-Uruguai-1932-500x184.jpg 500w, https:\/\/sites.usp.br\/prolam\/wp-content\/uploads\/sites\/35\/2019\/02\/Candomble-Pedro-Figar-Uruguai-1932-400x147.jpg 400w, https:\/\/sites.usp.br\/prolam\/wp-content\/uploads\/sites\/35\/2019\/02\/Candomble-Pedro-Figar-Uruguai-1932.jpg 1150w\" sizes=\"auto, (max-width: 300px) 100vw, 300px\" \/><\/a><\/p>\n<p><em>Candomble<\/em> &#8211; Pedro Figar (Uruguai, 1932)<\/p>\n<p><a href=\"http:\/\/sites.usp.br\/prolam\/wp-content\/uploads\/sites\/35\/2019\/02\/Carnaval-Rosista-Pedro-Figari-Uruguai-1920.jpg\"><img loading=\"lazy\" decoding=\"async\" class=\"alignnone size-medium wp-image-3519\" src=\"http:\/\/sites.usp.br\/prolam\/wp-content\/uploads\/sites\/35\/2019\/02\/Carnaval-Rosista-Pedro-Figari-Uruguai-1920-300x125.jpg\" alt=\"\" width=\"300\" height=\"125\" srcset=\"https:\/\/sites.usp.br\/prolam\/wp-content\/uploads\/sites\/35\/2019\/02\/Carnaval-Rosista-Pedro-Figari-Uruguai-1920-300x125.jpg 300w, https:\/\/sites.usp.br\/prolam\/wp-content\/uploads\/sites\/35\/2019\/02\/Carnaval-Rosista-Pedro-Figari-Uruguai-1920-768x320.jpg 768w, https:\/\/sites.usp.br\/prolam\/wp-content\/uploads\/sites\/35\/2019\/02\/Carnaval-Rosista-Pedro-Figari-Uruguai-1920-1024x427.jpg 1024w, https:\/\/sites.usp.br\/prolam\/wp-content\/uploads\/sites\/35\/2019\/02\/Carnaval-Rosista-Pedro-Figari-Uruguai-1920-500x208.jpg 500w, https:\/\/sites.usp.br\/prolam\/wp-content\/uploads\/sites\/35\/2019\/02\/Carnaval-Rosista-Pedro-Figari-Uruguai-1920-400x167.jpg 400w, https:\/\/sites.usp.br\/prolam\/wp-content\/uploads\/sites\/35\/2019\/02\/Carnaval-Rosista-Pedro-Figari-Uruguai-1920.jpg 1229w\" sizes=\"auto, (max-width: 300px) 100vw, 300px\" \/><\/a><\/p>\n<p><em>Carnaval Rosista<\/em> &#8211; Pedro Figari (Uruguai, 1920)<\/p>\n<p><a href=\"http:\/\/sites.usp.br\/prolam\/wp-content\/uploads\/sites\/35\/2019\/02\/Encuentro-con-la-Pachamama-Mamani-Mamani-Bolivia-sd.jpg\"><img loading=\"lazy\" decoding=\"async\" class=\"alignnone size-medium wp-image-3521\" src=\"http:\/\/sites.usp.br\/prolam\/wp-content\/uploads\/sites\/35\/2019\/02\/Encuentro-con-la-Pachamama-Mamani-Mamani-Bolivia-sd-300x168.jpg\" alt=\"\" width=\"300\" height=\"168\" srcset=\"https:\/\/sites.usp.br\/prolam\/wp-content\/uploads\/sites\/35\/2019\/02\/Encuentro-con-la-Pachamama-Mamani-Mamani-Bolivia-sd-300x168.jpg 300w, https:\/\/sites.usp.br\/prolam\/wp-content\/uploads\/sites\/35\/2019\/02\/Encuentro-con-la-Pachamama-Mamani-Mamani-Bolivia-sd-768x429.jpg 768w, https:\/\/sites.usp.br\/prolam\/wp-content\/uploads\/sites\/35\/2019\/02\/Encuentro-con-la-Pachamama-Mamani-Mamani-Bolivia-sd-1024x572.jpg 1024w, https:\/\/sites.usp.br\/prolam\/wp-content\/uploads\/sites\/35\/2019\/02\/Encuentro-con-la-Pachamama-Mamani-Mamani-Bolivia-sd-500x279.jpg 500w, https:\/\/sites.usp.br\/prolam\/wp-content\/uploads\/sites\/35\/2019\/02\/Encuentro-con-la-Pachamama-Mamani-Mamani-Bolivia-sd-310x174.jpg 310w, https:\/\/sites.usp.br\/prolam\/wp-content\/uploads\/sites\/35\/2019\/02\/Encuentro-con-la-Pachamama-Mamani-Mamani-Bolivia-sd-400x224.jpg 400w, https:\/\/sites.usp.br\/prolam\/wp-content\/uploads\/sites\/35\/2019\/02\/Encuentro-con-la-Pachamama-Mamani-Mamani-Bolivia-sd.jpg 1129w\" sizes=\"auto, (max-width: 300px) 100vw, 300px\" \/><\/a><\/p>\n<p><em>Encuentro con la Pachamama<\/em> &#8211; Mamani Mamani (Bolivia, sd)<\/p>\n<p><a href=\"http:\/\/sites.usp.br\/prolam\/wp-content\/uploads\/sites\/35\/2019\/02\/Eu-vi-o-mundo...-ele-come\u00e7ava-no-Recife-Cicero-Dias-Brasil1931.jpg\"><img loading=\"lazy\" decoding=\"async\" class=\"alignnone size-medium wp-image-3522\" src=\"http:\/\/sites.usp.br\/prolam\/wp-content\/uploads\/sites\/35\/2019\/02\/Eu-vi-o-mundo...-ele-come\u00e7ava-no-Recife-Cicero-Dias-Brasil1931-300x142.jpg\" alt=\"\" width=\"300\" height=\"142\" srcset=\"https:\/\/sites.usp.br\/prolam\/wp-content\/uploads\/sites\/35\/2019\/02\/Eu-vi-o-mundo...-ele-come\u00e7ava-no-Recife-Cicero-Dias-Brasil1931-300x142.jpg 300w, https:\/\/sites.usp.br\/prolam\/wp-content\/uploads\/sites\/35\/2019\/02\/Eu-vi-o-mundo...-ele-come\u00e7ava-no-Recife-Cicero-Dias-Brasil1931-768x363.jpg 768w, https:\/\/sites.usp.br\/prolam\/wp-content\/uploads\/sites\/35\/2019\/02\/Eu-vi-o-mundo...-ele-come\u00e7ava-no-Recife-Cicero-Dias-Brasil1931-1024x485.jpg 1024w, https:\/\/sites.usp.br\/prolam\/wp-content\/uploads\/sites\/35\/2019\/02\/Eu-vi-o-mundo...-ele-come\u00e7ava-no-Recife-Cicero-Dias-Brasil1931-500x237.jpg 500w, https:\/\/sites.usp.br\/prolam\/wp-content\/uploads\/sites\/35\/2019\/02\/Eu-vi-o-mundo...-ele-come\u00e7ava-no-Recife-Cicero-Dias-Brasil1931-400x189.jpg 400w, https:\/\/sites.usp.br\/prolam\/wp-content\/uploads\/sites\/35\/2019\/02\/Eu-vi-o-mundo...-ele-come\u00e7ava-no-Recife-Cicero-Dias-Brasil1931.jpg 1063w\" sizes=\"auto, (max-width: 300px) 100vw, 300px\" \/><\/a><\/p>\n<p><em>Eu vi o mundo&#8230; ele come\u00e7ava no Recife<\/em> &#8211; Cicero Dias (Brasil,1931)<\/p>\n<p><a href=\"http:\/\/sites.usp.br\/prolam\/wp-content\/uploads\/sites\/35\/2019\/02\/Fuego-en-el-batey-Mario-Carre\u00f1o-Cuba-1943.jpg\"><img loading=\"lazy\" decoding=\"async\" class=\"alignnone size-medium wp-image-3523\" src=\"http:\/\/sites.usp.br\/prolam\/wp-content\/uploads\/sites\/35\/2019\/02\/Fuego-en-el-batey-Mario-Carre\u00f1o-Cuba-1943-300x128.jpg\" alt=\"\" width=\"300\" height=\"128\" srcset=\"https:\/\/sites.usp.br\/prolam\/wp-content\/uploads\/sites\/35\/2019\/02\/Fuego-en-el-batey-Mario-Carre\u00f1o-Cuba-1943-300x128.jpg 300w, https:\/\/sites.usp.br\/prolam\/wp-content\/uploads\/sites\/35\/2019\/02\/Fuego-en-el-batey-Mario-Carre\u00f1o-Cuba-1943-768x328.jpg 768w, https:\/\/sites.usp.br\/prolam\/wp-content\/uploads\/sites\/35\/2019\/02\/Fuego-en-el-batey-Mario-Carre\u00f1o-Cuba-1943-1024x437.jpg 1024w, https:\/\/sites.usp.br\/prolam\/wp-content\/uploads\/sites\/35\/2019\/02\/Fuego-en-el-batey-Mario-Carre\u00f1o-Cuba-1943-500x213.jpg 500w, https:\/\/sites.usp.br\/prolam\/wp-content\/uploads\/sites\/35\/2019\/02\/Fuego-en-el-batey-Mario-Carre\u00f1o-Cuba-1943-400x171.jpg 400w, https:\/\/sites.usp.br\/prolam\/wp-content\/uploads\/sites\/35\/2019\/02\/Fuego-en-el-batey-Mario-Carre\u00f1o-Cuba-1943.jpg 1113w\" sizes=\"auto, (max-width: 300px) 100vw, 300px\" \/><\/a><\/p>\n<p><em>Fuego en el batey<\/em> &#8211; Mario Carre\u00f1o (Cuba, 1943<\/p>\n<p><a href=\"http:\/\/sites.usp.br\/prolam\/wp-content\/uploads\/sites\/35\/2019\/02\/La-Creaci\u00f3n-Jose-Gurvich-Uruguai-1968.jpg\"><img loading=\"lazy\" decoding=\"async\" class=\"alignnone size-medium wp-image-3525\" src=\"http:\/\/sites.usp.br\/prolam\/wp-content\/uploads\/sites\/35\/2019\/02\/La-Creaci\u00f3n-Jose-Gurvich-Uruguai-1968-300x146.jpg\" alt=\"\" width=\"300\" height=\"146\" srcset=\"https:\/\/sites.usp.br\/prolam\/wp-content\/uploads\/sites\/35\/2019\/02\/La-Creaci\u00f3n-Jose-Gurvich-Uruguai-1968-300x146.jpg 300w, https:\/\/sites.usp.br\/prolam\/wp-content\/uploads\/sites\/35\/2019\/02\/La-Creaci\u00f3n-Jose-Gurvich-Uruguai-1968-768x373.jpg 768w, https:\/\/sites.usp.br\/prolam\/wp-content\/uploads\/sites\/35\/2019\/02\/La-Creaci\u00f3n-Jose-Gurvich-Uruguai-1968-500x243.jpg 500w, https:\/\/sites.usp.br\/prolam\/wp-content\/uploads\/sites\/35\/2019\/02\/La-Creaci\u00f3n-Jose-Gurvich-Uruguai-1968-400x194.jpg 400w, https:\/\/sites.usp.br\/prolam\/wp-content\/uploads\/sites\/35\/2019\/02\/La-Creaci\u00f3n-Jose-Gurvich-Uruguai-1968.jpg 1015w\" sizes=\"auto, (max-width: 300px) 100vw, 300px\" \/><\/a><\/p>\n<p><em>La Creaci\u00f3n<\/em> &#8211; Jose Gurvich (Uruguai, 1968)<\/p>\n<p><a href=\"http:\/\/sites.usp.br\/prolam\/wp-content\/uploads\/sites\/35\/2019\/02\/Las-Manos-Oswaldo-Guayasamin-Equadorsd.jpg\"><img loading=\"lazy\" decoding=\"async\" class=\"alignnone size-medium wp-image-3538\" src=\"http:\/\/sites.usp.br\/prolam\/wp-content\/uploads\/sites\/35\/2019\/02\/Las-Manos-Oswaldo-Guayasamin-Equadorsd-300x137.jpg\" alt=\"\" width=\"300\" height=\"137\" srcset=\"https:\/\/sites.usp.br\/prolam\/wp-content\/uploads\/sites\/35\/2019\/02\/Las-Manos-Oswaldo-Guayasamin-Equadorsd-300x137.jpg 300w, https:\/\/sites.usp.br\/prolam\/wp-content\/uploads\/sites\/35\/2019\/02\/Las-Manos-Oswaldo-Guayasamin-Equadorsd-768x352.jpg 768w, https:\/\/sites.usp.br\/prolam\/wp-content\/uploads\/sites\/35\/2019\/02\/Las-Manos-Oswaldo-Guayasamin-Equadorsd-1024x469.jpg 1024w, https:\/\/sites.usp.br\/prolam\/wp-content\/uploads\/sites\/35\/2019\/02\/Las-Manos-Oswaldo-Guayasamin-Equadorsd-500x229.jpg 500w, https:\/\/sites.usp.br\/prolam\/wp-content\/uploads\/sites\/35\/2019\/02\/Las-Manos-Oswaldo-Guayasamin-Equadorsd-400x183.jpg 400w, https:\/\/sites.usp.br\/prolam\/wp-content\/uploads\/sites\/35\/2019\/02\/Las-Manos-Oswaldo-Guayasamin-Equadorsd.jpg 1751w\" sizes=\"auto, (max-width: 300px) 100vw, 300px\" \/><\/a><\/p>\n<p><em>Las Manos &#8211;<\/em>\u00a0Oswaldo Guayasamin (Equador,sd)<\/p>\n<p><a href=\"http:\/\/sites.usp.br\/prolam\/wp-content\/uploads\/sites\/35\/2019\/02\/Manifestaci\u00f3n-Antonio-Berni-Argentina-1934.jpg\"><img loading=\"lazy\" decoding=\"async\" class=\"alignnone size-medium wp-image-3539\" src=\"http:\/\/sites.usp.br\/prolam\/wp-content\/uploads\/sites\/35\/2019\/02\/Manifestaci\u00f3n-Antonio-Berni-Argentina-1934-300x153.jpg\" alt=\"\" width=\"300\" height=\"153\" srcset=\"https:\/\/sites.usp.br\/prolam\/wp-content\/uploads\/sites\/35\/2019\/02\/Manifestaci\u00f3n-Antonio-Berni-Argentina-1934-300x153.jpg 300w, https:\/\/sites.usp.br\/prolam\/wp-content\/uploads\/sites\/35\/2019\/02\/Manifestaci\u00f3n-Antonio-Berni-Argentina-1934-768x392.jpg 768w, https:\/\/sites.usp.br\/prolam\/wp-content\/uploads\/sites\/35\/2019\/02\/Manifestaci\u00f3n-Antonio-Berni-Argentina-1934-500x256.jpg 500w, https:\/\/sites.usp.br\/prolam\/wp-content\/uploads\/sites\/35\/2019\/02\/Manifestaci\u00f3n-Antonio-Berni-Argentina-1934-400x204.jpg 400w, https:\/\/sites.usp.br\/prolam\/wp-content\/uploads\/sites\/35\/2019\/02\/Manifestaci\u00f3n-Antonio-Berni-Argentina-1934.jpg 1000w\" sizes=\"auto, (max-width: 300px) 100vw, 300px\" \/><\/a><\/p>\n<p><em>Manifestaci\u00f3n<\/em>\u00a0&#8211; Antonio Berni (Argentina, 1934)<\/p>\n<p><a href=\"http:\/\/sites.usp.br\/prolam\/wp-content\/uploads\/sites\/35\/2019\/02\/Palacios-en-Br\u00eda-Xul-Solar-Argentina-1932.jpg\"><img loading=\"lazy\" decoding=\"async\" class=\"alignnone size-medium wp-image-3526\" src=\"http:\/\/sites.usp.br\/prolam\/wp-content\/uploads\/sites\/35\/2019\/02\/Palacios-en-Br\u00eda-Xul-Solar-Argentina-1932-300x113.jpg\" alt=\"\" width=\"300\" height=\"113\" srcset=\"https:\/\/sites.usp.br\/prolam\/wp-content\/uploads\/sites\/35\/2019\/02\/Palacios-en-Br\u00eda-Xul-Solar-Argentina-1932-300x113.jpg 300w, https:\/\/sites.usp.br\/prolam\/wp-content\/uploads\/sites\/35\/2019\/02\/Palacios-en-Br\u00eda-Xul-Solar-Argentina-1932-768x290.jpg 768w, https:\/\/sites.usp.br\/prolam\/wp-content\/uploads\/sites\/35\/2019\/02\/Palacios-en-Br\u00eda-Xul-Solar-Argentina-1932-1024x387.jpg 1024w, https:\/\/sites.usp.br\/prolam\/wp-content\/uploads\/sites\/35\/2019\/02\/Palacios-en-Br\u00eda-Xul-Solar-Argentina-1932-500x189.jpg 500w, https:\/\/sites.usp.br\/prolam\/wp-content\/uploads\/sites\/35\/2019\/02\/Palacios-en-Br\u00eda-Xul-Solar-Argentina-1932-400x151.jpg 400w, https:\/\/sites.usp.br\/prolam\/wp-content\/uploads\/sites\/35\/2019\/02\/Palacios-en-Br\u00eda-Xul-Solar-Argentina-1932.jpg 1161w\" sizes=\"auto, (max-width: 300px) 100vw, 300px\" \/><\/a><\/p>\n<p><em>Palacios en Br\u00eda<\/em> &#8211; Xul Solar (Argentina, 1932)<\/p>\n<p><a href=\"http:\/\/sites.usp.br\/prolam\/wp-content\/uploads\/sites\/35\/2019\/02\/Sue\u00f1o-de-una-tarde-dominical-en-la-Alameda-Central-Diego-Rivera-M\u00e9xico-1947.jpg\"><img loading=\"lazy\" decoding=\"async\" class=\"alignnone size-medium wp-image-3527\" src=\"http:\/\/sites.usp.br\/prolam\/wp-content\/uploads\/sites\/35\/2019\/02\/Sue\u00f1o-de-una-tarde-dominical-en-la-Alameda-Central-Diego-Rivera-M\u00e9xico-1947-300x110.jpg\" alt=\"\" width=\"300\" height=\"110\" srcset=\"https:\/\/sites.usp.br\/prolam\/wp-content\/uploads\/sites\/35\/2019\/02\/Sue\u00f1o-de-una-tarde-dominical-en-la-Alameda-Central-Diego-Rivera-M\u00e9xico-1947-300x110.jpg 300w, https:\/\/sites.usp.br\/prolam\/wp-content\/uploads\/sites\/35\/2019\/02\/Sue\u00f1o-de-una-tarde-dominical-en-la-Alameda-Central-Diego-Rivera-M\u00e9xico-1947-768x281.jpg 768w, https:\/\/sites.usp.br\/prolam\/wp-content\/uploads\/sites\/35\/2019\/02\/Sue\u00f1o-de-una-tarde-dominical-en-la-Alameda-Central-Diego-Rivera-M\u00e9xico-1947-1024x374.jpg 1024w, https:\/\/sites.usp.br\/prolam\/wp-content\/uploads\/sites\/35\/2019\/02\/Sue\u00f1o-de-una-tarde-dominical-en-la-Alameda-Central-Diego-Rivera-M\u00e9xico-1947-500x183.jpg 500w, https:\/\/sites.usp.br\/prolam\/wp-content\/uploads\/sites\/35\/2019\/02\/Sue\u00f1o-de-una-tarde-dominical-en-la-Alameda-Central-Diego-Rivera-M\u00e9xico-1947-400x146.jpg 400w, https:\/\/sites.usp.br\/prolam\/wp-content\/uploads\/sites\/35\/2019\/02\/Sue\u00f1o-de-una-tarde-dominical-en-la-Alameda-Central-Diego-Rivera-M\u00e9xico-1947.jpg 1191w\" sizes=\"auto, (max-width: 300px) 100vw, 300px\" \/><\/a><\/p>\n<p><em>Sue\u00f1o de una tarde dominical en la Alameda Central<\/em>-Diego Rivera (M\u00e9xico, 1947)<\/p>\n<p><a href=\"http:\/\/sites.usp.br\/prolam\/wp-content\/uploads\/sites\/35\/2019\/02\/Marche-\u00e0-la-MontagneClaude-Dambreville-.jpg\"><img loading=\"lazy\" decoding=\"async\" class=\"size-medium wp-image-3540 alignleft\" src=\"http:\/\/sites.usp.br\/prolam\/wp-content\/uploads\/sites\/35\/2019\/02\/Marche-\u00e0-la-MontagneClaude-Dambreville--300x226.jpg\" alt=\"\" width=\"300\" height=\"226\" srcset=\"https:\/\/sites.usp.br\/prolam\/wp-content\/uploads\/sites\/35\/2019\/02\/Marche-\u00e0-la-MontagneClaude-Dambreville--300x226.jpg 300w, https:\/\/sites.usp.br\/prolam\/wp-content\/uploads\/sites\/35\/2019\/02\/Marche-\u00e0-la-MontagneClaude-Dambreville--398x300.jpg 398w, https:\/\/sites.usp.br\/prolam\/wp-content\/uploads\/sites\/35\/2019\/02\/Marche-\u00e0-la-MontagneClaude-Dambreville--80x60.jpg 80w, https:\/\/sites.usp.br\/prolam\/wp-content\/uploads\/sites\/35\/2019\/02\/Marche-\u00e0-la-MontagneClaude-Dambreville--400x302.jpg 400w, https:\/\/sites.usp.br\/prolam\/wp-content\/uploads\/sites\/35\/2019\/02\/Marche-\u00e0-la-MontagneClaude-Dambreville-.jpg 440w\" sizes=\"auto, (max-width: 300px) 100vw, 300px\" \/><\/a><\/p>\n<p>&nbsp;<\/p>\n<p>&nbsp;<\/p>\n<p>&nbsp;<\/p>\n<p>&nbsp;<\/p>\n<p>&nbsp;<\/p>\n<p>&nbsp;<\/p>\n<p><em>Marche \u00e0 la Montagne<\/em> &#8211; Claude Dambreville<\/p>","protected":false},"excerpt":{"rendered":"<p>&nbsp; &nbsp; &nbsp; Arte Constructivo &#8211; Joaqu\u00edn Torres-Garc\u00eda (Uruguai, 1943) &nbsp; &nbsp; &nbsp; Artesania peruana, t\u00e9cnica mate burilado Candomble\u00a0&#8211; Pedro Figar (Uruguai, 1932) Carnaval Rosista\u00a0&#8211; Pedro Figari (Uruguai, 1920) Dualidad &#8211; Rufino Tamayo (M\u00e9xico, 1964) El Grito I II III &hellip; <a href=\"https:\/\/sites.usp.br\/prolam\/es\/pintores-homenageados\/\">Continue reading <span class=\"meta-nav\">&rarr;<\/span><\/a><\/p>\n","protected":false},"author":421,"featured_media":0,"parent":0,"menu_order":5,"comment_status":"closed","ping_status":"closed","template":"","meta":{"footnotes":"","_links_to":"","_links_to_target":""},"class_list":["post-3513","page","type-page","status-publish","hentry"],"_links":{"self":[{"href":"https:\/\/sites.usp.br\/prolam\/es\/wp-json\/wp\/v2\/pages\/3513","targetHints":{"allow":["GET"]}}],"collection":[{"href":"https:\/\/sites.usp.br\/prolam\/es\/wp-json\/wp\/v2\/pages"}],"about":[{"href":"https:\/\/sites.usp.br\/prolam\/es\/wp-json\/wp\/v2\/types\/page"}],"author":[{"embeddable":true,"href":"https:\/\/sites.usp.br\/prolam\/es\/wp-json\/wp\/v2\/users\/421"}],"replies":[{"embeddable":true,"href":"https:\/\/sites.usp.br\/prolam\/es\/wp-json\/wp\/v2\/comments?post=3513"}],"version-history":[{"count":4,"href":"https:\/\/sites.usp.br\/prolam\/es\/wp-json\/wp\/v2\/pages\/3513\/revisions"}],"predecessor-version":[{"id":4296,"href":"https:\/\/sites.usp.br\/prolam\/es\/wp-json\/wp\/v2\/pages\/3513\/revisions\/4296"}],"wp:attachment":[{"href":"https:\/\/sites.usp.br\/prolam\/es\/wp-json\/wp\/v2\/media?parent=3513"}],"curies":[{"name":"wp","href":"https:\/\/api.w.org\/{rel}","templated":true}]}}