{"id":381,"date":"2014-06-16T20:16:38","date_gmt":"2014-06-16T22:16:38","guid":{"rendered":"http:\/\/sites.usp.br\/prolam\/?page_id=381"},"modified":"2016-01-16T16:09:08","modified_gmt":"2016-01-16T18:09:08","slug":"prolam-4","status":"publish","type":"page","link":"https:\/\/sites.usp.br\/prolam\/es\/prolam-4\/","title":{"rendered":"PROLAM\/USP"},"content":{"rendered":"<p style=\"text-align: justify\">O <span style=\"text-decoration: underline\"><span style=\"color: #800000;text-decoration: underline\"><a style=\"color: #800000;text-decoration: underline\" href=\"http:\/\/www.usp.br\/prolam\/\">Programa de P\u00f3s-Gradua\u00e7\u00e3o Interunidades em Integra\u00e7\u00e3o da Am\u00e9rica Latina &#8211; Prolam\/USP<\/a><\/span> <\/span>\u00e9 tem\u00e1tico e interdisciplinar. Comp\u00f5e-se de professores da Universidade de S\u00e3o Paulo que desenvolvem atividades de pesquisa, doc\u00eancia e extens\u00e3o sobre os aspectos te\u00f3ricos e pr\u00e1ticos das diferentes dimens\u00f5es dos processos de integra\u00e7\u00e3o da Am\u00e9rica Latina.<br \/>\nA diretriz metodol\u00f3gica \u00e9 tra\u00e7ada pela Comiss\u00e3o de P\u00f3s-Gradua\u00e7\u00e3o do Programa ao redor de tr\u00eas eixos de investiga\u00e7\u00e3o na \u00e1rea de humanidades e de ci\u00eancias sociais aplicadas: Sociedade, Economia e Estado; Rela\u00e7\u00f5es Internacionais e Pr\u00e1ticas Pol\u00edticas; Comunica\u00e7\u00e3o e Cultura. Cada linha de pesquisa, por sua vez, comp\u00f5e-se de dois projetos de pesquisa, a saber: Comunica\u00e7\u00e3o e Cultura &#8211; Comunica\u00e7\u00e3o na Am\u00e9rica Latina; e Produ\u00e7\u00e3o art\u00edsti<a href=\"http:\/\/sites.usp.br\/prolam\/wp-content\/uploads\/sites\/35\/2014\/06\/prolam21.png\"><img loading=\"lazy\" decoding=\"async\" class=\"alignright size-full wp-image-394\" src=\"http:\/\/sites.usp.br\/prolam\/wp-content\/uploads\/sites\/35\/2014\/06\/prolam21.png\" alt=\"prolam2\" width=\"276\" height=\"182\" \/><\/a>ca e cr\u00edtica cultural na Am\u00e9rica Latina; Sociedade, Economia e Estado &#8211; Pol\u00edticas p\u00fablicas no campo do trabalho, educa\u00e7\u00e3o e sa\u00fade; e Urbaniza\u00e7\u00e3o, metropoliza\u00e7\u00e3o e gest\u00e3o urbana na Am\u00e9rica Latina; e Pr\u00e1ticas Pol\u00edticas e Rela\u00e7\u00f5es Internacionais &#8211; Rela\u00e7\u00f5es e pr\u00e1ticas pol\u00edticas na Am\u00e9rica Latina; e Rela\u00e7\u00f5es internacionais.<br \/>\nA miss\u00e3o do Prolam\/USP \u00e9 produzir conhecimento sobre os processos de integra\u00e7\u00e3o latino-americana sob as dimens\u00f5es econ\u00f4mica, pol\u00edtica e cultural por meio de metodologia comparativa aplicada a, pelo menos, dois pa\u00edses da Am\u00e9rica Latina ou sobre uma tem\u00e1tica comum aos pa\u00edses da regi\u00e3o.<br \/>\nNo contexto dos cursos de p\u00f3s-gradua\u00e7\u00e3o, o Prolam\/USP busca o conhecimento inter e transdisciplinar ao congregar as diferentes unidades que comp\u00f5em o Programa. Docentes e discentes de diferentes \u00e1reas de conhecimento contribuem decisivamente para que o Prolam\/USP, por meio de suas diferentes atividades, possibilite melhor compreens\u00e3o dos aspectos multidimensionais da tem\u00e1tica da integra\u00e7\u00e3o latinoamericana.<\/p>\n<p style=\"text-align: justify\">Cat\u00e1logo de Disserta\u00e7\u00f5es e Teses do Prolam\/Usp (at\u00e9 2009):<span style=\"color: #000000\"> 20 anos de Estudos em Integra\u00e7\u00e3o da Am\u00e9rica Latina:<\/span><span style=\"text-decoration: underline;color: #800000\"> <a style=\"color: #800000;text-decoration: underline\" href=\"http:\/\/sites.usp.br\/prolam\/wp-content\/uploads\/sites\/35\/2014\/06\/livro_prolam_2010.pdf\">livro_prolam_2010<\/a><\/span><\/p>\n","protected":false},"excerpt":{"rendered":"<p>O Programa de P\u00f3s-Gradua\u00e7\u00e3o Interunidades em Integra\u00e7\u00e3o da Am\u00e9rica Latina &#8211; Prolam\/USP \u00e9 tem\u00e1tico e interdisciplinar. Comp\u00f5e-se de professores da Universidade de S\u00e3o Paulo que desenvolvem atividades de pesquisa, doc\u00eancia e extens\u00e3o sobre os aspectos te\u00f3ricos e pr\u00e1ticos das diferentes &hellip; <a href=\"https:\/\/sites.usp.br\/prolam\/es\/prolam-4\/\">Continue reading <span class=\"meta-nav\">&rarr;<\/span><\/a><\/p>\n","protected":false},"author":45,"featured_media":0,"parent":0,"menu_order":4,"comment_status":"closed","ping_status":"closed","template":"","meta":{"footnotes":"","_links_to":"","_links_to_target":""},"class_list":["post-381","page","type-page","status-publish","hentry"],"_links":{"self":[{"href":"https:\/\/sites.usp.br\/prolam\/es\/wp-json\/wp\/v2\/pages\/381","targetHints":{"allow":["GET"]}}],"collection":[{"href":"https:\/\/sites.usp.br\/prolam\/es\/wp-json\/wp\/v2\/pages"}],"about":[{"href":"https:\/\/sites.usp.br\/prolam\/es\/wp-json\/wp\/v2\/types\/page"}],"author":[{"embeddable":true,"href":"https:\/\/sites.usp.br\/prolam\/es\/wp-json\/wp\/v2\/users\/45"}],"replies":[{"embeddable":true,"href":"https:\/\/sites.usp.br\/prolam\/es\/wp-json\/wp\/v2\/comments?post=381"}],"version-history":[{"count":6,"href":"https:\/\/sites.usp.br\/prolam\/es\/wp-json\/wp\/v2\/pages\/381\/revisions"}],"predecessor-version":[{"id":1072,"href":"https:\/\/sites.usp.br\/prolam\/es\/wp-json\/wp\/v2\/pages\/381\/revisions\/1072"}],"wp:attachment":[{"href":"https:\/\/sites.usp.br\/prolam\/es\/wp-json\/wp\/v2\/media?parent=381"}],"curies":[{"name":"wp","href":"https:\/\/api.w.org\/{rel}","templated":true}]}}