{"id":385,"date":"2014-06-16T20:19:38","date_gmt":"2014-06-16T22:19:38","guid":{"rendered":"http:\/\/sites.usp.br\/prolam\/?page_id=385"},"modified":"2021-09-23T22:26:55","modified_gmt":"2021-09-24T01:26:55","slug":"25-anos-outras-atividades","status":"publish","type":"page","link":"https:\/\/sites.usp.br\/prolam\/es\/25-anos-outras-atividades\/","title":{"rendered":"PROLAM, 25 ANOS"},"content":{"rendered":"<p><\/p>\n<p style=\"text-align: justify;\"><span id=\"s2_1\">En el a\u00f1o 2013, estudiantes, egresados y profesores del PROLAM\/USP se reunieron para organizar una serie de actividades en 2014, como conmemoraci\u00f3n de los 25 a\u00f1os del Programa.<\/span>\u00a0<span id=\"s2_2\">Entre las actividades realizadas, adem\u00e1s del Simposio Internacional Pensar y Repensar Am\u00e9rica Latina, figuraron conferencias, con importantes investigadores de la regi\u00f3n.<\/span>\u00a0<span id=\"s2_3\">Vea a continuaci\u00f3n algunas de las conferencias:<\/span><\/p>\n<h1 style=\"text-align: justify;\"><span style=\"text-decoration: underline;\">06\/06\/2014- Conferencia \u00abLa UNILA y la integraci\u00f3n de los pa\u00edses latinoamericanos\u00bb<\/span><\/h1>\n<p style=\"text-align: justify;\">Conferenciante: Profa.Dra.Tereza Maria Spyer Dulci \u00a0(UNILA).<\/p>\n<h1 style=\"text-align: justify;\"><span style=\"text-decoration: underline;\">26\/09\/2014- Conferencia \u00abLa interdisciplinariedad en los estudios sobre Am\u00e9rica Latina\u00bb<\/span><\/h1>\n<p style=\"text-align: justify;\">Conferenciante: Profa.Dra.Cremilda Celeste de Ara\u00fajo Medina (PROLAM-ECA\/USP)<\/p>\n<h1><span style=\"text-decoration: underline;\">16\/10\/2014- Conferencia \u00abIntelectuales y cultura en Am\u00e9rica Latina\u00bb<\/span><\/h1>\n<p style=\"text-align: justify;\">Conferenciante: Profa.Dra. Maria Helena Rolim Capelato (HIST\u00d3RIA-USP) e Profa.Dra. Maria Ligia Coelho Prado (HIST\u00d3RIA-USP)<\/p>\n<h1 style=\"text-align: justify;\"><span style=\"text-decoration: underline;\">\u00a029\/10\/2014- Conferencia \u00abEl Estudio del arte Latinoamericano en PROLAM\/USP\u00bb<\/span><\/h1>\n<p style=\"text-align: justify;\">Conferenciantes: Profa.Dra. Dilma de Melo Silva (PROLAM-ECA\/USP), Profa.Dra. Lisbeth Ruth Rebollo Gon\u00e7alves (PROLAM-ECA\/USP) e Profa.Dra. Mariza Bertoli<\/p>\n<h1><span style=\"text-decoration: underline;\">5\/11\/2014- Conferencia \u00abLiteratura en Am\u00e9rica Latina\u00bb<\/span><\/h1>\n<p>Conferenciante:\u00a0\u00a0Profas. Dras. Ana Cec\u00edlia Arias Olmos (LETRAS-USP) e Joana Rodrigues (Letras-Unifesp).<\/p>\n<p>Texto de la Conferencia de la Profa. Dra. Ana Cec\u00edlia Arias Olmos (LETRAS-USP):<span style=\"color: #000000;\"> <a style=\"color: #000000;\" href=\"http:\/\/sites.usp.br\/prolam\/wp-content\/uploads\/sites\/35\/2014\/06\/Literatura-na-Am\u00e9rica-Latina_Ana-Cecilia-Olmos.pdf\">Literatura na Am\u00e9rica Latina_Ana Cecilia Olmos<\/a><\/span><\/p>","protected":false},"excerpt":{"rendered":"<p>En el a\u00f1o 2013, estudiantes, egresados y profesores del PROLAM\/USP se reunieron para organizar una serie de actividades en 2014, como conmemoraci\u00f3n de los 25 a\u00f1os del Programa.\u00a0Entre las actividades realizadas, adem\u00e1s del Simposio Internacional Pensar y Repensar Am\u00e9rica Latina, &hellip; <a href=\"https:\/\/sites.usp.br\/prolam\/es\/25-anos-outras-atividades\/\">Continue reading <span class=\"meta-nav\">&rarr;<\/span><\/a><\/p>\n","protected":false},"author":45,"featured_media":0,"parent":0,"menu_order":8,"comment_status":"closed","ping_status":"closed","template":"","meta":{"footnotes":"","_links_to":"","_links_to_target":""},"class_list":["post-385","page","type-page","status-publish","hentry"],"_links":{"self":[{"href":"https:\/\/sites.usp.br\/prolam\/es\/wp-json\/wp\/v2\/pages\/385","targetHints":{"allow":["GET"]}}],"collection":[{"href":"https:\/\/sites.usp.br\/prolam\/es\/wp-json\/wp\/v2\/pages"}],"about":[{"href":"https:\/\/sites.usp.br\/prolam\/es\/wp-json\/wp\/v2\/types\/page"}],"author":[{"embeddable":true,"href":"https:\/\/sites.usp.br\/prolam\/es\/wp-json\/wp\/v2\/users\/45"}],"replies":[{"embeddable":true,"href":"https:\/\/sites.usp.br\/prolam\/es\/wp-json\/wp\/v2\/comments?post=385"}],"version-history":[{"count":5,"href":"https:\/\/sites.usp.br\/prolam\/es\/wp-json\/wp\/v2\/pages\/385\/revisions"}],"predecessor-version":[{"id":5750,"href":"https:\/\/sites.usp.br\/prolam\/es\/wp-json\/wp\/v2\/pages\/385\/revisions\/5750"}],"wp:attachment":[{"href":"https:\/\/sites.usp.br\/prolam\/es\/wp-json\/wp\/v2\/media?parent=385"}],"curies":[{"name":"wp","href":"https:\/\/api.w.org\/{rel}","templated":true}]}}