{"id":4106,"date":"2019-03-20T19:24:22","date_gmt":"2019-03-20T22:24:22","guid":{"rendered":"http:\/\/sites.usp.br\/prolam\/?page_id=4106"},"modified":"2019-03-21T21:59:36","modified_gmt":"2019-03-22T00:59:36","slug":"cursa-de-curta-duracao-17-mulheres-e-representacao-politica-na-america-latina","status":"publish","type":"page","link":"https:\/\/sites.usp.br\/prolam\/es\/cursa-de-curta-duracao-17-mulheres-e-representacao-politica-na-america-latina\/","title":{"rendered":"Cursa de Curta Dura\u00e7\u00e3o 17: Mulheres e representa\u00e7\u00e3o pol\u00edtica na Am\u00e9rica Latina"},"content":{"rendered":"<p><strong>Ministrantes:<\/strong><\/p>\n<p style=\"text-align: justify;\"><strong>D\u00e9bora Thom\u00e9<\/strong> \u2013 doutoranda em Ci\u00eancia Pol\u00edtica \u2013 PPGCP \u2013 UFF<\/p>\n<p style=\"text-align: justify;\"><strong>Ementa:<\/strong><\/p>\n<p style=\"text-align: justify;\">O objetivo central deste curso \u00e9 apresentar o contexto da representa\u00e7\u00e3o pol\u00edtica feminina nos pa\u00edses latino-americanos, com foco no seu car\u00e1ter descritivo (Pitkin, 1967). Para tal, ser\u00e3o estudados diferentes padr\u00f5es de presen\u00e7a, como aqueles dos pa\u00edses nos quais aumentou a representa\u00e7\u00e3o (p.ex. Argentina, Bol\u00edvia e M\u00e9xico) e aqueles onde n\u00e3o ocorreu a mesma trajet\u00f3ria (como o caso brasileiro). Tamb\u00e9m faz parte da proposta apresentar as distintas estrat\u00e9gias adotadas para a amplia\u00e7\u00e3o da presen\u00e7a feminina \u2013 tais como cotas, gasto obrigat\u00f3rio em campanhas eleitorais ou leis de paridade \u2013 que ganharam proemin\u00eancia em toda a regi\u00e3o a partir dos anos 1990. A pol\u00edtica de cotas tem sido particularmente presente na Am\u00e9rica Latina, onde, a partir de 2015, todos os pa\u00edses democr\u00e1ticos, exceto a Guatemala, adotaram pol\u00edticas nacionais de cotas de g\u00eanero (Gatto, 2017).<\/p>\n<p style=\"text-align: justify;\">A Am\u00e9rica Latina \u00e9 hoje uma regi\u00e3o fundamental quando se trata de entender a amplia\u00e7\u00e3o da participa\u00e7\u00e3o de mulheres em espa\u00e7os de poder. Entre os dez pa\u00edses do mundo com maior percentual de mulheres nas c\u00e2maras baixas, cinco s\u00e3o latino-americanos &#8211; a saber: Cuba, Bol\u00edvia, M\u00e9xico, Nicar\u00e1gua e Costa Rica (Inter-Parliamentary Union, 2019). A regi\u00e3o, por\u00e9m, apresenta n\u00edveis de presen\u00e7a feminina nos parlamentos bastante d\u00edspares, assim como diferentes sistemas eleitorais. No caso brasileiro, por exemplo, o pa\u00eds ainda est\u00e1 entre os piores do mundo em representa\u00e7\u00e3o na c\u00e2mara baixa.<\/p>\n<p style=\"text-align: justify;\">O curso trabalhar\u00e1 estudando os dados referentes a essa realidade, trazendo bibliografia que contemple fatores que favorecem e dificultam a presen\u00e7a de mulheres em cargos eletivos. Al\u00e9m disso, tamb\u00e9m se levar\u00e1 em conta, no entendimento da representa\u00e7\u00e3o feminina, aspectos tais como ra\u00e7a, classe e orienta\u00e7\u00e3o sexual.<\/p>\n<p style=\"text-align: justify;\"><strong>Desenvolvimento e Cronograma<\/strong>:<\/p>\n<p style=\"text-align: justify;\"><strong>De 7 a 9 de maio \u2013 Das 9h \u00e0s 10h30<\/strong><\/p>\n<p style=\"text-align: justify;\"><strong>Primeira sess\u00e3o (07\/05\/2019)<\/strong> &#8211; Ser\u00e3o apresentados os dados de conjuntura e hist\u00f3ricos para entender a quest\u00e3o da representa\u00e7\u00e3o feminina em pa\u00edses selecionados da Am\u00e9rica Latina. Tamb\u00e9m ser\u00e1 dado enfoque \u00e0s vari\u00e1veis explicativas para maior ou menor presen\u00e7a de mulheres nos cargos eletivos.<\/p>\n<p style=\"text-align: justify;\"><strong>Segunda sess\u00e3o (08\/05\/2019)<\/strong> &#8211; Foco no Brasil, explorando melhor a trajet\u00f3ria das mulheres no pa\u00eds nos cargos eletivos, bem como as recentes mudan\u00e7as na lei e os resultados das \u00faltimas elei\u00e7\u00f5es.<\/p>\n<p style=\"text-align: justify;\"><strong>Terceira sess\u00e3o (09\/05\/2019)<\/strong> &#8211; Mudan\u00e7as recentes visando \u00e0 paridade e os diferentes padr\u00f5es de aumento na representa\u00e7\u00e3o, enfocando principalmente os casos de Argentina, Chile e M\u00e9xico. Tamb\u00e9m trazendo a discuss\u00e3o da viol\u00eancia contra as mulheres na pol\u00edtica.<\/p>\n<p style=\"text-align: justify;\"><strong>Bibliografia:<\/strong><\/p>\n<p style=\"text-align: justify;\">ARA\u00daJO, C.&amp; BORGES, D. Trajet\u00f3rias pol\u00edticas e chances eleitorais: analisando o \u00abg\u00eanero\u00bb das candidaturas em 2010. <em>Rev. Sociologia Pol\u00edtica.<\/em> [online] vol.21, n.46, pp.69-91. 2013.<\/p>\n<p style=\"text-align: justify;\">FEITOSA, F. A participa\u00e7\u00e3o pol\u00edtica das mulheres nas elei\u00e7\u00f5es de 2010: panorama geral de candidatos eleitos. In: Alves, J. E. D.; Pinto, C. R. J.; Jord\u00e3o, F. (Org.). <em>Mulheres nas elei\u00e7\u00f5es 2010.<\/em> S\u00e3o Paulo: ABCP\/SPM. p.139-166. 2012.<\/p>\n<p style=\"text-align: justify;\">FREIDENBERG, F. Ellas tambi\u00e9n saben.\u00a0 Estereotipos de g\u00e9nero, resistencias a la inclusi\u00f3n y estrategias para feminizar la pol\u00edtica. <em>Revista Pluralismo y Consenso<\/em>. Dispon\u00edvel em: <a href=\"https:\/\/www.researchgate.net\/publication\/324686400_Ellas_tambien_saben_Estereotipos_de_genero_resistencias_a_la_inclusion_y_estrategias_para_feminizar_la_politica\">https:\/\/www.researchgate.net\/publication\/324686400_Ellas_tambien_saben_Estereotipos_de_genero_resistencias_a_la_inclusion_y_estrategias_para_feminizar_la_politica<\/a>. Acesso em: 9 de mar. 2019.<\/p>\n<p style=\"text-align: justify;\">FREIDENBERG, F., CAMINOTTI, M., MU\u00d1OZ-POGOSIAN, B. DOSEK, T. <em>Mujeres en la pol\u00edtica.<\/em> Experiencias nacionales y subnacionales en Am\u00e9rica Latina. Ciudad de Mexico: Instituto Electoral. 2018. (Pag. 7- 68 &#8211; Introducci\u00f3n e Cap.1.)<\/p>\n<p style=\"text-align: justify;\">FREIDENBERG, F.&amp; PEREZ, G. <em>Cuando hacer pol\u00edtica te cuesta la vida.<\/em> Tribunal Electoral de la Ciudad de Mexico. 2017. Pag.3-44 (Introducci\u00f3n)<\/p>\n<p style=\"text-align: justify;\">HINOJOSA, M. &amp; PISCOPO, J. Women won big n Mexico\u2019s elections \u2014 taking nearly half the legislature\u2019s seats. Here\u2019s why. Dispon\u00edvel em: <a href=\"https:\/\/www.washingtonpost.com\/news\/monkey-cage\/wp\/2018\/07\/11\/women-won-big-in-mexicos-elections-taking-nearly-half-the-legislatures-seats-heres-why\/?utm_term=.abf74825ab3f\">https:\/\/www.washingtonpost.com\/news\/monkey-cage\/wp\/2018\/07\/11\/women-won-big-in-mexicos-elections-taking-nearly-half-the-legislatures-seats-heres-why\/?utm_term=.abf74825ab3f<\/a>. Acesso em: 9 de mar.2019.<\/p>\n<p style=\"text-align: justify;\">ODILLA, F. Lugar de mulher \u00e9 na supl\u00eancia? O que est\u00e1 por tr\u00e1s do aumento no total de candidatas nas elei\u00e7\u00f5es de 2018. Dispon\u00edvel em: <a href=\"https:\/\/www.bbc.com\/portuguese\/brasil-45435947\">https:\/\/www.bbc.com\/portuguese\/brasil-45435947<\/a><\/p>\n<p style=\"text-align: justify;\">PINTO, C. R. J., &amp; SILVEIRA, A. (2018). Mulheres com carreiras pol\u00edticas longevas no legislativo brasileiro (1950-2014). <em>Opini\u00e3o P\u00fablica <\/em>24 (1), 178-208.<\/p>\n<p style=\"text-align: justify;\">SCHWINDT-BAYER, L. A. <em>Political power and women\u2019s representation in Latin America<\/em>. Oxford University Press. 2010. (Cap.1 e 2).<\/p>\n<p style=\"text-align: justify;\">VOLPIN, Michelle. La inmensa minor\u00eda. Elleciones 2019 y paridad de g\u00e9nero. <em>Revista Anf\u00edbia. <\/em>Universidad Nacional de San Martin. Dispon\u00edvel em: <a href=\"http:\/\/revistaanfibia.com\/ensayo\/la-inmensa-minoria\/\">http:\/\/revistaanfibia.com\/ensayo\/la-inmensa-minoria\/<\/a>. Acesso em: 8 de mar.2019.<\/p>\n<p style=\"text-align: justify;\">WYLIE, K. &amp; Santos, P. A Law on Paper Only: Electoral Rules, Parties, and the Persistent Underrepresentation of Women in Brazilian Legislatures. Politics &amp; Gender, 12(3), 415-442. 2016.<\/p>\n<p><strong>\u00a0<\/strong><\/p>\n","protected":false},"excerpt":{"rendered":"<p>Ministrantes: D\u00e9bora Thom\u00e9 \u2013 doutoranda em Ci\u00eancia Pol\u00edtica \u2013 PPGCP \u2013 UFF Ementa: O objetivo central deste curso \u00e9 apresentar o contexto da representa\u00e7\u00e3o pol\u00edtica feminina nos pa\u00edses latino-americanos, com foco no seu car\u00e1ter descritivo (Pitkin, 1967). Para tal, ser\u00e3o &hellip; <a href=\"https:\/\/sites.usp.br\/prolam\/es\/cursa-de-curta-duracao-17-mulheres-e-representacao-politica-na-america-latina\/\">Continue reading <span class=\"meta-nav\">&rarr;<\/span><\/a><\/p>\n","protected":false},"author":421,"featured_media":0,"parent":0,"menu_order":4,"comment_status":"closed","ping_status":"closed","template":"","meta":{"footnotes":"","_links_to":"","_links_to_target":""},"class_list":["post-4106","page","type-page","status-publish","hentry"],"_links":{"self":[{"href":"https:\/\/sites.usp.br\/prolam\/es\/wp-json\/wp\/v2\/pages\/4106","targetHints":{"allow":["GET"]}}],"collection":[{"href":"https:\/\/sites.usp.br\/prolam\/es\/wp-json\/wp\/v2\/pages"}],"about":[{"href":"https:\/\/sites.usp.br\/prolam\/es\/wp-json\/wp\/v2\/types\/page"}],"author":[{"embeddable":true,"href":"https:\/\/sites.usp.br\/prolam\/es\/wp-json\/wp\/v2\/users\/421"}],"replies":[{"embeddable":true,"href":"https:\/\/sites.usp.br\/prolam\/es\/wp-json\/wp\/v2\/comments?post=4106"}],"version-history":[{"count":2,"href":"https:\/\/sites.usp.br\/prolam\/es\/wp-json\/wp\/v2\/pages\/4106\/revisions"}],"predecessor-version":[{"id":4191,"href":"https:\/\/sites.usp.br\/prolam\/es\/wp-json\/wp\/v2\/pages\/4106\/revisions\/4191"}],"wp:attachment":[{"href":"https:\/\/sites.usp.br\/prolam\/es\/wp-json\/wp\/v2\/media?parent=4106"}],"curies":[{"name":"wp","href":"https:\/\/api.w.org\/{rel}","templated":true}]}}