{"id":4498,"date":"2019-04-27T23:21:34","date_gmt":"2019-04-28T02:21:34","guid":{"rendered":"http:\/\/sites.usp.br\/prolam\/?page_id=4498"},"modified":"2019-04-27T23:24:22","modified_gmt":"2019-04-28T02:24:22","slug":"4498-2","status":"publish","type":"page","link":"https:\/\/sites.usp.br\/prolam\/es\/4498-2\/","title":{"rendered":"(Portugu\u00eas) Semin\u00e1rio de Pesquisa 24 &#8211; Trabalhos aprovados"},"content":{"rendered":"<p class=\"qtranxs-available-languages-message qtranxs-available-languages-message-es\">Disculpa, pero esta entrada est\u00e1 disponible s\u00f3lo en <a href=\"https:\/\/sites.usp.br\/prolam\/pt\/wp-json\/wp\/v2\/pages\/4498\" class=\"qtranxs-available-language-link qtranxs-available-language-link-pt\" title=\"Portugu\u00eas\">Portugu\u00eas<\/a>.<\/p>","protected":false},"excerpt":{"rendered":"<p>Disculpa, pero esta entrada est\u00e1 disponible s\u00f3lo en Portugu\u00eas.<\/p>\n","protected":false},"author":754,"featured_media":0,"parent":0,"menu_order":5,"comment_status":"closed","ping_status":"closed","template":"","meta":{"footnotes":"","_links_to":"","_links_to_target":""},"class_list":["post-4498","page","type-page","status-publish","hentry"],"_links":{"self":[{"href":"https:\/\/sites.usp.br\/prolam\/es\/wp-json\/wp\/v2\/pages\/4498","targetHints":{"allow":["GET"]}}],"collection":[{"href":"https:\/\/sites.usp.br\/prolam\/es\/wp-json\/wp\/v2\/pages"}],"about":[{"href":"https:\/\/sites.usp.br\/prolam\/es\/wp-json\/wp\/v2\/types\/page"}],"author":[{"embeddable":true,"href":"https:\/\/sites.usp.br\/prolam\/es\/wp-json\/wp\/v2\/users\/754"}],"replies":[{"embeddable":true,"href":"https:\/\/sites.usp.br\/prolam\/es\/wp-json\/wp\/v2\/comments?post=4498"}],"version-history":[{"count":2,"href":"https:\/\/sites.usp.br\/prolam\/es\/wp-json\/wp\/v2\/pages\/4498\/revisions"}],"predecessor-version":[{"id":4501,"href":"https:\/\/sites.usp.br\/prolam\/es\/wp-json\/wp\/v2\/pages\/4498\/revisions\/4501"}],"wp:attachment":[{"href":"https:\/\/sites.usp.br\/prolam\/es\/wp-json\/wp\/v2\/media?parent=4498"}],"curies":[{"name":"wp","href":"https:\/\/api.w.org\/{rel}","templated":true}]}}