{"id":4774,"date":"2019-05-19T10:04:34","date_gmt":"2019-05-19T13:04:34","guid":{"rendered":"http:\/\/sites.usp.br\/prolam\/?page_id=4774"},"modified":"2019-05-29T20:50:41","modified_gmt":"2019-05-29T23:50:41","slug":"informacoes-importantes","status":"publish","type":"page","link":"https:\/\/sites.usp.br\/prolam\/es\/informacoes-importantes\/","title":{"rendered":"Informaciones importantes"},"content":{"rendered":"<p><span style=\"color: #ff0000;\">Sobre la publicaci\u00f3n de los trabajos completos<\/span>: los trabajos completos ser\u00e1n publicados en los Anales en formato de e-book tem\u00e1tico con ISBN. Conforme a la convocatoria, s\u00f3lo se publicar\u00e1n los trabajos presentados en los Seminarios de Investigaci\u00f3n. <strong><span style=\"color: #ff0000;\">La fecha l\u00edmite de entrega es el 15 de junio de 2019<\/span><\/strong>. Las normas para la presentaci\u00f3n y el tutorial de la Plataforma de dep\u00f3sito se encuentran en: <span style=\"color: #0000ff;\">https:\/\/sites.usp.br\/prolam\/?page_id=3440<\/span><\/p>\n<p><!--more--><br \/>\n<strong><span style=\"color: #ff0000;\">Sobre los Certificados<\/span><\/strong>: Los Certificados de Presentadores de Seminario de Investigaci\u00f3n, Alumno y Profesor de Curso Corta Duraci\u00f3n, Oyentes con Certificado, adem\u00e1s de Coordinadores, Debatidores y Conferencistas est\u00e1n siendo ya enviados en un proceso automatizado que deber\u00e1 finalizar hasta el d\u00eda 21 de mayo . Cualquier divergencia, urgencia o duda, por favor, entre en contacto con nosotros (prolam_usp@usp.br).<\/p>\n<p><!--more--><br \/>\n&#8211; <span style=\"color: #ff0000;\">Grabaciones y Libros de las Conferencias y Mesas Redondas<\/span>: Las grabaciones de las presentaciones ser\u00e1n publicadas en este sitio de los eventos, y el libro ser\u00e1 editado en formato e-book biling\u00fce con acceso abierto.<br \/>\n&#8211; <span style=\"color: #ff0000;\">Otras publicaciones<\/span>: aqu\u00ed, en este sitio tambi\u00e9n ser\u00e1n publicados hasta finales de este mes de mayo los registros fotogr\u00e1ficos, las entrevistas de los palestrantes, as\u00ed como otros materiales que repercutieron el I CIPPAL y el III SIPPAL en los medios alternativos y acad\u00e9micos.<\/p>\n<p>Finalmente, si usted tiene alg\u00fan comentario o sugerencia que permitir\u00e1 mejorar las actividades futuras del Congreso, si usted tiene alguna fotograf\u00eda o informaci\u00f3n que pueda ser interesante para su publicaci\u00f3n en el sitio, por favor, escr\u00edbanos a: prolam_usp@usp.br<\/p>","protected":false},"excerpt":{"rendered":"<p>Disculpa, pero esta entrada est\u00e1 disponible s\u00f3lo en Portugu\u00eas.<\/p>\n","protected":false},"author":754,"featured_media":0,"parent":0,"menu_order":5,"comment_status":"closed","ping_status":"closed","template":"","meta":{"footnotes":"","_links_to":"","_links_to_target":""},"class_list":["post-4774","page","type-page","status-publish","hentry"],"_links":{"self":[{"href":"https:\/\/sites.usp.br\/prolam\/es\/wp-json\/wp\/v2\/pages\/4774","targetHints":{"allow":["GET"]}}],"collection":[{"href":"https:\/\/sites.usp.br\/prolam\/es\/wp-json\/wp\/v2\/pages"}],"about":[{"href":"https:\/\/sites.usp.br\/prolam\/es\/wp-json\/wp\/v2\/types\/page"}],"author":[{"embeddable":true,"href":"https:\/\/sites.usp.br\/prolam\/es\/wp-json\/wp\/v2\/users\/754"}],"replies":[{"embeddable":true,"href":"https:\/\/sites.usp.br\/prolam\/es\/wp-json\/wp\/v2\/comments?post=4774"}],"version-history":[{"count":4,"href":"https:\/\/sites.usp.br\/prolam\/es\/wp-json\/wp\/v2\/pages\/4774\/revisions"}],"predecessor-version":[{"id":4788,"href":"https:\/\/sites.usp.br\/prolam\/es\/wp-json\/wp\/v2\/pages\/4774\/revisions\/4788"}],"wp:attachment":[{"href":"https:\/\/sites.usp.br\/prolam\/es\/wp-json\/wp\/v2\/media?parent=4774"}],"curies":[{"name":"wp","href":"https:\/\/api.w.org\/{rel}","templated":true}]}}