{"id":5018,"date":"2021-01-05T21:05:52","date_gmt":"2021-01-06T00:05:52","guid":{"rendered":"http:\/\/sites.usp.br\/prolam\/?page_id=5018"},"modified":"2021-09-23T22:12:26","modified_gmt":"2021-09-24T01:12:26","slug":"epal-2","status":"publish","type":"page","link":"https:\/\/sites.usp.br\/prolam\/es\/epal-2\/","title":{"rendered":"Encuentro de Investigadores sobre Am\u00e9rica Latina (EPAL)"},"content":{"rendered":"<p>https:\/\/encontrodepesquisadoressobreaamericalatina.files.wordpress.com\/2015\/07\/livro-epal_revisado2.pdf<\/p>\n<p>El <strong><span style=\"color: #00ccff;\"><a style=\"color: #00ccff;\" href=\"http:\/\/encontrodepesquisadoressobreaamericalatina.com\/\">Encuentro de Investigadores sobre Am\u00e9rica Latina (EPAL)<\/a><\/span><\/strong> fue creado en el a\u00f1o 2013, a partir de la iniciativa de alumnos y ex alumnos del Programa de <em><strong>Posgrado en Integraci\u00f3n de Am\u00e9rica Latina-PROLAM\/USP.<br \/>\n<\/strong><\/em><span id=\"s2_1\">Desde aquel a\u00f1o hasta el inicio del confinamiento, los Encuentros han sido mensuales con el objetivo de constituir un espacio de aprendizaje, de experiencias y de interacci\u00f3n entre aquellos que estudian o se interesan por Am\u00e9rica Latina. <\/span><span id=\"s2_2\">De este modo, la propuesta del EPAL es pensar, discutir y reflejar Am\u00e9rica Latina a partir de las investigaciones de maestr\u00edas, doctorados y egresados del PROLAM\/USP y de otros departamentos e instituciones que trabajen con tem\u00e1ticas latinoamericanas.<br \/>\nPara lograr la propuesta, nuestros Encuentros cuentan siempre con tres presentadores, que exponen sus investigaciones en torno a 15-20 min, y un profesor del PROLAM\/USP que media e inicia las reflexiones a partir de los trabajos presentados.<\/span><em><strong><br \/>\n<\/strong><\/em><\/p>\n<h1><span id=\"s2_1\" style=\"color: #00ccff;\">Publicaciones de la EPAL:<\/span><\/h1>\n<h3>SERIE MEMORIAS PROLAM<\/h3>\n<h3><span style=\"color: #00ccff;\"><a href=\"https:\/\/sites.usp.br\/prolam\/wp-content\/uploads\/sites\/35\/2021\/01\/EPAL1.jpg\"><img loading=\"lazy\" decoding=\"async\" class=\" wp-image-5022 alignleft\" src=\"https:\/\/sites.usp.br\/prolam\/wp-content\/uploads\/sites\/35\/2021\/01\/EPAL1-221x300.jpg\" alt=\"\" width=\"151\" height=\"201\" \/><\/a><a style=\"color: #00ccff;\" href=\"https:\/\/encontrodepesquisadoressobreaamericalatina.files.wordpress.com\/2015\/07\/livro-epal_revisado2.pdf\">Libro 1:<\/a> <\/span>Am\u00e9rica Latina en la Dimensi\u00f3n Interdisciplinaria<\/h3>\n<h3><span style=\"color: #00ccff;\"><a href=\"https:\/\/sites.usp.br\/prolam\/wp-content\/uploads\/sites\/35\/2021\/01\/EPAL2.jpg\"><img loading=\"lazy\" decoding=\"async\" class=\" wp-image-5023 alignleft\" src=\"https:\/\/sites.usp.br\/prolam\/wp-content\/uploads\/sites\/35\/2021\/01\/EPAL2-221x300.jpg\" alt=\"\" width=\"155\" height=\"206\" \/><\/a><a style=\"color: #00ccff;\" href=\"https:\/\/encontrodepesquisadoressobreaamericalatina.files.wordpress.com\/2015\/07\/livro-epal-22.pdf\">Libro 2:<\/a><\/span> Am\u00e9rica Latina contempor\u00e1nea<\/h3>\n<h3><span style=\"color: #00ccff;\"><a href=\"https:\/\/sites.usp.br\/prolam\/wp-content\/uploads\/sites\/35\/2021\/01\/EPAL3.jpg\"><img loading=\"lazy\" decoding=\"async\" class=\" wp-image-5025 alignleft\" src=\"https:\/\/sites.usp.br\/prolam\/wp-content\/uploads\/sites\/35\/2021\/01\/EPAL3-221x300.jpg\" alt=\"\" width=\"155\" height=\"206\" \/><\/a><a style=\"color: #00ccff;\" href=\"https:\/\/encontrodepesquisadoressobreaamericalatina.files.wordpress.com\/2015\/07\/livro-epal-3_revisado1.pdf\">Libro 3:<\/a><\/span> Historias, Saberes e Identidades<\/h3>\n<h3><span style=\"color: #00ccff;\"><a href=\"https:\/\/sites.usp.br\/prolam\/wp-content\/uploads\/sites\/35\/2021\/01\/EPAL4.jpg\"><img loading=\"lazy\" decoding=\"async\" class=\" wp-image-5026 alignleft\" src=\"https:\/\/sites.usp.br\/prolam\/wp-content\/uploads\/sites\/35\/2021\/01\/EPAL4-221x300.jpg\" alt=\"\" width=\"156\" height=\"207\" \/><\/a><a style=\"color: #00ccff;\" href=\"https:\/\/encontrodepesquisadoressobreaamericalatina.files.wordpress.com\/2017\/11\/livro-epal-4_oficial_.pdf\">LIBRO 4: <\/a><\/span>Historia, Sociedad y Cultura en Am\u00e9rica Latina<\/h3>\n<h3><span style=\"color: #00ccff;\"><a href=\"https:\/\/sites.usp.br\/prolam\/wp-content\/uploads\/sites\/35\/2021\/01\/EPAL5.jpg\"><img loading=\"lazy\" decoding=\"async\" class=\" wp-image-5027 alignleft\" src=\"https:\/\/sites.usp.br\/prolam\/wp-content\/uploads\/sites\/35\/2021\/01\/EPAL5-221x300.jpg\" alt=\"\" width=\"157\" height=\"209\" \/><\/a><a style=\"color: #00ccff;\" href=\"https:\/\/encontrodepesquisadoressobreaamericalatina.files.wordpress.com\/2018\/12\/LIVRO-5_EPAL_rv101118.pdf\">Libro 5:<\/a><\/span> Miradas interdisciplinarias y comparativas<\/h3>\n<h3><span style=\"color: #ccffff;\"><strong>Sitio web del EPAL<\/strong>: <a style=\"color: #ccffff;\" href=\"https:\/\/encontrodepesquisadoressobreaamericalatina.wordpress.com\/\">https:\/\/encontrodepesquisadoressobreaamericalatina.wordpress.com\/<\/a><\/span><\/h3>\n<h3><span style=\"color: #ccffff;\">Facebook: <a style=\"color: #ccffff;\" href=\"https:\/\/www.facebook.com\/encontrodepesquisadoressobreaamericalatina?fref=ts\">https:\/\/www.facebook.com\/encontrodepesquisadoressobreaamericalatina?fref=ts<\/a><\/span><\/h3>\n<h3><span style=\"color: #ccffff;\">correo para contacto: epal.prolam@gmail.com<\/span><\/h3>\n<p><\/p>","protected":false},"excerpt":{"rendered":"<p>https:\/\/encontrodepesquisadoressobreaamericalatina.files.wordpress.com\/2015\/07\/livro-epal_revisado2.pdf El Encuentro de Investigadores sobre Am\u00e9rica Latina (EPAL) fue creado en el a\u00f1o 2013, a partir de la iniciativa de alumnos y ex alumnos del Programa de Posgrado en Integraci\u00f3n de Am\u00e9rica Latina-PROLAM\/USP. Desde aquel a\u00f1o hasta el inicio &hellip; <a href=\"https:\/\/sites.usp.br\/prolam\/es\/epal-2\/\">Continue reading <span class=\"meta-nav\">&rarr;<\/span><\/a><\/p>\n","protected":false},"author":754,"featured_media":0,"parent":0,"menu_order":5,"comment_status":"closed","ping_status":"closed","template":"","meta":{"footnotes":"","_links_to":"","_links_to_target":""},"class_list":["post-5018","page","type-page","status-publish","hentry"],"_links":{"self":[{"href":"https:\/\/sites.usp.br\/prolam\/es\/wp-json\/wp\/v2\/pages\/5018","targetHints":{"allow":["GET"]}}],"collection":[{"href":"https:\/\/sites.usp.br\/prolam\/es\/wp-json\/wp\/v2\/pages"}],"about":[{"href":"https:\/\/sites.usp.br\/prolam\/es\/wp-json\/wp\/v2\/types\/page"}],"author":[{"embeddable":true,"href":"https:\/\/sites.usp.br\/prolam\/es\/wp-json\/wp\/v2\/users\/754"}],"replies":[{"embeddable":true,"href":"https:\/\/sites.usp.br\/prolam\/es\/wp-json\/wp\/v2\/comments?post=5018"}],"version-history":[{"count":4,"href":"https:\/\/sites.usp.br\/prolam\/es\/wp-json\/wp\/v2\/pages\/5018\/revisions"}],"predecessor-version":[{"id":5747,"href":"https:\/\/sites.usp.br\/prolam\/es\/wp-json\/wp\/v2\/pages\/5018\/revisions\/5747"}],"wp:attachment":[{"href":"https:\/\/sites.usp.br\/prolam\/es\/wp-json\/wp\/v2\/media?parent=5018"}],"curies":[{"name":"wp","href":"https:\/\/api.w.org\/{rel}","templated":true}]}}