{"id":5246,"date":"2021-06-15T12:06:05","date_gmt":"2021-06-15T15:06:05","guid":{"rendered":"https:\/\/sites.usp.br\/prolam\/?page_id=5246"},"modified":"2021-10-05T16:58:26","modified_gmt":"2021-10-05T19:58:26","slug":"eventos-prolam-1","status":"publish","type":"page","link":"https:\/\/sites.usp.br\/prolam\/es\/","title":{"rendered":"(Portugu\u00eas) Eventos PROLAM"},"content":{"rendered":"<p><strong><span style=\"color: #ffcc00;\">CONSULTA LOS EVENTOS DE 2021 (ABIERTOS)<\/span><\/strong><\/p>\n<p><span style=\"color: #ffff00;\"><a style=\"color: #ffff00;\" href=\"https:\/\/sites.usp.br\/prolam\/wp-content\/uploads\/sites\/35\/2021\/09\/Eventos-prolam.pdf\">Eventos-prolam<\/a><\/span><br \/>\n<a href=\"file:\/\/\/C:\/Users\/lucia\/Desktop\/PUB\/Eventos-prolam.pdf\"><img loading=\"lazy\" decoding=\"async\" class=\"alignnone wp-image-5254\" src=\"https:\/\/sites.usp.br\/prolam\/wp-content\/uploads\/sites\/35\/2021\/06\/Eventos-prolam-300x169.jpg\" alt=\"\" width=\"522\" height=\"303\" \/><\/a><\/p>\n<p>CONSULTA TODOS LOS EVENTOS DEL PROLAM<\/p>\n<ul>\n<li>\n<h3><span style=\"color: #00ccff;\"><a style=\"color: #00ccff;\" href=\"https:\/\/sites.usp.br\/prolam\/prolam-debates\/\">PROLAM Debate<\/a><br \/>\n<\/span>CICLO DE DEBATES EN L\u00cdNEA A LO LARGO DE 2020 DURANTE EL PER\u00cdODO DE CONFINAMIENTO<\/h3>\n<\/li>\n<li>\n<h3><span style=\"color: #00ccff;\"><a style=\"color: #00ccff;\" href=\"https:\/\/guerrademundos.tramadora.net\/\" rel=\"home\">Guerra de Mundos &amp; Fracturas Extractivistas en Am\u00e9rica Latina<\/a><br \/>\n<\/span>EVENTO CON TRANSMISI\u00d3N POR YOUTUBE<\/h3>\n<\/li>\n<\/ul>\n<ul>\n<li><span style=\"color: #00ccff;\"><span style=\"color: #00ccff;\"><span style=\"color: #00ccff;\"><a style=\"color: #00ccff;\" href=\"https:\/\/sites.usp.br\/prolam\/apresentacao-3\/\">Congresso Internacional Pensamiento e Ivestigaci\u00f3n sobre Am\u00e9rica Latina\u00a0 Simposio Internacional Pensar e Repensar Am\u00e9rica Latina<\/a><br \/>\n<\/span><\/span><\/span><span style=\"font-size: 10px; letter-spacing: 0.1em; text-transform: uppercase;\">EVENTO INTERNACIONAL (2014,2016,2019)<\/span><\/li>\n<\/ul>\n<ul>\n<li><span style=\"color: #00ccff;\"><span style=\"color: #00ccff;\"><a style=\"color: #00ccff;\" href=\"https:\/\/sites.usp.br\/prolam\/epal-2\/\">Encuentro de Investigadores sobre Am\u00e9rica Latina (EPAL)<\/a><br \/>\n<\/span><\/span><\/p>\n<h3>CICLO DE ENCONTROS DE PESQUISADORES SOBRE A AM\u00c9RICA LATINA (HASTA 2016-2019)<\/h3>\n<\/li>\n<\/ul>\n<p>&nbsp;<\/p>","protected":false},"excerpt":{"rendered":"<p>CONSULTA LOS EVENTOS DE 2021 (ABIERTOS) Eventos-prolam CONSULTA TODOS LOS EVENTOS DEL PROLAM PROLAM Debate CICLO DE DEBATES EN L\u00cdNEA A LO LARGO DE 2020 DURANTE EL PER\u00cdODO DE CONFINAMIENTO Guerra de Mundos &amp; Fracturas Extractivistas en Am\u00e9rica Latina EVENTO &hellip; <a href=\"https:\/\/sites.usp.br\/prolam\/es\/\">Continue reading <span class=\"meta-nav\">&rarr;<\/span><\/a><\/p>\n","protected":false},"author":754,"featured_media":0,"parent":0,"menu_order":4,"comment_status":"closed","ping_status":"closed","template":"","meta":{"footnotes":"","_links_to":"","_links_to_target":""},"class_list":["post-5246","page","type-page","status-publish","hentry"],"_links":{"self":[{"href":"https:\/\/sites.usp.br\/prolam\/es\/wp-json\/wp\/v2\/pages\/5246","targetHints":{"allow":["GET"]}}],"collection":[{"href":"https:\/\/sites.usp.br\/prolam\/es\/wp-json\/wp\/v2\/pages"}],"about":[{"href":"https:\/\/sites.usp.br\/prolam\/es\/wp-json\/wp\/v2\/types\/page"}],"author":[{"embeddable":true,"href":"https:\/\/sites.usp.br\/prolam\/es\/wp-json\/wp\/v2\/users\/754"}],"replies":[{"embeddable":true,"href":"https:\/\/sites.usp.br\/prolam\/es\/wp-json\/wp\/v2\/comments?post=5246"}],"version-history":[{"count":5,"href":"https:\/\/sites.usp.br\/prolam\/es\/wp-json\/wp\/v2\/pages\/5246\/revisions"}],"predecessor-version":[{"id":5790,"href":"https:\/\/sites.usp.br\/prolam\/es\/wp-json\/wp\/v2\/pages\/5246\/revisions\/5790"}],"wp:attachment":[{"href":"https:\/\/sites.usp.br\/prolam\/es\/wp-json\/wp\/v2\/media?parent=5246"}],"curies":[{"name":"wp","href":"https:\/\/api.w.org\/{rel}","templated":true}]}}