{"id":5396,"date":"2021-09-03T10:35:30","date_gmt":"2021-09-03T13:35:30","guid":{"rendered":"https:\/\/sites.usp.br\/prolam\/?page_id=5396"},"modified":"2021-09-23T17:22:35","modified_gmt":"2021-09-23T20:22:35","slug":"aula-inaugural","status":"publish","type":"page","link":"https:\/\/sites.usp.br\/prolam\/es\/aula-inaugural\/","title":{"rendered":"Clases Inaugurales"},"content":{"rendered":"<p><strong>Aula Inaugural PROLAM 2021\/2<a href=\"https:\/\/sites.usp.br\/prolam\/wp-content\/uploads\/sites\/35\/2021\/09\/aula-inaugural-1-1.jpg\"><img loading=\"lazy\" decoding=\"async\" class=\" wp-image-5413 alignright\" src=\"https:\/\/sites.usp.br\/prolam\/wp-content\/uploads\/sites\/35\/2021\/09\/aula-inaugural-1-1-300x169.jpg\" alt=\"\" width=\"338\" height=\"196\" \/><\/a><\/strong><\/p>\n<p><span style=\"font-weight: 300;\">Relaciones internacionales en Am\u00e9rica Latina. Prof. Osvaldo Luis Angel Coggiola &#8211; FFLCH (USP) y Prof. <\/span><span style=\"font-weight: 300;\">Andr\u00e9 Roberto Martin &#8211; FFLCH (USP)<\/span><\/p>\n<p>&nbsp;<\/p>\n<p>&nbsp;<\/p>\n<p>&nbsp;<\/p>\n<p><strong>Clase Inaugural PROLAM 2021\/1<a href=\"https:\/\/sites.usp.br\/prolam\/wp-content\/uploads\/sites\/35\/2021\/09\/aula-inaugural-2021-1.jpg\"><img loading=\"lazy\" decoding=\"async\" class=\" wp-image-5423 alignright\" src=\"https:\/\/sites.usp.br\/prolam\/wp-content\/uploads\/sites\/35\/2021\/09\/aula-inaugural-2021-1.jpg\" alt=\"\" width=\"355\" height=\"205\" \/><\/a><\/strong><\/p>\n<p>Investigaci\u00f3n en Educaci\u00f3n en la Am\u00e9rica Latina: posibilidades e desafios.<\/p>\n<p>Prof\u00ba. Ernesto N\u00e1poles Robles Universidad de Holgu\u00edn &#8211; Cuba (UHO) y Centro Latinoamericano de Estudios en Epistemolog\u00eda Pedag\u00f3gica (CESPE); Prof\u00aa. Dalila Andrade Oliveira Universidade Federal de Minas Gerais (UFMG) y Red Latino-Americana de Estudios sobre Trabajo Docente (Red Estrado)<\/p>\n<p>&nbsp;<\/p>\n<p>&nbsp;<\/p>\n<p>&nbsp;<\/p>","protected":false},"excerpt":{"rendered":"<p>Aula Inaugural PROLAM 2021\/2 Relaciones internacionales en Am\u00e9rica Latina. Prof. Osvaldo Luis Angel Coggiola &#8211; FFLCH (USP) y Prof. Andr\u00e9 Roberto Martin &#8211; FFLCH (USP) &nbsp; &nbsp; &nbsp; Clase Inaugural PROLAM 2021\/1 Investigaci\u00f3n en Educaci\u00f3n en la Am\u00e9rica Latina: posibilidades &hellip; <a href=\"https:\/\/sites.usp.br\/prolam\/es\/aula-inaugural\/\">Continue reading <span class=\"meta-nav\">&rarr;<\/span><\/a><\/p>\n","protected":false},"author":754,"featured_media":0,"parent":0,"menu_order":4,"comment_status":"closed","ping_status":"closed","template":"","meta":{"footnotes":"","_links_to":"","_links_to_target":""},"class_list":["post-5396","page","type-page","status-publish","hentry"],"_links":{"self":[{"href":"https:\/\/sites.usp.br\/prolam\/es\/wp-json\/wp\/v2\/pages\/5396","targetHints":{"allow":["GET"]}}],"collection":[{"href":"https:\/\/sites.usp.br\/prolam\/es\/wp-json\/wp\/v2\/pages"}],"about":[{"href":"https:\/\/sites.usp.br\/prolam\/es\/wp-json\/wp\/v2\/types\/page"}],"author":[{"embeddable":true,"href":"https:\/\/sites.usp.br\/prolam\/es\/wp-json\/wp\/v2\/users\/754"}],"replies":[{"embeddable":true,"href":"https:\/\/sites.usp.br\/prolam\/es\/wp-json\/wp\/v2\/comments?post=5396"}],"version-history":[{"count":4,"href":"https:\/\/sites.usp.br\/prolam\/es\/wp-json\/wp\/v2\/pages\/5396\/revisions"}],"predecessor-version":[{"id":5734,"href":"https:\/\/sites.usp.br\/prolam\/es\/wp-json\/wp\/v2\/pages\/5396\/revisions\/5734"}],"wp:attachment":[{"href":"https:\/\/sites.usp.br\/prolam\/es\/wp-json\/wp\/v2\/media?parent=5396"}],"curies":[{"name":"wp","href":"https:\/\/api.w.org\/{rel}","templated":true}]}}