{"id":673,"date":"2014-07-21T19:50:37","date_gmt":"2014-07-21T21:50:37","guid":{"rendered":"http:\/\/sites.usp.br\/prolam\/?page_id=673"},"modified":"2019-05-04T16:25:47","modified_gmt":"2019-05-04T19:25:47","slug":"duvidas-frequentes","status":"publish","type":"page","link":"https:\/\/sites.usp.br\/prolam\/es\/duvidas-frequentes\/","title":{"rendered":"Informaciones \u00fatiles"},"content":{"rendered":"<p><\/p>\n<p style=\"text-align: justify;\"><span style=\"color: #0000ff;\"><a style=\"color: #0000ff;\" href=\"https:\/\/sites.usp.br\/prolam\/?page_id=284\">Como llegar?<\/a><\/span><\/p>\n<p style=\"text-align: justify;\"><span style=\"color: #0000ff;\"><a style=\"color: #0000ff;\" href=\"https:\/\/sites.usp.br\/prolam\/?page_id=427\">Donde quedarse?<\/a><\/span><\/p>\n<p style=\"text-align: justify;\"><span style=\"color: #0000ff;\"><a style=\"color: #0000ff;\" href=\"https:\/\/sites.usp.br\/prolam\/?page_id=431\">Donde comer?<\/a><\/span><\/p>\n<p>Algunos Aplicativos gratuitos que l@s ayudar\u00e1n a encontrarse en la USP<\/p>\n<ul>\n<li><strong>Guia USP (Aplicativo que ayuda a localizarse en el Campus)<\/strong>: <a href=\"https:\/\/play.google.com\/store\/apps\/details?id=br.usp.guiausp\" target=\"_blank\" rel=\"noopener\" data-saferedirecturl=\"https:\/\/www.google.com\/url?q=https:\/\/play.google.com\/store\/apps\/details?id%3Dbr.usp.guiausp&amp;source=gmail&amp;ust=1556878105625000&amp;usg=AFQjCNGFMT0i3F6Qt9h-Wdcu7T2vYG0P7g\"><span style=\"color: #0000ff;\">https:\/\/play.google.com\/store\/<wbr \/>apps\/details?id=br.usp.guiausp<\/span><\/a><\/li>\n<li dir=\"ltr\"><strong>Circular USP (Aplicativo con las informaciones del Circular de la USP): <\/strong><a href=\"https:\/\/play.google.com\/store\/apps\/details?id=br.usp.circular.onibus&amp;hl=pt_BR\" target=\"_blank\" rel=\"noopener\" data-saferedirecturl=\"https:\/\/www.google.com\/url?q=https:\/\/play.google.com\/store\/apps\/details?id%3Dbr.usp.circular.onibus%26hl%3Dpt_BR&amp;source=gmail&amp;ust=1556878105625000&amp;usg=AFQjCNHtUwwuKTI5wMt7l_4pm914gB1vbw\"><span style=\"color: #0000ff;\">https:\/\/play.google.com\/store\/<wbr \/>apps\/details?id=br.usp.<wbr \/>circular.onibus&amp;hl=pt_BR<\/span><\/a><\/li>\n<li dir=\"ltr\"><strong>Moovit<\/strong> (<strong>aplicativo del transporte en S\u00e3o Paulo)<\/strong>: <a href=\"https:\/\/play.google.com\/store\/apps\/details?id=com.tranzmate\" target=\"_blank\" rel=\"noopener\" data-saferedirecturl=\"https:\/\/www.google.com\/url?q=https:\/\/play.google.com\/store\/apps\/details?id%3Dcom.tranzmate&amp;source=gmail&amp;ust=1556878105625000&amp;usg=AFQjCNGiwMjxpVzBOl9Kf1vZkUw-ae7r8Q\"><span style=\"color: #0000ff;\">https:\/\/play.google.com\/store\/<wbr \/>apps\/details?id=com.tranzmate<\/span><\/a><\/li>\n<li dir=\"ltr\"><strong>Entreartes (Aplicativo para conocer y participar en las diversas actividades culturaless que suceden en la USP):<\/strong> <a href=\"https:\/\/play.google.com\/store\/apps\/details?id=br.usp.entreartes\" target=\"_blank\" rel=\"noopener\" data-saferedirecturl=\"https:\/\/www.google.com\/url?q=https:\/\/play.google.com\/store\/apps\/details?id%3Dbr.usp.entreartes&amp;source=gmail&amp;ust=1556878105625000&amp;usg=AFQjCNFk1baUyOOvqmm-sduTkrRPrI0uQQ\"><span style=\"color: #0000ff;\">https:\/\/play.google.com\/store\/<wbr \/>apps\/details?id=br.usp.<wbr \/>entreartes<\/span><\/a><\/li>\n<li dir=\"ltr\"><strong>Bibliotecas USP (Aplicativo para conocer e investigar en las bibliotecas p\u00fablicas de la USP)<\/strong>: <a href=\"https:\/\/play.google.com\/store\/apps\/details?id=br.usp.bibliotecas_usp\" target=\"_blank\" rel=\"noopener\" data-saferedirecturl=\"https:\/\/www.google.com\/url?q=https:\/\/play.google.com\/store\/apps\/details?id%3Dbr.usp.bibliotecas_usp&amp;source=gmail&amp;ust=1556878105626000&amp;usg=AFQjCNHFo5oLr6zRVEN-XUTCHktBFwz_Qg\"><span style=\"color: #0000ff;\">https:\/\/play.google.com\/store\/<wbr \/>apps\/details?id=br.usp.<wbr \/>bibliotecas_usp<\/span><\/a><\/li>\n<li dir=\"ltr\"><strong>Jornal da USP (Per\u00edodico semanal oficial de la USP):<\/strong> <a href=\"https:\/\/play.google.com\/store\/apps\/details?id=br.usp.jornal_da_usp\" target=\"_blank\" rel=\"noopener\" data-saferedirecturl=\"https:\/\/www.google.com\/url?q=https:\/\/play.google.com\/store\/apps\/details?id%3Dbr.usp.jornal_da_usp&amp;source=gmail&amp;ust=1556878105626000&amp;usg=AFQjCNHTCBNmp6cwldoVHETqQFjDpUzO_Q\"><span style=\"color: #0000ff;\">https:\/\/play.google.com\/store\/<wbr \/>apps\/details?id=br.usp.jornal_<wbr \/>da_usp<\/span><\/a><\/li>\n<li dir=\"ltr\"><strong>Card\u00e1pio USP (menu del Bandej\u00e3o): <\/strong><a href=\"https:\/\/play.google.com\/store\/apps\/details?id=br.usp.cardapio_usp\" target=\"_blank\" rel=\"noopener\" data-saferedirecturl=\"https:\/\/www.google.com\/url?q=https:\/\/play.google.com\/store\/apps\/details?id%3Dbr.usp.cardapio_usp&amp;source=gmail&amp;ust=1556878105625000&amp;usg=AFQjCNE4Wa-rSvgqUC-T9K6lWvfkTt75Dg\"><span style=\"color: #0000ff;\">https:\/\/play.google.com\/store\/<wbr \/>apps\/details?id=br.usp.<wbr \/>cardapio_usp<\/span><\/a><\/li>\n<li dir=\"ltr\"><strong>Campus USP (otros aplicativos de la USP)<\/strong>: <a href=\"https:\/\/play.google.com\/store\/apps\/details?id=br.usp.campus_usp\" target=\"_blank\" rel=\"noopener\" data-saferedirecturl=\"https:\/\/www.google.com\/url?q=https:\/\/play.google.com\/store\/apps\/details?id%3Dbr.usp.campus_usp&amp;source=gmail&amp;ust=1556878105626000&amp;usg=AFQjCNFvYvRFtm1f4rifrBp39URY_GJ5sg\"><span style=\"color: #0000ff;\">https:\/\/play.google.com\/store\/<wbr \/>apps\/details?id=br.usp.campus_<wbr \/>usp<\/span><\/a><\/li>\n<\/ul>\n<p>Abajo, informaci\u00f3n importante (en portugu\u00e9s)<\/p>\n<p style=\"text-align: justify;\">Destacamos algumas d\u00favidas enviadas para a Comiss\u00e3o Organizadora. Veja se suas d\u00favidas se encontra na listagem abaixo. Caso voc\u00ea possua alguma pergunta que n\u00e3o esteja aqui, por favor envie-nos atrav\u00e9s do email: <span style=\"text-decoration: underline;\"><strong>prolam_usp@usp.br<\/strong><\/span><\/p>\n<p style=\"text-align: justify;\"><strong>1) Quem pode se inscrever como apresentador de trabalho?<\/strong><br \/>\nGraduados, alunos de p\u00f3s-gradua\u00e7\u00e3o, pesquisadores e professores. Alunos de gradua\u00e7\u00e3o tamb\u00e9m podem se inscrever \u00a0em coautoria com Professor, P\u00f3s-Graduando e\/ou Pesquisador.<\/p>\n<p style=\"text-align: justify;\"><strong>2-) Sou graduando mas gostaria de apresentar trabalho. Posso?<br \/>\n<\/strong>Os graduandos podem apresentar trabalho desde que seja em coautoria com professor, p\u00f3s-graduando ou pesquisador ou se o professor orientador estiver ciente de seu trabalho.<\/p>\n<p style=\"text-align: justify;\"><strong style=\"text-align: justify;\">3-) Para quem devo mandar o texto\/ inscri\u00e7\u00e3o para apresentar trabalho?<\/strong><br \/>\nOs textos a ser publicados nos ANAIS do Congresso dever\u00e3o ser depositados em Plataforma espec\u00edfica criada para o evento e que ser\u00e1 publicada no momento pertinente.<\/p>\n<p style=\"text-align: justify;\"><strong>4-) \u00c9 poss\u00edvel se inscrever por correio eletr\u00f4nico?<\/strong><br \/>\nN\u00e3o.<\/p>\n<p style=\"text-align: justify;\"><strong>5-) At\u00e9 quantos trabalhos posso enviar?<\/strong><br \/>\nCada proponente poder\u00e1 enviar at\u00e9 tr\u00eas trabalhos, sendo um como autor principal, e dois como coautor.<\/p>\n<p><strong>6-) At\u00e9 quando devo efetuar o pagamento?<\/strong><br \/>\nO pagamento deve ser realizado imediatamente depois da Submiss\u00e3o dos Resumos e no ato da Inscri\u00e7\u00e3o. A data m\u00e1xima para a Submiss\u00e3o de Resumos e Pagamentos <span style=\"color: #ff0000;\"><strong>10 de dezembro<\/strong><strong>\u00a0de 2018.\u00a0 <\/strong><\/span>Os alunos que desejem cursar um Curso de Curta Dura\u00e7\u00e3o devem realizar o pagamento a partir do dia <span style=\"color: #ff0000;\"><strong>20 de mar\u00e7o de 2019. <\/strong><\/span><\/p>\n<p><strong>7-) \u00c9 poss\u00edvel a isen\u00e7\u00e3o da taxa de inscri\u00e7\u00e3o para apresentador de trabalho?<\/strong><\/p>\n<p style=\"text-align: justify;\">Sim! Os pedidos devem ser feitos diretamente \u00e0 Comiss\u00e3o de Organiza\u00e7\u00e3o no correio eletr\u00f4nico do evento (prolam_usp@usp.br) at\u00e9 o dia <strong>30 de outubro de 2018<\/strong>. Veja as condi\u00e7\u00f5es para a isen\u00e7\u00e3o no item 3, inciso (b) das <span style=\"text-decoration: underline;\"><strong><a href=\"https:\/\/sites.usp.br\/prolam\/normas-para-apresentadores-de-trabalho\/\">Submiss\u00f5es<\/a>.<\/strong><\/span><\/p>\n<p style=\"text-align: justify;\"><span style=\"text-decoration: underline;\"><strong>8-) Quando ser\u00e1 divulgado o resultado dos resumos aprovados?<br \/>\n<\/strong><\/span>A partir do dia 10 de fevereiro de 2019, os resultados estar\u00e3o dispon\u00edveis no nosso site e os inscritos receber\u00e3o um email com o resultado.<\/p>\n<p style=\"text-align: justify;\"><strong>9-) Se tiver meu resumo aprovado e desejar publicar o meu trabalho completo nos Anais do Simp\u00f3sio, at\u00e9 quando devo envi\u00e1-lo?<br \/>\n<\/strong>A partir do dia <strong>10 de maio at\u00e9 o dia 30 de maio de 2019 <\/strong>um espa\u00e7o espec\u00edfico ser\u00e1 aberto na Plataforma de Inscri\u00e7\u00f5es para os Trabalhos completos.<br \/>\nOs trabalhos completos devem seguir as<span style=\"text-decoration: underline;\"><strong> <a href=\"https:\/\/sites.usp.br\/prolam\/programacao\/seminarios-de-pesquisa\/diretrizes-para-envio-de-trabalhos\/\">Normas T\u00e9cnicas <\/a><\/strong><\/span>espec\u00edficas para este tipo de trabalhos.<\/p>\n<p style=\"text-align: justify;\"><strong>10-) Posso alterar a data da minha apresenta\u00e7\u00e3o?<\/strong><br \/>\nN\u00e3o, a grade de hor\u00e1rios das comunica\u00e7\u00f5es orais n\u00e3o poder\u00e1 ser alterada (principalmente de dia).<\/p>\n<p style=\"text-align: justify;\"><strong>11-) Ser\u00e3o disponibilizados projetor \u00a0e computador?<\/strong><br \/>\nSim, todos os Semin\u00e1rios de Pesquisa ter\u00e3o projetor e computador, caso o autor deseje levar uma apresenta\u00e7\u00e3o. Solicitamos, apenas, para que levem a apresenta\u00e7\u00e3o pronta e que utilizem o computador do evento, para que n\u00e3o haja atraso nas apresenta\u00e7\u00f5es.<\/p>\n<p style=\"text-align: justify;\"><strong>12-)O \u00abSimp\u00f3sio Internacional Pensar e Repensar a Am\u00e9rica Latina\u00bb conceder\u00e1 certificado de horas de participa\u00e7\u00e3o para os ouvintes?<\/strong><br \/>\nConcederemos certificados de participa\u00e7\u00e3o de 30 horas para os ouvintes que se inscreverem e que tenham, no m\u00ednimo, 75% de presen\u00e7a e, tamb\u00e9m, para os apresentadores de trabalho.<\/p>\n<p style=\"text-align: justify;\"><strong>13-) Gostaria de lan\u00e7ar meu livro. Como devo proceder?<\/strong><br \/>\nAqueles que tiverem livros publicados entre os anos 2017, 2018 e 2019 e que tratem de tem\u00e1ticas latino-americanas devem enviar um email manifestando o interesse para <strong>prolam_usp@usp.br<\/strong><\/p>\n<p><\/p>","protected":false},"excerpt":{"rendered":"<p>Como llegar? Donde quedarse? Donde comer? Algunos Aplicativos gratuitos que l@s ayudar\u00e1n a encontrarse en la USP Guia USP (Aplicativo que ayuda a localizarse en el Campus): https:\/\/play.google.com\/store\/apps\/details?id=br.usp.guiausp Circular USP (Aplicativo con las informaciones del Circular de la USP): https:\/\/play.google.com\/store\/apps\/details?id=br.usp.circular.onibus&amp;hl=pt_BR &hellip; <a href=\"https:\/\/sites.usp.br\/prolam\/es\/duvidas-frequentes\/\">Continue reading <span class=\"meta-nav\">&rarr;<\/span><\/a><\/p>\n","protected":false},"author":45,"featured_media":0,"parent":0,"menu_order":5,"comment_status":"closed","ping_status":"closed","template":"","meta":{"footnotes":"","_links_to":"","_links_to_target":""},"class_list":["post-673","page","type-page","status-publish","hentry"],"_links":{"self":[{"href":"https:\/\/sites.usp.br\/prolam\/es\/wp-json\/wp\/v2\/pages\/673","targetHints":{"allow":["GET"]}}],"collection":[{"href":"https:\/\/sites.usp.br\/prolam\/es\/wp-json\/wp\/v2\/pages"}],"about":[{"href":"https:\/\/sites.usp.br\/prolam\/es\/wp-json\/wp\/v2\/types\/page"}],"author":[{"embeddable":true,"href":"https:\/\/sites.usp.br\/prolam\/es\/wp-json\/wp\/v2\/users\/45"}],"replies":[{"embeddable":true,"href":"https:\/\/sites.usp.br\/prolam\/es\/wp-json\/wp\/v2\/comments?post=673"}],"version-history":[{"count":6,"href":"https:\/\/sites.usp.br\/prolam\/es\/wp-json\/wp\/v2\/pages\/673\/revisions"}],"predecessor-version":[{"id":4692,"href":"https:\/\/sites.usp.br\/prolam\/es\/wp-json\/wp\/v2\/pages\/673\/revisions\/4692"}],"wp:attachment":[{"href":"https:\/\/sites.usp.br\/prolam\/es\/wp-json\/wp\/v2\/media?parent=673"}],"curies":[{"name":"wp","href":"https:\/\/api.w.org\/{rel}","templated":true}]}}