{"id":975,"date":"2016-01-14T06:48:58","date_gmt":"2016-01-14T08:48:58","guid":{"rendered":"http:\/\/sites.usp.br\/prolam\/?page_id=975"},"modified":"2019-05-05T14:32:54","modified_gmt":"2019-05-05T17:32:54","slug":"ouvintes-com-certificado","status":"publish","type":"page","link":"https:\/\/sites.usp.br\/prolam\/es\/ouvintes-com-certificado\/","title":{"rendered":"Oyentes con certificado"},"content":{"rendered":"<p><\/p>\n<div class=\"entry-content\">\n<p><span id=\"result_box\" class=\"\" lang=\"es\" tabindex=\"-1\"><span class=\"\">Es posible participar en todas las actividades del Congreso (a excepci\u00f3n de los <strong>Cursos de Corta Duraci\u00f3n<\/strong>) sin inscribirse, pero si desea recibir un Certificado como Oyente (45 horas de actividad), ser\u00e1 necesario cumplir algunos procedimientos:<\/span><\/span><\/p>\n<p><span class=\"\"><span style=\"text-decoration: underline;\"><strong>1. Sobre la inscripci\u00f3n<\/strong><\/span>:<\/span><\/p>\n<\/div>\n<div class=\"entry-content\"><span id=\"result_box\" class=\"\" lang=\"es\" tabindex=\"-1\"><span class=\"\">(a) Las inscripciones para los Oyentes con Certificados estar\u00e1n abiertas a partir del <strong>20 de enero de 2019.<\/strong><\/span><\/span><\/div>\n<div class=\"entry-content\"><span id=\"result_box\" class=\"\" lang=\"es\" tabindex=\"-1\"><span class=\"\">(b) las inscripciones podr\u00e1n realizarse presencialmente en la Inauguraci\u00f3n del Congreso, el d\u00eda <strong>6 de mayo de 2019<\/strong>.<\/span><br \/>\n(c) la tasa de inscripci\u00f3n es de <strong><span style=\"color: #ff0000;\">$US 10,00 o R$ 30,00<\/span><\/strong><br \/>\n<span class=\"\">d) para recibir el Certificado de Oyentes en el Congreso deber\u00e1 tener presencia m\u00ednima en un 75% en las actividades del Congreso.<\/span> <span class=\"\">La presencia ser\u00e1 comprobada por la firma en las listas de presencia en los <strong>Seminarios de Investigaci\u00f3n<\/strong>, y tambi\u00e9n en las <strong>Conferencias<\/strong> y <strong>Mesas Redondas del Simposio<\/strong>.<\/span><br \/>\n<span class=\"\">e) Los certificados se enviar por correo electr\u00f3nico despu\u00e9s del evento.<\/span><\/span><\/div>\n<div class=\"entry-content\"><\/div>\n<div class=\"entry-content\"><span style=\"color: #ff0000;\">Las inscri\u00e7\u00f5es online fueron encerradas. A partir de 6 de mayo, podr\u00e1 realizar sus inscripciones presencialmente en el Hall de Credenciamento del I CIPPAL\/III SIPPAL.<\/span><\/div>\n<p><\/p>","protected":false},"excerpt":{"rendered":"<p>Es posible participar en todas las actividades del Congreso (a excepci\u00f3n de los Cursos de Corta Duraci\u00f3n) sin inscribirse, pero si desea recibir un Certificado como Oyente (45 horas de actividad), ser\u00e1 necesario cumplir algunos procedimientos: 1. Sobre la inscripci\u00f3n: &hellip; <a href=\"https:\/\/sites.usp.br\/prolam\/es\/ouvintes-com-certificado\/\">Continue reading <span class=\"meta-nav\">&rarr;<\/span><\/a><\/p>\n","protected":false},"author":45,"featured_media":0,"parent":0,"menu_order":5,"comment_status":"closed","ping_status":"closed","template":"","meta":{"footnotes":"","_links_to":"","_links_to_target":""},"class_list":["post-975","page","type-page","status-publish","hentry"],"_links":{"self":[{"href":"https:\/\/sites.usp.br\/prolam\/es\/wp-json\/wp\/v2\/pages\/975","targetHints":{"allow":["GET"]}}],"collection":[{"href":"https:\/\/sites.usp.br\/prolam\/es\/wp-json\/wp\/v2\/pages"}],"about":[{"href":"https:\/\/sites.usp.br\/prolam\/es\/wp-json\/wp\/v2\/types\/page"}],"author":[{"embeddable":true,"href":"https:\/\/sites.usp.br\/prolam\/es\/wp-json\/wp\/v2\/users\/45"}],"replies":[{"embeddable":true,"href":"https:\/\/sites.usp.br\/prolam\/es\/wp-json\/wp\/v2\/comments?post=975"}],"version-history":[{"count":7,"href":"https:\/\/sites.usp.br\/prolam\/es\/wp-json\/wp\/v2\/pages\/975\/revisions"}],"predecessor-version":[{"id":4716,"href":"https:\/\/sites.usp.br\/prolam\/es\/wp-json\/wp\/v2\/pages\/975\/revisions\/4716"}],"wp:attachment":[{"href":"https:\/\/sites.usp.br\/prolam\/es\/wp-json\/wp\/v2\/media?parent=975"}],"curies":[{"name":"wp","href":"https:\/\/api.w.org\/{rel}","templated":true}]}}