{"id":977,"date":"2016-01-14T06:49:11","date_gmt":"2016-01-14T08:49:11","guid":{"rendered":"http:\/\/sites.usp.br\/prolam\/?page_id=977"},"modified":"2019-04-14T17:49:00","modified_gmt":"2019-04-14T20:49:00","slug":"ouvintes-sem-certificado","status":"publish","type":"page","link":"https:\/\/sites.usp.br\/prolam\/es\/ouvintes-sem-certificado\/","title":{"rendered":"Oyentes sin certificado"},"content":{"rendered":"<p><span id=\"result_box\" class=\"\" lang=\"es\" tabindex=\"-1\"><span class=\"\">Esta modalidad de participaci\u00f3n permitir\u00e1 a los interesados acompa\u00f1ar todas las actividades del <strong>Simposio<\/strong> y el <strong>Congreso<\/strong> (a excepci\u00f3n de los Cursos de Corta Duraci\u00f3n), de forma <span style=\"text-decoration: underline;\"><strong>gratuita<\/strong><\/span>.<\/span><\/span><\/p>\n<p><span class=\"\">La inscripci\u00f3n en esta modalidad ser\u00e1 el d\u00eda del evento y con finalidad s\u00f3lo de registro para las estad\u00edsticas del Simposio y del Congreso<\/span><\/p>\n<p>&nbsp;<\/p>\n<p style=\"text-align: justify;\"><span class=\"color_1\">\u00a0<\/span><\/p>\n<p><\/p>","protected":false},"excerpt":{"rendered":"<p>Esta modalidad de participaci\u00f3n permitir\u00e1 a los interesados acompa\u00f1ar todas las actividades del Simposio y el Congreso (a excepci\u00f3n de los Cursos de Corta Duraci\u00f3n), de forma gratuita. La inscripci\u00f3n en esta modalidad ser\u00e1 el d\u00eda del evento y con &hellip; <a href=\"https:\/\/sites.usp.br\/prolam\/es\/ouvintes-sem-certificado\/\">Continue reading <span class=\"meta-nav\">&rarr;<\/span><\/a><\/p>\n","protected":false},"author":45,"featured_media":0,"parent":0,"menu_order":5,"comment_status":"closed","ping_status":"closed","template":"","meta":{"footnotes":"","_links_to":"","_links_to_target":""},"class_list":["post-977","page","type-page","status-publish","hentry"],"_links":{"self":[{"href":"https:\/\/sites.usp.br\/prolam\/es\/wp-json\/wp\/v2\/pages\/977","targetHints":{"allow":["GET"]}}],"collection":[{"href":"https:\/\/sites.usp.br\/prolam\/es\/wp-json\/wp\/v2\/pages"}],"about":[{"href":"https:\/\/sites.usp.br\/prolam\/es\/wp-json\/wp\/v2\/types\/page"}],"author":[{"embeddable":true,"href":"https:\/\/sites.usp.br\/prolam\/es\/wp-json\/wp\/v2\/users\/45"}],"replies":[{"embeddable":true,"href":"https:\/\/sites.usp.br\/prolam\/es\/wp-json\/wp\/v2\/comments?post=977"}],"version-history":[{"count":4,"href":"https:\/\/sites.usp.br\/prolam\/es\/wp-json\/wp\/v2\/pages\/977\/revisions"}],"predecessor-version":[{"id":4287,"href":"https:\/\/sites.usp.br\/prolam\/es\/wp-json\/wp\/v2\/pages\/977\/revisions\/4287"}],"wp:attachment":[{"href":"https:\/\/sites.usp.br\/prolam\/es\/wp-json\/wp\/v2\/media?parent=977"}],"curies":[{"name":"wp","href":"https:\/\/api.w.org\/{rel}","templated":true}]}}