{"id":979,"date":"2016-01-14T06:49:34","date_gmt":"2016-01-14T08:49:34","guid":{"rendered":"http:\/\/sites.usp.br\/prolam\/?page_id=979"},"modified":"2016-01-16T20:11:07","modified_gmt":"2016-01-16T22:11:07","slug":"coordenadordesp","status":"publish","type":"page","link":"https:\/\/sites.usp.br\/prolam\/es\/coordenadordesp\/","title":{"rendered":"Coordenador de Semin\u00e1rio de Pesquisa"},"content":{"rendered":"<p style=\"text-align: justify\"><span class=\"color_1\">Os Semin\u00e1rios de Pesquisa t\u00eam o objetivo de promover o interc\u00e2mbio de experi\u00eancia acad\u00eamica nas diversas \u00e1reas dos estudos sobre a Am\u00e9rica Latina, a partir do encontro de especialistas na tem\u00e1tica. Essa modalidade de participa\u00e7\u00e3o permitir\u00e1 que os inscritos proponham tem\u00e1ticas para os Semin\u00e1rios de Pesquisa do Evento. No caso de aceite, os coordenadores receber\u00e3o o kit do evento e um certificado de coordenador. Confira abaixo as diretrizes para inscrever-se como coordenador de Semin\u00e1rio de Pesquisa:<\/span><\/p>\n<h1 style=\"text-align: center\"><span style=\"text-decoration: underline;color: #000000\"><strong>Diretrizes para inscri\u00e7\u00e3o como Coordenador de Semin\u00e1rio de Pesquisa<\/strong><\/span><\/h1>\n<p><span style=\"color: #000000\"><strong><span style=\"text-decoration: underline\">1. Condi\u00e7\u00f5es de Coordena\u00e7\u00e3o:<\/span><\/strong><\/span><br \/>\na) Poder\u00e3o coordenar Semin\u00e1rios de Pesquisa: Mestres, Doutorandos e Doutores.<br \/>\nb) Quantidade de Semin\u00e1rios de Pesquisa para serem coordenados: Cada proponente poder\u00e1 enviar apenas uma proposta de Semin\u00e1rio de Pesquisa.<\/p>\n<p style=\"text-align: justify\"><span style=\"text-decoration: underline\"><span style=\"color: #000000;text-decoration: underline\">\u00a0<strong>2. Condi\u00e7\u00f5es de submiss\u00e3o de propostas de Coordena\u00e7\u00e3o:<\/strong><\/span><\/span><br \/>\na) As propostas de Semin\u00e1rio de Pesquisa devem conter informa\u00e7\u00f5es b\u00e1sicas do interessado (como nome completo, vincula\u00e7\u00e3o institucional (se houver) e email), o nome sugerido do Semin\u00e1rio de Pesquisa, um resumo entre 300 e 500 palavras e subtem\u00e1ticas em forma de t\u00f3picos.<br \/>\nb) As propostas poder\u00e3o ser em portugu\u00eas ou espanhol.<br \/>\nc) As propostas dever\u00e3o ser enviadas para o email prolam_usp@usp.br , tendo como assunto do email o sobrenome do participante e a indica\u00e7\u00e3o de Coordenador de Semin\u00e1rio de Pesquisa . Exemplo: SILVA_Coordenador de Semin\u00e1rio de Pesquisa.<br \/>\nd) As propostas ser\u00e3o recebidas at\u00e9 o dia 28 de fevereiro de 2016, conforme o <span style=\"color: #000000\"><a style=\"color: #000000\" href=\"http:\/\/sites.usp.br\/prolam\/cronograma\/\">cronograma<\/a> <\/span>do evento.<br \/>\nAten\u00e7\u00e3o: Propostas enviadas fora do prazo estabelecido ou que n\u00e3o estiverem de acordo com as diretrizes estabelecidas n\u00e3o ser\u00e3o analisadas.<\/p>\n<p><span style=\"color: #000000\"><span style=\"text-decoration: underline\"><strong>3. Valor da inscri\u00e7\u00e3o<\/strong><\/span>:<\/span> Isentos.<\/p>\n<p style=\"text-align: justify\"><span style=\"text-decoration: underline;color: #000000\"><strong>4. Sele\u00e7\u00e3o de propostas:<\/strong><\/span><br \/>\na) A an\u00e1lise das propostas ser\u00e1 realizada pela Comiss\u00e3o Cient\u00edfica do II Simp\u00f3sio Internacional Pensar e Repensar a Am\u00e9rica Latina .<br \/>\nb) O resultado da an\u00e1lise das propostas ser\u00e1 divulgado por email e no site a partir do dia 1 de mar\u00e7o de 2016.<\/p>\n<p><span style=\"text-decoration: underline;color: #000000\"><strong>5. Realiza\u00e7\u00e3o do Semin\u00e1rio de Pesquisa e atribui\u00e7\u00f5es do Coordenador:<\/strong><\/span><br \/>\na) Para ser realizado, o Semin\u00e1rio de Pesquisa deve ter , no m\u00ednimo, cinco trabalhos.<br \/>\nb) Analisar os resumos enviados dentro do prazo estabelecido pela Comiss\u00e3o Organizadora.<br \/>\nb) Coordenar o Semin\u00e1rio de Pesquisa no dia do evento.<br \/>\nc) Entregar os certificados aos apresentadores.<\/p>\n<p><span style=\"text-decoration: underline;color: #000000\"><strong>6. Certificado:<\/strong><\/span><br \/>\nO certificado de Coordenador ser\u00e1 entregue no dia do Semin\u00e1rio de Pesquisa.<\/p>\n<p>&nbsp;<\/p>\n","protected":false},"excerpt":{"rendered":"<p>Os Semin\u00e1rios de Pesquisa t\u00eam o objetivo de promover o interc\u00e2mbio de experi\u00eancia acad\u00eamica nas diversas \u00e1reas dos estudos sobre a Am\u00e9rica Latina, a partir do encontro de especialistas na tem\u00e1tica. Essa modalidade de participa\u00e7\u00e3o permitir\u00e1 que os inscritos proponham &hellip; <a href=\"https:\/\/sites.usp.br\/prolam\/es\/coordenadordesp\/\">Continue reading <span class=\"meta-nav\">&rarr;<\/span><\/a><\/p>\n","protected":false},"author":45,"featured_media":0,"parent":0,"menu_order":5,"comment_status":"closed","ping_status":"closed","template":"","meta":{"footnotes":"","_links_to":"","_links_to_target":""},"class_list":["post-979","page","type-page","status-publish","hentry"],"_links":{"self":[{"href":"https:\/\/sites.usp.br\/prolam\/es\/wp-json\/wp\/v2\/pages\/979","targetHints":{"allow":["GET"]}}],"collection":[{"href":"https:\/\/sites.usp.br\/prolam\/es\/wp-json\/wp\/v2\/pages"}],"about":[{"href":"https:\/\/sites.usp.br\/prolam\/es\/wp-json\/wp\/v2\/types\/page"}],"author":[{"embeddable":true,"href":"https:\/\/sites.usp.br\/prolam\/es\/wp-json\/wp\/v2\/users\/45"}],"replies":[{"embeddable":true,"href":"https:\/\/sites.usp.br\/prolam\/es\/wp-json\/wp\/v2\/comments?post=979"}],"version-history":[{"count":6,"href":"https:\/\/sites.usp.br\/prolam\/es\/wp-json\/wp\/v2\/pages\/979\/revisions"}],"predecessor-version":[{"id":1045,"href":"https:\/\/sites.usp.br\/prolam\/es\/wp-json\/wp\/v2\/pages\/979\/revisions\/1045"}],"wp:attachment":[{"href":"https:\/\/sites.usp.br\/prolam\/es\/wp-json\/wp\/v2\/media?parent=979"}],"curies":[{"name":"wp","href":"https:\/\/api.w.org\/{rel}","templated":true}]}}