{"id":130,"date":"2014-05-29T15:19:07","date_gmt":"2014-05-29T17:19:07","guid":{"rendered":"http:\/\/sites.usp.br\/prolam\/?page_id=130"},"modified":"2018-12-01T10:05:32","modified_gmt":"2018-12-01T13:05:32","slug":"inscricoes-e-prazos","status":"publish","type":"page","link":"https:\/\/sites.usp.br\/prolam\/inscricoes-e-prazos\/","title":{"rendered":"Submiss\u00f5es"},"content":{"rendered":"<p><strong>I CONGRESSO INTERNACIONAL PENSAMENTO E PESQUISA SOBRE A AM\u00c9RICA LATINA<br \/>\n<\/strong><\/p>\n<p>Participe no <strong>I Congresso<\/strong> apresentando sua pesquisa, ministrando um Curso ou assistindo \u00e0s diversas atividades programadas:<\/p>\n<p>1.<span style=\"color: #000000;\"> Apresente seu trabalho nos<strong><span style=\"text-decoration: underline;\"> <a href=\"http:\/\/sites.usp.br\/prolam\/programacao\/seminarios-de-pesquisa\/\">Semin\u00e1rios de Pesquisa <\/a><\/span><\/strong><br \/>\n2. Ministre um <strong><span style=\"text-decoration: underline;\"><a href=\"http:\/\/sites.usp.br\/prolam\/ministrante-de-cursos-de-curta-duracao\/\">Curso de Curta Dura\u00e7\u00e3o<\/a><\/span><\/strong><\/span><br \/>\n3. Seja aluno num <a href=\"http:\/\/sites.usp.br\/prolam\/aluno-de-curso-de-curta-duracao\/\"><strong><span style=\"text-decoration: underline;\">Curso de Curta Dura\u00e7\u00e3o<\/span><\/strong><br \/>\n<\/a><span style=\"color: #000000;\">4. Seja Ouvinte<br \/>\n<\/span><\/p>\n<h4><strong>Para participar, acompanhe as <span style=\"text-decoration: underline;\"><a href=\"http:\/\/sites.usp.br\/prolam\/cronograma\/\">datas importantes<\/a><\/span><\/strong><\/h4>\n<p><strong><span style=\"color: #ff0000;\">Taxas de Participa\u00e7\u00e3o<\/span><br \/>\n<\/strong><\/p>\n<h4><span style=\"color: #000000;\">1. Apresentador de Trabalho nos Semin\u00e1rios de Pesquisa (Residentes no Brasil<\/span>): <span style=\"color: #ff0000;\"><strong>R$ 120,00<\/strong><\/span><span style=\"color: #000000;\"> (inscri\u00e7\u00f5es e pagamento\u00a0 at\u00e9 <strong>10 de dezembro\u00a0de 2018<\/strong>)<br \/>\n<\/span><\/h4>\n<p>2. <span style=\"color: #000000;\">Apresentador de Trabalho nos Semin\u00e1rios de Pesquisa (Residentes fora do Brasil<\/span>): <span style=\"color: #ff0000;\"><strong>$US 40,00<\/strong><\/span><span style=\"color: #000000;\"> (inscri\u00e7\u00f5es e pagamento at\u00e9 <strong>10 de dezembro\u00a0de 2018<\/strong>)<br \/>\n3. Participante como aluno nos Cursos de Curta Dura\u00e7\u00e3o<\/span>: <span style=\"color: #ff0000;\"><strong>R$ 30,00<\/strong><\/span><span style=\"color: #000000;\"> (inscri\u00e7\u00f5es a partir de <strong>16 de mar\u00e7o de 2019<\/strong>)<\/span><br \/>\n<span style=\"color: #000000;\">Obs: Apresentadores de Trabalhos nos SP ter\u00e3o <\/span><span style=\"color: #ff0000;\"><strong>desconto de 30%<\/strong><\/span><span style=\"color: #000000;\"> na taxa de inscri\u00e7\u00e3o nos Cursos<br \/>\n<\/span><\/p>\n<h4><span style=\"color: #000000;\">4. Ouvinte com certificado (Simp\u00f3sio e Congresso)<\/span>: <span style=\"color: #ff0000;\"><strong>R$ 30,00<\/strong> <\/span><span style=\"color: #000000;\">(inscri\u00e7\u00f5es a partir de<strong> 25 de novembro de 2018)<\/strong><br \/>\n5. Estar\u00e3o <\/span><span style=\"color: #ff0000;\"><strong>Isento <\/strong><\/span><span style=\"color: #000000;\">de pagamento das taxas: (a) Ministrante de Curso de Curta Dura\u00e7\u00e3o, (b) Coordenadores dos Semin\u00e1rios de Pesquisa, (c) outros casos de isen\u00e7\u00e3o analisados pela Comiss\u00e3o de Organiza\u00e7\u00e3o<\/span> (ver item 4, inciso b da <span style=\"text-decoration: underline;\"><a href=\"http:\/\/sites.usp.br\/prolam\/normas-para-apresentadores-de-trabalho\/\">Submiss\u00e3o de trabalhos<\/a><\/span>)<\/h4>\n<h5 style=\"text-align: justify;\"><\/h5>\n<h4><span style=\"color: #ff0000;\"><strong>Observa\u00e7\u00f5es importantes:<br \/>\n<\/strong><\/span><\/h4>\n<p>1) <strong>Autores e Coautores<\/strong> devem pagar a taxa de inscri\u00e7\u00e3o.<br \/>\n2) As taxas de inscri\u00e7\u00e3o s\u00e3o por <strong>cada proposta<\/strong> enviada<br \/>\n3) <span style=\"color: #000000;\">Antes se inscrever, tenha em m\u00e3os a <strong>c\u00f3pia digitalizada dos resumos e dos comprovantes de pagamento da taxa de inscri\u00e7\u00e3o<\/strong>. Inscri\u00e7\u00f5es incompletas n\u00e3o poder\u00e3o ser\u00e3o confirmadas.<br \/>\n4) <strong>N\u00e3o haver\u00e1 devolu\u00e7\u00e3o das taxas de inscri\u00e7\u00e3o <\/strong>em qualquer caso. Os autores que n\u00e3o tiveram suas propostas aceitas poder\u00e3o assistir o Congresso como Ouvintes com Certificado e participar num <strong>Curso de Curta Dura\u00e7\u00e3o<\/strong><br \/>\n<\/span><\/p>\n<p>&nbsp;<\/p>","protected":false},"excerpt":{"rendered":"<p>I CONGRESSO INTERNACIONAL PENSAMENTO E PESQUISA SOBRE A AM\u00c9RICA LATINA Participe no I Congresso apresentando sua pesquisa, ministrando um Curso ou assistindo \u00e0s diversas atividades programadas: 1. Apresente seu trabalho nos Semin\u00e1rios de Pesquisa 2. Ministre um Curso de Curta &hellip; <a href=\"https:\/\/sites.usp.br\/prolam\/inscricoes-e-prazos\/\">Continue reading <span class=\"meta-nav\">&rarr;<\/span><\/a><\/p>\n","protected":false},"author":13,"featured_media":0,"parent":0,"menu_order":5,"comment_status":"closed","ping_status":"closed","template":"","meta":{"footnotes":"","_links_to":"","_links_to_target":""},"class_list":["post-130","page","type-page","status-publish","hentry"],"_links":{"self":[{"href":"https:\/\/sites.usp.br\/prolam\/wp-json\/wp\/v2\/pages\/130","targetHints":{"allow":["GET"]}}],"collection":[{"href":"https:\/\/sites.usp.br\/prolam\/wp-json\/wp\/v2\/pages"}],"about":[{"href":"https:\/\/sites.usp.br\/prolam\/wp-json\/wp\/v2\/types\/page"}],"author":[{"embeddable":true,"href":"https:\/\/sites.usp.br\/prolam\/wp-json\/wp\/v2\/users\/13"}],"replies":[{"embeddable":true,"href":"https:\/\/sites.usp.br\/prolam\/wp-json\/wp\/v2\/comments?post=130"}],"version-history":[{"count":7,"href":"https:\/\/sites.usp.br\/prolam\/wp-json\/wp\/v2\/pages\/130\/revisions"}],"predecessor-version":[{"id":3408,"href":"https:\/\/sites.usp.br\/prolam\/wp-json\/wp\/v2\/pages\/130\/revisions\/3408"}],"wp:attachment":[{"href":"https:\/\/sites.usp.br\/prolam\/wp-json\/wp\/v2\/media?parent=130"}],"curies":[{"name":"wp","href":"https:\/\/api.w.org\/{rel}","templated":true}]}}